{"id":9454,"date":"2026-04-02T02:08:10","date_gmt":"2026-04-02T02:08:10","guid":{"rendered":"https:\/\/www.ceramicbasin.com\/?post_type=product&#038;p=9454"},"modified":"2026-04-02T02:08:12","modified_gmt":"2026-04-02T02:08:12","slug":"glass-countertop-sinks-wholesale","status":"publish","type":"product","link":"https:\/\/www.ceramicbasin.com\/fr\/produit\/glass-countertop-sinks-wholesale\/","title":{"rendered":"Glass Countertop Sinks Wholesale For Cabinet, Direct Supply"},"content":{"rendered":"<div class=\"wp-block-columns is-layout-flex wp-container-core-columns-is-layout-9d6595d7 wp-block-columns-is-layout-flex\">\n<div class=\"wp-block-column is-layout-flow wp-block-column-is-layout-flow\">\n<h2 class=\"wp-block-heading\">Premium Glass Countertop Sinks Wholesale Features:<\/h2>\n\n\n\n<ul class=\"wp-block-list\">\n<li><strong>Verre de haute qualit\u00e9, robuste et durable : <\/strong>Our glass countertop sinks wholesale are manufactured with tempered glass, which is tough, scratch-resistant, stain-resistant, and easy to clean and maintain, and stays transparent and bright even after long-term use.<\/li>\n\n\n\n<li><strong>Diverses couleurs, style polyvalent :<\/strong> Our glass countertop sinks wholesale come in many colors, including deep blue, fancy gold, warm amber, classic transparent, and more, which can be combined flexibly with contemporary, light luxury, industrial, and other home styles.<\/li>\n\n\n\n<li><strong>Conception de la cuvette du comptoir, installation facile :<\/strong> Ces bols d'\u00e9vier en verre sont dot\u00e9s d'un bassin de comptoir (\u00e9vier \u00e0 cuve), ce qui facilite l'installation et vous permet d'am\u00e9liorer facilement votre comptoir existant et de cr\u00e9er un point de mire visuel dans votre espace.<\/li>\n\n\n\n<li><strong>Flexible Customization (OEM\/ODM): <\/strong>Our wholesale glass sink bowls support rapid shipment of standard sizes while offering comprehensive customization services\u2014including shape, color, logo, and packaging\u2014to meet the unique requirements of brands, engineering projects, and wholesalers.<\/li>\n<\/ul>\n<\/div>\n\n\n\n<div class=\"wp-block-column is-layout-flow wp-block-column-is-layout-flow\">\n<figure class=\"wp-block-image size-full\"><img fetchpriority=\"high\" decoding=\"async\" width=\"659\" height=\"310\" src=\"https:\/\/www.ceramicbasin.com\/wp-content\/uploads\/2026\/03\/glass-countertop-sinks-wholesale-for-cabinet-factory-direct-1.webp\" alt=\"glass-countertop-sinks-wholesale-for-cabinet-factory-direct-1\" class=\"wp-image-9501\" srcset=\"https:\/\/www.ceramicbasin.com\/wp-content\/uploads\/2026\/03\/glass-countertop-sinks-wholesale-for-cabinet-factory-direct-1.webp 659w, https:\/\/www.ceramicbasin.com\/wp-content\/uploads\/2026\/03\/glass-countertop-sinks-wholesale-for-cabinet-factory-direct-1-300x141.webp 300w, https:\/\/www.ceramicbasin.com\/wp-content\/uploads\/2026\/03\/glass-countertop-sinks-wholesale-for-cabinet-factory-direct-1-18x8.webp 18w, https:\/\/www.ceramicbasin.com\/wp-content\/uploads\/2026\/03\/glass-countertop-sinks-wholesale-for-cabinet-factory-direct-1-285x134.webp 285w, https:\/\/www.ceramicbasin.com\/wp-content\/uploads\/2026\/03\/glass-countertop-sinks-wholesale-for-cabinet-factory-direct-1-150x71.webp 150w\" sizes=\"(max-width: 659px) 100vw, 659px\" \/><\/figure>\n<\/div>\n<\/div>","protected":false},"excerpt":{"rendered":"<p>Welcome to purchase our colorful glass countertop sinks wholesale at a factory price. They are made of durable tempered glass. OEM\/ODM design service is available, with easy installation for bathroom cabinets. Perfect for B2B buyers, distributors, and project contractors seeking to increase product differentiation and ensure a consistent bulk supply.<\/p>\n<table border=\"0\" width=\"478\" cellspacing=\"0\" cellpadding=\"0\">\n<tbody>\n<tr>\n<td width=\"166\" height=\"23\">Fabricant<\/td>\n<td width=\"312\">HanYu<\/td>\n<\/tr>\n<tr>\n<td height=\"23\">Num\u00e9ro de mod\u00e8le.<\/td>\n<td>HY-GL21D<\/td>\n<\/tr>\n<tr>\n<td height=\"23\">Type<\/td>\n<td width=\"312\">Lavabo en verre<\/td>\n<\/tr>\n<tr>\n<td height=\"24\">Forme<\/td>\n<td>Forme ronde<\/td>\n<\/tr>\n<tr>\n<td height=\"46\">Couleur<\/td>\n<td width=\"312\">noir\/blanc\/bleu\/gris\/rose\/vert\/marron\/kaki<\/td>\n<\/tr>\n<tr>\n<td height=\"24\">Dimension<\/td>\n<td width=\"312\">40*40*12<\/td>\n<\/tr>\n<tr>\n<td height=\"23\">N.W \/SET<\/td>\n<td>8KGS\/PCS<\/td>\n<\/tr>\n<tr>\n<td height=\"23\">MOQ<\/td>\n<td>20pcs<\/td>\n<\/tr>\n<tr>\n<td height=\"23\">Option personnalis\u00e9e<\/td>\n<td>Couleur\/Pattenue\/Taille\/Logo\/Emballage<\/td>\n<\/tr>\n<\/tbody>\n<\/table>","protected":false},"featured_media":9446,"comment_status":"closed","ping_status":"closed","template":"","meta":{"_acf_changed":false},"product_brand":[],"product_cat":[52],"product_tag":[],"class_list":{"0":"post-9454","1":"product","2":"type-product","3":"status-publish","4":"has-post-thumbnail","6":"product_cat-wholesale-glass-vessel-sinks","8":"first","9":"instock","10":"shipping-taxable","11":"product-type-simple"},"acf":[],"_links":{"self":[{"href":"https:\/\/www.ceramicbasin.com\/fr\/wp-json\/wp\/v2\/product\/9454","targetHints":{"allow":["GET"]}}],"collection":[{"href":"https:\/\/www.ceramicbasin.com\/fr\/wp-json\/wp\/v2\/product"}],"about":[{"href":"https:\/\/www.ceramicbasin.com\/fr\/wp-json\/wp\/v2\/types\/product"}],"replies":[{"embeddable":true,"href":"https:\/\/www.ceramicbasin.com\/fr\/wp-json\/wp\/v2\/comments?post=9454"}],"wp:featuredmedia":[{"embeddable":true,"href":"https:\/\/www.ceramicbasin.com\/fr\/wp-json\/wp\/v2\/media\/9446"}],"wp:attachment":[{"href":"https:\/\/www.ceramicbasin.com\/fr\/wp-json\/wp\/v2\/media?parent=9454"}],"wp:term":[{"taxonomy":"product_brand","embeddable":true,"href":"https:\/\/www.ceramicbasin.com\/fr\/wp-json\/wp\/v2\/product_brand?post=9454"},{"taxonomy":"product_cat","embeddable":true,"href":"https:\/\/www.ceramicbasin.com\/fr\/wp-json\/wp\/v2\/product_cat?post=9454"},{"taxonomy":"product_tag","embeddable":true,"href":"https:\/\/www.ceramicbasin.com\/fr\/wp-json\/wp\/v2\/product_tag?post=9454"}],"curies":[{"name":"wp","href":"https:\/\/api.w.org\/{rel}","templated":true}]}}