{"id":9458,"date":"2026-04-02T02:56:04","date_gmt":"2026-04-02T02:56:04","guid":{"rendered":"https:\/\/www.ceramicbasin.com\/?post_type=product&#038;p=9458"},"modified":"2026-04-02T02:56:07","modified_gmt":"2026-04-02T02:56:07","slug":"custom-glass-sink-countertop","status":"publish","type":"product","link":"https:\/\/www.ceramicbasin.com\/fr\/produit\/custom-glass-sink-countertop\/","title":{"rendered":"Custom Glass Sink Countertop, Round Bathroom Basins Wholesale"},"content":{"rendered":"<div class=\"wp-block-columns is-layout-flex wp-container-core-columns-is-layout-9d6595d7 wp-block-columns-is-layout-flex\">\n<div class=\"wp-block-column is-layout-flow wp-block-column-is-layout-flow\">\n<h2 class=\"wp-block-heading\">Premium Custom Glass Sink Countertop Features:<\/h2>\n\n\n\n<ul class=\"wp-block-list\">\n<li><strong>Modern Round Vessel Style: <\/strong>The custom glass sink countertop round design delivers a minimalist, contemporary aesthetic, making it suitable for hotels, apartments, villas, and retail bathroom solutions.<\/li>\n\n\n\n<li><strong>Verre de cristal de haute qualit\u00e9 : <\/strong>Our custom glass sink countertop is made of reinforced, high-transparency, lead-free crystal glass. The material is hard, transparent, wear-resistant, scratch-resistant, and easy to clean, maintaining its brilliance even after long-term use.<\/li>\n\n\n\n<li><strong>Luxueux assortiment de couleurs :<\/strong> Nos bols d'\u00e9vier en verre sont disponibles dans une vari\u00e9t\u00e9 de couleurs, y compris transparent, ambre, iris\u00e9 et bleu profond. Associ\u00e9es \u00e0 des robinets dor\u00e9s ou noirs, ces couleurs contrast\u00e9es s'int\u00e8grent facilement \u00e0 des styles de d\u00e9coration haut de gamme tels que le luxe l\u00e9ger et le design moderne.<\/li>\n\n\n\n<li><strong>Facile \u00e0 nettoyer :<\/strong> The smooth glass surface of our custom glass sink countertop is resistant to stains and mildew, and it is easy to clean and maintain, ensuring hygiene and tidiness in daily use. Welcome to purchase and custom glass sink.<\/li>\n\n\n\n<li><strong>Bulk Supply &amp; Stable Production Capacity: <\/strong>Our wholesale bathroom sinks have a high-quality, stable bulk supply for fast lead time and mass production with a good reputation.<\/li>\n<\/ul>\n<\/div>\n\n\n\n<div class=\"wp-block-column is-layout-flow wp-block-column-is-layout-flow\">\n<figure class=\"wp-block-image size-full\"><img fetchpriority=\"high\" decoding=\"async\" width=\"461\" height=\"495\" src=\"https:\/\/www.ceramicbasin.com\/wp-content\/uploads\/2026\/03\/custom-glass-vessel-sinks-round-countertop-basins-wholesale-1.webp\" alt=\"custom-glass-vessel-sinks-round-countertop-basins-wholesale-1\" class=\"wp-image-9503\" srcset=\"https:\/\/www.ceramicbasin.com\/wp-content\/uploads\/2026\/03\/custom-glass-vessel-sinks-round-countertop-basins-wholesale-1.webp 461w, https:\/\/www.ceramicbasin.com\/wp-content\/uploads\/2026\/03\/custom-glass-vessel-sinks-round-countertop-basins-wholesale-1-279x300.webp 279w, https:\/\/www.ceramicbasin.com\/wp-content\/uploads\/2026\/03\/custom-glass-vessel-sinks-round-countertop-basins-wholesale-1-11x12.webp 11w, https:\/\/www.ceramicbasin.com\/wp-content\/uploads\/2026\/03\/custom-glass-vessel-sinks-round-countertop-basins-wholesale-1-285x306.webp 285w, https:\/\/www.ceramicbasin.com\/wp-content\/uploads\/2026\/03\/custom-glass-vessel-sinks-round-countertop-basins-wholesale-1-140x150.webp 140w\" sizes=\"(max-width: 461px) 100vw, 461px\" \/><\/figure>\n<\/div>\n<\/div>","protected":false},"excerpt":{"rendered":"<p>Welcome to purchase our custom glass sink countertops for a contemporary bathroom. OEM\/ODM service available in size, color, and finish. Manufactured from robust tempered glass, these vessel basins are perfect for wholesalers, distributors, and construction projects to deliver contemporary, simple to fit, and high-quality bathroom solutions in volume.<\/p>\n<table border=\"0\" width=\"478\" cellspacing=\"0\" cellpadding=\"0\">\n<tbody>\n<tr>\n<td width=\"166\" height=\"23\">Fabricant<\/td>\n<td width=\"312\">HanYu<\/td>\n<\/tr>\n<tr>\n<td height=\"23\">Num\u00e9ro de mod\u00e8le.<\/td>\n<td>HY-GL30<\/td>\n<\/tr>\n<tr>\n<td height=\"23\">Type<\/td>\n<td width=\"312\">Lavabo en verre<\/td>\n<\/tr>\n<tr>\n<td height=\"24\">Forme<\/td>\n<td>Forme ronde<\/td>\n<\/tr>\n<tr>\n<td height=\"46\">Couleur<\/td>\n<td width=\"312\">noir\/blanc\/bleu\/gris\/rose\/vert\/marron\/kaki<\/td>\n<\/tr>\n<tr>\n<td height=\"24\">Dimension<\/td>\n<td width=\"312\">29.5*29.5*12.5<\/td>\n<\/tr>\n<tr>\n<td height=\"23\">N.W \/SET<\/td>\n<td>8KGS\/PCS<\/td>\n<\/tr>\n<tr>\n<td height=\"23\">MOQ<\/td>\n<td>20pcs<\/td>\n<\/tr>\n<tr>\n<td height=\"23\">Option personnalis\u00e9e<\/td>\n<td>Couleur\/Pattenue\/Taille\/Logo\/Emballage<\/td>\n<\/tr>\n<\/tbody>\n<\/table>","protected":false},"featured_media":9420,"comment_status":"closed","ping_status":"closed","template":"","meta":{"_acf_changed":false},"product_brand":[],"product_cat":[52],"product_tag":[],"class_list":{"0":"post-9458","1":"product","2":"type-product","3":"status-publish","4":"has-post-thumbnail","6":"product_cat-wholesale-glass-vessel-sinks","8":"first","9":"instock","10":"shipping-taxable","11":"product-type-simple"},"acf":[],"_links":{"self":[{"href":"https:\/\/www.ceramicbasin.com\/fr\/wp-json\/wp\/v2\/product\/9458","targetHints":{"allow":["GET"]}}],"collection":[{"href":"https:\/\/www.ceramicbasin.com\/fr\/wp-json\/wp\/v2\/product"}],"about":[{"href":"https:\/\/www.ceramicbasin.com\/fr\/wp-json\/wp\/v2\/types\/product"}],"replies":[{"embeddable":true,"href":"https:\/\/www.ceramicbasin.com\/fr\/wp-json\/wp\/v2\/comments?post=9458"}],"wp:featuredmedia":[{"embeddable":true,"href":"https:\/\/www.ceramicbasin.com\/fr\/wp-json\/wp\/v2\/media\/9420"}],"wp:attachment":[{"href":"https:\/\/www.ceramicbasin.com\/fr\/wp-json\/wp\/v2\/media?parent=9458"}],"wp:term":[{"taxonomy":"product_brand","embeddable":true,"href":"https:\/\/www.ceramicbasin.com\/fr\/wp-json\/wp\/v2\/product_brand?post=9458"},{"taxonomy":"product_cat","embeddable":true,"href":"https:\/\/www.ceramicbasin.com\/fr\/wp-json\/wp\/v2\/product_cat?post=9458"},{"taxonomy":"product_tag","embeddable":true,"href":"https:\/\/www.ceramicbasin.com\/fr\/wp-json\/wp\/v2\/product_tag?post=9458"}],"curies":[{"name":"wp","href":"https:\/\/api.w.org\/{rel}","templated":true}]}}