{"id":9464,"date":"2026-03-31T07:07:50","date_gmt":"2026-03-31T07:07:50","guid":{"rendered":"https:\/\/www.ceramicbasin.com\/?post_type=product&#038;p=9464"},"modified":"2026-04-02T06:58:13","modified_gmt":"2026-04-02T06:58:13","slug":"factory-direct-wall-mounted-sink","status":"publish","type":"product","link":"https:\/\/www.ceramicbasin.com\/fr\/produit\/factory-direct-wall-mounted-sink\/","title":{"rendered":"Factory Direct Wall Mounted Sink, Mini Ceramic Wash Basin"},"content":{"rendered":"<div class=\"wp-block-columns is-layout-flex wp-container-core-columns-is-layout-9d6595d7 wp-block-columns-is-layout-flex\">\n<div class=\"wp-block-column is-layout-flow wp-block-column-is-layout-flow\">\n<h2 class=\"wp-block-heading\">Premium Factory Direct Wall Mounted Sink Features:<\/h2>\n\n\n\n<ul class=\"wp-block-list\">\n<li><strong>Ideal for Small Spaces: <\/strong>This factory direct wall mounted sink features a compact design specifically tailored for small homes, commercial restrooms, hotels, offices, and similar settings. Its wall-mounted installation saves floor space and enhances overall spatial efficiency.<\/li>\n\n\n\n<li><strong>Avantage de prix :<\/strong> Our factory direct wall mounted sink provides bulk ordering services, which are not only affordable but also deliver quickly, suitable for commercial projects and large-scale residential decoration, meeting the needs of high efficiency and low cost.<\/li>\n\n\n\n<li><strong>Simple et polyvalent, il s'adapte \u00e0 diff\u00e9rents styles :<\/strong> Our wholesale small ceramic sinks feature a classic square basin combined with smooth rounded edges, easily blending into various home styles such as Nordic and modern minimalist.<\/li>\n\n\n\n<li><strong>C\u00e9ramique de haute qualit\u00e9, facile \u00e0 nettoyer et \u00e0 entretenir :<\/strong> Cette petite vasque en c\u00e9ramique est fabriqu\u00e9e en c\u00e9ramique de haute qualit\u00e9, robuste et durable, avec une surface lisse et d\u00e9licate et une forte r\u00e9sistance aux taches.<\/li>\n\n\n\n<li><strong>Vente directe \u00e0 l'usine :<\/strong> Les lavabos en c\u00e9ramique de HanYu sont vendus en gros directement par l'usine, ce qui \u00e9limine la diff\u00e9rence de prix des interm\u00e9diaires. L'achat en gros de lavabos de salle de bain vous assure d'acheter des lavabos de salle de bain de haute qualit\u00e9 en gros au prix le plus bas.<\/li>\n<\/ul>\n<\/div>\n\n\n\n<div class=\"wp-block-column is-layout-flow wp-block-column-is-layout-flow\">\n<figure class=\"wp-block-image size-full\"><img fetchpriority=\"high\" decoding=\"async\" width=\"800\" height=\"800\" src=\"https:\/\/www.ceramicbasin.com\/wp-content\/uploads\/2026\/03\/vanity-sinks-for-bathroom\uff0cbathroom-ceramic-sink\uff0cwall-hung-sink6.webp\" alt=\"factory-direct-wall-mounted-sink-mini-ceramic-wash-basin-6\" class=\"wp-image-9470\" srcset=\"https:\/\/www.ceramicbasin.com\/wp-content\/uploads\/2026\/03\/vanity-sinks-for-bathroom\uff0cbathroom-ceramic-sink\uff0cwall-hung-sink6.webp 800w, https:\/\/www.ceramicbasin.com\/wp-content\/uploads\/2026\/03\/vanity-sinks-for-bathroom\uff0cbathroom-ceramic-sink\uff0cwall-hung-sink6-300x300.webp 300w, https:\/\/www.ceramicbasin.com\/wp-content\/uploads\/2026\/03\/vanity-sinks-for-bathroom\uff0cbathroom-ceramic-sink\uff0cwall-hung-sink6-150x150.webp 150w, https:\/\/www.ceramicbasin.com\/wp-content\/uploads\/2026\/03\/vanity-sinks-for-bathroom\uff0cbathroom-ceramic-sink\uff0cwall-hung-sink6-768x768.webp 768w, https:\/\/www.ceramicbasin.com\/wp-content\/uploads\/2026\/03\/vanity-sinks-for-bathroom\uff0cbathroom-ceramic-sink\uff0cwall-hung-sink6-12x12.webp 12w, https:\/\/www.ceramicbasin.com\/wp-content\/uploads\/2026\/03\/vanity-sinks-for-bathroom\uff0cbathroom-ceramic-sink\uff0cwall-hung-sink6-285x285.webp 285w, https:\/\/www.ceramicbasin.com\/wp-content\/uploads\/2026\/03\/vanity-sinks-for-bathroom\uff0cbathroom-ceramic-sink\uff0cwall-hung-sink6-270x270.webp 270w, https:\/\/www.ceramicbasin.com\/wp-content\/uploads\/2026\/03\/vanity-sinks-for-bathroom\uff0cbathroom-ceramic-sink\uff0cwall-hung-sink6-540x540.webp 540w, https:\/\/www.ceramicbasin.com\/wp-content\/uploads\/2026\/03\/vanity-sinks-for-bathroom\uff0cbathroom-ceramic-sink\uff0cwall-hung-sink6-660x660.webp 660w\" sizes=\"(max-width: 800px) 100vw, 800px\" \/><\/figure>\n<\/div>\n<\/div>\n\n\n\n<p><\/p>","protected":false},"excerpt":{"rendered":"<p>Welcome to purchase HanYu&#8217;s factory direct wall mounted sink designed for compact bathrooms and commercial spaces. This space-saving wall-hung sink features durable high-fired ceramic and flexible OEM\/ODM customization options. Ideal for wholesalers, distributors, and project buyers seeking cost-effective, modern small bathroom sink solutions in bulk.<\/p>\n<table border=\"0\" width=\"478\" cellspacing=\"0\" cellpadding=\"0\">\n<tbody>\n<tr>\n<td width=\"166\" height=\"23\">Fabricant<\/td>\n<td width=\"312\">HanYu<\/td>\n<\/tr>\n<tr>\n<td height=\"23\">Num\u00e9ro de mod\u00e8le.<\/td>\n<td>HY-3198L<\/td>\n<\/tr>\n<tr>\n<td height=\"23\">Type<\/td>\n<td width=\"312\">\u00c9viers muraux<\/td>\n<\/tr>\n<tr>\n<td height=\"24\">Forme<\/td>\n<td>Forme rectangulaire<\/td>\n<\/tr>\n<tr>\n<td height=\"46\">Couleur<\/td>\n<td width=\"312\">noir\/blanc\/bleu\/gris\/rose\/vert\/marron\/kaki<\/td>\n<\/tr>\n<tr>\n<td height=\"24\">Dimension<\/td>\n<td width=\"312\">45.5*20.5*18<\/td>\n<\/tr>\n<tr>\n<td height=\"23\">N.W \/SET<\/td>\n<td>12KGS\/PCS<\/td>\n<\/tr>\n<tr>\n<td height=\"23\">MOQ<\/td>\n<td>20pcs<\/td>\n<\/tr>\n<tr>\n<td height=\"23\">Option personnalis\u00e9e<\/td>\n<td>Couleur\/Pattenue\/Taille\/Logo\/Emballage<\/td>\n<\/tr>\n<\/tbody>\n<\/table>","protected":false},"featured_media":9468,"comment_status":"closed","ping_status":"closed","template":"","meta":{"_acf_changed":false},"product_brand":[],"product_cat":[57],"product_tag":[],"class_list":{"0":"post-9464","1":"product","2":"type-product","3":"status-publish","4":"has-post-thumbnail","6":"product_cat-wholesale-wall-mounted-sinks","8":"first","9":"instock","10":"shipping-taxable","11":"product-type-simple"},"acf":[],"_links":{"self":[{"href":"https:\/\/www.ceramicbasin.com\/fr\/wp-json\/wp\/v2\/product\/9464","targetHints":{"allow":["GET"]}}],"collection":[{"href":"https:\/\/www.ceramicbasin.com\/fr\/wp-json\/wp\/v2\/product"}],"about":[{"href":"https:\/\/www.ceramicbasin.com\/fr\/wp-json\/wp\/v2\/types\/product"}],"replies":[{"embeddable":true,"href":"https:\/\/www.ceramicbasin.com\/fr\/wp-json\/wp\/v2\/comments?post=9464"}],"wp:featuredmedia":[{"embeddable":true,"href":"https:\/\/www.ceramicbasin.com\/fr\/wp-json\/wp\/v2\/media\/9468"}],"wp:attachment":[{"href":"https:\/\/www.ceramicbasin.com\/fr\/wp-json\/wp\/v2\/media?parent=9464"}],"wp:term":[{"taxonomy":"product_brand","embeddable":true,"href":"https:\/\/www.ceramicbasin.com\/fr\/wp-json\/wp\/v2\/product_brand?post=9464"},{"taxonomy":"product_cat","embeddable":true,"href":"https:\/\/www.ceramicbasin.com\/fr\/wp-json\/wp\/v2\/product_cat?post=9464"},{"taxonomy":"product_tag","embeddable":true,"href":"https:\/\/www.ceramicbasin.com\/fr\/wp-json\/wp\/v2\/product_tag?post=9464"}],"curies":[{"name":"wp","href":"https:\/\/api.w.org\/{rel}","templated":true}]}}