{"id":9538,"date":"2026-04-14T03:38:04","date_gmt":"2026-04-14T03:38:04","guid":{"rendered":"https:\/\/www.ceramicbasin.com\/?post_type=product&#038;p=9538"},"modified":"2026-04-14T03:38:11","modified_gmt":"2026-04-14T03:38:11","slug":"factory-supply-wall-hung-basin","status":"publish","type":"product","link":"https:\/\/www.ceramicbasin.com\/fr\/produit\/factory-supply-wall-hung-basin\/","title":{"rendered":"Lavabo suspendu en vrac, lavabo de salle de bain en c\u00e9ramique, Factory Supply"},"content":{"rendered":"<div class=\"wp-block-columns is-layout-flex wp-container-core-columns-is-layout-9d6595d7 wp-block-columns-is-layout-flex\">\n<div class=\"wp-block-column is-layout-flow wp-block-column-is-layout-flow\">\n<h2 class=\"wp-block-heading\">Premium Factory Supply Wall Hung Basin Caract\u00e9ristiques :<\/h2>\n\n\n\n<ul class=\"wp-block-list\">\n<li><strong>Design classique : <\/strong>Notre bassin suspendu en gros pr\u00e9sente un design classique intemporel et \u00e9pur\u00e9, avec une petite installation murale pour maximiser l'utilisation d'un espace limit\u00e9.<\/li>\n\n\n\n<li><strong>Installation murale : <\/strong>La conception murale permet d'\u00e9conomiser de l'espace et est facile \u00e0 nettoyer. Ces lavabos suspendus fournis par l'usine sont particuli\u00e8rement adapt\u00e9s aux salles de bains modernes et compactes, am\u00e9liorant la propret\u00e9 et la modernit\u00e9 de l'ensemble de l'espace.<\/li>\n\n\n\n<li><strong>Traitement de l'\u00e9mail facile \u00e0 nettoyer :<\/strong> La surface de cet \u00e9vier de salle de bains en c\u00e9ramique adopte une technologie sp\u00e9ciale de gla\u00e7age facile \u00e0 nettoyer, qui est lisse et d\u00e9licate, adh\u00e8re aux taches et est facile \u00e0 nettoyer.<\/li>\n\n\n\n<li><strong>Remise sur les achats en gros :<\/strong> En tant que fabricant et fournisseur professionnel de bassins en c\u00e9ramique, nous proposons des prix tr\u00e8s comp\u00e9titifs, adapt\u00e9s aux projets de d\u00e9coration \u00e0 grande \u00e9chelle tels que les h\u00f4tels, les appartements, les bureaux, etc.<\/li>\n<\/ul>\n<\/div>\n\n\n\n<div class=\"wp-block-column is-layout-flow wp-block-column-is-layout-flow\">\n<figure class=\"wp-block-image size-full\"><img fetchpriority=\"high\" decoding=\"async\" width=\"1024\" height=\"1023\" src=\"https:\/\/www.ceramicbasin.com\/wp-content\/uploads\/2026\/04\/Bathroom-basin-ceramic-wall-hung-wash-basin-factory-supply-5.webp\" alt=\"factory-supply-wall-hung-basin-bulk-ceramic-bathroom-sink-5\" class=\"wp-image-9543\" srcset=\"https:\/\/www.ceramicbasin.com\/wp-content\/uploads\/2026\/04\/Bathroom-basin-ceramic-wall-hung-wash-basin-factory-supply-5.webp 1024w, https:\/\/www.ceramicbasin.com\/wp-content\/uploads\/2026\/04\/Bathroom-basin-ceramic-wall-hung-wash-basin-factory-supply-5-300x300.webp 300w, https:\/\/www.ceramicbasin.com\/wp-content\/uploads\/2026\/04\/Bathroom-basin-ceramic-wall-hung-wash-basin-factory-supply-5-150x150.webp 150w, https:\/\/www.ceramicbasin.com\/wp-content\/uploads\/2026\/04\/Bathroom-basin-ceramic-wall-hung-wash-basin-factory-supply-5-768x767.webp 768w, https:\/\/www.ceramicbasin.com\/wp-content\/uploads\/2026\/04\/Bathroom-basin-ceramic-wall-hung-wash-basin-factory-supply-5-12x12.webp 12w, https:\/\/www.ceramicbasin.com\/wp-content\/uploads\/2026\/04\/Bathroom-basin-ceramic-wall-hung-wash-basin-factory-supply-5-285x285.webp 285w, https:\/\/www.ceramicbasin.com\/wp-content\/uploads\/2026\/04\/Bathroom-basin-ceramic-wall-hung-wash-basin-factory-supply-5-270x270.webp 270w, https:\/\/www.ceramicbasin.com\/wp-content\/uploads\/2026\/04\/Bathroom-basin-ceramic-wall-hung-wash-basin-factory-supply-5-540x540.webp 540w, https:\/\/www.ceramicbasin.com\/wp-content\/uploads\/2026\/04\/Bathroom-basin-ceramic-wall-hung-wash-basin-factory-supply-5-660x660.webp 660w\" sizes=\"(max-width: 1024px) 100vw, 1024px\" \/><\/figure>\n<\/div>\n<\/div>","protected":false},"excerpt":{"rendered":"<p>Bienvenue \u00e0 l'achat de Hanyu factory supply wall hung basin, fabriqu\u00e9 \u00e0 partir de c\u00e9ramique durable. Partenaire avec un fabricant de confiance pour l'\u00e9vier de salle de bain en c\u00e9ramique en gros. Il y a une grande quantit\u00e9 de pr\u00e9paration d'inventaire d'\u00e9vier de salle de bain, et un service de livraison rapide pour r\u00e9pondre aux besoins urgents du projet.<\/p>\n<table border=\"0\" width=\"478\" cellspacing=\"0\" cellpadding=\"0\">\n<tbody>\n<tr>\n<td width=\"166\" height=\"23\">Fabricant<\/td>\n<td width=\"312\">HanYu<\/td>\n<\/tr>\n<tr>\n<td height=\"23\">Num\u00e9ro de mod\u00e8le.<\/td>\n<td>HY-3095<\/td>\n<\/tr>\n<tr>\n<td height=\"23\">Type<\/td>\n<td width=\"312\">\u00c9viers muraux<\/td>\n<\/tr>\n<tr>\n<td height=\"24\">Forme<\/td>\n<td>Forme rectangulaire<\/td>\n<\/tr>\n<tr>\n<td height=\"46\">Couleur<\/td>\n<td width=\"312\">noir\/blanc\/bleu\/gris\/rose\/vert\/marron\/kaki<\/td>\n<\/tr>\n<tr>\n<td height=\"24\">Dimension<\/td>\n<td width=\"312\">36*25*10<\/td>\n<\/tr>\n<tr>\n<td height=\"23\">N.W \/SET<\/td>\n<td>6.5KGS\/PCS<\/td>\n<\/tr>\n<tr>\n<td height=\"23\">MOQ<\/td>\n<td>20pcs<\/td>\n<\/tr>\n<tr>\n<td height=\"23\">Option personnalis\u00e9e<\/td>\n<td>Couleur\/Pattenue\/Taille\/Logo\/Emballage<\/td>\n<\/tr>\n<\/tbody>\n<\/table>","protected":false},"featured_media":9539,"comment_status":"closed","ping_status":"closed","template":"","meta":{"_acf_changed":false},"product_brand":[],"product_cat":[57],"product_tag":[],"class_list":{"0":"post-9538","1":"product","2":"type-product","3":"status-publish","4":"has-post-thumbnail","6":"product_cat-wholesale-wall-mounted-sinks","8":"first","9":"instock","10":"shipping-taxable","11":"product-type-simple"},"acf":[],"_links":{"self":[{"href":"https:\/\/www.ceramicbasin.com\/fr\/wp-json\/wp\/v2\/product\/9538","targetHints":{"allow":["GET"]}}],"collection":[{"href":"https:\/\/www.ceramicbasin.com\/fr\/wp-json\/wp\/v2\/product"}],"about":[{"href":"https:\/\/www.ceramicbasin.com\/fr\/wp-json\/wp\/v2\/types\/product"}],"replies":[{"embeddable":true,"href":"https:\/\/www.ceramicbasin.com\/fr\/wp-json\/wp\/v2\/comments?post=9538"}],"wp:featuredmedia":[{"embeddable":true,"href":"https:\/\/www.ceramicbasin.com\/fr\/wp-json\/wp\/v2\/media\/9539"}],"wp:attachment":[{"href":"https:\/\/www.ceramicbasin.com\/fr\/wp-json\/wp\/v2\/media?parent=9538"}],"wp:term":[{"taxonomy":"product_brand","embeddable":true,"href":"https:\/\/www.ceramicbasin.com\/fr\/wp-json\/wp\/v2\/product_brand?post=9538"},{"taxonomy":"product_cat","embeddable":true,"href":"https:\/\/www.ceramicbasin.com\/fr\/wp-json\/wp\/v2\/product_cat?post=9538"},{"taxonomy":"product_tag","embeddable":true,"href":"https:\/\/www.ceramicbasin.com\/fr\/wp-json\/wp\/v2\/product_tag?post=9538"}],"curies":[{"name":"wp","href":"https:\/\/api.w.org\/{rel}","templated":true}]}}