{"id":9588,"date":"2026-04-20T09:10:09","date_gmt":"2026-04-20T09:10:09","guid":{"rendered":"https:\/\/www.ceramicbasin.com\/?post_type=product&#038;p=9588"},"modified":"2026-04-20T09:10:14","modified_gmt":"2026-04-20T09:10:14","slug":"marble-look-vessel-basin-wholesale","status":"publish","type":"product","link":"https:\/\/www.ceramicbasin.com\/fr\/produit\/marble-look-vessel-basin-wholesale\/","title":{"rendered":"Marble Look Vessel Basin Wholesale, Oval Countertop Sink Bulk"},"content":{"rendered":"<div class=\"wp-block-columns is-layout-flex wp-container-core-columns-is-layout-9d6595d7 wp-block-columns-is-layout-flex\">\n<div class=\"wp-block-column is-layout-flow wp-block-column-is-layout-flow\">\n<h2 class=\"wp-block-heading\">Premium Marble Look Vessel Basin Wholesale Caract\u00e9ristiques :<\/h2>\n\n\n\n<ul class=\"wp-block-list\">\n<li><strong>\u00c9l\u00e9gante courbe ovale : <\/strong>La vasque en marbre se caract\u00e9rise par un design ovale unique et a\u00e9rodynamique ; cette vasque rompt avec les formes traditionnelles, rigides et carr\u00e9es. Avec des dimensions de 650x440x160 mm, elle pr\u00e9sente non seulement un aspect visuellement l\u00e9ger et dynamique, mais \u00e9largit aussi efficacement la zone de lavage tout en minimisant les \u00e9claboussures d'eau.<\/li>\n\n\n\n<li><strong>Gla\u00e7age sophistiqu\u00e9 \u00e0 l'aspect marbr\u00e9 :<\/strong> La vasque en marbre utilise des techniques d'\u00e9maillage avanc\u00e9es pour imiter les textures d\u00e9licates de la pierre naturelle. Cette vasque apporte une fusion parfaite entre la nature et le luxe dans la salle de bains. La surface pr\u00e9sente une finition tr\u00e8s brillante qui r\u00e9siste \u00e0 la d\u00e9coloration et offre une sensation de douceur et de chaleur au toucher, rappelant le jade fin.<\/li>\n\n\n\n<li><strong>Construction en c\u00e9ramique durable :<\/strong> Notre \u00e9vier de comptoir ovale en vrac est fabriqu\u00e9 \u00e0 partir d'argile de haute qualit\u00e9, respectueuse de l'environnement et cuite \u00e0 haute temp\u00e9rature. Le corps en c\u00e9ramique est exceptionnellement dense, offrant une r\u00e9sistance sup\u00e9rieure aux chocs et \u00e0 l'abrasion. Son faible taux d'absorption d'eau garantit que le produit reste r\u00e9sistant au jaunissement et aux taches, m\u00eame dans les salles de bains humides.<\/li>\n\n\n\n<li><strong>Entretien facile :<\/strong> Notre \u00e9vier de comptoir ovale en vrac pr\u00e9sente des bords lisses et arrondis, sans angles difficiles \u00e0 atteindre, associ\u00e9s \u00e0 un gla\u00e7age hydrophobe r\u00e9sistant aux taches, qui facilite consid\u00e9rablement le nettoyage quotidien. Un simple coup de chiffon humide suffit \u00e0 maintenir la propret\u00e9 et l'\u00e9clat de l'\u00e9vier \u00e0 long terme.<\/li>\n<\/ul>\n<\/div>\n\n\n\n<div class=\"wp-block-column is-layout-flow wp-block-column-is-layout-flow\">\n<figure class=\"wp-block-image size-full\"><img fetchpriority=\"high\" decoding=\"async\" width=\"651\" height=\"858\" src=\"https:\/\/www.ceramicbasin.com\/wp-content\/uploads\/2026\/04\/Luxury-marble-look-vessel-art-basinhotsale-above-counter-hand-washing-basin-5.webp\" alt=\"luxury-marble-look-vessel-basin-wholesale-oval-countertop-sink-bulk-5\" class=\"wp-image-9566\" srcset=\"https:\/\/www.ceramicbasin.com\/wp-content\/uploads\/2026\/04\/Luxury-marble-look-vessel-art-basinhotsale-above-counter-hand-washing-basin-5.webp 651w, https:\/\/www.ceramicbasin.com\/wp-content\/uploads\/2026\/04\/Luxury-marble-look-vessel-art-basinhotsale-above-counter-hand-washing-basin-5-228x300.webp 228w, https:\/\/www.ceramicbasin.com\/wp-content\/uploads\/2026\/04\/Luxury-marble-look-vessel-art-basinhotsale-above-counter-hand-washing-basin-5-9x12.webp 9w, https:\/\/www.ceramicbasin.com\/wp-content\/uploads\/2026\/04\/Luxury-marble-look-vessel-art-basinhotsale-above-counter-hand-washing-basin-5-285x376.webp 285w, https:\/\/www.ceramicbasin.com\/wp-content\/uploads\/2026\/04\/Luxury-marble-look-vessel-art-basinhotsale-above-counter-hand-washing-basin-5-501x660.webp 501w, https:\/\/www.ceramicbasin.com\/wp-content\/uploads\/2026\/04\/Luxury-marble-look-vessel-art-basinhotsale-above-counter-hand-washing-basin-5-114x150.webp 114w\" sizes=\"(max-width: 651px) 100vw, 651px\" \/><\/figure>\n<\/div>\n<\/div>","protected":false},"excerpt":{"rendered":"<p>Nous vous invitons \u00e0 acheter en gros nos vasques en marbre pour les acheteurs B2B, y compris ceux qui travaillent dans l'ameublement haut de gamme et les projets d'h\u00f4tellerie. Nous utilisons une technologie avanc\u00e9e de transfert d'eau pour reproduire avec pr\u00e9cision la texture et la couleur naturelles du marbre, apportant un charme visuel unique au bassin. Nous assurons un traitement et une exp\u00e9dition rapides des commandes de bassins d'art en vrac afin de respecter les d\u00e9lais de votre projet.<\/p>\n<table border=\"0\" width=\"478\" cellspacing=\"0\" cellpadding=\"0\">\n<tbody>\n<tr>\n<td width=\"166\" height=\"23\">Fabricant<\/td>\n<td width=\"312\">HanYu<\/td>\n<\/tr>\n<tr>\n<td height=\"23\">Num\u00e9ro de mod\u00e8le.<\/td>\n<td>HY-8010D18<\/td>\n<\/tr>\n<tr>\n<td height=\"23\">Type<\/td>\n<td width=\"312\">\u00c9viers en marbre<\/td>\n<\/tr>\n<tr>\n<td height=\"24\">Forme<\/td>\n<td>Forme ovale<\/td>\n<\/tr>\n<tr>\n<td height=\"46\">Couleur<\/td>\n<td width=\"312\">noir\/blanc\/bleu\/gris\/rose\/vert\/marron\/kaki<\/td>\n<\/tr>\n<tr>\n<td height=\"24\">Dimension<\/td>\n<td width=\"312\">65*44*16<\/td>\n<\/tr>\n<tr>\n<td height=\"23\">N.W \/SET<\/td>\n<td>12KGS\/PCS<\/td>\n<\/tr>\n<tr>\n<td height=\"23\">MOQ<\/td>\n<td>20pcs<\/td>\n<\/tr>\n<tr>\n<td height=\"23\">Option personnalis\u00e9e<\/td>\n<td>Couleur\/Pattenue\/Taille\/Logo\/Emballage<\/td>\n<\/tr>\n<\/tbody>\n<\/table>","protected":false},"featured_media":9565,"comment_status":"closed","ping_status":"closed","template":"","meta":{"_acf_changed":false},"product_brand":[],"product_cat":[54,50],"product_tag":[],"class_list":{"0":"post-9588","1":"product","2":"type-product","3":"status-publish","4":"has-post-thumbnail","6":"product_cat-wholesale-marble-sinks","7":"product_cat-wholesale-countertop-sinks","9":"first","10":"instock","11":"shipping-taxable","12":"product-type-simple"},"acf":[],"_links":{"self":[{"href":"https:\/\/www.ceramicbasin.com\/fr\/wp-json\/wp\/v2\/product\/9588","targetHints":{"allow":["GET"]}}],"collection":[{"href":"https:\/\/www.ceramicbasin.com\/fr\/wp-json\/wp\/v2\/product"}],"about":[{"href":"https:\/\/www.ceramicbasin.com\/fr\/wp-json\/wp\/v2\/types\/product"}],"replies":[{"embeddable":true,"href":"https:\/\/www.ceramicbasin.com\/fr\/wp-json\/wp\/v2\/comments?post=9588"}],"wp:featuredmedia":[{"embeddable":true,"href":"https:\/\/www.ceramicbasin.com\/fr\/wp-json\/wp\/v2\/media\/9565"}],"wp:attachment":[{"href":"https:\/\/www.ceramicbasin.com\/fr\/wp-json\/wp\/v2\/media?parent=9588"}],"wp:term":[{"taxonomy":"product_brand","embeddable":true,"href":"https:\/\/www.ceramicbasin.com\/fr\/wp-json\/wp\/v2\/product_brand?post=9588"},{"taxonomy":"product_cat","embeddable":true,"href":"https:\/\/www.ceramicbasin.com\/fr\/wp-json\/wp\/v2\/product_cat?post=9588"},{"taxonomy":"product_tag","embeddable":true,"href":"https:\/\/www.ceramicbasin.com\/fr\/wp-json\/wp\/v2\/product_tag?post=9588"}],"curies":[{"name":"wp","href":"https:\/\/api.w.org\/{rel}","templated":true}]}}