{"id":2876,"date":"2024-07-12T02:53:12","date_gmt":"2024-07-12T02:53:12","guid":{"rendered":"https:\/\/www.ceramicbasin.com\/?post_type=product&#038;p=2876"},"modified":"2024-07-23T09:46:39","modified_gmt":"2024-07-23T09:46:39","slug":"wholesale-bathroom-sinks-in-bulk","status":"publish","type":"product","link":"https:\/\/www.ceramicbasin.com\/pt\/produto\/wholesale-bathroom-sinks-in-bulk\/","title":{"rendered":"Lavat\u00f3rios de casa de banho por atacado acima do balc\u00e3o Bacias ovais a granel"},"content":{"rendered":"<div class=\"wp-block-columns is-layout-flex wp-container-core-columns-is-layout-9d6595d7 wp-block-columns-is-layout-flex\">\n<div class=\"wp-block-column is-layout-flow wp-block-column-is-layout-flow\">\n<h2 class=\"wp-block-heading\">Pias de casa de banho Premium Wholesale Carater\u00edsticas:<\/h2>\n\n\n\n<ul class=\"wp-block-list\">\n<li><strong>Design elegante: <\/strong>Os nossos lavat\u00f3rios de casa de banho por atacado, acima do balc\u00e3o, d\u00e3o um toque de eleg\u00e2ncia e modernidade a qualquer casa de banho, tornando-os um ponto focal com estilo.<\/li>\n\n\n\n<li><strong>Qualidade superior: <\/strong>Fabricados em cer\u00e2mica de alta qualidade, estes lavat\u00f3rios de casa de banho por atacado oferecem durabilidade, uma superf\u00edcie lisa e resist\u00eancia a manchas e riscos, garantindo uma beleza duradoura.<\/li>\n\n\n\n<li><strong>Instala\u00e7\u00e3o f\u00e1cil:<\/strong> Concebidos para montagem acima do balc\u00e3o, estes lavat\u00f3rios de cer\u00e2mica de bancada a granel s\u00e3o f\u00e1ceis de instalar, oferecendo uma solu\u00e7\u00e3o sem complica\u00e7\u00f5es tanto para novas constru\u00e7\u00f5es como para renova\u00e7\u00f5es de casas de banho.<\/li>\n\n\n\n<li><strong>Op\u00e7\u00f5es personaliz\u00e1veis: <\/strong>Dispon\u00edveis em v\u00e1rias cores, acabamentos de superf\u00edcie e embalagens personaliz\u00e1veis, os lavat\u00f3rios de casa de banho por atacado da Hanyu permitem-lhe adaptar o produto \u00e0s necessidades da sua empresa.<\/li>\n<\/ul>\n<\/div>\n\n\n\n<div class=\"wp-block-column is-layout-flow wp-block-column-is-layout-flow\">\n<figure class=\"wp-block-image size-full\"><img fetchpriority=\"high\" decoding=\"async\" width=\"750\" height=\"750\" src=\"https:\/\/www.ceramicbasin.com\/wp-content\/uploads\/2024\/07\/Wholesale-Bathroom-Sinks-Above-Counter-Oval-Basins-In-Bulk-1.webp\" alt=\"\" class=\"wp-image-2877\" srcset=\"https:\/\/www.ceramicbasin.com\/wp-content\/uploads\/2024\/07\/Wholesale-Bathroom-Sinks-Above-Counter-Oval-Basins-In-Bulk-1.webp 750w, https:\/\/www.ceramicbasin.com\/wp-content\/uploads\/2024\/07\/Wholesale-Bathroom-Sinks-Above-Counter-Oval-Basins-In-Bulk-1-300x300.webp 300w, https:\/\/www.ceramicbasin.com\/wp-content\/uploads\/2024\/07\/Wholesale-Bathroom-Sinks-Above-Counter-Oval-Basins-In-Bulk-1-150x150.webp 150w, https:\/\/www.ceramicbasin.com\/wp-content\/uploads\/2024\/07\/Wholesale-Bathroom-Sinks-Above-Counter-Oval-Basins-In-Bulk-1-12x12.webp 12w, https:\/\/www.ceramicbasin.com\/wp-content\/uploads\/2024\/07\/Wholesale-Bathroom-Sinks-Above-Counter-Oval-Basins-In-Bulk-1-285x285.webp 285w, https:\/\/www.ceramicbasin.com\/wp-content\/uploads\/2024\/07\/Wholesale-Bathroom-Sinks-Above-Counter-Oval-Basins-In-Bulk-1-270x270.webp 270w, https:\/\/www.ceramicbasin.com\/wp-content\/uploads\/2024\/07\/Wholesale-Bathroom-Sinks-Above-Counter-Oval-Basins-In-Bulk-1-540x540.webp 540w, https:\/\/www.ceramicbasin.com\/wp-content\/uploads\/2024\/07\/Wholesale-Bathroom-Sinks-Above-Counter-Oval-Basins-In-Bulk-1-660x660.webp 660w\" sizes=\"(max-width: 750px) 100vw, 750px\" \/><\/figure>\n<\/div>\n<\/div>","protected":false},"excerpt":{"rendered":"<p>Os nossos lavat\u00f3rios de casa de banho por atacado apresentam uma elegante forma oval acima do balc\u00e3o que acrescenta modernidade a qualquer casa de banho. Fabricados em cer\u00e2mica de alta qualidade, estes lavat\u00f3rios de cer\u00e2mica s\u00e3o dur\u00e1veis, resistentes a manchas e f\u00e1ceis de instalar. Com v\u00e1rias cores, acabamentos e op\u00e7\u00f5es de embalagem personaliz\u00e1veis, satisfazem diversos requisitos de marca e de mercado.<\/p>\n<table width=\"311\">\n<tbody>\n<tr>\n<td width=\"108\">Fabricante<\/td>\n<td width=\"202\">HanYu<\/td>\n<\/tr>\n<tr>\n<td>Modelo n.<\/td>\n<td>HY-488A<\/td>\n<\/tr>\n<tr>\n<td>Tipo<\/td>\n<td>Lavat\u00f3rio de bancada<\/td>\n<\/tr>\n<tr>\n<td>Forma<\/td>\n<td>Oval<\/td>\n<\/tr>\n<tr>\n<td>Cor<\/td>\n<td>Branco<\/td>\n<\/tr>\n<tr>\n<td>Dimens\u00e3o<\/td>\n<td width=\"202\">68*44*16.5<\/td>\n<\/tr>\n<tr>\n<td>N.W \/SET<\/td>\n<td>12KG\/PCS<\/td>\n<\/tr>\n<tr>\n<td>MOQ<\/td>\n<td>20 unidades<\/td>\n<\/tr>\n<tr>\n<td>Op\u00e7\u00e3o personalizada<\/td>\n<td>Cor\/Patente\/Tamanho\/Logotipo\/Embalagem<\/td>\n<\/tr>\n<\/tbody>\n<\/table>","protected":false},"featured_media":2879,"comment_status":"closed","ping_status":"closed","template":"","meta":{"_acf_changed":false},"product_brand":[],"product_cat":[50],"product_tag":[],"class_list":{"0":"post-2876","1":"product","2":"type-product","3":"status-publish","4":"has-post-thumbnail","6":"product_cat-wholesale-countertop-sinks","8":"first","9":"instock","10":"shipping-taxable","11":"product-type-simple"},"acf":[],"_links":{"self":[{"href":"https:\/\/www.ceramicbasin.com\/pt\/wp-json\/wp\/v2\/product\/2876","targetHints":{"allow":["GET"]}}],"collection":[{"href":"https:\/\/www.ceramicbasin.com\/pt\/wp-json\/wp\/v2\/product"}],"about":[{"href":"https:\/\/www.ceramicbasin.com\/pt\/wp-json\/wp\/v2\/types\/product"}],"replies":[{"embeddable":true,"href":"https:\/\/www.ceramicbasin.com\/pt\/wp-json\/wp\/v2\/comments?post=2876"}],"wp:featuredmedia":[{"embeddable":true,"href":"https:\/\/www.ceramicbasin.com\/pt\/wp-json\/wp\/v2\/media\/2879"}],"wp:attachment":[{"href":"https:\/\/www.ceramicbasin.com\/pt\/wp-json\/wp\/v2\/media?parent=2876"}],"wp:term":[{"taxonomy":"product_brand","embeddable":true,"href":"https:\/\/www.ceramicbasin.com\/pt\/wp-json\/wp\/v2\/product_brand?post=2876"},{"taxonomy":"product_cat","embeddable":true,"href":"https:\/\/www.ceramicbasin.com\/pt\/wp-json\/wp\/v2\/product_cat?post=2876"},{"taxonomy":"product_tag","embeddable":true,"href":"https:\/\/www.ceramicbasin.com\/pt\/wp-json\/wp\/v2\/product_tag?post=2876"}],"curies":[{"name":"wp","href":"https:\/\/api.w.org\/{rel}","templated":true}]}}