{"id":3095,"date":"2024-07-12T03:06:16","date_gmt":"2024-07-12T03:06:16","guid":{"rendered":"https:\/\/www.ceramicbasin.com\/?post_type=product&#038;p=3095"},"modified":"2024-07-23T09:46:33","modified_gmt":"2024-07-23T09:46:33","slug":"custom-bathroom-countertop-basins","status":"publish","type":"product","link":"https:\/\/www.ceramicbasin.com\/pt\/produto\/custom-bathroom-countertop-basins\/","title":{"rendered":"Lavat\u00f3rios de bancada de casa de banho personalizados diretos da f\u00e1brica com orif\u00edcio para torneira de \u00e1gua"},"content":{"rendered":"<div class=\"wp-block-columns is-layout-flex wp-container-core-columns-is-layout-9d6595d7 wp-block-columns-is-layout-flex\">\n<div class=\"wp-block-column is-layout-flow wp-block-column-is-layout-flow\">\n<h2 class=\"wp-block-heading\">Bacias de bancada de casa de banho personalizadas Premium Carater\u00edsticas:<\/h2>\n\n\n\n<ul class=\"wp-block-list\">\n<li><strong>Alta qualidade e durabilidade: <\/strong>Estas bacias de bancada de casa de banho personalizadas a granel s\u00e3o feitas de material cer\u00e2mico de alta qualidade e foram submetidas a um rigoroso processo de fabrico para garantir que o produto \u00e9 dur\u00e1vel, resistente a manchas e a riscos. <\/li>\n\n\n\n<li><strong>Conce\u00e7\u00e3o est\u00e9tica<\/strong>: O nosso lavat\u00f3rio de cer\u00e2mica por atacado tem um design elegante e aerodin\u00e2mico que \u00e9 simultaneamente moderno e cl\u00e1ssico, e pode ser perfeitamente integrado em qualquer estilo de decora\u00e7\u00e3o de casa de banho.<\/li>\n\n\n\n<li><strong>Fornecimento direto da f\u00e1brica: <\/strong>Os nossos lavat\u00f3rios de bancada de casa de banho personalizados s\u00e3o fornecidos diretamente da f\u00e1brica, eliminando o intermedi\u00e1rio e garantindo que obt\u00e9m produtos de alta qualidade ao pre\u00e7o mais competitivo. As compras a granel podem beneficiar de descontos por grosso, ajudando-o a poupar custos e a aumentar as margens de lucro.<\/li>\n\n\n\n<li><strong>Design personalizado:<\/strong> Oferecemos uma variedade de estilos e tamanhos de bacias de cer\u00e2mica a granel, que podem ser personalizados de acordo com as suas necessidades. Quer se trate de cor, forma ou textura, pode satisfazer as necessidades de personaliza\u00e7\u00e3o da sua marca.<\/li>\n<\/ul>\n<\/div>\n\n\n\n<div class=\"wp-block-column is-layout-flow wp-block-column-is-layout-flow\">\n<figure class=\"wp-block-image size-full\"><img fetchpriority=\"high\" decoding=\"async\" width=\"750\" height=\"750\" src=\"https:\/\/www.ceramicbasin.com\/wp-content\/uploads\/2024\/07\/factory-direct-custom-bathroom-countertop-basins-in-bulk-2.webp\" alt=\"factory-direct-custom-bathroom-countertop-basins-in-bulk-2\" class=\"wp-image-3097\" srcset=\"https:\/\/www.ceramicbasin.com\/wp-content\/uploads\/2024\/07\/factory-direct-custom-bathroom-countertop-basins-in-bulk-2.webp 750w, https:\/\/www.ceramicbasin.com\/wp-content\/uploads\/2024\/07\/factory-direct-custom-bathroom-countertop-basins-in-bulk-2-300x300.webp 300w, https:\/\/www.ceramicbasin.com\/wp-content\/uploads\/2024\/07\/factory-direct-custom-bathroom-countertop-basins-in-bulk-2-150x150.webp 150w, https:\/\/www.ceramicbasin.com\/wp-content\/uploads\/2024\/07\/factory-direct-custom-bathroom-countertop-basins-in-bulk-2-12x12.webp 12w, https:\/\/www.ceramicbasin.com\/wp-content\/uploads\/2024\/07\/factory-direct-custom-bathroom-countertop-basins-in-bulk-2-285x285.webp 285w, https:\/\/www.ceramicbasin.com\/wp-content\/uploads\/2024\/07\/factory-direct-custom-bathroom-countertop-basins-in-bulk-2-270x270.webp 270w, https:\/\/www.ceramicbasin.com\/wp-content\/uploads\/2024\/07\/factory-direct-custom-bathroom-countertop-basins-in-bulk-2-540x540.webp 540w, https:\/\/www.ceramicbasin.com\/wp-content\/uploads\/2024\/07\/factory-direct-custom-bathroom-countertop-basins-in-bulk-2-660x660.webp 660w\" sizes=\"(max-width: 750px) 100vw, 750px\" \/><\/figure>\n<\/div>\n<\/div>","protected":false},"excerpt":{"rendered":"<p>A HanYu fornece bacias de bancada de casa de banho personalizadas de alta qualidade a granel diretamente da nossa f\u00e1brica e apoia o servi\u00e7o personalizado ao pre\u00e7o mais competitivo. O design elegante e aerodin\u00e2mico dos nossos lavat\u00f3rios por atacado \u00e9 integrado em v\u00e1rios estilos de casa de banho, criando ambientes de casa de banho ideais para as necessidades dos clientes.<\/p>\n<table width=\"311\">\n<tbody>\n<tr>\n<td width=\"108\">Fabricante<\/td>\n<td width=\"202\">HanYu<\/td>\n<\/tr>\n<tr>\n<td>Modelo n.<\/td>\n<td>HY-3008A<\/td>\n<\/tr>\n<tr>\n<td>Tipo<\/td>\n<td>Lavat\u00f3rio de bancada<\/td>\n<\/tr>\n<tr>\n<td>Forma<\/td>\n<td>Oval\u00a0<\/td>\n<\/tr>\n<tr>\n<td>Cor<\/td>\n<td>Branco<\/td>\n<\/tr>\n<tr>\n<td>Dimens\u00e3o<\/td>\n<td width=\"202\">59*39.5*21.5<\/td>\n<\/tr>\n<tr>\n<td>N.W \/SET<\/td>\n<td>11KG\/PCS<\/td>\n<\/tr>\n<tr>\n<td>MOQ<\/td>\n<td>20 unidades<\/td>\n<\/tr>\n<tr>\n<td>Op\u00e7\u00e3o personalizada<\/td>\n<td>Cor\/Patente\/Tamanho\/Logotipo\/Embalagem<\/td>\n<\/tr>\n<\/tbody>\n<\/table>","protected":false},"featured_media":3099,"comment_status":"closed","ping_status":"closed","template":"","meta":{"_acf_changed":false},"product_brand":[],"product_cat":[50],"product_tag":[],"class_list":{"0":"post-3095","1":"product","2":"type-product","3":"status-publish","4":"has-post-thumbnail","6":"product_cat-wholesale-countertop-sinks","8":"first","9":"instock","10":"shipping-taxable","11":"product-type-simple"},"acf":[],"_links":{"self":[{"href":"https:\/\/www.ceramicbasin.com\/pt\/wp-json\/wp\/v2\/product\/3095","targetHints":{"allow":["GET"]}}],"collection":[{"href":"https:\/\/www.ceramicbasin.com\/pt\/wp-json\/wp\/v2\/product"}],"about":[{"href":"https:\/\/www.ceramicbasin.com\/pt\/wp-json\/wp\/v2\/types\/product"}],"replies":[{"embeddable":true,"href":"https:\/\/www.ceramicbasin.com\/pt\/wp-json\/wp\/v2\/comments?post=3095"}],"wp:featuredmedia":[{"embeddable":true,"href":"https:\/\/www.ceramicbasin.com\/pt\/wp-json\/wp\/v2\/media\/3099"}],"wp:attachment":[{"href":"https:\/\/www.ceramicbasin.com\/pt\/wp-json\/wp\/v2\/media?parent=3095"}],"wp:term":[{"taxonomy":"product_brand","embeddable":true,"href":"https:\/\/www.ceramicbasin.com\/pt\/wp-json\/wp\/v2\/product_brand?post=3095"},{"taxonomy":"product_cat","embeddable":true,"href":"https:\/\/www.ceramicbasin.com\/pt\/wp-json\/wp\/v2\/product_cat?post=3095"},{"taxonomy":"product_tag","embeddable":true,"href":"https:\/\/www.ceramicbasin.com\/pt\/wp-json\/wp\/v2\/product_tag?post=3095"}],"curies":[{"name":"wp","href":"https:\/\/api.w.org\/{rel}","templated":true}]}}