{"id":3102,"date":"2024-07-12T03:29:39","date_gmt":"2024-07-12T03:29:39","guid":{"rendered":"https:\/\/www.ceramicbasin.com\/?post_type=product&#038;p=3102"},"modified":"2024-11-01T08:41:16","modified_gmt":"2024-11-01T08:41:16","slug":"countertop-wash-basins-wholesale","status":"publish","type":"product","link":"https:\/\/www.ceramicbasin.com\/pt\/produto\/countertop-wash-basins-wholesale\/","title":{"rendered":"Lavat\u00f3rios de bancada de luxo por atacado para casa de banho de hotel"},"content":{"rendered":"<div class=\"wp-block-columns is-layout-flex wp-container-core-columns-is-layout-9d6595d7 wp-block-columns-is-layout-flex\">\n<div class=\"wp-block-column is-layout-flow wp-block-column-is-layout-flow\">\n<h2 class=\"wp-block-heading\">Lavat\u00f3rios de bancada Premium Carater\u00edsticas por atacado:<\/h2>\n\n\n\n<ul class=\"wp-block-list\">\n<li><strong>Design luxuoso: <\/strong>Os nossos lavat\u00f3rios de bancada por atacado s\u00e3o concebidos para hot\u00e9is de luxo. Adota uma apar\u00eancia sofisticada e atmosf\u00e9rica, linha elegante, detalhes requintados, que podem melhorar instantaneamente o sabor geral do banheiro e proporcionar aos h\u00f3spedes uma experi\u00eancia de uso luxuosa.<\/li>\n\n\n\n<li><strong>Duradouro: <\/strong>O material cer\u00e2mico de alta qualidade torna os nossos lavat\u00f3rios de casa de banho por atacado robustos e dur\u00e1veis, anti-incrustantes e anti-riscos durante muito tempo, mantendo-os brilhantes e novos. Quer se trate de uma utiliza\u00e7\u00e3o constante ou de uma limpeza regular, \u00e9 f\u00e1cil de gerir.<\/li>\n\n\n\n<li><strong>Poupan\u00e7a de custos: <\/strong>Oferecemos o pre\u00e7o mais competitivo atrav\u00e9s de servi\u00e7os por grosso e fornecemos diretamente da f\u00e1brica para que possa oferecer a melhor qualidade ao pre\u00e7o mais competitivo. As vantagens adicionais das compras a granel incluem mais descontos, ajudando assim os propriet\u00e1rios de hot\u00e9is a poupar nos custos de decora\u00e7\u00e3o.<\/li>\n\n\n\n<li><strong>Sa\u00fade e seguran\u00e7a:<\/strong> Estes lavat\u00f3rios de bancada de cer\u00e2mica por atacado est\u00e3o sob um processo de produ\u00e7\u00e3o de prote\u00e7\u00e3o ambiental e n\u00e3o utilizam subst\u00e2ncias nocivas, pelo que podem garantir a inocuidade dos produtos para o corpo humano. Est\u00e1 empenhada em fornecer ao seu hotel produtos de casa de banho seguros e ecol\u00f3gicos.<\/li>\n<\/ul>\n<\/div>\n\n\n\n<div class=\"wp-block-column is-layout-flow wp-block-column-is-layout-flow\">\n<figure class=\"wp-block-image size-full\"><img fetchpriority=\"high\" decoding=\"async\" width=\"750\" height=\"750\" src=\"https:\/\/www.ceramicbasin.com\/wp-content\/uploads\/2024\/07\/luxury-hotel-countertop-wash-basins-wholesale-for-bathroom-1.webp\" alt=\"lavat\u00f3rios de bancada para hot\u00e9is de luxo - venda por grosso - para casas de banho-1\" class=\"wp-image-3106\" srcset=\"https:\/\/www.ceramicbasin.com\/wp-content\/uploads\/2024\/07\/luxury-hotel-countertop-wash-basins-wholesale-for-bathroom-1.webp 750w, https:\/\/www.ceramicbasin.com\/wp-content\/uploads\/2024\/07\/luxury-hotel-countertop-wash-basins-wholesale-for-bathroom-1-300x300.webp 300w, https:\/\/www.ceramicbasin.com\/wp-content\/uploads\/2024\/07\/luxury-hotel-countertop-wash-basins-wholesale-for-bathroom-1-150x150.webp 150w, https:\/\/www.ceramicbasin.com\/wp-content\/uploads\/2024\/07\/luxury-hotel-countertop-wash-basins-wholesale-for-bathroom-1-12x12.webp 12w, https:\/\/www.ceramicbasin.com\/wp-content\/uploads\/2024\/07\/luxury-hotel-countertop-wash-basins-wholesale-for-bathroom-1-285x285.webp 285w, https:\/\/www.ceramicbasin.com\/wp-content\/uploads\/2024\/07\/luxury-hotel-countertop-wash-basins-wholesale-for-bathroom-1-270x270.webp 270w, https:\/\/www.ceramicbasin.com\/wp-content\/uploads\/2024\/07\/luxury-hotel-countertop-wash-basins-wholesale-for-bathroom-1-540x540.webp 540w, https:\/\/www.ceramicbasin.com\/wp-content\/uploads\/2024\/07\/luxury-hotel-countertop-wash-basins-wholesale-for-bathroom-1-660x660.webp 660w\" sizes=\"(max-width: 750px) 100vw, 750px\" \/><\/figure>\n<\/div>\n<\/div>","protected":false},"excerpt":{"rendered":"<p>Bem-vindo \u00e0 compra de lavat\u00f3rios de casa de banho por atacado. Os nossos lavat\u00f3rios de bancada de luxo por atacado t\u00eam um design requintado e s\u00e3o feitos de materiais cer\u00e2micos de alta qualidade, que s\u00e3o dur\u00e1veis e podem melhorar o gosto geral da casa de banho. Os nossos lavat\u00f3rios de casa de banho por atacado s\u00e3o fornecidos pela f\u00e1brica e oferecem pre\u00e7os muito competitivos, proporcionando solu\u00e7\u00f5es de casa de banho de alta qualidade para o seu hotel.<\/p>\n<table style=\"border-collapse: collapse; width: 311.02pt;\" border=\"0\" width=\"311\" cellspacing=\"0\" cellpadding=\"0\">\n<tbody>\n<tr style=\"height: 17.60pt;\">\n<td class=\"et3\" style=\"height: 17.60pt; width: 108.35pt;\" width=\"108\" height=\"17\">Fabricante<\/td>\n<td class=\"et3\" style=\"width: 202.95pt;\" width=\"202\">HanYu<\/td>\n<\/tr>\n<tr style=\"height: 17.60pt;\">\n<td class=\"et3\" style=\"height: 17.60pt;\" height=\"17\">Modelo n.<\/td>\n<td class=\"et4\">HY-5102<\/td>\n<\/tr>\n<tr style=\"height: 17.60pt;\">\n<td class=\"et3\" style=\"height: 17.60pt;\" height=\"17\">Tipo<\/td>\n<td class=\"et3\">Lavat\u00f3rio de bancada<\/td>\n<\/tr>\n<tr style=\"height: 17.60pt;\">\n<td class=\"et3\" style=\"height: 17.60pt;\" height=\"17\">Forma<\/td>\n<td class=\"et3\">Forma de folha<\/td>\n<\/tr>\n<tr style=\"height: 17.60pt;\">\n<td class=\"et4\" style=\"height: 17.60pt;\" height=\"17\">Cor<\/td>\n<td class=\"et3\">Branco<\/td>\n<\/tr>\n<tr style=\"height: 18.00pt;\">\n<td class=\"et3\" style=\"height: 18.00pt;\" height=\"18\">Dimens\u00e3o<\/td>\n<td class=\"et5\" style=\"width: 202.95pt;\" width=\"202\">73*37*13<\/td>\n<\/tr>\n<tr style=\"height: 17.60pt;\">\n<td class=\"et3\" style=\"height: 17.60pt;\" height=\"17\">N.W \/SET<\/td>\n<td class=\"et3\">10KG\/PCS<\/td>\n<\/tr>\n<tr style=\"height: 17.60pt;\">\n<td class=\"et3\" style=\"height: 17.60pt;\" height=\"17\">MOQ<\/td>\n<td class=\"et3\">20 unidades<\/td>\n<\/tr>\n<tr style=\"height: 17.60pt;\">\n<td class=\"et3\" style=\"height: 17.60pt;\" height=\"17\">Op\u00e7\u00e3o personalizada<\/td>\n<td class=\"et3\">Cor\/Patente\/Tamanho\/Logotipo\/Embalagem<\/td>\n<\/tr>\n<\/tbody>\n<\/table>","protected":false},"featured_media":3109,"comment_status":"closed","ping_status":"closed","template":"","meta":{"_acf_changed":false},"product_brand":[],"product_cat":[50],"product_tag":[],"class_list":{"0":"post-3102","1":"product","2":"type-product","3":"status-publish","4":"has-post-thumbnail","6":"product_cat-wholesale-countertop-sinks","8":"first","9":"instock","10":"shipping-taxable","11":"product-type-simple"},"acf":[],"_links":{"self":[{"href":"https:\/\/www.ceramicbasin.com\/pt\/wp-json\/wp\/v2\/product\/3102","targetHints":{"allow":["GET"]}}],"collection":[{"href":"https:\/\/www.ceramicbasin.com\/pt\/wp-json\/wp\/v2\/product"}],"about":[{"href":"https:\/\/www.ceramicbasin.com\/pt\/wp-json\/wp\/v2\/types\/product"}],"replies":[{"embeddable":true,"href":"https:\/\/www.ceramicbasin.com\/pt\/wp-json\/wp\/v2\/comments?post=3102"}],"wp:featuredmedia":[{"embeddable":true,"href":"https:\/\/www.ceramicbasin.com\/pt\/wp-json\/wp\/v2\/media\/3109"}],"wp:attachment":[{"href":"https:\/\/www.ceramicbasin.com\/pt\/wp-json\/wp\/v2\/media?parent=3102"}],"wp:term":[{"taxonomy":"product_brand","embeddable":true,"href":"https:\/\/www.ceramicbasin.com\/pt\/wp-json\/wp\/v2\/product_brand?post=3102"},{"taxonomy":"product_cat","embeddable":true,"href":"https:\/\/www.ceramicbasin.com\/pt\/wp-json\/wp\/v2\/product_cat?post=3102"},{"taxonomy":"product_tag","embeddable":true,"href":"https:\/\/www.ceramicbasin.com\/pt\/wp-json\/wp\/v2\/product_tag?post=3102"}],"curies":[{"name":"wp","href":"https:\/\/api.w.org\/{rel}","templated":true}]}}