{"id":3112,"date":"2024-07-12T03:49:28","date_gmt":"2024-07-12T03:49:28","guid":{"rendered":"https:\/\/www.ceramicbasin.com\/?post_type=product&#038;p=3112"},"modified":"2024-11-01T08:46:31","modified_gmt":"2024-11-01T08:46:31","slug":"unique-wholesale-sinks-for-bathroom","status":"publish","type":"product","link":"https:\/\/www.ceramicbasin.com\/pt\/produto\/unique-wholesale-sinks-for-bathroom\/","title":{"rendered":"Novo design de lavat\u00f3rios por atacado para casa de banho com forma irregular \u00fanica"},"content":{"rendered":"<div class=\"wp-block-columns is-layout-flex wp-container-core-columns-is-layout-9d6595d7 wp-block-columns-is-layout-flex\">\n<div class=\"wp-block-column is-layout-flow wp-block-column-is-layout-flow\">\n<h2 class=\"wp-block-heading\">Pias Premium por atacado para casa de banho Carater\u00edsticas:<\/h2>\n\n\n\n<ul class=\"wp-block-list\">\n<li><strong>Forma \u00fanica: <\/strong>O design \u00fanico dos nossos lavat\u00f3rios por atacado de forma irregular para casas de banho, incompar\u00e1vel com os estilos tradicionais, descarta as conven\u00e7\u00f5es do estilo tradicional. O lavat\u00f3rio em forma de folha cria uma atmosfera moderna e art\u00edstica no espa\u00e7o da casa de banho e atrai o olhar para criar um efeito visual integral surpreendente.<\/li>\n\n\n\n<li><strong>Cer\u00e2mica de alta qualidade: <\/strong>Os lavat\u00f3rios de casa de banho a granel s\u00e3o fabricados com cer\u00e2mica de alta qualidade cozida a temperaturas elevadas, o que os torna firmes, dur\u00e1veis, resistentes a manchas e riscos, com uma superf\u00edcie lisa e f\u00e1cil de limpar, mantendo-se bonitos durante muito tempo.<\/li>\n\n\n\n<li><strong>Op\u00e7\u00f5es de design diversificadas: <\/strong>Nos nossos lavat\u00f3rios para casa de banho por atacado, existem v\u00e1rios designs e cores para combinar com estilos diversificados de decora\u00e7\u00e3o de casa de banho, seja ela moderna, simples ou luxuosa, pode encontrar o estilo adequado.<\/li>\n\n\n\n<li><strong>Vantagem do pre\u00e7o por grosso: <\/strong>Garante que obt\u00e9m bacias de cer\u00e2mica de alta qualidade a granel da f\u00e1brica ao pre\u00e7o mais competitivo, ajudando-o assim a poupar nos custos e a aumentar a margem de lucro.<\/li>\n<\/ul>\n<\/div>\n\n\n\n<div class=\"wp-block-column is-layout-flow wp-block-column-is-layout-flow\">\n<figure class=\"wp-block-image size-full\"><img fetchpriority=\"high\" decoding=\"async\" width=\"750\" height=\"750\" src=\"https:\/\/www.ceramicbasin.com\/wp-content\/uploads\/2024\/07\/new-design-wholesale-sinks-for-bathroom-with-unique-shape-1.webp\" alt=\"novo-design-mercado-lava-loi\u00e7as-para-casa-de-banho-com-forma-\u00fanica-1\" class=\"wp-image-3113\" srcset=\"https:\/\/www.ceramicbasin.com\/wp-content\/uploads\/2024\/07\/new-design-wholesale-sinks-for-bathroom-with-unique-shape-1.webp 750w, https:\/\/www.ceramicbasin.com\/wp-content\/uploads\/2024\/07\/new-design-wholesale-sinks-for-bathroom-with-unique-shape-1-300x300.webp 300w, https:\/\/www.ceramicbasin.com\/wp-content\/uploads\/2024\/07\/new-design-wholesale-sinks-for-bathroom-with-unique-shape-1-150x150.webp 150w, https:\/\/www.ceramicbasin.com\/wp-content\/uploads\/2024\/07\/new-design-wholesale-sinks-for-bathroom-with-unique-shape-1-12x12.webp 12w, https:\/\/www.ceramicbasin.com\/wp-content\/uploads\/2024\/07\/new-design-wholesale-sinks-for-bathroom-with-unique-shape-1-285x285.webp 285w, https:\/\/www.ceramicbasin.com\/wp-content\/uploads\/2024\/07\/new-design-wholesale-sinks-for-bathroom-with-unique-shape-1-270x270.webp 270w, https:\/\/www.ceramicbasin.com\/wp-content\/uploads\/2024\/07\/new-design-wholesale-sinks-for-bathroom-with-unique-shape-1-540x540.webp 540w, https:\/\/www.ceramicbasin.com\/wp-content\/uploads\/2024\/07\/new-design-wholesale-sinks-for-bathroom-with-unique-shape-1-660x660.webp 660w\" sizes=\"(max-width: 750px) 100vw, 750px\" \/><\/figure>\n<\/div>\n<\/div>","protected":false},"excerpt":{"rendered":"<p>Bem-vindo \u00e0 compra de lavat\u00f3rios de casa de banho personalizados. Os nossos lavat\u00f3rios para casa de banho por atacado s\u00e3o feitos de materiais cer\u00e2micos de alta qualidade e est\u00e3o dispon\u00edveis com algumas carater\u00edsticas especiais para formas irregulares. Devido a esta singularidade, permitem uma grande variedade de escolhas de design para satisfazer muitos gostos na decora\u00e7\u00e3o da casa de banho.<\/p>\n<table style=\"border-collapse: collapse; width: 311.02pt;\" border=\"0\" width=\"311\" cellspacing=\"0\" cellpadding=\"0\">\n<tbody>\n<tr style=\"height: 17.60pt;\">\n<td class=\"et3\" style=\"height: 17.60pt; width: 108.35pt;\" width=\"108\" height=\"17\">Fabricante<\/td>\n<td class=\"et3\" style=\"width: 202.95pt;\" width=\"202\">HanYu<\/td>\n<\/tr>\n<tr style=\"height: 17.60pt;\">\n<td class=\"et3\" style=\"height: 17.60pt;\" height=\"17\">Modelo n.<\/td>\n<td class=\"et4\">HY-8023<\/td>\n<\/tr>\n<tr style=\"height: 17.60pt;\">\n<td class=\"et3\" style=\"height: 17.60pt;\" height=\"17\">Tipo<\/td>\n<td class=\"et3\">Lavat\u00f3rio de bancada<\/td>\n<\/tr>\n<tr style=\"height: 17.60pt;\">\n<td class=\"et3\" style=\"height: 17.60pt;\" height=\"17\">Forma<\/td>\n<td class=\"et3\">Forma de folha<\/td>\n<\/tr>\n<tr style=\"height: 17.60pt;\">\n<td class=\"et4\" style=\"height: 17.60pt;\" height=\"17\">Cor<\/td>\n<td class=\"et3\">Branco<\/td>\n<\/tr>\n<tr style=\"height: 18.00pt;\">\n<td class=\"et3\" style=\"height: 18.00pt;\" height=\"18\">Dimens\u00e3o<\/td>\n<td class=\"et5\" style=\"width: 202.95pt;\" width=\"202\">65*38.5*16<\/td>\n<\/tr>\n<tr style=\"height: 17.60pt;\">\n<td class=\"et3\" style=\"height: 17.60pt;\" height=\"17\">N.W \/SET<\/td>\n<td class=\"et3\">10KG\/PCS<\/td>\n<\/tr>\n<tr style=\"height: 17.60pt;\">\n<td class=\"et3\" style=\"height: 17.60pt;\" height=\"17\">MOQ<\/td>\n<td class=\"et3\">20 unidades<\/td>\n<\/tr>\n<tr style=\"height: 17.60pt;\">\n<td class=\"et3\" style=\"height: 17.60pt;\" height=\"17\">Op\u00e7\u00e3o personalizada<\/td>\n<td class=\"et3\">Cor\/Patente\/Tamanho\/Logotipo\/Embalagem<\/td>\n<\/tr>\n<\/tbody>\n<\/table>\n<p>&nbsp;<\/p>","protected":false},"featured_media":3116,"comment_status":"closed","ping_status":"closed","template":"","meta":{"_acf_changed":false},"product_brand":[],"product_cat":[50],"product_tag":[],"class_list":{"0":"post-3112","1":"product","2":"type-product","3":"status-publish","4":"has-post-thumbnail","6":"product_cat-wholesale-countertop-sinks","8":"first","9":"instock","10":"shipping-taxable","11":"product-type-simple"},"acf":[],"_links":{"self":[{"href":"https:\/\/www.ceramicbasin.com\/pt\/wp-json\/wp\/v2\/product\/3112","targetHints":{"allow":["GET"]}}],"collection":[{"href":"https:\/\/www.ceramicbasin.com\/pt\/wp-json\/wp\/v2\/product"}],"about":[{"href":"https:\/\/www.ceramicbasin.com\/pt\/wp-json\/wp\/v2\/types\/product"}],"replies":[{"embeddable":true,"href":"https:\/\/www.ceramicbasin.com\/pt\/wp-json\/wp\/v2\/comments?post=3112"}],"wp:featuredmedia":[{"embeddable":true,"href":"https:\/\/www.ceramicbasin.com\/pt\/wp-json\/wp\/v2\/media\/3116"}],"wp:attachment":[{"href":"https:\/\/www.ceramicbasin.com\/pt\/wp-json\/wp\/v2\/media?parent=3112"}],"wp:term":[{"taxonomy":"product_brand","embeddable":true,"href":"https:\/\/www.ceramicbasin.com\/pt\/wp-json\/wp\/v2\/product_brand?post=3112"},{"taxonomy":"product_cat","embeddable":true,"href":"https:\/\/www.ceramicbasin.com\/pt\/wp-json\/wp\/v2\/product_cat?post=3112"},{"taxonomy":"product_tag","embeddable":true,"href":"https:\/\/www.ceramicbasin.com\/pt\/wp-json\/wp\/v2\/product_tag?post=3112"}],"curies":[{"name":"wp","href":"https:\/\/api.w.org\/{rel}","templated":true}]}}