{"id":3119,"date":"2024-07-12T06:18:30","date_gmt":"2024-07-12T06:18:30","guid":{"rendered":"https:\/\/www.ceramicbasin.com\/?post_type=product&#038;p=3119"},"modified":"2024-11-01T08:51:21","modified_gmt":"2024-11-01T08:51:21","slug":"countertop-art-basin-wholesale","status":"publish","type":"product","link":"https:\/\/www.ceramicbasin.com\/pt\/produto\/countertop-art-basin-wholesale\/","title":{"rendered":"Bacia de arte de bancada de alta qualidade por atacado com furo de torneira \u00fanica"},"content":{"rendered":"<div class=\"wp-block-columns is-layout-flex wp-container-core-columns-is-layout-9d6595d7 wp-block-columns-is-layout-flex\">\n<div class=\"wp-block-column is-layout-flow wp-block-column-is-layout-flow\">\n<h2 class=\"wp-block-heading\">Bacia de arte Premium Wholesale Carater\u00edsticas:<\/h2>\n\n\n\n<ul class=\"wp-block-list\">\n<li><strong>Resistente e duradouro: <\/strong>Devido ao material cer\u00e2mico de qualidade e \u00e0 alta temperatura, esta bacia de arte de bancada por atacado \u00e9 forte e dur\u00e1vel, anti-manchas e resistente a riscos. A superf\u00edcie lisa limpa-se facilmente e \u00e9 sempre bonita e brilhante.<\/li>\n\n\n\n<li><strong>Design simples:<\/strong> Equipado com um orif\u00edcio para torneira, este lavat\u00f3rio de cer\u00e2mica por atacado \u00e9 f\u00e1cil de instalar e funciona com a maioria das torneiras normais. \u00c9 muito pr\u00e1tico e bonito devido ao seu design simples, adequado para muitos estilos de casa de banho.<\/li>\n\n\n\n<li><strong>Design requintado: <\/strong>Com um design requintado e equipado com um sentido de arte moderno, esta bacia de arte de bancada por atacado acrescentar\u00e1 um efeito est\u00e9tico sem paralelo ao espa\u00e7o de banho e elevar\u00e1 o n\u00edvel geral de decora\u00e7\u00e3o.<\/li>\n\n\n\n<li><strong>Vantagem de pre\u00e7o: <\/strong>Obtivemos os produtos diretamente da f\u00e1brica, garantindo uma bacia de cer\u00e2mica por atacado de alta qualidade fornecida aos nossos clientes ao melhor pre\u00e7o, ajudando a poupar dinheiro \u00e0s empresas e a aumentar as margens de lucro na venda de produtos.<\/li>\n<\/ul>\n<\/div>\n\n\n\n<div class=\"wp-block-column is-layout-flow wp-block-column-is-layout-flow\">\n<figure class=\"wp-block-image size-full\"><img fetchpriority=\"high\" decoding=\"async\" width=\"750\" height=\"750\" src=\"https:\/\/www.ceramicbasin.com\/wp-content\/uploads\/2024\/07\/high-quality-countertop-art-basin-wholesale-with-single-tap-hole-1.webp\" alt=\"lavat\u00f3rio de arte de bancada de alta qualidade, \u00e0 venda por grosso, com um \u00fanico orif\u00edcio para torneira-1\" class=\"wp-image-3120\" srcset=\"https:\/\/www.ceramicbasin.com\/wp-content\/uploads\/2024\/07\/high-quality-countertop-art-basin-wholesale-with-single-tap-hole-1.webp 750w, https:\/\/www.ceramicbasin.com\/wp-content\/uploads\/2024\/07\/high-quality-countertop-art-basin-wholesale-with-single-tap-hole-1-300x300.webp 300w, https:\/\/www.ceramicbasin.com\/wp-content\/uploads\/2024\/07\/high-quality-countertop-art-basin-wholesale-with-single-tap-hole-1-150x150.webp 150w, https:\/\/www.ceramicbasin.com\/wp-content\/uploads\/2024\/07\/high-quality-countertop-art-basin-wholesale-with-single-tap-hole-1-12x12.webp 12w, https:\/\/www.ceramicbasin.com\/wp-content\/uploads\/2024\/07\/high-quality-countertop-art-basin-wholesale-with-single-tap-hole-1-285x285.webp 285w, https:\/\/www.ceramicbasin.com\/wp-content\/uploads\/2024\/07\/high-quality-countertop-art-basin-wholesale-with-single-tap-hole-1-270x270.webp 270w, https:\/\/www.ceramicbasin.com\/wp-content\/uploads\/2024\/07\/high-quality-countertop-art-basin-wholesale-with-single-tap-hole-1-540x540.webp 540w, https:\/\/www.ceramicbasin.com\/wp-content\/uploads\/2024\/07\/high-quality-countertop-art-basin-wholesale-with-single-tap-hole-1-660x660.webp 660w\" sizes=\"(max-width: 750px) 100vw, 750px\" \/><\/figure>\n<\/div>\n<\/div>","protected":false},"excerpt":{"rendered":"<p>Bem-vindo ao comprar bacias de cer\u00e2mica por atacado. Esta bacia de arte de bancada branca com furo de torneira \u00fanica de alta classe \u00e9 feita de material cer\u00e2mico de alta qualidade com design simples e requintado para f\u00e1cil instala\u00e7\u00e3o e compatibilidade. Os produtos s\u00e3o vendidos diretamente pela f\u00e1brica, e os pre\u00e7os s\u00e3o muito competitivos.<\/p>\n<table style=\"border-collapse: collapse; width: 311.02pt;\" border=\"0\" width=\"311\" cellspacing=\"0\" cellpadding=\"0\">\n<tbody>\n<tr style=\"height: 17.60pt;\">\n<td class=\"et3\" style=\"height: 17.60pt; width: 108.35pt;\" width=\"108\" height=\"17\">Fabricante<\/td>\n<td class=\"et3\" style=\"width: 202.95pt;\" width=\"202\">HanYu<\/td>\n<\/tr>\n<tr style=\"height: 17.60pt;\">\n<td class=\"et3\" style=\"height: 17.60pt;\" height=\"17\">Modelo n.<\/td>\n<td class=\"et4\">HY-8023<\/td>\n<\/tr>\n<tr style=\"height: 17.60pt;\">\n<td class=\"et3\" style=\"height: 17.60pt;\" height=\"17\">Tipo<\/td>\n<td class=\"et3\">Lavat\u00f3rio de bancada<\/td>\n<\/tr>\n<tr style=\"height: 17.60pt;\">\n<td class=\"et3\" style=\"height: 17.60pt;\" height=\"17\">Forma<\/td>\n<td class=\"et3\">Forma de folha<\/td>\n<\/tr>\n<tr style=\"height: 17.60pt;\">\n<td class=\"et4\" style=\"height: 17.60pt;\" height=\"17\">Cor<\/td>\n<td class=\"et3\">Branco<\/td>\n<\/tr>\n<tr style=\"height: 18.00pt;\">\n<td class=\"et3\" style=\"height: 18.00pt;\" height=\"18\">Dimens\u00e3o<\/td>\n<td class=\"et5\" style=\"width: 202.95pt;\" width=\"202\">65*38.5*16<\/td>\n<\/tr>\n<tr style=\"height: 17.60pt;\">\n<td class=\"et3\" style=\"height: 17.60pt;\" height=\"17\">N.W \/SET<\/td>\n<td class=\"et3\">10KG\/PCS<\/td>\n<\/tr>\n<tr style=\"height: 17.60pt;\">\n<td class=\"et3\" style=\"height: 17.60pt;\" height=\"17\">MOQ<\/td>\n<td class=\"et3\">20 unidades<\/td>\n<\/tr>\n<tr style=\"height: 17.60pt;\">\n<td class=\"et3\" style=\"height: 17.60pt;\" height=\"17\">Op\u00e7\u00e3o personalizada<\/td>\n<td class=\"et3\">Cor\/Patente\/Tamanho\/Logotipo\/Embalagem<\/td>\n<\/tr>\n<\/tbody>\n<\/table>\n<p>&nbsp;<\/p>","protected":false},"featured_media":3121,"comment_status":"closed","ping_status":"closed","template":"","meta":{"_acf_changed":false},"product_brand":[],"product_cat":[50],"product_tag":[],"class_list":{"0":"post-3119","1":"product","2":"type-product","3":"status-publish","4":"has-post-thumbnail","6":"product_cat-wholesale-countertop-sinks","8":"first","9":"instock","10":"shipping-taxable","11":"product-type-simple"},"acf":[],"_links":{"self":[{"href":"https:\/\/www.ceramicbasin.com\/pt\/wp-json\/wp\/v2\/product\/3119","targetHints":{"allow":["GET"]}}],"collection":[{"href":"https:\/\/www.ceramicbasin.com\/pt\/wp-json\/wp\/v2\/product"}],"about":[{"href":"https:\/\/www.ceramicbasin.com\/pt\/wp-json\/wp\/v2\/types\/product"}],"replies":[{"embeddable":true,"href":"https:\/\/www.ceramicbasin.com\/pt\/wp-json\/wp\/v2\/comments?post=3119"}],"wp:featuredmedia":[{"embeddable":true,"href":"https:\/\/www.ceramicbasin.com\/pt\/wp-json\/wp\/v2\/media\/3121"}],"wp:attachment":[{"href":"https:\/\/www.ceramicbasin.com\/pt\/wp-json\/wp\/v2\/media?parent=3119"}],"wp:term":[{"taxonomy":"product_brand","embeddable":true,"href":"https:\/\/www.ceramicbasin.com\/pt\/wp-json\/wp\/v2\/product_brand?post=3119"},{"taxonomy":"product_cat","embeddable":true,"href":"https:\/\/www.ceramicbasin.com\/pt\/wp-json\/wp\/v2\/product_cat?post=3119"},{"taxonomy":"product_tag","embeddable":true,"href":"https:\/\/www.ceramicbasin.com\/pt\/wp-json\/wp\/v2\/product_tag?post=3119"}],"curies":[{"name":"wp","href":"https:\/\/api.w.org\/{rel}","templated":true}]}}