{"id":3126,"date":"2024-07-12T06:54:20","date_gmt":"2024-07-12T06:54:20","guid":{"rendered":"https:\/\/www.ceramicbasin.com\/?post_type=product&#038;p=3126"},"modified":"2024-11-01T08:57:59","modified_gmt":"2024-11-01T08:57:59","slug":"countertop-bathroom-sink-wholesale","status":"publish","type":"product","link":"https:\/\/www.ceramicbasin.com\/pt\/produto\/countertop-bathroom-sink-wholesale\/","title":{"rendered":"Lavat\u00f3rio de casa de banho de bancada moderno por atacado com furo para torneira"},"content":{"rendered":"<div class=\"wp-block-columns is-layout-flex wp-container-core-columns-is-layout-9d6595d7 wp-block-columns-is-layout-flex\">\n<div class=\"wp-block-column is-layout-flow wp-block-column-is-layout-flow\">\n<h2 class=\"wp-block-heading\">Lavat\u00f3rio de casa de banho de bancada Premium Carater\u00edsticas por atacado:<\/h2>\n\n\n\n<ul class=\"wp-block-list\">\n<li><strong>Design moderno: <\/strong>Este lavat\u00f3rio de casa de banho de bancada por atacado apresenta um design moderno de estrutura simples. O design liso e redondo pode combinar bem com v\u00e1rios estilos de casas de banho, acrescentando um fator moderno e de alta qualidade ao espa\u00e7o da casa de banho.<\/li>\n\n\n\n<li><strong>Materiais de alta qualidade: <\/strong>A cer\u00e2mica selecionada de alta qualidade \u00e9 calcinada a altas temperaturas para garantir a durabilidade do produto. Al\u00e9m disso, sendo resistente \u00e0 sujidade e aos riscos, a superf\u00edcie lisa do nosso balc\u00e3o de lavat\u00f3rio de casa de banho por atacado \u00e9 f\u00e1cil de limpar e mant\u00e9m-se bonita e brilhante durante muito tempo.<\/li>\n\n\n\n<li><strong>Orif\u00edcios de torneira pr\u00e9-perfurados: <\/strong>O nosso lavat\u00f3rio de casa de banho de bancada por atacado vem com orif\u00edcios de torneira pr\u00e9-perfurados para uma instala\u00e7\u00e3o r\u00e1pida e f\u00e1cil que se adapta \u00e0 maioria das torneiras padr\u00e3o. O design simples \u00e9 muito funcional, bonito ao mesmo tempo, e garante conforto para o utilizador.<\/li>\n\n\n\n<li><strong>Vantagem de pre\u00e7o: <\/strong>Uma vez que os nossos lavat\u00f3rios de casa de banho por atacado s\u00e3o fornecidos diretamente da f\u00e1brica, pode certamente fornecer aos seus clientes a melhor qualidade aos pre\u00e7os mais competitivos. As compras a granel t\u00eam descontos adicionais que o ajudar\u00e3o, enquanto grossista ou retalhista, a poupar dinheiro e a aumentar as margens de lucro.<\/li>\n<\/ul>\n<\/div>\n\n\n\n<div class=\"wp-block-column is-layout-flow wp-block-column-is-layout-flow\">\n<figure class=\"wp-block-image size-full\"><img fetchpriority=\"high\" decoding=\"async\" width=\"750\" height=\"750\" src=\"https:\/\/www.ceramicbasin.com\/wp-content\/uploads\/2024\/07\/modern-countertop-bathroom-sink-wholesale-with-faucet-hole-1.webp\" alt=\"lavat\u00f3rio de casa de banho de bancada moderno - venda por grosso - com furo para torneira - 1\" class=\"wp-image-3127\" srcset=\"https:\/\/www.ceramicbasin.com\/wp-content\/uploads\/2024\/07\/modern-countertop-bathroom-sink-wholesale-with-faucet-hole-1.webp 750w, https:\/\/www.ceramicbasin.com\/wp-content\/uploads\/2024\/07\/modern-countertop-bathroom-sink-wholesale-with-faucet-hole-1-300x300.webp 300w, https:\/\/www.ceramicbasin.com\/wp-content\/uploads\/2024\/07\/modern-countertop-bathroom-sink-wholesale-with-faucet-hole-1-150x150.webp 150w, https:\/\/www.ceramicbasin.com\/wp-content\/uploads\/2024\/07\/modern-countertop-bathroom-sink-wholesale-with-faucet-hole-1-12x12.webp 12w, https:\/\/www.ceramicbasin.com\/wp-content\/uploads\/2024\/07\/modern-countertop-bathroom-sink-wholesale-with-faucet-hole-1-285x285.webp 285w, https:\/\/www.ceramicbasin.com\/wp-content\/uploads\/2024\/07\/modern-countertop-bathroom-sink-wholesale-with-faucet-hole-1-270x270.webp 270w, https:\/\/www.ceramicbasin.com\/wp-content\/uploads\/2024\/07\/modern-countertop-bathroom-sink-wholesale-with-faucet-hole-1-540x540.webp 540w, https:\/\/www.ceramicbasin.com\/wp-content\/uploads\/2024\/07\/modern-countertop-bathroom-sink-wholesale-with-faucet-hole-1-660x660.webp 660w\" sizes=\"(max-width: 750px) 100vw, 750px\" \/><\/figure>\n<\/div>\n<\/div>","protected":false},"excerpt":{"rendered":"<p>Bem-vindo \u00e0 compra de lavat\u00f3rios de casa de banho por atacado. O lavat\u00f3rio de casa de banho de bancada da Hanyu com orif\u00edcios de torneira pr\u00e9-perfurados, ser\u00e1 muito mais f\u00e1cil de instalar e amplamente compat\u00edvel com os acess\u00f3rios relacionados. Atrav\u00e9s da venda por grosso direta da f\u00e1brica, podemos oferecer pre\u00e7os muito competitivos.<\/p>\n<table style=\"border-collapse: collapse; width: 311.02pt;\" border=\"0\" width=\"311\" cellspacing=\"0\" cellpadding=\"0\">\n<tbody>\n<tr style=\"height: 17.60pt;\">\n<td class=\"et3\" style=\"height: 17.60pt; width: 108.35pt;\" width=\"108\" height=\"17\">Fabricante<\/td>\n<td class=\"et3\" style=\"width: 202.95pt;\" width=\"202\">HanYu<\/td>\n<\/tr>\n<tr style=\"height: 17.60pt;\">\n<td class=\"et3\" style=\"height: 17.60pt;\" height=\"17\">Modelo n.<\/td>\n<td class=\"et4\">HY-8127<\/td>\n<\/tr>\n<tr style=\"height: 17.60pt;\">\n<td class=\"et3\" style=\"height: 17.60pt;\" height=\"17\">Tipo<\/td>\n<td class=\"et3\">Lavat\u00f3rio de bancada<\/td>\n<\/tr>\n<tr style=\"height: 17.60pt;\">\n<td class=\"et3\" style=\"height: 17.60pt;\" height=\"17\">Forma<\/td>\n<td class=\"et3\">Redondo<\/td>\n<\/tr>\n<tr style=\"height: 17.60pt;\">\n<td class=\"et4\" style=\"height: 17.60pt;\" height=\"17\">Cor<\/td>\n<td class=\"et3\">Branco<\/td>\n<\/tr>\n<tr style=\"height: 18.00pt;\">\n<td class=\"et3\" style=\"height: 18.00pt;\" height=\"18\">Dimens\u00e3o<\/td>\n<td class=\"et5\" style=\"width: 202.95pt;\" width=\"202\">42*42*11.5<\/td>\n<\/tr>\n<tr style=\"height: 17.60pt;\">\n<td class=\"et3\" style=\"height: 17.60pt;\" height=\"17\">N.W \/SET<\/td>\n<td class=\"et3\">6.5KG\/PCS<\/td>\n<\/tr>\n<tr style=\"height: 17.60pt;\">\n<td class=\"et3\" style=\"height: 17.60pt;\" height=\"17\">MOQ<\/td>\n<td class=\"et3\">20 unidades<\/td>\n<\/tr>\n<tr style=\"height: 17.60pt;\">\n<td class=\"et3\" style=\"height: 17.60pt;\" height=\"17\">Op\u00e7\u00e3o personalizada<\/td>\n<td class=\"et3\">Cor\/Patente\/Tamanho\/Logotipo\/Embalagem<\/td>\n<\/tr>\n<\/tbody>\n<\/table>\n<p>&nbsp;<\/p>","protected":false},"featured_media":3132,"comment_status":"closed","ping_status":"closed","template":"","meta":{"_acf_changed":false},"product_brand":[],"product_cat":[50],"product_tag":[],"class_list":{"0":"post-3126","1":"product","2":"type-product","3":"status-publish","4":"has-post-thumbnail","6":"product_cat-wholesale-countertop-sinks","8":"first","9":"instock","10":"shipping-taxable","11":"product-type-simple"},"acf":[],"_links":{"self":[{"href":"https:\/\/www.ceramicbasin.com\/pt\/wp-json\/wp\/v2\/product\/3126","targetHints":{"allow":["GET"]}}],"collection":[{"href":"https:\/\/www.ceramicbasin.com\/pt\/wp-json\/wp\/v2\/product"}],"about":[{"href":"https:\/\/www.ceramicbasin.com\/pt\/wp-json\/wp\/v2\/types\/product"}],"replies":[{"embeddable":true,"href":"https:\/\/www.ceramicbasin.com\/pt\/wp-json\/wp\/v2\/comments?post=3126"}],"wp:featuredmedia":[{"embeddable":true,"href":"https:\/\/www.ceramicbasin.com\/pt\/wp-json\/wp\/v2\/media\/3132"}],"wp:attachment":[{"href":"https:\/\/www.ceramicbasin.com\/pt\/wp-json\/wp\/v2\/media?parent=3126"}],"wp:term":[{"taxonomy":"product_brand","embeddable":true,"href":"https:\/\/www.ceramicbasin.com\/pt\/wp-json\/wp\/v2\/product_brand?post=3126"},{"taxonomy":"product_cat","embeddable":true,"href":"https:\/\/www.ceramicbasin.com\/pt\/wp-json\/wp\/v2\/product_cat?post=3126"},{"taxonomy":"product_tag","embeddable":true,"href":"https:\/\/www.ceramicbasin.com\/pt\/wp-json\/wp\/v2\/product_tag?post=3126"}],"curies":[{"name":"wp","href":"https:\/\/api.w.org\/{rel}","templated":true}]}}