{"id":3164,"date":"2024-07-12T08:57:56","date_gmt":"2024-07-12T08:57:56","guid":{"rendered":"https:\/\/www.ceramicbasin.com\/?post_type=product&#038;p=3164"},"modified":"2024-07-23T09:45:29","modified_gmt":"2024-07-23T09:45:29","slug":"custom-bathroom-countertop-sink","status":"publish","type":"product","link":"https:\/\/www.ceramicbasin.com\/pt\/produto\/custom-bathroom-countertop-sink\/","title":{"rendered":"Lavat\u00f3rio de bancada de casa de banho personalizado premium com pre\u00e7o direto de f\u00e1brica"},"content":{"rendered":"<div class=\"wp-block-columns is-layout-flex wp-container-core-columns-is-layout-9d6595d7 wp-block-columns-is-layout-flex\">\n<div class=\"wp-block-column is-layout-flow wp-block-column-is-layout-flow\">\n<h2 class=\"wp-block-heading\">Carater\u00edsticas do lavat\u00f3rio de bancada de casa de banho personalizado Premium:<\/h2>\n\n\n\n<ul class=\"wp-block-list\">\n<li><strong>Design cl\u00e1ssico retangular: <\/strong>Este lavat\u00f3rio de bancada de casa de banho personalizado adopta um design retangular cl\u00e1ssico, com linhas simples e elegantes e uma forma cl\u00e1ssica vers\u00e1til, adequado para v\u00e1rios estilos de casa de banho, acrescentando um temperamento moderno e elegante ao espa\u00e7o de banho.<\/li>\n\n\n\n<li><strong>Material de qualidade superior:<\/strong> Feito de materiais cer\u00e2micos de alta qualidade, cozido a alta temperatura, garante que o nosso lavat\u00f3rio de bancada de casa de banho personalizado \u00e9 robusto, dur\u00e1vel, resistente a manchas e a riscos. A superf\u00edcie lisa n\u00e3o s\u00f3 \u00e9 f\u00e1cil de limpar, como tamb\u00e9m se mant\u00e9m bonita e brilhante durante muito tempo, acrescentando um temperamento sofisticado \u00e0 casa de banho.<\/li>\n\n\n\n<li><strong>Amigo do ambiente e saud\u00e1vel: <\/strong>Adoptando uma tecnologia de produ\u00e7\u00e3o amiga do ambiente, n\u00e3o cont\u00e9m subst\u00e2ncias nocivas para garantir que o produto \u00e9 inofensivo para o corpo humano. Concentramo-nos no desenvolvimento sustent\u00e1vel, estamos empenhados em reduzir o impacto da produ\u00e7\u00e3o no ambiente e fornecemos-lhe lavat\u00f3rios de casa de banho por atacado mais ecol\u00f3gicos.<\/li>\n\n\n\n<li><strong>Personaliza\u00e7\u00e3o profissional<\/strong>: A Hanyu oferece uma variedade de op\u00e7\u00f5es de personaliza\u00e7\u00e3o para lavat\u00f3rios de casa de banho personalizados. Quer se trate de cor, forma ou textura, pode satisfazer as suas necessidades e fornecer-lhe produtos de lavat\u00f3rio de cer\u00e2mica por atacado mais competitivos.<\/li>\n<\/ul>\n<\/div>\n\n\n\n<div class=\"wp-block-column is-layout-flow wp-block-column-is-layout-flow\">\n<figure class=\"wp-block-image size-full\"><img fetchpriority=\"high\" decoding=\"async\" width=\"651\" height=\"945\" src=\"https:\/\/www.ceramicbasin.com\/wp-content\/uploads\/2024\/07\/premium-custom-bathroom-countertop-sink-with-factory-price-6.webp\" alt=\"premium-custom-bathroom-countertop-sink-with-factory-price-6\" class=\"wp-image-3170\" srcset=\"https:\/\/www.ceramicbasin.com\/wp-content\/uploads\/2024\/07\/premium-custom-bathroom-countertop-sink-with-factory-price-6.webp 651w, https:\/\/www.ceramicbasin.com\/wp-content\/uploads\/2024\/07\/premium-custom-bathroom-countertop-sink-with-factory-price-6-207x300.webp 207w, https:\/\/www.ceramicbasin.com\/wp-content\/uploads\/2024\/07\/premium-custom-bathroom-countertop-sink-with-factory-price-6-8x12.webp 8w, https:\/\/www.ceramicbasin.com\/wp-content\/uploads\/2024\/07\/premium-custom-bathroom-countertop-sink-with-factory-price-6-285x414.webp 285w, https:\/\/www.ceramicbasin.com\/wp-content\/uploads\/2024\/07\/premium-custom-bathroom-countertop-sink-with-factory-price-6-455x660.webp 455w, https:\/\/www.ceramicbasin.com\/wp-content\/uploads\/2024\/07\/premium-custom-bathroom-countertop-sink-with-factory-price-6-103x150.webp 103w\" sizes=\"(max-width: 651px) 100vw, 651px\" \/><\/figure>\n<\/div>\n<\/div>","protected":false},"excerpt":{"rendered":"<p>O lavat\u00f3rio de bancada de casa de banho personalizado da HanYu com design quadrado cl\u00e1ssico \u00e9 feito de material cer\u00e2mico de alta qualidade, que \u00e9 mais dur\u00e1vel e bonito. Oferecemos pre\u00e7os muito competitivos para satisfazer as suas necessidades de compra de lavat\u00f3rios de casa de banho.<\/p>\n<table style=\"border-collapse: collapse; width: 311.02pt;\" border=\"0\" width=\"311\" cellspacing=\"0\" cellpadding=\"0\">\n<tbody>\n<tr style=\"height: 17.60pt;\">\n<td class=\"et3\" style=\"height: 17.60pt; width: 108.35pt;\" width=\"108\" height=\"17\">Fabricante<\/td>\n<td class=\"et3\" style=\"width: 202.95pt;\" width=\"202\">HanYu<\/td>\n<\/tr>\n<tr style=\"height: 17.60pt;\">\n<td class=\"et3\" style=\"height: 17.60pt;\" height=\"17\">Modelo n.<\/td>\n<td class=\"et4\">HY-482<\/td>\n<\/tr>\n<tr style=\"height: 17.60pt;\">\n<td class=\"et3\" style=\"height: 17.60pt;\" height=\"17\">Tipo<\/td>\n<td class=\"et3\">Lavat\u00f3rio de bancada<\/td>\n<\/tr>\n<tr style=\"height: 17.60pt;\">\n<td class=\"et3\" style=\"height: 17.60pt;\" height=\"17\">Forma<\/td>\n<td class=\"et3\">Forma retangular<\/td>\n<\/tr>\n<tr style=\"height: 17.60pt;\">\n<td class=\"et4\" style=\"height: 17.60pt;\" height=\"17\">Cor<\/td>\n<td class=\"et3\">Branco<\/td>\n<\/tr>\n<tr style=\"height: 18.00pt;\">\n<td class=\"et3\" style=\"height: 18.00pt;\" height=\"18\">Dimens\u00e3o<\/td>\n<td class=\"et5\" style=\"width: 202.95pt;\" width=\"202\">58*45*16<\/td>\n<\/tr>\n<tr style=\"height: 17.60pt;\">\n<td class=\"et3\" style=\"height: 17.60pt;\" height=\"17\">N.W \/SET<\/td>\n<td class=\"et3\">20KGS\/PCS<\/td>\n<\/tr>\n<tr style=\"height: 17.60pt;\">\n<td class=\"et3\" style=\"height: 17.60pt;\" height=\"17\">MOQ<\/td>\n<td class=\"et3\">20 unidades<\/td>\n<\/tr>\n<tr style=\"height: 17.60pt;\">\n<td class=\"et3\" style=\"height: 17.60pt;\" height=\"17\">Op\u00e7\u00e3o personalizada<\/td>\n<td class=\"et3\">Cor\/Patente\/Tamanho\/Logotipo\/Embalagem<\/td>\n<\/tr>\n<\/tbody>\n<\/table>","protected":false},"featured_media":3165,"comment_status":"closed","ping_status":"closed","template":"","meta":{"_acf_changed":false},"product_brand":[],"product_cat":[50],"product_tag":[],"class_list":{"0":"post-3164","1":"product","2":"type-product","3":"status-publish","4":"has-post-thumbnail","6":"product_cat-wholesale-countertop-sinks","8":"first","9":"instock","10":"shipping-taxable","11":"product-type-simple"},"acf":[],"_links":{"self":[{"href":"https:\/\/www.ceramicbasin.com\/pt\/wp-json\/wp\/v2\/product\/3164","targetHints":{"allow":["GET"]}}],"collection":[{"href":"https:\/\/www.ceramicbasin.com\/pt\/wp-json\/wp\/v2\/product"}],"about":[{"href":"https:\/\/www.ceramicbasin.com\/pt\/wp-json\/wp\/v2\/types\/product"}],"replies":[{"embeddable":true,"href":"https:\/\/www.ceramicbasin.com\/pt\/wp-json\/wp\/v2\/comments?post=3164"}],"wp:featuredmedia":[{"embeddable":true,"href":"https:\/\/www.ceramicbasin.com\/pt\/wp-json\/wp\/v2\/media\/3165"}],"wp:attachment":[{"href":"https:\/\/www.ceramicbasin.com\/pt\/wp-json\/wp\/v2\/media?parent=3164"}],"wp:term":[{"taxonomy":"product_brand","embeddable":true,"href":"https:\/\/www.ceramicbasin.com\/pt\/wp-json\/wp\/v2\/product_brand?post=3164"},{"taxonomy":"product_cat","embeddable":true,"href":"https:\/\/www.ceramicbasin.com\/pt\/wp-json\/wp\/v2\/product_cat?post=3164"},{"taxonomy":"product_tag","embeddable":true,"href":"https:\/\/www.ceramicbasin.com\/pt\/wp-json\/wp\/v2\/product_tag?post=3164"}],"curies":[{"name":"wp","href":"https:\/\/api.w.org\/{rel}","templated":true}]}}