{"id":3173,"date":"2024-07-12T09:28:48","date_gmt":"2024-07-12T09:28:48","guid":{"rendered":"https:\/\/www.ceramicbasin.com\/?post_type=product&#038;p=3173"},"modified":"2024-11-15T06:26:38","modified_gmt":"2024-11-15T06:26:38","slug":"vessel-sink-wholesale-above-counter","status":"publish","type":"product","link":"https:\/\/www.ceramicbasin.com\/pt\/produto\/vessel-sink-wholesale-above-counter\/","title":{"rendered":"Novo estilo de pia de cer\u00e2mica de vaso por atacado acima da bacia do banheiro do contador"},"content":{"rendered":"<div class=\"wp-block-columns is-layout-flex wp-container-core-columns-is-layout-9d6595d7 wp-block-columns-is-layout-flex\">\n<div class=\"wp-block-column is-layout-flow wp-block-column-is-layout-flow\">\n<h2 class=\"wp-block-heading\">Lavat\u00f3rio de Vessel Premium Carater\u00edsticas por atacado:<\/h2>\n\n\n\n<ul class=\"wp-block-list\">\n<li><strong>Design inovador: <\/strong>Este lava-loi\u00e7a de cer\u00e2mica por atacado com um design de arestas lisas integra a arte moderna e a praticidade numa s\u00f3, proporcionando um efeito visual sem paralelo ao espa\u00e7o da casa de banho.<\/li>\n\n\n\n<li><strong>Durabilidade com resist\u00eancia:<\/strong> \u00e9 feito de material cer\u00e2mico de qualidade e cozido a altas temperaturas, o que torna o produto forte, dur\u00e1vel, resistente a manchas e a riscos. A superf\u00edcie lisa \u00e9 f\u00e1cil n\u00e3o s\u00f3 de limpar, mas tamb\u00e9m de manter a beleza e o brilho durante muito tempo.<\/li>\n\n\n\n<li><strong>Instala\u00e7\u00e3o f\u00e1cil: <\/strong>Este lava-loi\u00e7a por atacado \u00e9 feito de material cer\u00e2mico, colocado na bancada. A instala\u00e7\u00e3o em si \u00e9 bastante f\u00e1cil e conveniente, sem instala\u00e7\u00e3o complicada. Adapta-se \u00e0 maioria dos arm\u00e1rios de casa de banho normais. Esta bacia economiza espa\u00e7o, o que acrescenta hierarquia e moda \u00e0 sua casa de banho.<\/li>\n\n\n\n<li><strong>Pre\u00e7o competitivo: <\/strong>Como fabricante s\u00e9nior de lavat\u00f3rio de casa de banho, a Hanyu fornece-lhe produtos de lavat\u00f3rio de casa de banho de alta qualidade a pre\u00e7os mais competitivos para aumentar as suas margens de lucro.<\/li>\n<\/ul>\n<\/div>\n\n\n\n<div class=\"wp-block-column is-layout-flow wp-block-column-is-layout-flow\">\n<figure class=\"wp-block-image size-full\"><img fetchpriority=\"high\" decoding=\"async\" width=\"673\" height=\"899\" src=\"https:\/\/www.ceramicbasin.com\/wp-content\/uploads\/2024\/07\/new-style-ceramic-vessel-sink-wholesale-above-counter-6.webp\" alt=\"lava-loi\u00e7as de cer\u00e2mica de estilo novo - venda por grosso - acima do balc\u00e3o-6\" class=\"wp-image-3179\" srcset=\"https:\/\/www.ceramicbasin.com\/wp-content\/uploads\/2024\/07\/new-style-ceramic-vessel-sink-wholesale-above-counter-6.webp 673w, https:\/\/www.ceramicbasin.com\/wp-content\/uploads\/2024\/07\/new-style-ceramic-vessel-sink-wholesale-above-counter-6-225x300.webp 225w, https:\/\/www.ceramicbasin.com\/wp-content\/uploads\/2024\/07\/new-style-ceramic-vessel-sink-wholesale-above-counter-6-9x12.webp 9w, https:\/\/www.ceramicbasin.com\/wp-content\/uploads\/2024\/07\/new-style-ceramic-vessel-sink-wholesale-above-counter-6-285x381.webp 285w, https:\/\/www.ceramicbasin.com\/wp-content\/uploads\/2024\/07\/new-style-ceramic-vessel-sink-wholesale-above-counter-6-494x660.webp 494w, https:\/\/www.ceramicbasin.com\/wp-content\/uploads\/2024\/07\/new-style-ceramic-vessel-sink-wholesale-above-counter-6-112x150.webp 112w\" sizes=\"(max-width: 673px) 100vw, 673px\" \/><\/figure>\n<\/div>\n<\/div>","protected":false},"excerpt":{"rendered":"<p>Bem-vindo ao comprar lavat\u00f3rio de casa de banho por atacado. A Hanyu fornece um novo design de lavat\u00f3rio de vaso de cer\u00e2mica por atacado com pre\u00e7os competitivos. Esta pia de cer\u00e2mica por atacado, feita de materiais cer\u00e2micos de alta qualidade, \u00e9 dur\u00e1vel e bonita, e se encaixa em muitos tipos de estilo de banheiro. Pode aumentar a modernidade e a praticidade da casa de banho.<\/p>\n<table style=\"border-collapse: collapse; width: 311.02pt;\" border=\"0\" width=\"311\" cellspacing=\"0\" cellpadding=\"0\">\n<tbody>\n<tr style=\"height: 17.60pt;\">\n<td class=\"et3\" style=\"height: 17.60pt; width: 108.35pt;\" width=\"108\" height=\"17\">Fabricante<\/td>\n<td class=\"et3\" style=\"width: 202.95pt;\" width=\"202\">HanYu<\/td>\n<\/tr>\n<tr style=\"height: 17.60pt;\">\n<td class=\"et3\" style=\"height: 17.60pt;\" height=\"17\">Modelo n.<\/td>\n<td class=\"et4\">HY-8024<\/td>\n<\/tr>\n<tr style=\"height: 17.60pt;\">\n<td class=\"et3\" style=\"height: 17.60pt;\" height=\"17\">Tipo<\/td>\n<td class=\"et3\">Lavat\u00f3rio de bancada<\/td>\n<\/tr>\n<tr style=\"height: 17.60pt;\">\n<td class=\"et3\" style=\"height: 17.60pt;\" height=\"17\">Forma<\/td>\n<td class=\"et3\">Forma retangular<\/td>\n<\/tr>\n<tr style=\"height: 17.60pt;\">\n<td class=\"et4\" style=\"height: 17.60pt;\" height=\"17\">Cor<\/td>\n<td class=\"et3\">Branco<\/td>\n<\/tr>\n<tr style=\"height: 18.00pt;\">\n<td class=\"et3\" style=\"height: 18.00pt;\" height=\"18\">Dimens\u00e3o<\/td>\n<td class=\"et5\" style=\"width: 202.95pt;\" width=\"202\">50*38.5*13<\/td>\n<\/tr>\n<tr style=\"height: 17.60pt;\">\n<td class=\"et3\" style=\"height: 17.60pt;\" height=\"17\">N.W \/SET<\/td>\n<td class=\"et3\">11KGS\/PCS<\/td>\n<\/tr>\n<tr style=\"height: 17.60pt;\">\n<td class=\"et3\" style=\"height: 17.60pt;\" height=\"17\">MOQ<\/td>\n<td class=\"et3\">20 unidades<\/td>\n<\/tr>\n<tr style=\"height: 17.60pt;\">\n<td class=\"et3\" style=\"height: 17.60pt;\" height=\"17\">Op\u00e7\u00e3o personalizada<\/td>\n<td class=\"et3\">Cor\/Patente\/Tamanho\/Logotipo\/Embalagem<\/td>\n<\/tr>\n<\/tbody>\n<\/table>","protected":false},"featured_media":3174,"comment_status":"closed","ping_status":"closed","template":"","meta":{"_acf_changed":false},"product_brand":[],"product_cat":[50],"product_tag":[],"class_list":{"0":"post-3173","1":"product","2":"type-product","3":"status-publish","4":"has-post-thumbnail","6":"product_cat-wholesale-countertop-sinks","8":"first","9":"instock","10":"shipping-taxable","11":"product-type-simple"},"acf":[],"_links":{"self":[{"href":"https:\/\/www.ceramicbasin.com\/pt\/wp-json\/wp\/v2\/product\/3173","targetHints":{"allow":["GET"]}}],"collection":[{"href":"https:\/\/www.ceramicbasin.com\/pt\/wp-json\/wp\/v2\/product"}],"about":[{"href":"https:\/\/www.ceramicbasin.com\/pt\/wp-json\/wp\/v2\/types\/product"}],"replies":[{"embeddable":true,"href":"https:\/\/www.ceramicbasin.com\/pt\/wp-json\/wp\/v2\/comments?post=3173"}],"wp:featuredmedia":[{"embeddable":true,"href":"https:\/\/www.ceramicbasin.com\/pt\/wp-json\/wp\/v2\/media\/3174"}],"wp:attachment":[{"href":"https:\/\/www.ceramicbasin.com\/pt\/wp-json\/wp\/v2\/media?parent=3173"}],"wp:term":[{"taxonomy":"product_brand","embeddable":true,"href":"https:\/\/www.ceramicbasin.com\/pt\/wp-json\/wp\/v2\/product_brand?post=3173"},{"taxonomy":"product_cat","embeddable":true,"href":"https:\/\/www.ceramicbasin.com\/pt\/wp-json\/wp\/v2\/product_cat?post=3173"},{"taxonomy":"product_tag","embeddable":true,"href":"https:\/\/www.ceramicbasin.com\/pt\/wp-json\/wp\/v2\/product_tag?post=3173"}],"curies":[{"name":"wp","href":"https:\/\/api.w.org\/{rel}","templated":true}]}}