{"id":3180,"date":"2024-07-12T09:54:33","date_gmt":"2024-07-12T09:54:33","guid":{"rendered":"https:\/\/www.ceramicbasin.com\/?post_type=product&#038;p=3180"},"modified":"2024-07-23T09:45:22","modified_gmt":"2024-07-23T09:45:22","slug":"new-above-counter-basins-wholesale","status":"publish","type":"product","link":"https:\/\/www.ceramicbasin.com\/pt\/produto\/new-above-counter-basins-wholesale\/","title":{"rendered":"Novo estilo de bacias acima do balc\u00e3o por atacado com pre\u00e7o de f\u00e1brica"},"content":{"rendered":"<div class=\"wp-block-columns is-layout-flex wp-container-core-columns-is-layout-9d6595d7 wp-block-columns-is-layout-flex\">\n<div class=\"wp-block-column is-layout-flow wp-block-column-is-layout-flow\">\n<h2 class=\"wp-block-heading\">Bacias superiores de balc\u00e3o Premium Carater\u00edsticas por atacado:<\/h2>\n\n\n\n<ul class=\"wp-block-list\">\n<li><strong>Design elegante:<\/strong> Este balc\u00e3o para lavat\u00f3rios por atacado \u00e9 bonito e adopta um novo design moderno, combinando a est\u00e9tica moderna com fun\u00e7\u00f5es pr\u00e1ticas para acrescentar um efeito visual \u00fanico \u00e0 casa de banho.<\/li>\n\n\n\n<li><strong>Materiais cuidadosamente selecionados: <\/strong>A f\u00e1brica HanYu seleciona cuidadosamente materiais cer\u00e2micos de alta qualidade para garantir que o produto \u00e9 dur\u00e1vel, resistente a manchas e a riscos. As bacias de balc\u00e3o por atacado t\u00eam um esmalte suave que \u00e9 f\u00e1cil de limpar e pode manter a sua beleza e brilho durante muito tempo.<\/li>\n\n\n\n<li><strong>Instala\u00e7\u00e3o por cima do balc\u00e3o: <\/strong>Este lavat\u00f3rio para venda por grosso foi concebido para ser instalado por cima do balc\u00e3o e o processo de instala\u00e7\u00e3o \u00e9 simples e pr\u00e1tico, podendo ser adaptado \u00e0 maioria dos arm\u00e1rios de casa de banho normais.<\/li>\n\n\n\n<li><strong>Poupan\u00e7a de custos:<\/strong> A f\u00e1brica de bacias de cer\u00e2mica HanYu fornece-lhe diretamente lavat\u00f3rios de casa de banho por atacado, e os nossos pre\u00e7os competitivos podem ajudar a sua empresa a aumentar as margens de lucro.<\/li>\n<\/ul>\n<\/div>\n\n\n\n<div class=\"wp-block-column is-layout-flow wp-block-column-is-layout-flow\">\n<figure class=\"wp-block-image size-full\"><img fetchpriority=\"high\" decoding=\"async\" width=\"659\" height=\"831\" src=\"https:\/\/www.ceramicbasin.com\/wp-content\/uploads\/2024\/07\/new-style-above-counter-basins-wholesale-with-factory-price-6.webp\" alt=\"novo-estilo-acima-do-contador-bacias-venda-por-grosso-com-fator-pre\u00e7o-6\" class=\"wp-image-3186\" srcset=\"https:\/\/www.ceramicbasin.com\/wp-content\/uploads\/2024\/07\/new-style-above-counter-basins-wholesale-with-factory-price-6.webp 659w, https:\/\/www.ceramicbasin.com\/wp-content\/uploads\/2024\/07\/new-style-above-counter-basins-wholesale-with-factory-price-6-238x300.webp 238w, https:\/\/www.ceramicbasin.com\/wp-content\/uploads\/2024\/07\/new-style-above-counter-basins-wholesale-with-factory-price-6-10x12.webp 10w, https:\/\/www.ceramicbasin.com\/wp-content\/uploads\/2024\/07\/new-style-above-counter-basins-wholesale-with-factory-price-6-285x359.webp 285w, https:\/\/www.ceramicbasin.com\/wp-content\/uploads\/2024\/07\/new-style-above-counter-basins-wholesale-with-factory-price-6-523x660.webp 523w, https:\/\/www.ceramicbasin.com\/wp-content\/uploads\/2024\/07\/new-style-above-counter-basins-wholesale-with-factory-price-6-119x150.webp 119w\" sizes=\"(max-width: 659px) 100vw, 659px\" \/><\/figure>\n<\/div>\n<\/div>","protected":false},"excerpt":{"rendered":"<p>Este design elegante e inovador de bacias de balc\u00e3o por atacado a pre\u00e7os competitivos. Feito de materiais cer\u00e2micos de alta qualidade, \u00e9 bonito e dur\u00e1vel, f\u00e1cil e eficiente de instalar e adequado para v\u00e1rios estilos de casa de banho. Atrav\u00e9s do com\u00e9rcio grossista direto da f\u00e1brica, fornecemos pre\u00e7os altamente competitivos para ajudar a sua empresa a aumentar as margens de lucro.<\/p>\n<table style=\"border-collapse: collapse; width: 311.02pt;\" border=\"0\" width=\"311\" cellspacing=\"0\" cellpadding=\"0\">\n<tbody>\n<tr style=\"height: 17.60pt;\">\n<td class=\"et3\" style=\"height: 17.60pt; width: 108.35pt;\" width=\"108\" height=\"17\">Fabricante<\/td>\n<td class=\"et3\" style=\"width: 202.95pt;\" width=\"202\">HanYu<\/td>\n<\/tr>\n<tr style=\"height: 17.60pt;\">\n<td class=\"et3\" style=\"height: 17.60pt;\" height=\"17\">Modelo n.<\/td>\n<td class=\"et4\">HY-8025<\/td>\n<\/tr>\n<tr style=\"height: 17.60pt;\">\n<td class=\"et3\" style=\"height: 17.60pt;\" height=\"17\">Tipo<\/td>\n<td class=\"et3\">Lavat\u00f3rio de bancada<\/td>\n<\/tr>\n<tr style=\"height: 17.60pt;\">\n<td class=\"et3\" style=\"height: 17.60pt;\" height=\"17\">Forma<\/td>\n<td class=\"et3\">Forma retangular<\/td>\n<\/tr>\n<tr style=\"height: 17.60pt;\">\n<td class=\"et4\" style=\"height: 17.60pt;\" height=\"17\">Cor<\/td>\n<td class=\"et3\">Branco<\/td>\n<\/tr>\n<tr style=\"height: 18.00pt;\">\n<td class=\"et3\" style=\"height: 18.00pt;\" height=\"18\">Dimens\u00e3o<\/td>\n<td class=\"et5\" style=\"width: 202.95pt;\" width=\"202\">38.5*38.5*13.5<\/td>\n<\/tr>\n<tr style=\"height: 17.60pt;\">\n<td class=\"et3\" style=\"height: 17.60pt;\" height=\"17\">N.W \/SET<\/td>\n<td class=\"et3\">9.5KGS\/PCS<\/td>\n<\/tr>\n<tr style=\"height: 17.60pt;\">\n<td class=\"et3\" style=\"height: 17.60pt;\" height=\"17\">MOQ<\/td>\n<td class=\"et3\">20 unidades<\/td>\n<\/tr>\n<tr style=\"height: 17.60pt;\">\n<td class=\"et3\" style=\"height: 17.60pt;\" height=\"17\">Op\u00e7\u00e3o personalizada<\/td>\n<td class=\"et3\">Cor\/Patente\/Tamanho\/Logotipo\/Embalagem<\/td>\n<\/tr>\n<\/tbody>\n<\/table>","protected":false},"featured_media":3181,"comment_status":"closed","ping_status":"closed","template":"","meta":{"_acf_changed":false},"product_brand":[],"product_cat":[50],"product_tag":[],"class_list":{"0":"post-3180","1":"product","2":"type-product","3":"status-publish","4":"has-post-thumbnail","6":"product_cat-wholesale-countertop-sinks","8":"first","9":"instock","10":"shipping-taxable","11":"product-type-simple"},"acf":[],"_links":{"self":[{"href":"https:\/\/www.ceramicbasin.com\/pt\/wp-json\/wp\/v2\/product\/3180","targetHints":{"allow":["GET"]}}],"collection":[{"href":"https:\/\/www.ceramicbasin.com\/pt\/wp-json\/wp\/v2\/product"}],"about":[{"href":"https:\/\/www.ceramicbasin.com\/pt\/wp-json\/wp\/v2\/types\/product"}],"replies":[{"embeddable":true,"href":"https:\/\/www.ceramicbasin.com\/pt\/wp-json\/wp\/v2\/comments?post=3180"}],"wp:featuredmedia":[{"embeddable":true,"href":"https:\/\/www.ceramicbasin.com\/pt\/wp-json\/wp\/v2\/media\/3181"}],"wp:attachment":[{"href":"https:\/\/www.ceramicbasin.com\/pt\/wp-json\/wp\/v2\/media?parent=3180"}],"wp:term":[{"taxonomy":"product_brand","embeddable":true,"href":"https:\/\/www.ceramicbasin.com\/pt\/wp-json\/wp\/v2\/product_brand?post=3180"},{"taxonomy":"product_cat","embeddable":true,"href":"https:\/\/www.ceramicbasin.com\/pt\/wp-json\/wp\/v2\/product_cat?post=3180"},{"taxonomy":"product_tag","embeddable":true,"href":"https:\/\/www.ceramicbasin.com\/pt\/wp-json\/wp\/v2\/product_tag?post=3180"}],"curies":[{"name":"wp","href":"https:\/\/api.w.org\/{rel}","templated":true}]}}