{"id":3205,"date":"2024-07-13T01:36:01","date_gmt":"2024-07-13T01:36:01","guid":{"rendered":"https:\/\/www.ceramicbasin.com\/?post_type=product&#038;p=3205"},"modified":"2024-11-01T09:18:21","modified_gmt":"2024-11-01T09:18:21","slug":"custom-bathroom-countertop-sinks-bulk","status":"publish","type":"product","link":"https:\/\/www.ceramicbasin.com\/pt\/produto\/custom-bathroom-countertop-sinks-bulk\/","title":{"rendered":"China F\u00e1brica de lavat\u00f3rios de bancada de casa de banho personalizados a granel"},"content":{"rendered":"<div class=\"wp-block-columns is-layout-flex wp-container-core-columns-is-layout-9d6595d7 wp-block-columns-is-layout-flex\">\n<div class=\"wp-block-column is-layout-flow wp-block-column-is-layout-flow\">\n<h2 class=\"wp-block-heading\">Carater\u00edsticas dos lavat\u00f3rios de bancada de casa de banho personalizados Premium:<\/h2>\n\n\n\n<ul class=\"wp-block-list\">\n<li><strong>Design perfeito:<\/strong> Os nossos lavat\u00f3rios de bancada de casa de banho personalizados a granel utilizam t\u00e9cnicas de cozedura tradicionais e combinam conceitos de design modernos para criar um efeito est\u00e9tico que \u00e9 simultaneamente cl\u00e1ssico e moderno.<\/li>\n\n\n\n<li><strong>Suave e delicado:<\/strong> Os nossos lavat\u00f3rios de casa de banho por atacado t\u00eam uma superf\u00edcie suave e delicada que \u00e9 f\u00e1cil de limpar e pode resistir ao desgaste e \u00e0s manchas do uso di\u00e1rio, mantendo-os como novos durante muito tempo.<\/li>\n\n\n\n<li><strong>Solu\u00e7\u00f5es personalizadas: <\/strong>Prestamos servi\u00e7os personalizados de lavat\u00f3rios de bancada de casa de banho e concebemos a forma, o tamanho e a cor do lavat\u00f3rio de acordo com as necessidades espec\u00edficas dos clientes. Quer pretenda um estilo simples ou um charme retro, n\u00f3s podemos satisfazer as suas necessidades.<\/li>\n\n\n\n<li><strong>Entrega r\u00e1pida: <\/strong>A f\u00e1brica HanYu tem um invent\u00e1rio rico. As encomendas em massa podem n\u00e3o s\u00f3 ajud\u00e1-lo a poupar custos, mas tamb\u00e9m garantir uma entrega r\u00e1pida para satisfazer as necessidades de pontualidade dos projectos comerciais ou das renova\u00e7\u00f5es residenciais.<\/li>\n<\/ul>\n<\/div>\n\n\n\n<div class=\"wp-block-column is-layout-flow wp-block-column-is-layout-flow\">\n<figure class=\"wp-block-image size-full\"><img fetchpriority=\"high\" decoding=\"async\" width=\"751\" height=\"859\" src=\"https:\/\/www.ceramicbasin.com\/wp-content\/uploads\/2024\/07\/china-factory-custom-bathroom-countertop-sinks-in-bulk-6.webp\" alt=\"china-factory-custom-bathroom-countertop-sinks-in-bulk-6\" class=\"wp-image-3211\" srcset=\"https:\/\/www.ceramicbasin.com\/wp-content\/uploads\/2024\/07\/china-factory-custom-bathroom-countertop-sinks-in-bulk-6.webp 751w, https:\/\/www.ceramicbasin.com\/wp-content\/uploads\/2024\/07\/china-factory-custom-bathroom-countertop-sinks-in-bulk-6-262x300.webp 262w, https:\/\/www.ceramicbasin.com\/wp-content\/uploads\/2024\/07\/china-factory-custom-bathroom-countertop-sinks-in-bulk-6-10x12.webp 10w, https:\/\/www.ceramicbasin.com\/wp-content\/uploads\/2024\/07\/china-factory-custom-bathroom-countertop-sinks-in-bulk-6-285x326.webp 285w, https:\/\/www.ceramicbasin.com\/wp-content\/uploads\/2024\/07\/china-factory-custom-bathroom-countertop-sinks-in-bulk-6-577x660.webp 577w, https:\/\/www.ceramicbasin.com\/wp-content\/uploads\/2024\/07\/china-factory-custom-bathroom-countertop-sinks-in-bulk-6-131x150.webp 131w\" sizes=\"(max-width: 751px) 100vw, 751px\" \/><\/figure>\n<\/div>\n<\/div>","protected":false},"excerpt":{"rendered":"<p>Bem-vindo \u00e0 compra de lavat\u00f3rios por grosso. Os nossos lavat\u00f3rios de bancada de casa de banho personalizados a granel s\u00e3o feitos de cer\u00e2mica de alta qualidade, combinando o artesanato tradicional com o design moderno. S\u00e3o bonitos, dur\u00e1veis e f\u00e1ceis de limpar. Oferecemos pre\u00e7os favor\u00e1veis e entrega r\u00e1pida para garantir o cumprimento das necessidades de pontualidade de projectos comerciais ou renova\u00e7\u00f5es residenciais.<\/p>\n<table style=\"border-collapse: collapse; width: 311.02pt;\" border=\"0\" width=\"311\" cellspacing=\"0\" cellpadding=\"0\">\n<tbody>\n<tr style=\"height: 17.60pt;\">\n<td class=\"et3\" style=\"height: 17.60pt; width: 108.35pt;\" width=\"108\" height=\"17\">Fabricante<\/td>\n<td class=\"et3\" style=\"width: 202.95pt;\" width=\"202\">HanYu<\/td>\n<\/tr>\n<tr style=\"height: 17.60pt;\">\n<td class=\"et3\" style=\"height: 17.60pt;\" height=\"17\">Modelo n.<\/td>\n<td class=\"et4\">HY-8030<\/td>\n<\/tr>\n<tr style=\"height: 17.60pt;\">\n<td class=\"et3\" style=\"height: 17.60pt;\" height=\"17\">Tipo<\/td>\n<td class=\"et3\">Lavat\u00f3rio de bancada<\/td>\n<\/tr>\n<tr style=\"height: 17.60pt;\">\n<td class=\"et3\" style=\"height: 17.60pt;\" height=\"17\">Forma<\/td>\n<td class=\"et3\">Forma retangular<\/td>\n<\/tr>\n<tr style=\"height: 17.60pt;\">\n<td class=\"et4\" style=\"height: 17.60pt;\" height=\"17\">Cor<\/td>\n<td class=\"et3\">Branco<\/td>\n<\/tr>\n<tr style=\"height: 18.00pt;\">\n<td class=\"et3\" style=\"height: 18.00pt;\" height=\"18\">Dimens\u00e3o<\/td>\n<td class=\"et5\" style=\"width: 202.95pt;\" width=\"202\">60.5*35*11<\/td>\n<\/tr>\n<tr style=\"height: 17.60pt;\">\n<td class=\"et3\" style=\"height: 17.60pt;\" height=\"17\">N.W \/SET<\/td>\n<td class=\"et3\">10KGS\/PCS<\/td>\n<\/tr>\n<tr style=\"height: 17.60pt;\">\n<td class=\"et3\" style=\"height: 17.60pt;\" height=\"17\">MOQ<\/td>\n<td class=\"et3\">20 unidades<\/td>\n<\/tr>\n<tr style=\"height: 17.60pt;\">\n<td class=\"et3\" style=\"height: 17.60pt;\" height=\"17\">Op\u00e7\u00e3o personalizada<\/td>\n<td class=\"et3\">Cor\/Patente\/Tamanho\/Logotipo\/Embalagem<\/td>\n<\/tr>\n<\/tbody>\n<\/table>","protected":false},"featured_media":3206,"comment_status":"closed","ping_status":"closed","template":"","meta":{"_acf_changed":false},"product_brand":[],"product_cat":[50],"product_tag":[],"class_list":{"0":"post-3205","1":"product","2":"type-product","3":"status-publish","4":"has-post-thumbnail","6":"product_cat-wholesale-countertop-sinks","8":"first","9":"instock","10":"shipping-taxable","11":"product-type-simple"},"acf":[],"_links":{"self":[{"href":"https:\/\/www.ceramicbasin.com\/pt\/wp-json\/wp\/v2\/product\/3205","targetHints":{"allow":["GET"]}}],"collection":[{"href":"https:\/\/www.ceramicbasin.com\/pt\/wp-json\/wp\/v2\/product"}],"about":[{"href":"https:\/\/www.ceramicbasin.com\/pt\/wp-json\/wp\/v2\/types\/product"}],"replies":[{"embeddable":true,"href":"https:\/\/www.ceramicbasin.com\/pt\/wp-json\/wp\/v2\/comments?post=3205"}],"wp:featuredmedia":[{"embeddable":true,"href":"https:\/\/www.ceramicbasin.com\/pt\/wp-json\/wp\/v2\/media\/3206"}],"wp:attachment":[{"href":"https:\/\/www.ceramicbasin.com\/pt\/wp-json\/wp\/v2\/media?parent=3205"}],"wp:term":[{"taxonomy":"product_brand","embeddable":true,"href":"https:\/\/www.ceramicbasin.com\/pt\/wp-json\/wp\/v2\/product_brand?post=3205"},{"taxonomy":"product_cat","embeddable":true,"href":"https:\/\/www.ceramicbasin.com\/pt\/wp-json\/wp\/v2\/product_cat?post=3205"},{"taxonomy":"product_tag","embeddable":true,"href":"https:\/\/www.ceramicbasin.com\/pt\/wp-json\/wp\/v2\/product_tag?post=3205"}],"curies":[{"name":"wp","href":"https:\/\/api.w.org\/{rel}","templated":true}]}}