{"id":3212,"date":"2024-07-13T02:18:16","date_gmt":"2024-07-13T02:18:16","guid":{"rendered":"https:\/\/www.ceramicbasin.com\/?post_type=product&#038;p=3212"},"modified":"2024-07-23T09:44:21","modified_gmt":"2024-07-23T09:44:21","slug":"custom-bathroom-sink-countertop","status":"publish","type":"product","link":"https:\/\/www.ceramicbasin.com\/pt\/produto\/custom-bathroom-sink-countertop\/","title":{"rendered":"Requintada bancada de lavat\u00f3rio de casa de banho personalizada com design moderno"},"content":{"rendered":"<div class=\"wp-block-columns is-layout-flex wp-container-core-columns-is-layout-9d6595d7 wp-block-columns-is-layout-flex\">\n<div class=\"wp-block-column is-layout-flow wp-block-column-is-layout-flow\">\n<h2 class=\"wp-block-heading\">Carater\u00edsticas da bancada de lavat\u00f3rio de casa de banho personalizada Premium:<\/h2>\n\n\n\n<ul class=\"wp-block-list\">\n<li><strong>Design moderno:<\/strong> As nossas bancadas de lavat\u00f3rio de casa de banho personalizadas apresentam um design moderno que combina linhas suaves com uma est\u00e9tica pr\u00e1tica, combinando perfeitamente com qualquer estilo de interior moderno.<\/li>\n\n\n\n<li><strong>Materiais de qualidade superior: <\/strong>Fabricadas com materiais cer\u00e2micos de primeira qualidade e trabalhadas com precis\u00e3o, as nossas bancadas de lavat\u00f3rio de casa de banho personalizadas n\u00e3o s\u00e3o apenas bonitas, mas tamb\u00e9m duradouras.<\/li>\n\n\n\n<li><strong>Altamente personaliz\u00e1vel: <\/strong>Oferecemos servi\u00e7os personalizados de lavat\u00f3rios de casa de banho, desde a forma e tamanho \u00e0 cor e material, tudo pode ser ajustado \u00e0s suas necessidades.<\/li>\n\n\n\n<li><strong>Servi\u00e7o r\u00e1pido e eficiente: <\/strong>Com a nossa f\u00e1brica avan\u00e7ada de bacias de cer\u00e2mica e um trabalho de equipa eficiente, podemos responder rapidamente \u00e0s suas encomendas, assegurando que cada passo, desde a conce\u00e7\u00e3o at\u00e9 \u00e0 entrega, \u00e9 suave e sem problemas.<\/li>\n<\/ul>\n<\/div>\n\n\n\n<div class=\"wp-block-column is-layout-flow wp-block-column-is-layout-flow\">\n<figure class=\"wp-block-image size-full\"><img fetchpriority=\"high\" decoding=\"async\" width=\"717\" height=\"905\" src=\"https:\/\/www.ceramicbasin.com\/wp-content\/uploads\/2024\/07\/exquisite-custom-bathroom-sink-countertop-with-modern-design-6.webp\" alt=\"bancada de lavat\u00f3rio de casa de banho personalizada requintada com design moderno - 6\" class=\"wp-image-3218\" srcset=\"https:\/\/www.ceramicbasin.com\/wp-content\/uploads\/2024\/07\/exquisite-custom-bathroom-sink-countertop-with-modern-design-6.webp 717w, https:\/\/www.ceramicbasin.com\/wp-content\/uploads\/2024\/07\/exquisite-custom-bathroom-sink-countertop-with-modern-design-6-238x300.webp 238w, https:\/\/www.ceramicbasin.com\/wp-content\/uploads\/2024\/07\/exquisite-custom-bathroom-sink-countertop-with-modern-design-6-10x12.webp 10w, https:\/\/www.ceramicbasin.com\/wp-content\/uploads\/2024\/07\/exquisite-custom-bathroom-sink-countertop-with-modern-design-6-285x360.webp 285w, https:\/\/www.ceramicbasin.com\/wp-content\/uploads\/2024\/07\/exquisite-custom-bathroom-sink-countertop-with-modern-design-6-523x660.webp 523w, https:\/\/www.ceramicbasin.com\/wp-content\/uploads\/2024\/07\/exquisite-custom-bathroom-sink-countertop-with-modern-design-6-119x150.webp 119w\" sizes=\"(max-width: 717px) 100vw, 717px\" \/><\/figure>\n<\/div>\n<\/div>","protected":false},"excerpt":{"rendered":"<p>As nossas bancadas de lavat\u00f3rio de casa de banho personalizadas s\u00e3o feitas de materiais de alta qualidade e de artesanato requintado, que s\u00e3o simultaneamente bonitas e dur\u00e1veis. Liderando a tend\u00eancia com um design moderno e inovador, combinando linhas suaves e est\u00e9tica pr\u00e1tica, s\u00e3o perfeitamente adequadas para todos os tipos de estilos de interiores.<\/p>\n<table style=\"border-collapse: collapse; width: 311.02pt;\" border=\"0\" width=\"311\" cellspacing=\"0\" cellpadding=\"0\">\n<tbody>\n<tr style=\"height: 17.60pt;\">\n<td class=\"et3\" style=\"height: 17.60pt; width: 108.35pt;\" width=\"108\" height=\"17\">Fabricante<\/td>\n<td class=\"et3\" style=\"width: 202.95pt;\" width=\"202\">HanYu<\/td>\n<\/tr>\n<tr style=\"height: 17.60pt;\">\n<td class=\"et3\" style=\"height: 17.60pt;\" height=\"17\">Modelo n.<\/td>\n<td class=\"et4\">HY-8034<\/td>\n<\/tr>\n<tr style=\"height: 17.60pt;\">\n<td class=\"et3\" style=\"height: 17.60pt;\" height=\"17\">Tipo<\/td>\n<td class=\"et3\">Lavat\u00f3rio de bancada<\/td>\n<\/tr>\n<tr style=\"height: 17.60pt;\">\n<td class=\"et3\" style=\"height: 17.60pt;\" height=\"17\">Forma<\/td>\n<td class=\"et3\">Forma retangular<\/td>\n<\/tr>\n<tr style=\"height: 17.60pt;\">\n<td class=\"et4\" style=\"height: 17.60pt;\" height=\"17\">Cor<\/td>\n<td class=\"et3\">Branco<\/td>\n<\/tr>\n<tr style=\"height: 18.00pt;\">\n<td class=\"et3\" style=\"height: 18.00pt;\" height=\"18\">Dimens\u00e3o<\/td>\n<td class=\"et5\" style=\"width: 202.95pt;\" width=\"202\">60*42*13<\/td>\n<\/tr>\n<tr style=\"height: 17.60pt;\">\n<td class=\"et3\" style=\"height: 17.60pt;\" height=\"17\">N.W \/SET<\/td>\n<td class=\"et3\">18KGS\/PCS<\/td>\n<\/tr>\n<tr style=\"height: 17.60pt;\">\n<td class=\"et3\" style=\"height: 17.60pt;\" height=\"17\">MOQ<\/td>\n<td class=\"et3\">20 unidades<\/td>\n<\/tr>\n<tr style=\"height: 17.60pt;\">\n<td class=\"et3\" style=\"height: 17.60pt;\" height=\"17\">Op\u00e7\u00e3o personalizada<\/td>\n<td class=\"et3\">Cor\/Patente\/Tamanho\/Logotipo\/Embalagem<\/td>\n<\/tr>\n<\/tbody>\n<\/table>","protected":false},"featured_media":3213,"comment_status":"closed","ping_status":"closed","template":"","meta":{"_acf_changed":false},"product_brand":[],"product_cat":[50],"product_tag":[],"class_list":{"0":"post-3212","1":"product","2":"type-product","3":"status-publish","4":"has-post-thumbnail","6":"product_cat-wholesale-countertop-sinks","8":"first","9":"instock","10":"shipping-taxable","11":"product-type-simple"},"acf":[],"_links":{"self":[{"href":"https:\/\/www.ceramicbasin.com\/pt\/wp-json\/wp\/v2\/product\/3212","targetHints":{"allow":["GET"]}}],"collection":[{"href":"https:\/\/www.ceramicbasin.com\/pt\/wp-json\/wp\/v2\/product"}],"about":[{"href":"https:\/\/www.ceramicbasin.com\/pt\/wp-json\/wp\/v2\/types\/product"}],"replies":[{"embeddable":true,"href":"https:\/\/www.ceramicbasin.com\/pt\/wp-json\/wp\/v2\/comments?post=3212"}],"wp:featuredmedia":[{"embeddable":true,"href":"https:\/\/www.ceramicbasin.com\/pt\/wp-json\/wp\/v2\/media\/3213"}],"wp:attachment":[{"href":"https:\/\/www.ceramicbasin.com\/pt\/wp-json\/wp\/v2\/media?parent=3212"}],"wp:term":[{"taxonomy":"product_brand","embeddable":true,"href":"https:\/\/www.ceramicbasin.com\/pt\/wp-json\/wp\/v2\/product_brand?post=3212"},{"taxonomy":"product_cat","embeddable":true,"href":"https:\/\/www.ceramicbasin.com\/pt\/wp-json\/wp\/v2\/product_cat?post=3212"},{"taxonomy":"product_tag","embeddable":true,"href":"https:\/\/www.ceramicbasin.com\/pt\/wp-json\/wp\/v2\/product_tag?post=3212"}],"curies":[{"name":"wp","href":"https:\/\/api.w.org\/{rel}","templated":true}]}}