{"id":3233,"date":"2024-07-13T02:52:42","date_gmt":"2024-07-13T02:52:42","guid":{"rendered":"https:\/\/www.ceramicbasin.com\/?post_type=product&#038;p=3233"},"modified":"2024-07-23T09:44:11","modified_gmt":"2024-07-23T09:44:11","slug":"wholesale-porcelain-bathroom-sinks","status":"publish","type":"product","link":"https:\/\/www.ceramicbasin.com\/pt\/produto\/wholesale-porcelain-bathroom-sinks\/","title":{"rendered":"Pias de casa de banho de porcelana Premium por atacado em stock + prontas a enviar"},"content":{"rendered":"<div class=\"wp-block-columns is-layout-flex wp-container-core-columns-is-layout-9d6595d7 wp-block-columns-is-layout-flex\">\n<div class=\"wp-block-column is-layout-flow wp-block-column-is-layout-flow\">\n<h2 class=\"wp-block-heading\">Pias de casa de banho de porcelana por atacado Premium Carater\u00edsticas:<\/h2>\n\n\n\n<ul class=\"wp-block-list\">\n<li><strong>Qualidade de topo de gama: <\/strong>Os nossos lavat\u00f3rios de casa de banho de porcelana por atacado s\u00e3o feitos de argila de porcelana de alta qualidade, com textura fina e alto brilho, mostrando excelente qualidade.<\/li>\n\n\n\n<li><strong>F\u00e1cil de manter: <\/strong>A superf\u00edcie dos nossos lavat\u00f3rios de casa de banho de porcelana por atacado \u00e9 lisa e n\u00e3o \u00e9 f\u00e1cil de manchar. A limpeza di\u00e1ria \u00e9 simples e c\u00f3moda, e pode manter-se brilhante e nova ap\u00f3s uma utiliza\u00e7\u00e3o prolongada.<\/li>\n\n\n\n<li><strong>Entrega r\u00e1pida: <\/strong>Os nossos lavat\u00f3rios de casa de banho por atacado est\u00e3o em stock, sem esperar por um longo ciclo de produ\u00e7\u00e3o. Depois de fazer uma encomenda, a entrega pode ser organizada rapidamente, o que reduz consideravelmente o tempo de conclus\u00e3o do seu projeto e satisfaz necessidades urgentes.<\/li>\n\n\n\n<li><strong>Desconto para compras em massa: <\/strong>A HanYu fornece um grande stock de bacias de cer\u00e2mica para o ajudar a obter bacias de cer\u00e2mica para casa de banho de alta qualidade, controlando os custos, o que \u00e9 adequado para projectos de decora\u00e7\u00e3o em grande escala, como hot\u00e9is e apartamentos.<\/li>\n<\/ul>\n<\/div>\n\n\n\n<div class=\"wp-block-column is-layout-flow wp-block-column-is-layout-flow\">\n<figure class=\"wp-block-image size-full\"><img fetchpriority=\"high\" decoding=\"async\" width=\"634\" height=\"855\" src=\"https:\/\/www.ceramicbasin.com\/wp-content\/uploads\/2024\/07\/wholesale-porcelain-bathroom-sinks-in-stock-ready-to-ship-6.webp\" alt=\"pias de casa de banho de porcelana em stock-prontas-a-enviar-6\" class=\"wp-image-3243\" srcset=\"https:\/\/www.ceramicbasin.com\/wp-content\/uploads\/2024\/07\/wholesale-porcelain-bathroom-sinks-in-stock-ready-to-ship-6.webp 634w, https:\/\/www.ceramicbasin.com\/wp-content\/uploads\/2024\/07\/wholesale-porcelain-bathroom-sinks-in-stock-ready-to-ship-6-222x300.webp 222w, https:\/\/www.ceramicbasin.com\/wp-content\/uploads\/2024\/07\/wholesale-porcelain-bathroom-sinks-in-stock-ready-to-ship-6-9x12.webp 9w, https:\/\/www.ceramicbasin.com\/wp-content\/uploads\/2024\/07\/wholesale-porcelain-bathroom-sinks-in-stock-ready-to-ship-6-285x384.webp 285w, https:\/\/www.ceramicbasin.com\/wp-content\/uploads\/2024\/07\/wholesale-porcelain-bathroom-sinks-in-stock-ready-to-ship-6-489x660.webp 489w, https:\/\/www.ceramicbasin.com\/wp-content\/uploads\/2024\/07\/wholesale-porcelain-bathroom-sinks-in-stock-ready-to-ship-6-111x150.webp 111w\" sizes=\"(max-width: 634px) 100vw, 634px\" \/><\/figure>\n<\/div>\n<\/div>","protected":false},"excerpt":{"rendered":"<p>Os nossos lavat\u00f3rios de casa de banho em porcelana s\u00e3o lisos e f\u00e1ceis de limpar. S\u00e3o de alta qualidade e permanecer\u00e3o t\u00e3o brilhantes como novos ap\u00f3s uma utiliza\u00e7\u00e3o prolongada. S\u00e3o ideais para a decora\u00e7\u00e3o de casas de banho. Dispomos de stock suficiente e podemos fazer entregas r\u00e1pidas.<\/p>\n<table style=\"border-collapse: collapse; width: 311.02pt;\" border=\"0\" width=\"311\" cellspacing=\"0\" cellpadding=\"0\">\n<tbody>\n<tr style=\"height: 17.60pt;\">\n<td class=\"et3\" style=\"height: 17.60pt; width: 108.35pt;\" width=\"108\" height=\"17\">Fabricante<\/td>\n<td class=\"et3\" style=\"width: 202.95pt;\" width=\"202\">HanYu<\/td>\n<\/tr>\n<tr style=\"height: 17.60pt;\">\n<td class=\"et3\" style=\"height: 17.60pt;\" height=\"17\">Modelo n.<\/td>\n<td class=\"et4\">HY-8064-55<\/td>\n<\/tr>\n<tr style=\"height: 17.60pt;\">\n<td class=\"et3\" style=\"height: 17.60pt;\" height=\"17\">Tipo<\/td>\n<td class=\"et3\">Lavat\u00f3rio de bancada<\/td>\n<\/tr>\n<tr style=\"height: 17.60pt;\">\n<td class=\"et3\" style=\"height: 17.60pt;\" height=\"17\">Forma<\/td>\n<td class=\"et3\">Forma retangular<\/td>\n<\/tr>\n<tr style=\"height: 17.60pt;\">\n<td class=\"et4\" style=\"height: 17.60pt;\" height=\"17\">Cor<\/td>\n<td class=\"et3\">Branco<\/td>\n<\/tr>\n<tr style=\"height: 18.00pt;\">\n<td class=\"et3\" style=\"height: 18.00pt;\" height=\"18\">Dimens\u00e3o<\/td>\n<td class=\"et5\" style=\"width: 202.95pt;\" width=\"202\">55*38*11<\/td>\n<\/tr>\n<tr style=\"height: 17.60pt;\">\n<td class=\"et3\" style=\"height: 17.60pt;\" height=\"17\">N.W \/SET<\/td>\n<td class=\"et3\">12.5KGS\/PCS<\/td>\n<\/tr>\n<tr style=\"height: 17.60pt;\">\n<td class=\"et3\" style=\"height: 17.60pt;\" height=\"17\">MOQ<\/td>\n<td class=\"et3\">20 unidades<\/td>\n<\/tr>\n<tr style=\"height: 17.60pt;\">\n<td class=\"et3\" style=\"height: 17.60pt;\" height=\"17\">Op\u00e7\u00e3o personalizada<\/td>\n<td class=\"et3\">Cor\/Patente\/Tamanho\/Logotipo\/Embalagem<\/td>\n<\/tr>\n<\/tbody>\n<\/table>","protected":false},"featured_media":3238,"comment_status":"closed","ping_status":"closed","template":"","meta":{"_acf_changed":false},"product_brand":[],"product_cat":[50],"product_tag":[],"class_list":{"0":"post-3233","1":"product","2":"type-product","3":"status-publish","4":"has-post-thumbnail","6":"product_cat-wholesale-countertop-sinks","8":"first","9":"instock","10":"shipping-taxable","11":"product-type-simple"},"acf":[],"_links":{"self":[{"href":"https:\/\/www.ceramicbasin.com\/pt\/wp-json\/wp\/v2\/product\/3233","targetHints":{"allow":["GET"]}}],"collection":[{"href":"https:\/\/www.ceramicbasin.com\/pt\/wp-json\/wp\/v2\/product"}],"about":[{"href":"https:\/\/www.ceramicbasin.com\/pt\/wp-json\/wp\/v2\/types\/product"}],"replies":[{"embeddable":true,"href":"https:\/\/www.ceramicbasin.com\/pt\/wp-json\/wp\/v2\/comments?post=3233"}],"wp:featuredmedia":[{"embeddable":true,"href":"https:\/\/www.ceramicbasin.com\/pt\/wp-json\/wp\/v2\/media\/3238"}],"wp:attachment":[{"href":"https:\/\/www.ceramicbasin.com\/pt\/wp-json\/wp\/v2\/media?parent=3233"}],"wp:term":[{"taxonomy":"product_brand","embeddable":true,"href":"https:\/\/www.ceramicbasin.com\/pt\/wp-json\/wp\/v2\/product_brand?post=3233"},{"taxonomy":"product_cat","embeddable":true,"href":"https:\/\/www.ceramicbasin.com\/pt\/wp-json\/wp\/v2\/product_cat?post=3233"},{"taxonomy":"product_tag","embeddable":true,"href":"https:\/\/www.ceramicbasin.com\/pt\/wp-json\/wp\/v2\/product_tag?post=3233"}],"curies":[{"name":"wp","href":"https:\/\/api.w.org\/{rel}","templated":true}]}}