{"id":3244,"date":"2024-07-13T03:12:56","date_gmt":"2024-07-13T03:12:56","guid":{"rendered":"https:\/\/www.ceramicbasin.com\/?post_type=product&#038;p=3244"},"modified":"2024-11-01T09:26:35","modified_gmt":"2024-11-01T09:26:35","slug":"luxury-wholesale-porcelain-sinks","status":"publish","type":"product","link":"https:\/\/www.ceramicbasin.com\/pt\/produto\/luxury-wholesale-porcelain-sinks\/","title":{"rendered":"Pias de porcelana de luxo por atacado para casa de banho com pre\u00e7o a granel e entrega r\u00e1pida"},"content":{"rendered":"<div class=\"wp-block-columns is-layout-flex wp-container-core-columns-is-layout-9d6595d7 wp-block-columns-is-layout-flex\">\n<div class=\"wp-block-column is-layout-flow wp-block-column-is-layout-flow\">\n<h2 class=\"wp-block-heading\">Pias de porcelana Premium Wholesale Carater\u00edsticas:<\/h2>\n\n\n\n<ul class=\"wp-block-list\">\n<li><strong>A textura do luxo: <\/strong>Estes lavat\u00f3rios de porcelana de alta qualidade, fabricados em barro, apresentam um brilho e uma textura delicados, conferindo uma sensa\u00e7\u00e3o de nobreza e eleg\u00e2ncia \u00e0 casa de banho.<\/li>\n\n\n\n<li><strong>F\u00e1cil de limpar e de manter: <\/strong>A superf\u00edcie dos nossos lavat\u00f3rios de porcelana por atacado \u00e9 lisa, n\u00e3o absorve facilmente quaisquer manchas. \u00c9 simples e c\u00f3modo para a manuten\u00e7\u00e3o di\u00e1ria. Ap\u00f3s um longo per\u00edodo de utiliza\u00e7\u00e3o, mant\u00e9m-se como nova.<\/li>\n\n\n\n<li><strong>Desconto por volume: <\/strong>Como fornecedor de lava-loi\u00e7as de cer\u00e2mica, a HanYu fornece um grande invent\u00e1rio de lava-loi\u00e7as de cer\u00e2mica por atacado. As compras a granel podem usufruir de descontos de grande valor, assegurando que pode desfrutar de produtos de alta qualidade enquanto se mant\u00e9m dentro do seu or\u00e7amento.<\/li>\n\n\n\n<li><strong>Entrega r\u00e1pida: <\/strong>Os lavat\u00f3rios de cer\u00e2mica por atacado da HanYu est\u00e3o em stock suficiente. Depois de fazer uma encomenda, podem ser rapidamente organizados para entrega sem longas esperas, garantindo que o seu projeto de decora\u00e7\u00e3o ou necessidades comerciais s\u00e3o satisfeitas a tempo.<\/li>\n<\/ul>\n<\/div>\n\n\n\n<div class=\"wp-block-column is-layout-flow wp-block-column-is-layout-flow\">\n<figure class=\"wp-block-image size-full\"><img fetchpriority=\"high\" decoding=\"async\" width=\"1345\" height=\"1787\" src=\"https:\/\/www.ceramicbasin.com\/wp-content\/uploads\/2024\/07\/luxury-wholesale-porcelain-sinks-for-bathroom-fast-delivery-6.webp\" alt=\"pias de porcelana de luxo para casa de banho-entrega r\u00e1pida-6\" class=\"wp-image-3250\" srcset=\"https:\/\/www.ceramicbasin.com\/wp-content\/uploads\/2024\/07\/luxury-wholesale-porcelain-sinks-for-bathroom-fast-delivery-6.webp 1345w, https:\/\/www.ceramicbasin.com\/wp-content\/uploads\/2024\/07\/luxury-wholesale-porcelain-sinks-for-bathroom-fast-delivery-6-226x300.webp 226w, https:\/\/www.ceramicbasin.com\/wp-content\/uploads\/2024\/07\/luxury-wholesale-porcelain-sinks-for-bathroom-fast-delivery-6-768x1020.webp 768w, https:\/\/www.ceramicbasin.com\/wp-content\/uploads\/2024\/07\/luxury-wholesale-porcelain-sinks-for-bathroom-fast-delivery-6-9x12.webp 9w, https:\/\/www.ceramicbasin.com\/wp-content\/uploads\/2024\/07\/luxury-wholesale-porcelain-sinks-for-bathroom-fast-delivery-6-285x379.webp 285w, https:\/\/www.ceramicbasin.com\/wp-content\/uploads\/2024\/07\/luxury-wholesale-porcelain-sinks-for-bathroom-fast-delivery-6-497x660.webp 497w, https:\/\/www.ceramicbasin.com\/wp-content\/uploads\/2024\/07\/luxury-wholesale-porcelain-sinks-for-bathroom-fast-delivery-6-113x150.webp 113w\" sizes=\"(max-width: 1345px) 100vw, 1345px\" \/><\/figure>\n<\/div>\n<\/div>","protected":false},"excerpt":{"rendered":"<p>Bem-vindo \u00e0 compra de pias de cer\u00e2mica por atacado. Os nossos lavat\u00f3rios de porcelana de luxo por atacado t\u00eam uma superf\u00edcie de porcelana lisa, bonita e f\u00e1cil de limpar, grandes descontos para compras a granel e servi\u00e7os de entrega r\u00e1pida. Oferecemos aos clientes uma solu\u00e7\u00e3o de lavat\u00f3rio de porcelana para casa de banho que combina textura de luxo com pre\u00e7o acess\u00edvel.<\/p>\n<table style=\"border-collapse: collapse; width: 311.02pt;\" border=\"0\" width=\"311\" cellspacing=\"0\" cellpadding=\"0\">\n<tbody>\n<tr style=\"height: 17.60pt;\">\n<td class=\"et3\" style=\"height: 17.60pt; width: 108.35pt;\" width=\"108\" height=\"17\">Fabricante<\/td>\n<td class=\"et3\" style=\"width: 202.95pt;\" width=\"202\">HanYu<\/td>\n<\/tr>\n<tr style=\"height: 17.60pt;\">\n<td class=\"et3\" style=\"height: 17.60pt;\" height=\"17\">Modelo n.<\/td>\n<td class=\"et4\">HY-8105<\/td>\n<\/tr>\n<tr style=\"height: 17.60pt;\">\n<td class=\"et3\" style=\"height: 17.60pt;\" height=\"17\">Tipo<\/td>\n<td class=\"et3\">Lavat\u00f3rio de bancada<\/td>\n<\/tr>\n<tr style=\"height: 17.60pt;\">\n<td class=\"et3\" style=\"height: 17.60pt;\" height=\"17\">Forma<\/td>\n<td class=\"et3\">Forma retangular<\/td>\n<\/tr>\n<tr style=\"height: 17.60pt;\">\n<td class=\"et4\" style=\"height: 17.60pt;\" height=\"17\">Cor<\/td>\n<td class=\"et3\">Branco<\/td>\n<\/tr>\n<tr style=\"height: 18.00pt;\">\n<td class=\"et3\" style=\"height: 18.00pt;\" height=\"18\">Dimens\u00e3o<\/td>\n<td class=\"et5\" style=\"width: 202.95pt;\" width=\"202\">61*35.5*12<\/td>\n<\/tr>\n<tr style=\"height: 17.60pt;\">\n<td class=\"et3\" style=\"height: 17.60pt;\" height=\"17\">N.W \/SET<\/td>\n<td class=\"et3\">12KGS\/PCS<\/td>\n<\/tr>\n<tr style=\"height: 17.60pt;\">\n<td class=\"et3\" style=\"height: 17.60pt;\" height=\"17\">MOQ<\/td>\n<td class=\"et3\">20 unidades<\/td>\n<\/tr>\n<tr style=\"height: 17.60pt;\">\n<td class=\"et3\" style=\"height: 17.60pt;\" height=\"17\">Op\u00e7\u00e3o personalizada<\/td>\n<td class=\"et3\">Cor\/Patente\/Tamanho\/Logotipo\/Embalagem<\/td>\n<\/tr>\n<\/tbody>\n<\/table>","protected":false},"featured_media":3245,"comment_status":"closed","ping_status":"closed","template":"","meta":{"_acf_changed":false},"product_brand":[],"product_cat":[50],"product_tag":[],"class_list":{"0":"post-3244","1":"product","2":"type-product","3":"status-publish","4":"has-post-thumbnail","6":"product_cat-wholesale-countertop-sinks","8":"first","9":"instock","10":"shipping-taxable","11":"product-type-simple"},"acf":[],"_links":{"self":[{"href":"https:\/\/www.ceramicbasin.com\/pt\/wp-json\/wp\/v2\/product\/3244","targetHints":{"allow":["GET"]}}],"collection":[{"href":"https:\/\/www.ceramicbasin.com\/pt\/wp-json\/wp\/v2\/product"}],"about":[{"href":"https:\/\/www.ceramicbasin.com\/pt\/wp-json\/wp\/v2\/types\/product"}],"replies":[{"embeddable":true,"href":"https:\/\/www.ceramicbasin.com\/pt\/wp-json\/wp\/v2\/comments?post=3244"}],"wp:featuredmedia":[{"embeddable":true,"href":"https:\/\/www.ceramicbasin.com\/pt\/wp-json\/wp\/v2\/media\/3245"}],"wp:attachment":[{"href":"https:\/\/www.ceramicbasin.com\/pt\/wp-json\/wp\/v2\/media?parent=3244"}],"wp:term":[{"taxonomy":"product_brand","embeddable":true,"href":"https:\/\/www.ceramicbasin.com\/pt\/wp-json\/wp\/v2\/product_brand?post=3244"},{"taxonomy":"product_cat","embeddable":true,"href":"https:\/\/www.ceramicbasin.com\/pt\/wp-json\/wp\/v2\/product_cat?post=3244"},{"taxonomy":"product_tag","embeddable":true,"href":"https:\/\/www.ceramicbasin.com\/pt\/wp-json\/wp\/v2\/product_tag?post=3244"}],"curies":[{"name":"wp","href":"https:\/\/api.w.org\/{rel}","templated":true}]}}