{"id":3262,"date":"2024-07-13T03:31:18","date_gmt":"2024-07-13T03:31:18","guid":{"rendered":"https:\/\/www.ceramicbasin.com\/?post_type=product&#038;p=3262"},"modified":"2024-07-27T01:25:19","modified_gmt":"2024-07-27T01:25:19","slug":"bulk-buy-bathroom-sinks","status":"publish","type":"product","link":"https:\/\/www.ceramicbasin.com\/pt\/produto\/bulk-buy-bathroom-sinks\/","title":{"rendered":"Comprar lavat\u00f3rios de casa de banho a granel do fabricante de lavat\u00f3rios de cer\u00e2mica HanYu"},"content":{"rendered":"<div class=\"wp-block-columns is-layout-flex wp-container-core-columns-is-layout-9d6595d7 wp-block-columns-is-layout-flex\">\n<div class=\"wp-block-column is-layout-flow wp-block-column-is-layout-flow\">\n<h2 class=\"wp-block-heading\">Pias de casa de banho Premium Bulk Buy Carater\u00edsticas:<\/h2>\n\n\n\n<ul class=\"wp-block-list\">\n<li><strong>Venda direta da f\u00e1brica: <\/strong>Os lavat\u00f3rios de cer\u00e2mica HanYu s\u00e3o vendidos diretamente pela f\u00e1brica, eliminando a diferen\u00e7a de pre\u00e7os dos intermedi\u00e1rios, e a compra a granel de lavat\u00f3rios de casa de banho garante a compra de lavat\u00f3rios de casa de banho de alta qualidade a granel ao mais baixo custo.<\/li>\n\n\n\n<li><strong>Excelente acabamento:<\/strong> Cada produto \u00e9 cuidadosamente concebido, utilizando tecnologia de produ\u00e7\u00e3o de alta press\u00e3o e um rigoroso controlo de qualidade para garantir que o lava-loi\u00e7a n\u00e3o s\u00f3 tem um aspeto bonito, mas tamb\u00e9m \u00e9 dur\u00e1vel e f\u00e1cil de limpar.<\/li>\n\n\n\n<li><strong>Sele\u00e7\u00e3o diversificada: <\/strong>A HanYu oferece uma variedade de estilos, tamanhos e cores de lavat\u00f3rios de casa de banho comprados a granel para escolher, satisfazendo as necessidades de diferentes estilos de casa de banho e integrando-se facilmente em v\u00e1rios designs de decora\u00e7\u00e3o.<\/li>\n\n\n\n<li><strong>Capacidade de entrega r\u00e1pida: <\/strong>Com uma forte rede de invent\u00e1rio e log\u00edstica, prometemos responder rapidamente \u00e0s encomendas de lavat\u00f3rios de casa de banho a granel, garantir a entrega atempada e ajudar o seu projeto a progredir.<\/li>\n<\/ul>\n<\/div>\n\n\n\n<div class=\"wp-block-column is-layout-flow wp-block-column-is-layout-flow\">\n<figure class=\"wp-block-image size-full\"><img fetchpriority=\"high\" decoding=\"async\" width=\"1345\" height=\"1787\" src=\"https:\/\/www.ceramicbasin.com\/wp-content\/uploads\/2024\/07\/bulk-buy-bathroom-sinks-from-hanyu-ceramic-sink-manufacturer-5.webp\" alt=\"compra a granel de lavat\u00f3rios de casa de banho do fabricante de lavat\u00f3rios de cer\u00e2mica-hanyu-5\" class=\"wp-image-3267\" srcset=\"https:\/\/www.ceramicbasin.com\/wp-content\/uploads\/2024\/07\/bulk-buy-bathroom-sinks-from-hanyu-ceramic-sink-manufacturer-5.webp 1345w, https:\/\/www.ceramicbasin.com\/wp-content\/uploads\/2024\/07\/bulk-buy-bathroom-sinks-from-hanyu-ceramic-sink-manufacturer-5-226x300.webp 226w, https:\/\/www.ceramicbasin.com\/wp-content\/uploads\/2024\/07\/bulk-buy-bathroom-sinks-from-hanyu-ceramic-sink-manufacturer-5-768x1020.webp 768w, https:\/\/www.ceramicbasin.com\/wp-content\/uploads\/2024\/07\/bulk-buy-bathroom-sinks-from-hanyu-ceramic-sink-manufacturer-5-9x12.webp 9w, https:\/\/www.ceramicbasin.com\/wp-content\/uploads\/2024\/07\/bulk-buy-bathroom-sinks-from-hanyu-ceramic-sink-manufacturer-5-285x379.webp 285w, https:\/\/www.ceramicbasin.com\/wp-content\/uploads\/2024\/07\/bulk-buy-bathroom-sinks-from-hanyu-ceramic-sink-manufacturer-5-497x660.webp 497w, https:\/\/www.ceramicbasin.com\/wp-content\/uploads\/2024\/07\/bulk-buy-bathroom-sinks-from-hanyu-ceramic-sink-manufacturer-5-113x150.webp 113w\" sizes=\"(max-width: 1345px) 100vw, 1345px\" \/><\/figure>\n<\/div>\n<\/div>","protected":false},"excerpt":{"rendered":"<p>Comprar lavat\u00f3rios de casa de banho a granel da HanYu, obter os lavat\u00f3rios de casa de banho mais rent\u00e1veis por atacado. Satisfazemos os seus elevados padr\u00f5es de lavat\u00f3rios de casa de banho com excelente artesanato em cer\u00e2mica e linhas de produtos diversificadas. A capacidade de entrega r\u00e1pida garante que n\u00e3o tem de esperar muito tempo, ajudando o progresso do seu projeto.<\/p>\n<table style=\"border-collapse: collapse; width: 311.02pt;\" border=\"0\" width=\"311\" cellspacing=\"0\" cellpadding=\"0\">\n<tbody>\n<tr style=\"height: 17.60pt;\">\n<td class=\"et3\" style=\"height: 17.60pt; width: 108.35pt;\" width=\"108\" height=\"17\">Fabricante<\/td>\n<td class=\"et3\" style=\"width: 202.95pt;\" width=\"202\">HanYu<\/td>\n<\/tr>\n<tr style=\"height: 17.60pt;\">\n<td class=\"et3\" style=\"height: 17.60pt;\" height=\"17\">Modelo n.<\/td>\n<td class=\"et4\">HY-8153<\/td>\n<\/tr>\n<tr style=\"height: 17.60pt;\">\n<td class=\"et3\" style=\"height: 17.60pt;\" height=\"17\">Tipo<\/td>\n<td class=\"et3\">Lavat\u00f3rio de bancada<\/td>\n<\/tr>\n<tr style=\"height: 17.60pt;\">\n<td class=\"et3\" style=\"height: 17.60pt;\" height=\"17\">Forma<\/td>\n<td class=\"et3\">Forma retangular<\/td>\n<\/tr>\n<tr style=\"height: 17.60pt;\">\n<td class=\"et4\" style=\"height: 17.60pt;\" height=\"17\">Cor<\/td>\n<td class=\"et3\">Branco<\/td>\n<\/tr>\n<tr style=\"height: 18.00pt;\">\n<td class=\"et3\" style=\"height: 18.00pt;\" height=\"18\">Dimens\u00e3o<\/td>\n<td class=\"et5\" style=\"width: 202.95pt;\" width=\"202\">55*35*14<\/td>\n<\/tr>\n<tr style=\"height: 17.60pt;\">\n<td class=\"et3\" style=\"height: 17.60pt;\" height=\"17\">N.W \/SET<\/td>\n<td class=\"et3\">10KGS\/PCS<\/td>\n<\/tr>\n<tr style=\"height: 17.60pt;\">\n<td class=\"et3\" style=\"height: 17.60pt;\" height=\"17\">MOQ<\/td>\n<td class=\"et3\">20 unidades<\/td>\n<\/tr>\n<tr style=\"height: 17.60pt;\">\n<td class=\"et3\" style=\"height: 17.60pt;\" height=\"17\">Op\u00e7\u00e3o personalizada<\/td>\n<td class=\"et3\">Cor\/Patente\/Tamanho\/Logotipo\/Embalagem<\/td>\n<\/tr>\n<\/tbody>\n<\/table>","protected":false},"featured_media":3268,"comment_status":"closed","ping_status":"closed","template":"","meta":{"_acf_changed":false},"product_brand":[],"product_cat":[50],"product_tag":[],"class_list":{"0":"post-3262","1":"product","2":"type-product","3":"status-publish","4":"has-post-thumbnail","6":"product_cat-wholesale-countertop-sinks","8":"first","9":"instock","10":"shipping-taxable","11":"product-type-simple"},"acf":[],"_links":{"self":[{"href":"https:\/\/www.ceramicbasin.com\/pt\/wp-json\/wp\/v2\/product\/3262","targetHints":{"allow":["GET"]}}],"collection":[{"href":"https:\/\/www.ceramicbasin.com\/pt\/wp-json\/wp\/v2\/product"}],"about":[{"href":"https:\/\/www.ceramicbasin.com\/pt\/wp-json\/wp\/v2\/types\/product"}],"replies":[{"embeddable":true,"href":"https:\/\/www.ceramicbasin.com\/pt\/wp-json\/wp\/v2\/comments?post=3262"}],"wp:featuredmedia":[{"embeddable":true,"href":"https:\/\/www.ceramicbasin.com\/pt\/wp-json\/wp\/v2\/media\/3268"}],"wp:attachment":[{"href":"https:\/\/www.ceramicbasin.com\/pt\/wp-json\/wp\/v2\/media?parent=3262"}],"wp:term":[{"taxonomy":"product_brand","embeddable":true,"href":"https:\/\/www.ceramicbasin.com\/pt\/wp-json\/wp\/v2\/product_brand?post=3262"},{"taxonomy":"product_cat","embeddable":true,"href":"https:\/\/www.ceramicbasin.com\/pt\/wp-json\/wp\/v2\/product_cat?post=3262"},{"taxonomy":"product_tag","embeddable":true,"href":"https:\/\/www.ceramicbasin.com\/pt\/wp-json\/wp\/v2\/product_tag?post=3262"}],"curies":[{"name":"wp","href":"https:\/\/api.w.org\/{rel}","templated":true}]}}