{"id":3275,"date":"2024-07-13T03:49:46","date_gmt":"2024-07-13T03:49:46","guid":{"rendered":"https:\/\/www.ceramicbasin.com\/?post_type=product&#038;p=3275"},"modified":"2024-11-09T07:09:57","modified_gmt":"2024-11-09T07:09:57","slug":"ceramic-basin-wholesale-top-counter","status":"publish","type":"product","link":"https:\/\/www.ceramicbasin.com\/pt\/produto\/ceramic-basin-wholesale-top-counter\/","title":{"rendered":"Vendas quentes de bacia de cer\u00e2mica por atacado Bacia de montagem de balc\u00e3o superior"},"content":{"rendered":"<div class=\"wp-block-columns is-layout-flex wp-container-core-columns-is-layout-9d6595d7 wp-block-columns-is-layout-flex\">\n<div class=\"wp-block-column is-layout-flow wp-block-column-is-layout-flow\">\n<h2 class=\"wp-block-heading\">Bacia de cer\u00e2mica premium Carater\u00edsticas por atacado:<\/h2>\n\n\n\n<ul class=\"wp-block-list\">\n<li><strong>Venda a quente: <\/strong>Forte, dur\u00e1vel, com cor uniforme e de f\u00e1cil limpeza e manuten\u00e7\u00e3o, aumenta o seu valor. \u00c9 por isso que esta bacia de cer\u00e2mica por atacado tem estado no topo do mercado.<\/li>\n\n\n\n<li><strong>Material de qualidade superior:<\/strong> A mat\u00e9ria-prima cer\u00e2mica de alta qualidade \u00e9 usada para fazer esta bacia de cer\u00e2mica por atacado fornecida pela HanYu. Queimado a altas temperaturas, a textura encorpada mostra uma superf\u00edcie lisa que pode impedir a sujidade de se fixar eficazmente.<\/li>\n\n\n\n<li><strong>Design de montagem superior:<\/strong> Este lavat\u00f3rio de cer\u00e2mica por atacado tem um m\u00e9todo \u00fanico de montagem no topo, est\u00e1vel e fi\u00e1vel. Poupa espa\u00e7o, vai ao encontro da sensa\u00e7\u00e3o de modernidade na casa de banho e adapta-se a v\u00e1rios estilos de decora\u00e7\u00e3o.<\/li>\n\n\n\n<li><strong>Desconto por grosso: <\/strong>Oferecemos um desconto de venda a quente por atacado para esta bacia de cer\u00e2mica por atacado para realizar requisitos de projectos comerciais e decora\u00e7\u00e3o residencial em grande escala.<\/li>\n<\/ul>\n<\/div>\n\n\n\n<div class=\"wp-block-column is-layout-flow wp-block-column-is-layout-flow\">\n<figure class=\"wp-block-image size-full\"><img fetchpriority=\"high\" decoding=\"async\" width=\"827\" height=\"1240\" src=\"https:\/\/www.ceramicbasin.com\/wp-content\/uploads\/2024\/07\/hot-sales-ceramic-basin-wholesale-top-counter-mounting-basin-6.webp\" alt=\"Vendas quentes de bacia de cer\u00e2mica por atacado Bacia de montagem de balc\u00e3o superior-1\" class=\"wp-image-3284\" srcset=\"https:\/\/www.ceramicbasin.com\/wp-content\/uploads\/2024\/07\/hot-sales-ceramic-basin-wholesale-top-counter-mounting-basin-6.webp 827w, https:\/\/www.ceramicbasin.com\/wp-content\/uploads\/2024\/07\/hot-sales-ceramic-basin-wholesale-top-counter-mounting-basin-6-200x300.webp 200w, https:\/\/www.ceramicbasin.com\/wp-content\/uploads\/2024\/07\/hot-sales-ceramic-basin-wholesale-top-counter-mounting-basin-6-768x1152.webp 768w, https:\/\/www.ceramicbasin.com\/wp-content\/uploads\/2024\/07\/hot-sales-ceramic-basin-wholesale-top-counter-mounting-basin-6-8x12.webp 8w, https:\/\/www.ceramicbasin.com\/wp-content\/uploads\/2024\/07\/hot-sales-ceramic-basin-wholesale-top-counter-mounting-basin-6-285x427.webp 285w, https:\/\/www.ceramicbasin.com\/wp-content\/uploads\/2024\/07\/hot-sales-ceramic-basin-wholesale-top-counter-mounting-basin-6-440x660.webp 440w, https:\/\/www.ceramicbasin.com\/wp-content\/uploads\/2024\/07\/hot-sales-ceramic-basin-wholesale-top-counter-mounting-basin-6-100x150.webp 100w\" sizes=\"(max-width: 827px) 100vw, 827px\" \/><\/figure>\n<\/div>\n<\/div>","protected":false},"excerpt":{"rendered":"<p>Bem-vindo ao comprar bacias de cer\u00e2mica por grosso. A excelente qualidade e o amplo reconhecimento do mercado tornaram esta bacia de cer\u00e2mica por atacado a primeira escolha tanto para fam\u00edlias como para locais comerciais. O material cer\u00e2mico de qualidade superior \u00e9 utilizado no corpo principal do produto, combinado com um artesanato requintado. Cada produto \u00e9 de excelente durabilidade e beleza.<\/p>\n<table style=\"border-collapse: collapse; width: 311.02pt;\" border=\"0\" width=\"311\" cellspacing=\"0\" cellpadding=\"0\">\n<tbody>\n<tr style=\"height: 17.60pt;\">\n<td class=\"et3\" style=\"height: 17.60pt; width: 108.35pt;\" width=\"108\" height=\"17\">Fabricante<\/td>\n<td class=\"et3\" style=\"width: 202.95pt;\" width=\"202\">HanYu<\/td>\n<\/tr>\n<tr style=\"height: 17.60pt;\">\n<td class=\"et3\" style=\"height: 17.60pt;\" height=\"17\">Modelo n.<\/td>\n<td class=\"et4\">HY-8175-60<\/td>\n<\/tr>\n<tr style=\"height: 17.60pt;\">\n<td class=\"et3\" style=\"height: 17.60pt;\" height=\"17\">Tipo<\/td>\n<td class=\"et3\">Lavat\u00f3rio de bancada<\/td>\n<\/tr>\n<tr style=\"height: 17.60pt;\">\n<td class=\"et3\" style=\"height: 17.60pt;\" height=\"17\">Forma<\/td>\n<td class=\"et3\">Forma retangular<\/td>\n<\/tr>\n<tr style=\"height: 17.60pt;\">\n<td class=\"et4\" style=\"height: 17.60pt;\" height=\"17\">Cor<\/td>\n<td class=\"et3\">Branco<\/td>\n<\/tr>\n<tr style=\"height: 18.00pt;\">\n<td class=\"et3\" style=\"height: 18.00pt;\" height=\"18\">Dimens\u00e3o<\/td>\n<td class=\"et5\" style=\"width: 202.95pt;\" width=\"202\">60*45*16.5<\/td>\n<\/tr>\n<tr style=\"height: 17.60pt;\">\n<td class=\"et3\" style=\"height: 17.60pt;\" height=\"17\">N.W \/SET<\/td>\n<td class=\"et3\">21KGS\/PCS<\/td>\n<\/tr>\n<tr style=\"height: 17.60pt;\">\n<td class=\"et3\" style=\"height: 17.60pt;\" height=\"17\">MOQ<\/td>\n<td class=\"et3\">20 unidades<\/td>\n<\/tr>\n<tr style=\"height: 17.60pt;\">\n<td class=\"et3\" style=\"height: 17.60pt;\" height=\"17\">Op\u00e7\u00e3o personalizada<\/td>\n<td class=\"et3\">Cor\/Patente\/Tamanho\/Logotipo\/Embalagem<\/td>\n<\/tr>\n<\/tbody>\n<\/table>","protected":false},"featured_media":3279,"comment_status":"closed","ping_status":"closed","template":"","meta":{"_acf_changed":false},"product_brand":[],"product_cat":[50],"product_tag":[],"class_list":{"0":"post-3275","1":"product","2":"type-product","3":"status-publish","4":"has-post-thumbnail","6":"product_cat-wholesale-countertop-sinks","8":"first","9":"instock","10":"shipping-taxable","11":"product-type-simple"},"acf":[],"_links":{"self":[{"href":"https:\/\/www.ceramicbasin.com\/pt\/wp-json\/wp\/v2\/product\/3275","targetHints":{"allow":["GET"]}}],"collection":[{"href":"https:\/\/www.ceramicbasin.com\/pt\/wp-json\/wp\/v2\/product"}],"about":[{"href":"https:\/\/www.ceramicbasin.com\/pt\/wp-json\/wp\/v2\/types\/product"}],"replies":[{"embeddable":true,"href":"https:\/\/www.ceramicbasin.com\/pt\/wp-json\/wp\/v2\/comments?post=3275"}],"wp:featuredmedia":[{"embeddable":true,"href":"https:\/\/www.ceramicbasin.com\/pt\/wp-json\/wp\/v2\/media\/3279"}],"wp:attachment":[{"href":"https:\/\/www.ceramicbasin.com\/pt\/wp-json\/wp\/v2\/media?parent=3275"}],"wp:term":[{"taxonomy":"product_brand","embeddable":true,"href":"https:\/\/www.ceramicbasin.com\/pt\/wp-json\/wp\/v2\/product_brand?post=3275"},{"taxonomy":"product_cat","embeddable":true,"href":"https:\/\/www.ceramicbasin.com\/pt\/wp-json\/wp\/v2\/product_cat?post=3275"},{"taxonomy":"product_tag","embeddable":true,"href":"https:\/\/www.ceramicbasin.com\/pt\/wp-json\/wp\/v2\/product_tag?post=3275"}],"curies":[{"name":"wp","href":"https:\/\/api.w.org\/{rel}","templated":true}]}}