{"id":3291,"date":"2024-07-13T04:02:22","date_gmt":"2024-07-13T04:02:22","guid":{"rendered":"https:\/\/www.ceramicbasin.com\/?post_type=product&#038;p=3291"},"modified":"2024-11-09T07:07:36","modified_gmt":"2024-11-09T07:07:36","slug":"wholesale-ceramic-basin-delicate","status":"publish","type":"product","link":"https:\/\/www.ceramicbasin.com\/pt\/produto\/wholesale-ceramic-basin-delicate\/","title":{"rendered":"Bacia de cer\u00e2mica por atacado Bacia de montagem de balc\u00e3o de topo delicado"},"content":{"rendered":"<div class=\"wp-block-columns is-layout-flex wp-container-core-columns-is-layout-9d6595d7 wp-block-columns-is-layout-flex\">\n<div class=\"wp-block-column is-layout-flow wp-block-column-is-layout-flow\">\n<h2 class=\"wp-block-heading\">Bacia de cer\u00e2mica Premium Wholesale Carater\u00edsticas:<\/h2>\n\n\n\n<ul class=\"wp-block-list\">\n<li><strong>Design requintado: <\/strong>Este lavat\u00f3rio de cer\u00e2mica por atacado adoptou um design aerodin\u00e2mico com um rebordo redondo e uma linha suave, que \u00e9 garantido com um elevado valor est\u00e9tico, acrescentando requinte e eleg\u00e2ncia ao espa\u00e7o de banho.<\/li>\n\n\n\n<li><strong>Cer\u00e2mica de alta qualidade: <\/strong>A mat\u00e9ria-prima cer\u00e2mica selecionada de alta qualidade sinterizada a alta temperatura tornou o nosso lava-loi\u00e7a de cer\u00e2mica por atacado s\u00f3lido em estrutura, delicado e de superf\u00edcie lisa, f\u00e1cil de limpar e duradouro como novo.<\/li>\n\n\n\n<li><strong>Modo de instala\u00e7\u00e3o de topo: <\/strong>Esta bacia de cer\u00e2mica por atacado aplica-se \u00e0 forma de instala\u00e7\u00e3o superior, \u00e9 facilmente instalada e funciona de forma est\u00e1vel e fi\u00e1vel. N\u00e3o s\u00f3 poupar\u00e1 espa\u00e7o na casa de banho, como tamb\u00e9m proporcionar\u00e1 comodidade na manuten\u00e7\u00e3o e limpeza di\u00e1rias e melhorar\u00e1 a experi\u00eancia do utilizador.<\/li>\n\n\n\n<li><strong>Pre\u00e7o grossista com competitividade: <\/strong>Como um fabricante de lavat\u00f3rios por atacado, a HanYu fornece um pre\u00e7o muito competitivo para lavat\u00f3rios de cer\u00e2mica por atacado, o que permite desfrutar de um lavat\u00f3rio de cer\u00e2mica de alta qualidade, mantendo os custos sob controlo.<\/li>\n<\/ul>\n<\/div>\n\n\n\n<div class=\"wp-block-column is-layout-flow wp-block-column-is-layout-flow\">\n<figure class=\"wp-block-image size-full\"><img fetchpriority=\"high\" decoding=\"async\" width=\"943\" height=\"1194\" src=\"https:\/\/www.ceramicbasin.com\/wp-content\/uploads\/2024\/07\/wholesale-ceramic-basin-delicate-top-counter-mounting-basin-6.webp\" alt=\"Bacia de cer\u00e2mica por atacado Bacia de montagem de balc\u00e3o de topo delicado-1\" class=\"wp-image-3297\" srcset=\"https:\/\/www.ceramicbasin.com\/wp-content\/uploads\/2024\/07\/wholesale-ceramic-basin-delicate-top-counter-mounting-basin-6.webp 943w, https:\/\/www.ceramicbasin.com\/wp-content\/uploads\/2024\/07\/wholesale-ceramic-basin-delicate-top-counter-mounting-basin-6-237x300.webp 237w, https:\/\/www.ceramicbasin.com\/wp-content\/uploads\/2024\/07\/wholesale-ceramic-basin-delicate-top-counter-mounting-basin-6-768x972.webp 768w, https:\/\/www.ceramicbasin.com\/wp-content\/uploads\/2024\/07\/wholesale-ceramic-basin-delicate-top-counter-mounting-basin-6-9x12.webp 9w, https:\/\/www.ceramicbasin.com\/wp-content\/uploads\/2024\/07\/wholesale-ceramic-basin-delicate-top-counter-mounting-basin-6-285x361.webp 285w, https:\/\/www.ceramicbasin.com\/wp-content\/uploads\/2024\/07\/wholesale-ceramic-basin-delicate-top-counter-mounting-basin-6-521x660.webp 521w, https:\/\/www.ceramicbasin.com\/wp-content\/uploads\/2024\/07\/wholesale-ceramic-basin-delicate-top-counter-mounting-basin-6-118x150.webp 118w\" sizes=\"(max-width: 943px) 100vw, 943px\" \/><\/figure>\n<\/div>\n<\/div>\n\n\n\n<p><\/p>","protected":false},"excerpt":{"rendered":"<p>Bem-vindo ao comprar lavat\u00f3rios por atacado para casas de banho. Este lavat\u00f3rio de cer\u00e2mica por atacado tem um excelente design e grande qualidade para ser a sua primeira escolha para a decora\u00e7\u00e3o da casa de banho. O design de apar\u00eancia aerodin\u00e2mica e o tratamento de bordas arredondadas mostram uma beleza art\u00edstica extraordin\u00e1ria. A compra a granel ter\u00e1 uma melhor rela\u00e7\u00e3o custo-benef\u00edcio.<\/p>\n<table style=\"border-collapse: collapse; width: 311.02pt;\" border=\"0\" width=\"311\" cellspacing=\"0\" cellpadding=\"0\">\n<tbody>\n<tr style=\"height: 17.60pt;\">\n<td class=\"et3\" style=\"height: 17.60pt; width: 108.35pt;\" width=\"108\" height=\"17\">Fabricante<\/td>\n<td class=\"et3\" style=\"width: 202.95pt;\" width=\"202\">HanYu<\/td>\n<\/tr>\n<tr style=\"height: 17.60pt;\">\n<td class=\"et3\" style=\"height: 17.60pt;\" height=\"17\">Modelo n.<\/td>\n<td class=\"et4\">HY-8193A<\/td>\n<\/tr>\n<tr style=\"height: 17.60pt;\">\n<td class=\"et3\" style=\"height: 17.60pt;\" height=\"17\">Tipo<\/td>\n<td class=\"et3\">Lavat\u00f3rio de bancada<\/td>\n<\/tr>\n<tr style=\"height: 17.60pt;\">\n<td class=\"et3\" style=\"height: 17.60pt;\" height=\"17\">Forma<\/td>\n<td class=\"et3\">Forma retangular<\/td>\n<\/tr>\n<tr style=\"height: 17.60pt;\">\n<td class=\"et4\" style=\"height: 17.60pt;\" height=\"17\">Cor<\/td>\n<td class=\"et3\">Branco<\/td>\n<\/tr>\n<tr style=\"height: 18.00pt;\">\n<td class=\"et3\" style=\"height: 18.00pt;\" height=\"18\">Dimens\u00e3o<\/td>\n<td class=\"et5\" style=\"width: 202.95pt;\" width=\"202\">50.5*38*13.5<\/td>\n<\/tr>\n<tr style=\"height: 17.60pt;\">\n<td class=\"et3\" style=\"height: 17.60pt;\" height=\"17\">N.W \/SET<\/td>\n<td class=\"et3\">11.5KGS\/PCS<\/td>\n<\/tr>\n<tr style=\"height: 17.60pt;\">\n<td class=\"et3\" style=\"height: 17.60pt;\" height=\"17\">MOQ<\/td>\n<td class=\"et3\">20 unidades<\/td>\n<\/tr>\n<tr style=\"height: 17.60pt;\">\n<td class=\"et3\" style=\"height: 17.60pt;\" height=\"17\">Op\u00e7\u00e3o personalizada<\/td>\n<td class=\"et3\">Cor\/Patente\/Tamanho\/Logotipo\/Embalagem<\/td>\n<\/tr>\n<\/tbody>\n<\/table>","protected":false},"featured_media":3292,"comment_status":"closed","ping_status":"closed","template":"","meta":{"_acf_changed":false},"product_brand":[],"product_cat":[50],"product_tag":[],"class_list":{"0":"post-3291","1":"product","2":"type-product","3":"status-publish","4":"has-post-thumbnail","6":"product_cat-wholesale-countertop-sinks","8":"first","9":"instock","10":"shipping-taxable","11":"product-type-simple"},"acf":[],"_links":{"self":[{"href":"https:\/\/www.ceramicbasin.com\/pt\/wp-json\/wp\/v2\/product\/3291","targetHints":{"allow":["GET"]}}],"collection":[{"href":"https:\/\/www.ceramicbasin.com\/pt\/wp-json\/wp\/v2\/product"}],"about":[{"href":"https:\/\/www.ceramicbasin.com\/pt\/wp-json\/wp\/v2\/types\/product"}],"replies":[{"embeddable":true,"href":"https:\/\/www.ceramicbasin.com\/pt\/wp-json\/wp\/v2\/comments?post=3291"}],"wp:featuredmedia":[{"embeddable":true,"href":"https:\/\/www.ceramicbasin.com\/pt\/wp-json\/wp\/v2\/media\/3292"}],"wp:attachment":[{"href":"https:\/\/www.ceramicbasin.com\/pt\/wp-json\/wp\/v2\/media?parent=3291"}],"wp:term":[{"taxonomy":"product_brand","embeddable":true,"href":"https:\/\/www.ceramicbasin.com\/pt\/wp-json\/wp\/v2\/product_brand?post=3291"},{"taxonomy":"product_cat","embeddable":true,"href":"https:\/\/www.ceramicbasin.com\/pt\/wp-json\/wp\/v2\/product_cat?post=3291"},{"taxonomy":"product_tag","embeddable":true,"href":"https:\/\/www.ceramicbasin.com\/pt\/wp-json\/wp\/v2\/product_tag?post=3291"}],"curies":[{"name":"wp","href":"https:\/\/api.w.org\/{rel}","templated":true}]}}