{"id":3308,"date":"2024-07-13T06:22:00","date_gmt":"2024-07-13T06:22:00","guid":{"rendered":"https:\/\/www.ceramicbasin.com\/?post_type=product&#038;p=3308"},"modified":"2024-11-02T01:34:50","modified_gmt":"2024-11-02T01:34:50","slug":"wall-hung-small-sinks-wholesale","status":"publish","type":"product","link":"https:\/\/www.ceramicbasin.com\/pt\/produto\/wall-hung-small-sinks-wholesale\/","title":{"rendered":"Pequenos lavat\u00f3rios rectangulares de parede por atacado para casa de banho"},"content":{"rendered":"<div class=\"wp-block-columns is-layout-flex wp-container-core-columns-is-layout-9d6595d7 wp-block-columns-is-layout-flex\">\n<div class=\"wp-block-column is-layout-flow wp-block-column-is-layout-flow\">\n<h2 class=\"wp-block-heading\">Pias pequenas Premium por atacado Carater\u00edsticas:<\/h2>\n\n\n\n<ul class=\"wp-block-list\">\n<li><strong>Design compacto: <\/strong>Os nossos lavat\u00f3rios pequenos suspensos por atacado s\u00e3o adequados para espa\u00e7os pequenos. S\u00e3o compactos e relativamente pequenos em tamanho, mas funcionais para servir perfeitamente em casas de banho pequenas ou espa\u00e7os compactos.<\/li>\n\n\n\n<li><strong>Cer\u00e2mica de alta qualidade:<\/strong> O nosso lavat\u00f3rio de parede para venda por grosso \u00e9 feito de material cer\u00e2mico de alta qualidade e de artesanato finamente processado para garantir a estabilidade da estrutura do lavat\u00f3rio; a superf\u00edcie \u00e9 lisa e f\u00e1cil de limpar, sendo assim dur\u00e1vel.<\/li>\n\n\n\n<li><strong>Instala\u00e7\u00e3o na parede: <\/strong>A instala\u00e7\u00e3o destes pequenos lavat\u00f3rios por atacado na parede pode poupar mais espa\u00e7o no ch\u00e3o e facilitar o trabalho de limpeza por baixo, o que faz com que visualmente todo o espa\u00e7o da casa de banho pare\u00e7a mais arrumado e mais aberto.<\/li>\n\n\n\n<li><strong>Desconto para compras a granel: <\/strong>Como um fabricante de lavat\u00f3rios de casa de banho por atacado, oferecemos lavat\u00f3rio de parede por atacado com pre\u00e7o competitivo. As compras a granel beneficiam de mais descontos, o que \u00e9 adequado para projectos comerciais ou necessidades de decora\u00e7\u00e3o residencial a granel.<\/li>\n<\/ul>\n<\/div>\n\n\n\n<div class=\"wp-block-column is-layout-flow wp-block-column-is-layout-flow\">\n<figure class=\"wp-block-image size-full\"><img fetchpriority=\"high\" decoding=\"async\" width=\"617\" height=\"831\" src=\"https:\/\/www.ceramicbasin.com\/wp-content\/uploads\/2024\/07\/rectangular-wall-hung-small-sinks-wholesale-for-bathroom-8.webp\" alt=\"lavat\u00f3rios pequenos de parede rectangulares - venda por grosso - para casa de banho - 8\" class=\"wp-image-3316\" srcset=\"https:\/\/www.ceramicbasin.com\/wp-content\/uploads\/2024\/07\/rectangular-wall-hung-small-sinks-wholesale-for-bathroom-8.webp 617w, https:\/\/www.ceramicbasin.com\/wp-content\/uploads\/2024\/07\/rectangular-wall-hung-small-sinks-wholesale-for-bathroom-8-223x300.webp 223w, https:\/\/www.ceramicbasin.com\/wp-content\/uploads\/2024\/07\/rectangular-wall-hung-small-sinks-wholesale-for-bathroom-8-9x12.webp 9w, https:\/\/www.ceramicbasin.com\/wp-content\/uploads\/2024\/07\/rectangular-wall-hung-small-sinks-wholesale-for-bathroom-8-285x384.webp 285w, https:\/\/www.ceramicbasin.com\/wp-content\/uploads\/2024\/07\/rectangular-wall-hung-small-sinks-wholesale-for-bathroom-8-490x660.webp 490w, https:\/\/www.ceramicbasin.com\/wp-content\/uploads\/2024\/07\/rectangular-wall-hung-small-sinks-wholesale-for-bathroom-8-111x150.webp 111w\" sizes=\"(max-width: 617px) 100vw, 617px\" \/><\/figure>\n<\/div>\n<\/div>","protected":false},"excerpt":{"rendered":"<p>Bem-vindo ao comprar lavat\u00f3rios de cer\u00e2mica por grosso. Os nossos lavat\u00f3rios pequenos suspensos por atacado foram concebidos para oferecer uma \u00f3ptima combina\u00e7\u00e3o de praticidade e beleza. \u00c9 resistente e f\u00e1cil de limpar, pelo que \u00e9 bastante adequado para casas de banho de espa\u00e7o reduzido. O design retangular compacto e os m\u00e9todos de instala\u00e7\u00e3o na parede utilizam o espa\u00e7o da parede ao m\u00e1ximo. Vantagem da compra a granel, escolha rent\u00e1vel para projectos comerciais e decora\u00e7\u00e3o residencial.<\/p>\n<table style=\"border-collapse: collapse; width: 311.02pt;\" border=\"0\" width=\"311\" cellspacing=\"0\" cellpadding=\"0\">\n<tbody>\n<tr style=\"height: 17.60pt;\">\n<td class=\"et3\" style=\"height: 17.60pt; width: 108.35pt;\" width=\"108\" height=\"17\">Fabricante<\/td>\n<td class=\"et3\" style=\"width: 202.95pt;\" width=\"202\">HanYu<\/td>\n<\/tr>\n<tr style=\"height: 17.60pt;\">\n<td class=\"et3\" style=\"height: 17.60pt;\" height=\"17\">Modelo n.<\/td>\n<td class=\"et4\">HY3053<\/td>\n<\/tr>\n<tr style=\"height: 17.60pt;\">\n<td class=\"et3\" style=\"height: 17.60pt;\" height=\"17\">Tipo<\/td>\n<td class=\"et3\">Lavat\u00f3rio de parede, Lavat\u00f3rio pequeno<\/td>\n<\/tr>\n<tr style=\"height: 17.60pt;\">\n<td class=\"et3\" style=\"height: 17.60pt;\" height=\"17\">Forma<\/td>\n<td class=\"et3\">Forma retangular<\/td>\n<\/tr>\n<tr style=\"height: 17.60pt;\">\n<td class=\"et4\" style=\"height: 17.60pt;\" height=\"17\">Cor<\/td>\n<td class=\"et3\">Branco<\/td>\n<\/tr>\n<tr style=\"height: 18.00pt;\">\n<td class=\"et3\" style=\"height: 18.00pt;\" height=\"18\">Dimens\u00e3o<\/td>\n<td class=\"et5\" style=\"width: 202.95pt;\" width=\"202\">36*28*19<\/td>\n<\/tr>\n<tr style=\"height: 17.60pt;\">\n<td class=\"et3\" style=\"height: 17.60pt;\" height=\"17\">N.W \/SET<\/td>\n<td class=\"et3\">5.3KGS\/PCS<\/td>\n<\/tr>\n<tr style=\"height: 17.60pt;\">\n<td class=\"et3\" style=\"height: 17.60pt;\" height=\"17\">MOQ<\/td>\n<td class=\"et3\">20 unidades<\/td>\n<\/tr>\n<tr style=\"height: 17.60pt;\">\n<td class=\"et3\" style=\"height: 17.60pt;\" height=\"17\">Op\u00e7\u00e3o personalizada<\/td>\n<td class=\"et3\">Cor\/Patente\/Tamanho\/Logotipo\/Embalagem<\/td>\n<\/tr>\n<\/tbody>\n<\/table>","protected":false},"featured_media":3309,"comment_status":"closed","ping_status":"closed","template":"","meta":{"_acf_changed":false},"product_brand":[],"product_cat":[56],"product_tag":[],"class_list":{"0":"post-3308","1":"product","2":"type-product","3":"status-publish","4":"has-post-thumbnail","6":"product_cat-wholesale-small-bathroom-sinks","8":"first","9":"instock","10":"shipping-taxable","11":"product-type-simple"},"acf":[],"_links":{"self":[{"href":"https:\/\/www.ceramicbasin.com\/pt\/wp-json\/wp\/v2\/product\/3308","targetHints":{"allow":["GET"]}}],"collection":[{"href":"https:\/\/www.ceramicbasin.com\/pt\/wp-json\/wp\/v2\/product"}],"about":[{"href":"https:\/\/www.ceramicbasin.com\/pt\/wp-json\/wp\/v2\/types\/product"}],"replies":[{"embeddable":true,"href":"https:\/\/www.ceramicbasin.com\/pt\/wp-json\/wp\/v2\/comments?post=3308"}],"wp:featuredmedia":[{"embeddable":true,"href":"https:\/\/www.ceramicbasin.com\/pt\/wp-json\/wp\/v2\/media\/3309"}],"wp:attachment":[{"href":"https:\/\/www.ceramicbasin.com\/pt\/wp-json\/wp\/v2\/media?parent=3308"}],"wp:term":[{"taxonomy":"product_brand","embeddable":true,"href":"https:\/\/www.ceramicbasin.com\/pt\/wp-json\/wp\/v2\/product_brand?post=3308"},{"taxonomy":"product_cat","embeddable":true,"href":"https:\/\/www.ceramicbasin.com\/pt\/wp-json\/wp\/v2\/product_cat?post=3308"},{"taxonomy":"product_tag","embeddable":true,"href":"https:\/\/www.ceramicbasin.com\/pt\/wp-json\/wp\/v2\/product_tag?post=3308"}],"curies":[{"name":"wp","href":"https:\/\/api.w.org\/{rel}","templated":true}]}}