{"id":3333,"date":"2024-07-13T07:12:53","date_gmt":"2024-07-13T07:12:53","guid":{"rendered":"https:\/\/www.ceramicbasin.com\/?post_type=product&#038;p=3333"},"modified":"2024-11-02T01:16:50","modified_gmt":"2024-11-02T01:16:50","slug":"factory-supply-small-bathroom-sink","status":"publish","type":"product","link":"https:\/\/www.ceramicbasin.com\/pt\/produto\/factory-supply-small-bathroom-sink\/","title":{"rendered":"Fornecimento de f\u00e1brica de lavat\u00f3rio de casa de banho pequeno para casa de banho min\u00fascula"},"content":{"rendered":"<div class=\"wp-block-columns is-layout-flex wp-container-core-columns-is-layout-9d6595d7 wp-block-columns-is-layout-flex\">\n<div class=\"wp-block-column is-layout-flow wp-block-column-is-layout-flow\">\n<h2 class=\"wp-block-heading\">Carater\u00edsticas do lavat\u00f3rio de casa de banho pequeno de fornecimento de f\u00e1brica Premium:<\/h2>\n\n\n\n<ul class=\"wp-block-list\">\n<li><strong>Conce\u00e7\u00e3o da otimiza\u00e7\u00e3o do espa\u00e7o:<\/strong> Esta bacia suspensa de parede longa e estreita \u00e9 particularmente adequada para espa\u00e7os de casa de banho pequenos, melhorando a utiliza\u00e7\u00e3o do espa\u00e7o.<\/li>\n\n\n\n<li><strong>Fabricado em porcelana de alta qualidade:<\/strong> As nossas bacias suspensas por atacado selecionam argila de porcelana de alta qualidade e s\u00e3o cozidas a altas temperaturas para garantir que as bacias t\u00eam uma textura s\u00f3lida, uma superf\u00edcie lisa, s\u00e3o f\u00e1ceis de limpar e t\u00eam um brilho duradouro.<\/li>\n\n\n\n<li><strong>Instala\u00e7\u00e3o na parede: <\/strong>O design de montagem na parede n\u00e3o s\u00f3 poupa espa\u00e7o, como tamb\u00e9m facilita a limpeza do ch\u00e3o por baixo, mantendo a casa de banho arrumada e criando um ambiente de utiliza\u00e7\u00e3o refrescante.<\/li>\n\n\n\n<li><strong>Poupan\u00e7a de custos na compra em massa: <\/strong>Como fabricante grossista de bacias de cer\u00e2mica, a HanYu pode fornecer-lhe pre\u00e7os de compra competitivos para o ajudar a controlar eficazmente os custos de decora\u00e7\u00e3o sem sacrificar a qualidade.<\/li>\n<\/ul>\n<\/div>\n\n\n\n<div class=\"wp-block-column is-layout-flow wp-block-column-is-layout-flow\">\n<figure class=\"wp-block-image size-full\"><img fetchpriority=\"high\" decoding=\"async\" width=\"663\" height=\"819\" src=\"https:\/\/www.ceramicbasin.com\/wp-content\/uploads\/2024\/07\/factory-supply-small-bathroom-sink-solutions-for-tiny-bathroom-8.webp\" alt=\"solu\u00e7\u00f5es de lavat\u00f3rio para casas de banho pequenas para casas de banho pequenas-8\" class=\"wp-image-3342\" srcset=\"https:\/\/www.ceramicbasin.com\/wp-content\/uploads\/2024\/07\/factory-supply-small-bathroom-sink-solutions-for-tiny-bathroom-8.webp 663w, https:\/\/www.ceramicbasin.com\/wp-content\/uploads\/2024\/07\/factory-supply-small-bathroom-sink-solutions-for-tiny-bathroom-8-243x300.webp 243w, https:\/\/www.ceramicbasin.com\/wp-content\/uploads\/2024\/07\/factory-supply-small-bathroom-sink-solutions-for-tiny-bathroom-8-10x12.webp 10w, https:\/\/www.ceramicbasin.com\/wp-content\/uploads\/2024\/07\/factory-supply-small-bathroom-sink-solutions-for-tiny-bathroom-8-285x352.webp 285w, https:\/\/www.ceramicbasin.com\/wp-content\/uploads\/2024\/07\/factory-supply-small-bathroom-sink-solutions-for-tiny-bathroom-8-534x660.webp 534w, https:\/\/www.ceramicbasin.com\/wp-content\/uploads\/2024\/07\/factory-supply-small-bathroom-sink-solutions-for-tiny-bathroom-8-121x150.webp 121w\" sizes=\"(max-width: 663px) 100vw, 663px\" \/><\/figure>\n<\/div>\n<\/div>","protected":false},"excerpt":{"rendered":"<p>Bem-vindo \u00e0 compra de lavat\u00f3rios de cer\u00e2mica por atacado. Este pequeno lavat\u00f3rio de casa de banho de fornecimento de f\u00e1brica tem uma apar\u00eancia moderna, presta mais aten\u00e7\u00e3o \u00e0 praticidade e \u00e9 f\u00e1cil de limpar e manter. O modelo de fornecimento direto da f\u00e1brica permite que os clientes que compram a granel desfrutem de pre\u00e7os mais competitivos. \u00c9 uma solu\u00e7\u00e3o bem concebida para espa\u00e7os de casa de banho pequenos.<\/p>\n<table style=\"border-collapse: collapse; width: 311.02pt;\" border=\"0\" width=\"311\" cellspacing=\"0\" cellpadding=\"0\">\n<tbody>\n<tr style=\"height: 17.60pt;\">\n<td class=\"et3\" style=\"height: 17.60pt; width: 108.35pt;\" width=\"108\" height=\"17\">Fabricante<\/td>\n<td class=\"et3\" style=\"width: 202.95pt;\" width=\"202\">HanYu<\/td>\n<\/tr>\n<tr style=\"height: 17.60pt;\">\n<td class=\"et3\" style=\"height: 17.60pt;\" height=\"17\">Modelo n.<\/td>\n<td class=\"et4\">HY3085<\/td>\n<\/tr>\n<tr style=\"height: 17.60pt;\">\n<td class=\"et3\" style=\"height: 17.60pt;\" height=\"17\">Tipo<\/td>\n<td class=\"et3\">Lavat\u00f3rio de parede, Lavat\u00f3rio pequeno<\/td>\n<\/tr>\n<tr style=\"height: 17.60pt;\">\n<td class=\"et3\" style=\"height: 17.60pt;\" height=\"17\">Forma<\/td>\n<td class=\"et3\">Forma retangular<\/td>\n<\/tr>\n<tr style=\"height: 17.60pt;\">\n<td class=\"et4\" style=\"height: 17.60pt;\" height=\"17\">Cor<\/td>\n<td class=\"et3\">Branco<\/td>\n<\/tr>\n<tr style=\"height: 18.00pt;\">\n<td class=\"et3\" style=\"height: 18.00pt;\" height=\"18\">Dimens\u00e3o<\/td>\n<td class=\"et5\" style=\"width: 202.95pt;\" width=\"202\">38*15*8<\/td>\n<\/tr>\n<tr style=\"height: 17.60pt;\">\n<td class=\"et3\" style=\"height: 17.60pt;\" height=\"17\">N.W \/SET<\/td>\n<td class=\"et3\">5KGS\/PCS<\/td>\n<\/tr>\n<tr style=\"height: 17.60pt;\">\n<td class=\"et3\" style=\"height: 17.60pt;\" height=\"17\">MOQ<\/td>\n<td class=\"et3\">20 unidades<\/td>\n<\/tr>\n<tr style=\"height: 17.60pt;\">\n<td class=\"et3\" style=\"height: 17.60pt;\" height=\"17\">Op\u00e7\u00e3o personalizada<\/td>\n<td class=\"et3\">Cor\/Patente\/Tamanho\/Logotipo\/Embalagem<\/td>\n<\/tr>\n<\/tbody>\n<\/table>","protected":false},"featured_media":3336,"comment_status":"closed","ping_status":"closed","template":"","meta":{"_acf_changed":false},"product_brand":[],"product_cat":[56],"product_tag":[],"class_list":{"0":"post-3333","1":"product","2":"type-product","3":"status-publish","4":"has-post-thumbnail","6":"product_cat-wholesale-small-bathroom-sinks","8":"first","9":"instock","10":"shipping-taxable","11":"product-type-simple"},"acf":[],"_links":{"self":[{"href":"https:\/\/www.ceramicbasin.com\/pt\/wp-json\/wp\/v2\/product\/3333","targetHints":{"allow":["GET"]}}],"collection":[{"href":"https:\/\/www.ceramicbasin.com\/pt\/wp-json\/wp\/v2\/product"}],"about":[{"href":"https:\/\/www.ceramicbasin.com\/pt\/wp-json\/wp\/v2\/types\/product"}],"replies":[{"embeddable":true,"href":"https:\/\/www.ceramicbasin.com\/pt\/wp-json\/wp\/v2\/comments?post=3333"}],"wp:featuredmedia":[{"embeddable":true,"href":"https:\/\/www.ceramicbasin.com\/pt\/wp-json\/wp\/v2\/media\/3336"}],"wp:attachment":[{"href":"https:\/\/www.ceramicbasin.com\/pt\/wp-json\/wp\/v2\/media?parent=3333"}],"wp:term":[{"taxonomy":"product_brand","embeddable":true,"href":"https:\/\/www.ceramicbasin.com\/pt\/wp-json\/wp\/v2\/product_brand?post=3333"},{"taxonomy":"product_cat","embeddable":true,"href":"https:\/\/www.ceramicbasin.com\/pt\/wp-json\/wp\/v2\/product_cat?post=3333"},{"taxonomy":"product_tag","embeddable":true,"href":"https:\/\/www.ceramicbasin.com\/pt\/wp-json\/wp\/v2\/product_tag?post=3333"}],"curies":[{"name":"wp","href":"https:\/\/api.w.org\/{rel}","templated":true}]}}