{"id":3343,"date":"2024-07-13T07:33:06","date_gmt":"2024-07-13T07:33:06","guid":{"rendered":"https:\/\/www.ceramicbasin.com\/?post_type=product&#038;p=3343"},"modified":"2024-11-02T01:13:00","modified_gmt":"2024-11-02T01:13:00","slug":"custom-wall-mounted-bathroom-sinks","status":"publish","type":"product","link":"https:\/\/www.ceramicbasin.com\/pt\/produto\/custom-wall-mounted-bathroom-sinks\/","title":{"rendered":"Lavat\u00f3rios de casa de banho de parede personalizados de alta qualidade, forma redonda, bacias de cer\u00e2mica por atacado"},"content":{"rendered":"<div class=\"wp-block-columns is-layout-flex wp-container-core-columns-is-layout-9d6595d7 wp-block-columns-is-layout-flex\">\n<div class=\"wp-block-column is-layout-flow wp-block-column-is-layout-flow\">\n<h2 class=\"wp-block-heading\">Carater\u00edsticas dos lavat\u00f3rios de casa de banho personalizados de parede Premium:<\/h2>\n\n\n\n<ul class=\"wp-block-list\">\n<li><strong>Design redondo requintado: <\/strong>Este lavat\u00f3rio de casa de banho personalizado montado na parede tem um contorno redondo elegante e linhas suaves, acrescentando um toque suave e moderno ao espa\u00e7o, tornando-se uma decora\u00e7\u00e3o art\u00edstica na casa de banho.<\/li>\n\n\n\n<li><strong>Lava-loi\u00e7as de alta qualidade:<\/strong> Os nossos lavat\u00f3rios de casa de banho montados na parede por atacado utilizam materiais de alta qualidade e combinam artesanato requintado para garantir que a estrutura do lavat\u00f3rio \u00e9 est\u00e1vel, a superf\u00edcie \u00e9 lisa e delicada, f\u00e1cil de limpar e manter, e dur\u00e1vel.<\/li>\n\n\n\n<li><strong>Vantagem do pre\u00e7o por grosso: <\/strong>Como fabricante de lavat\u00f3rios de casa de banho, a HanYu oferece pre\u00e7os por grosso muito competitivos e as compras a granel beneficiam de mais descontos, tornando os acess\u00f3rios de casa de banho de alta qualidade a sua escolha ideal sob controlo de custos.<\/li>\n\n\n\n<li><strong>Servi\u00e7o personalizado de alta qualidade: <\/strong>Fornecemos um servi\u00e7o personalizado de lavat\u00f3rios de casa de banho montados na parede para garantir que cada lavat\u00f3rio de casa de banho satisfaz os requisitos de design e espa\u00e7o da sua casa de banho e cria um estilo exclusivo.<\/li>\n<\/ul>\n<\/div>\n\n\n\n<div class=\"wp-block-column is-layout-flow wp-block-column-is-layout-flow\">\n<figure class=\"wp-block-image size-full\"><img fetchpriority=\"high\" decoding=\"async\" width=\"1345\" height=\"1786\" src=\"https:\/\/www.ceramicbasin.com\/wp-content\/uploads\/2024\/07\/high-end-custom-wall-mounted-bathroom-sinks-round-shape-6.webp\" alt=\"lavat\u00f3rios de casa de banho de alta qualidade montados na parede - forma redonda - 6\" class=\"wp-image-3349\" srcset=\"https:\/\/www.ceramicbasin.com\/wp-content\/uploads\/2024\/07\/high-end-custom-wall-mounted-bathroom-sinks-round-shape-6.webp 1345w, https:\/\/www.ceramicbasin.com\/wp-content\/uploads\/2024\/07\/high-end-custom-wall-mounted-bathroom-sinks-round-shape-6-226x300.webp 226w, https:\/\/www.ceramicbasin.com\/wp-content\/uploads\/2024\/07\/high-end-custom-wall-mounted-bathroom-sinks-round-shape-6-768x1020.webp 768w, https:\/\/www.ceramicbasin.com\/wp-content\/uploads\/2024\/07\/high-end-custom-wall-mounted-bathroom-sinks-round-shape-6-9x12.webp 9w, https:\/\/www.ceramicbasin.com\/wp-content\/uploads\/2024\/07\/high-end-custom-wall-mounted-bathroom-sinks-round-shape-6-285x378.webp 285w, https:\/\/www.ceramicbasin.com\/wp-content\/uploads\/2024\/07\/high-end-custom-wall-mounted-bathroom-sinks-round-shape-6-497x660.webp 497w, https:\/\/www.ceramicbasin.com\/wp-content\/uploads\/2024\/07\/high-end-custom-wall-mounted-bathroom-sinks-round-shape-6-113x150.webp 113w\" sizes=\"(max-width: 1345px) 100vw, 1345px\" \/><\/figure>\n<\/div>\n<\/div>","protected":false},"excerpt":{"rendered":"<p>Bem-vindo ao comprar lavat\u00f3rios de cer\u00e2mica por atacado. Os nossos lavat\u00f3rios de casa de banho personalizados montados na parede a granel utilizam materiais de alta qualidade e artesanato requintado para garantir a durabilidade e a conveni\u00eancia de limpeza do lavat\u00f3rio. O design redondo requintado n\u00e3o \u00e9 apenas bonito e generoso, mas tamb\u00e9m um s\u00edmbolo da moda das casas de banho modernas.<\/p>\n<table style=\"border-collapse: collapse; width: 311.02pt;\" border=\"0\" width=\"311\" cellspacing=\"0\" cellpadding=\"0\">\n<tbody>\n<tr style=\"height: 17.60pt;\">\n<td class=\"et3\" style=\"height: 17.60pt; width: 108.35pt;\" width=\"108\" height=\"17\">Fabricante<\/td>\n<td class=\"et3\" style=\"width: 202.95pt;\" width=\"202\">HanYu<\/td>\n<\/tr>\n<tr style=\"height: 17.60pt;\">\n<td class=\"et3\" style=\"height: 17.60pt;\" height=\"17\">Modelo n.<\/td>\n<td class=\"et4\">HY3105<\/td>\n<\/tr>\n<tr style=\"height: 17.60pt;\">\n<td class=\"et3\" style=\"height: 17.60pt;\" height=\"17\">Tipo<\/td>\n<td class=\"et3\">Lavat\u00f3rio de parede<\/td>\n<\/tr>\n<tr style=\"height: 17.60pt;\">\n<td class=\"et3\" style=\"height: 17.60pt;\" height=\"17\">Forma<\/td>\n<td class=\"et3\">Forma redonda<\/td>\n<\/tr>\n<tr style=\"height: 17.60pt;\">\n<td class=\"et4\" style=\"height: 17.60pt;\" height=\"17\">Cor<\/td>\n<td class=\"et3\">Branco<\/td>\n<\/tr>\n<tr style=\"height: 18.00pt;\">\n<td class=\"et3\" style=\"height: 18.00pt;\" height=\"18\">Dimens\u00e3o<\/td>\n<td class=\"et5\" style=\"width: 202.95pt;\" width=\"202\">44*47*39<\/td>\n<\/tr>\n<tr style=\"height: 17.60pt;\">\n<td class=\"et3\" style=\"height: 17.60pt;\" height=\"17\">N.W \/SET<\/td>\n<td class=\"et3\">19KGS\/PCS<\/td>\n<\/tr>\n<tr style=\"height: 17.60pt;\">\n<td class=\"et3\" style=\"height: 17.60pt;\" height=\"17\">MOQ<\/td>\n<td class=\"et3\">20 unidades<\/td>\n<\/tr>\n<tr style=\"height: 17.60pt;\">\n<td class=\"et3\" style=\"height: 17.60pt;\" height=\"17\">Op\u00e7\u00e3o personalizada<\/td>\n<td class=\"et3\">Cor\/Patente\/Tamanho\/Logotipo\/Embalagem<\/td>\n<\/tr>\n<\/tbody>\n<\/table>","protected":false},"featured_media":3345,"comment_status":"closed","ping_status":"closed","template":"","meta":{"_acf_changed":false},"product_brand":[],"product_cat":[57],"product_tag":[],"class_list":{"0":"post-3343","1":"product","2":"type-product","3":"status-publish","4":"has-post-thumbnail","6":"product_cat-wholesale-wall-mounted-sinks","8":"first","9":"instock","10":"shipping-taxable","11":"product-type-simple"},"acf":[],"_links":{"self":[{"href":"https:\/\/www.ceramicbasin.com\/pt\/wp-json\/wp\/v2\/product\/3343","targetHints":{"allow":["GET"]}}],"collection":[{"href":"https:\/\/www.ceramicbasin.com\/pt\/wp-json\/wp\/v2\/product"}],"about":[{"href":"https:\/\/www.ceramicbasin.com\/pt\/wp-json\/wp\/v2\/types\/product"}],"replies":[{"embeddable":true,"href":"https:\/\/www.ceramicbasin.com\/pt\/wp-json\/wp\/v2\/comments?post=3343"}],"wp:featuredmedia":[{"embeddable":true,"href":"https:\/\/www.ceramicbasin.com\/pt\/wp-json\/wp\/v2\/media\/3345"}],"wp:attachment":[{"href":"https:\/\/www.ceramicbasin.com\/pt\/wp-json\/wp\/v2\/media?parent=3343"}],"wp:term":[{"taxonomy":"product_brand","embeddable":true,"href":"https:\/\/www.ceramicbasin.com\/pt\/wp-json\/wp\/v2\/product_brand?post=3343"},{"taxonomy":"product_cat","embeddable":true,"href":"https:\/\/www.ceramicbasin.com\/pt\/wp-json\/wp\/v2\/product_cat?post=3343"},{"taxonomy":"product_tag","embeddable":true,"href":"https:\/\/www.ceramicbasin.com\/pt\/wp-json\/wp\/v2\/product_tag?post=3343"}],"curies":[{"name":"wp","href":"https:\/\/api.w.org\/{rel}","templated":true}]}}