{"id":3358,"date":"2024-07-15T09:50:44","date_gmt":"2024-07-15T09:50:44","guid":{"rendered":"https:\/\/www.ceramicbasin.com\/?post_type=product&#038;p=3358"},"modified":"2024-11-01T10:11:36","modified_gmt":"2024-11-01T10:11:36","slug":"custom-wall-mounted-sinks-in-bulk","status":"publish","type":"product","link":"https:\/\/www.ceramicbasin.com\/pt\/produto\/custom-wall-mounted-sinks-in-bulk\/","title":{"rendered":"Pias de parede personalizadas de alta qualidade, lavat\u00f3rios por atacado"},"content":{"rendered":"<div class=\"wp-block-columns is-layout-flex wp-container-core-columns-is-layout-9d6595d7 wp-block-columns-is-layout-flex\">\n<div class=\"wp-block-column is-layout-flow wp-block-column-is-layout-flow\">\n<h2 class=\"wp-block-heading\">Pias de parede personalizadas Premium Carater\u00edsticas:<\/h2>\n\n\n\n<ul class=\"wp-block-list\">\n<li><strong>Design cl\u00e1ssico: <\/strong>Este lavat\u00f3rio mural personalizado a granel apresenta um conceito de design cl\u00e1ssico e moderno, com linhas simples e suaves, que se enquadra perfeitamente em qualquer estilo de casa de banho e real\u00e7a a beleza e a experi\u00eancia de utiliza\u00e7\u00e3o do espa\u00e7o.<\/li>\n\n\n\n<li><strong>Entrega r\u00e1pida: <\/strong>Os nossos lava-loi\u00e7as de parede personalizados a granel t\u00eam um invent\u00e1rio suficiente e podem ser enviados rapidamente mesmo se forem comprados em grandes quantidades, satisfazendo as necessidades de projectos urgentes e encurtando o per\u00edodo de constru\u00e7\u00e3o.<\/li>\n\n\n\n<li><strong>Personaliza\u00e7\u00e3o de alta qualidade: <\/strong>Fornecemos servi\u00e7os de personaliza\u00e7\u00e3o topo de gama para garantir que cada lavat\u00f3rio de parede a granel satisfaz as necessidades da sua marca, desde o tamanho \u00e0 cor, para criar um ponto focal \u00fanico na casa de banho.<\/li>\n\n\n\n<li><strong>Acess\u00edvel: <\/strong>Apesar da excelente qualidade, os nossos lavat\u00f3rios de casa de banho por atacado s\u00e3o acess\u00edveis e as compras a granel beneficiam de mais descontos, fazendo com que a personaliza\u00e7\u00e3o topo de gama deixe de estar fora de alcance e seja adequada a todos os or\u00e7amentos.<\/li>\n<\/ul>\n<\/div>\n\n\n\n<div class=\"wp-block-column is-layout-flow wp-block-column-is-layout-flow\">\n<figure class=\"wp-block-image size-full\"><img fetchpriority=\"high\" decoding=\"async\" width=\"667\" height=\"959\" src=\"https:\/\/www.ceramicbasin.com\/wp-content\/uploads\/2024\/07\/top-quality-custom-wall-mounted-sinks-in-bulk-with-low-price-8.webp\" alt=\"pias de parede personalizadas de alta qualidade a granel com pre\u00e7o baixo-8\" class=\"wp-image-3366\" srcset=\"https:\/\/www.ceramicbasin.com\/wp-content\/uploads\/2024\/07\/top-quality-custom-wall-mounted-sinks-in-bulk-with-low-price-8.webp 667w, https:\/\/www.ceramicbasin.com\/wp-content\/uploads\/2024\/07\/top-quality-custom-wall-mounted-sinks-in-bulk-with-low-price-8-209x300.webp 209w, https:\/\/www.ceramicbasin.com\/wp-content\/uploads\/2024\/07\/top-quality-custom-wall-mounted-sinks-in-bulk-with-low-price-8-8x12.webp 8w, https:\/\/www.ceramicbasin.com\/wp-content\/uploads\/2024\/07\/top-quality-custom-wall-mounted-sinks-in-bulk-with-low-price-8-285x410.webp 285w, https:\/\/www.ceramicbasin.com\/wp-content\/uploads\/2024\/07\/top-quality-custom-wall-mounted-sinks-in-bulk-with-low-price-8-459x660.webp 459w, https:\/\/www.ceramicbasin.com\/wp-content\/uploads\/2024\/07\/top-quality-custom-wall-mounted-sinks-in-bulk-with-low-price-8-104x150.webp 104w\" sizes=\"(max-width: 667px) 100vw, 667px\" \/><\/figure>\n<\/div>\n<\/div>","protected":false},"excerpt":{"rendered":"<p>Bem-vindo \u00e0 compra de lavat\u00f3rios por grosso. Os lavat\u00f3rios de parede personalizados da HanYu a granel s\u00e3o concebidos para clientes que procuram um equil\u00edbrio entre qualidade e rentabilidade. O estilo de design cl\u00e1ssico combinado com uma est\u00e9tica moderna faz deste lavat\u00f3rio de parede uma obra de arte na casa de banho. Com um grande stock, podemos responder rapidamente a encomendas de grande volume, reduzir o tempo de espera e acelerar o progresso do projeto.<\/p>\n<table style=\"border-collapse: collapse; width: 311.02pt;\" border=\"0\" width=\"311\" cellspacing=\"0\" cellpadding=\"0\">\n<tbody>\n<tr style=\"height: 17.60pt;\">\n<td class=\"et3\" style=\"height: 17.60pt; width: 108.35pt;\" width=\"108\" height=\"17\">Fabricante<\/td>\n<td class=\"et3\" style=\"width: 202.95pt;\" width=\"202\">HanYu<\/td>\n<\/tr>\n<tr style=\"height: 17.60pt;\">\n<td class=\"et3\" style=\"height: 17.60pt;\" height=\"17\">Modelo n.<\/td>\n<td class=\"et4\">HY3052<\/td>\n<\/tr>\n<tr style=\"height: 17.60pt;\">\n<td class=\"et3\" style=\"height: 17.60pt;\" height=\"17\">Tipo<\/td>\n<td class=\"et3\">Lavat\u00f3rio de parede, Mini lavat\u00f3rio<\/td>\n<\/tr>\n<tr style=\"height: 17.60pt;\">\n<td class=\"et3\" style=\"height: 17.60pt;\" height=\"17\">Forma<\/td>\n<td class=\"et3\">Forma redonda<\/td>\n<\/tr>\n<tr style=\"height: 17.60pt;\">\n<td class=\"et4\" style=\"height: 17.60pt;\" height=\"17\">Cor<\/td>\n<td class=\"et3\">Branco<\/td>\n<\/tr>\n<tr style=\"height: 18.00pt;\">\n<td class=\"et3\" style=\"height: 18.00pt;\" height=\"18\">Dimens\u00e3o<\/td>\n<td class=\"et6\" style=\"width: 202.95pt;\" width=\"202\">45*28*15<\/td>\n<\/tr>\n<tr style=\"height: 17.60pt;\">\n<td class=\"et3\" style=\"height: 17.60pt;\" height=\"17\">N.W \/SET<\/td>\n<td class=\"et3\">7.5KGS\/PCS<\/td>\n<\/tr>\n<tr style=\"height: 17.60pt;\">\n<td class=\"et3\" style=\"height: 17.60pt;\" height=\"17\">MOQ<\/td>\n<td class=\"et3\">20 unidades<\/td>\n<\/tr>\n<tr style=\"height: 17.60pt;\">\n<td class=\"et3\" style=\"height: 17.60pt;\" height=\"17\">Op\u00e7\u00e3o personalizada<\/td>\n<td class=\"et3\">Cor\/Patente\/Tamanho\/Logotipo\/Embalagem<\/td>\n<\/tr>\n<\/tbody>\n<\/table>","protected":false},"featured_media":3363,"comment_status":"closed","ping_status":"closed","template":"","meta":{"_acf_changed":false},"product_brand":[],"product_cat":[57,56],"product_tag":[],"class_list":{"0":"post-3358","1":"product","2":"type-product","3":"status-publish","4":"has-post-thumbnail","6":"product_cat-wholesale-wall-mounted-sinks","7":"product_cat-wholesale-small-bathroom-sinks","9":"first","10":"instock","11":"shipping-taxable","12":"product-type-simple"},"acf":[],"_links":{"self":[{"href":"https:\/\/www.ceramicbasin.com\/pt\/wp-json\/wp\/v2\/product\/3358","targetHints":{"allow":["GET"]}}],"collection":[{"href":"https:\/\/www.ceramicbasin.com\/pt\/wp-json\/wp\/v2\/product"}],"about":[{"href":"https:\/\/www.ceramicbasin.com\/pt\/wp-json\/wp\/v2\/types\/product"}],"replies":[{"embeddable":true,"href":"https:\/\/www.ceramicbasin.com\/pt\/wp-json\/wp\/v2\/comments?post=3358"}],"wp:featuredmedia":[{"embeddable":true,"href":"https:\/\/www.ceramicbasin.com\/pt\/wp-json\/wp\/v2\/media\/3363"}],"wp:attachment":[{"href":"https:\/\/www.ceramicbasin.com\/pt\/wp-json\/wp\/v2\/media?parent=3358"}],"wp:term":[{"taxonomy":"product_brand","embeddable":true,"href":"https:\/\/www.ceramicbasin.com\/pt\/wp-json\/wp\/v2\/product_brand?post=3358"},{"taxonomy":"product_cat","embeddable":true,"href":"https:\/\/www.ceramicbasin.com\/pt\/wp-json\/wp\/v2\/product_cat?post=3358"},{"taxonomy":"product_tag","embeddable":true,"href":"https:\/\/www.ceramicbasin.com\/pt\/wp-json\/wp\/v2\/product_tag?post=3358"}],"curies":[{"name":"wp","href":"https:\/\/api.w.org\/{rel}","templated":true}]}}