{"id":3368,"date":"2024-07-15T10:04:49","date_gmt":"2024-07-15T10:04:49","guid":{"rendered":"https:\/\/www.ceramicbasin.com\/?post_type=product&#038;p=3368"},"modified":"2024-11-01T10:07:42","modified_gmt":"2024-11-01T10:07:42","slug":"wall-mounted-basins-in-bulk","status":"publish","type":"product","link":"https:\/\/www.ceramicbasin.com\/pt\/produto\/wall-mounted-basins-in-bulk\/","title":{"rendered":"Lavat\u00f3rios de parede em cer\u00e2mica a granel, lavat\u00f3rios por atacado"},"content":{"rendered":"<div class=\"wp-block-columns is-layout-flex wp-container-core-columns-is-layout-9d6595d7 wp-block-columns-is-layout-flex\">\n<div class=\"wp-block-column is-layout-flow wp-block-column-is-layout-flow\">\n<h2 class=\"wp-block-heading\">Lavat\u00f3rios de parede Premium a granel Carater\u00edsticas:<\/h2>\n\n\n\n<ul class=\"wp-block-list\">\n<li><strong>Servi\u00e7o de entrega r\u00e1pida:<\/strong> Prometemos uma log\u00edstica e entrega eficientes para garantir que as grandes encomendas de lavat\u00f3rios de casa de banho por atacado possam ser entregues rapidamente, acelerando o progresso do seu projeto e satisfazendo as necessidades urgentes de constru\u00e7\u00e3o.<\/li>\n\n\n\n<li><strong>Prepara\u00e7\u00e3o de invent\u00e1rios de grandes volumes: <\/strong>Estes lavat\u00f3rios murais a granel disp\u00f5em de um invent\u00e1rio suficiente e podem responder imediatamente, mesmo em caso de compras a granel, sem esperar muito tempo pelo reabastecimento, encurtando o tempo de espera do projeto.<\/li>\n\n\n\n<li><strong>Lavat\u00f3rios murais de alta qualidade:<\/strong> Este lavat\u00f3rio de parede a granel utiliza materiais de alta qualidade e um artesanato requintado. Cada bacia \u00e9 submetida a um controlo de qualidade rigoroso para garantir a durabilidade e a beleza, e melhorar a qualidade do espa\u00e7o de banho.<\/li>\n\n\n\n<li><strong>Op\u00e7\u00f5es de personaliza\u00e7\u00e3o: <\/strong>Fornecer servi\u00e7os personalizados, desde a cor, tamanho a fun\u00e7\u00f5es especiais, para satisfazer as suas necessidades personalizadas de lavat\u00f3rios de casa de banho, para que cada produto possa ser perfeitamente integrado no seu conceito de design.<\/li>\n<\/ul>\n<\/div>\n\n\n\n<div class=\"wp-block-column is-layout-flow wp-block-column-is-layout-flow\">\n<figure class=\"wp-block-image size-full\"><img fetchpriority=\"high\" decoding=\"async\" width=\"601\" height=\"871\" src=\"https:\/\/www.ceramicbasin.com\/wp-content\/uploads\/2024\/07\/fast-delivery-wall-mounted-basins-in-bulk-for-your-project-8.webp\" alt=\"entrega r\u00e1pida-bacias montadas na parede a granel-para-o-seu-projeto-8\" class=\"wp-image-3376\" srcset=\"https:\/\/www.ceramicbasin.com\/wp-content\/uploads\/2024\/07\/fast-delivery-wall-mounted-basins-in-bulk-for-your-project-8.webp 601w, https:\/\/www.ceramicbasin.com\/wp-content\/uploads\/2024\/07\/fast-delivery-wall-mounted-basins-in-bulk-for-your-project-8-207x300.webp 207w, https:\/\/www.ceramicbasin.com\/wp-content\/uploads\/2024\/07\/fast-delivery-wall-mounted-basins-in-bulk-for-your-project-8-8x12.webp 8w, https:\/\/www.ceramicbasin.com\/wp-content\/uploads\/2024\/07\/fast-delivery-wall-mounted-basins-in-bulk-for-your-project-8-285x413.webp 285w, https:\/\/www.ceramicbasin.com\/wp-content\/uploads\/2024\/07\/fast-delivery-wall-mounted-basins-in-bulk-for-your-project-8-455x660.webp 455w, https:\/\/www.ceramicbasin.com\/wp-content\/uploads\/2024\/07\/fast-delivery-wall-mounted-basins-in-bulk-for-your-project-8-104x150.webp 104w\" sizes=\"(max-width: 601px) 100vw, 601px\" \/><\/figure>\n<\/div>\n<\/div>","protected":false},"excerpt":{"rendered":"<p>Bem-vindo \u00e0 compra de lavat\u00f3rios por grosso. Os nossos lavat\u00f3rios de parede a granel s\u00e3o cuidadosamente fabricados para garantir a sua beleza e durabilidade. H\u00e1 uma grande quantidade de prepara\u00e7\u00e3o de invent\u00e1rio de pias de banheiro, servi\u00e7o de entrega r\u00e1pida, para atender \u00e0s necessidades urgentes do projeto. Tamb\u00e9m fornecemos servi\u00e7os personalizados, para que possa ajustar os detalhes do produto de acordo com as necessidades do projeto para obter uma combina\u00e7\u00e3o perfeita no design.<\/p>\n<table style=\"border-collapse: collapse; width: 311.02pt;\" border=\"0\" width=\"311\" cellspacing=\"0\" cellpadding=\"0\">\n<tbody>\n<tr style=\"height: 17.60pt;\">\n<td class=\"et3\" style=\"height: 17.60pt; width: 108.35pt;\" width=\"108\" height=\"17\">Fabricante<\/td>\n<td class=\"et3\" style=\"width: 202.95pt;\" width=\"202\">HanYu<\/td>\n<\/tr>\n<tr style=\"height: 17.60pt;\">\n<td class=\"et3\" style=\"height: 17.60pt;\" height=\"17\">Modelo n.<\/td>\n<td class=\"et4\">HY3062<\/td>\n<\/tr>\n<tr style=\"height: 17.60pt;\">\n<td class=\"et3\" style=\"height: 17.60pt;\" height=\"17\">Tipo<\/td>\n<td class=\"et3\">Lavat\u00f3rio de parede<\/td>\n<\/tr>\n<tr style=\"height: 17.60pt;\">\n<td class=\"et3\" style=\"height: 17.60pt;\" height=\"17\">Forma<\/td>\n<td class=\"et3\">Forma redonda<\/td>\n<\/tr>\n<tr style=\"height: 17.60pt;\">\n<td class=\"et4\" style=\"height: 17.60pt;\" height=\"17\">Cor<\/td>\n<td class=\"et3\">Branco<\/td>\n<\/tr>\n<tr style=\"height: 18.00pt;\">\n<td class=\"et3\" style=\"height: 18.00pt;\" height=\"18\">Dimens\u00e3o<\/td>\n<td class=\"et6\" style=\"width: 202.95pt;\" width=\"202\">43*36*18<\/td>\n<\/tr>\n<tr style=\"height: 17.60pt;\">\n<td class=\"et3\" style=\"height: 17.60pt;\" height=\"17\">N.W \/SET<\/td>\n<td class=\"et3\">9.5KGS\/PCS<\/td>\n<\/tr>\n<tr style=\"height: 17.60pt;\">\n<td class=\"et3\" style=\"height: 17.60pt;\" height=\"17\">MOQ<\/td>\n<td class=\"et3\">20 unidades<\/td>\n<\/tr>\n<tr style=\"height: 17.60pt;\">\n<td class=\"et3\" style=\"height: 17.60pt;\" height=\"17\">Op\u00e7\u00e3o personalizada<\/td>\n<td class=\"et3\">Cor\/Patente\/Tamanho\/Logotipo\/Embalagem<\/td>\n<\/tr>\n<\/tbody>\n<\/table>","protected":false},"featured_media":3375,"comment_status":"closed","ping_status":"closed","template":"","meta":{"_acf_changed":false},"product_brand":[],"product_cat":[57],"product_tag":[],"class_list":{"0":"post-3368","1":"product","2":"type-product","3":"status-publish","4":"has-post-thumbnail","6":"product_cat-wholesale-wall-mounted-sinks","8":"first","9":"instock","10":"shipping-taxable","11":"product-type-simple"},"acf":[],"_links":{"self":[{"href":"https:\/\/www.ceramicbasin.com\/pt\/wp-json\/wp\/v2\/product\/3368","targetHints":{"allow":["GET"]}}],"collection":[{"href":"https:\/\/www.ceramicbasin.com\/pt\/wp-json\/wp\/v2\/product"}],"about":[{"href":"https:\/\/www.ceramicbasin.com\/pt\/wp-json\/wp\/v2\/types\/product"}],"replies":[{"embeddable":true,"href":"https:\/\/www.ceramicbasin.com\/pt\/wp-json\/wp\/v2\/comments?post=3368"}],"wp:featuredmedia":[{"embeddable":true,"href":"https:\/\/www.ceramicbasin.com\/pt\/wp-json\/wp\/v2\/media\/3375"}],"wp:attachment":[{"href":"https:\/\/www.ceramicbasin.com\/pt\/wp-json\/wp\/v2\/media?parent=3368"}],"wp:term":[{"taxonomy":"product_brand","embeddable":true,"href":"https:\/\/www.ceramicbasin.com\/pt\/wp-json\/wp\/v2\/product_brand?post=3368"},{"taxonomy":"product_cat","embeddable":true,"href":"https:\/\/www.ceramicbasin.com\/pt\/wp-json\/wp\/v2\/product_cat?post=3368"},{"taxonomy":"product_tag","embeddable":true,"href":"https:\/\/www.ceramicbasin.com\/pt\/wp-json\/wp\/v2\/product_tag?post=3368"}],"curies":[{"name":"wp","href":"https:\/\/api.w.org\/{rel}","templated":true}]}}