{"id":3381,"date":"2024-07-16T08:27:49","date_gmt":"2024-07-16T08:27:49","guid":{"rendered":"https:\/\/www.ceramicbasin.com\/?post_type=product&#038;p=3381"},"modified":"2024-11-01T10:05:20","modified_gmt":"2024-11-01T10:05:20","slug":"wall-hanging-ceramic-basins-wholesale","status":"publish","type":"product","link":"https:\/\/www.ceramicbasin.com\/pt\/produto\/wall-hanging-ceramic-basins-wholesale\/","title":{"rendered":"Bacias de cer\u00e2mica suspensas na parede dur\u00e1veis por atacado para casa de banho"},"content":{"rendered":"<div class=\"wp-block-columns is-layout-flex wp-container-core-columns-is-layout-9d6595d7 wp-block-columns-is-layout-flex\">\n<div class=\"wp-block-column is-layout-flow wp-block-column-is-layout-flow\">\n<h2 class=\"wp-block-heading\">Bacias de cer\u00e2mica suspensas na parede Premium Carater\u00edsticas por atacado:<\/h2>\n\n\n\n<ul class=\"wp-block-list\">\n<li><strong>Simplicidade e beleza: <\/strong>Estas bacias de cer\u00e2mica para pendurar na parede t\u00eam um design simples. Al\u00e9m disso, a superf\u00edcie de cer\u00e2mica branca \u00e9 lisa e delicada, e f\u00e1cil de limpar.<\/li>\n\n\n\n<li><strong>Design suspenso na parede: <\/strong>As nossas bacias suspensas por atacado utilizam a instala\u00e7\u00e3o suspensa na parede, poupando espa\u00e7o, tornando o ch\u00e3o mais conveniente para limpar, enquanto aumentam a modernidade e a limpeza da casa de banho.<\/li>\n\n\n\n<li><strong>Material cer\u00e2mico duradouro: <\/strong>As nossas bacias de cer\u00e2mica para pendurar na parede s\u00e3o feitas de materiais cer\u00e2micos de alta classe que garantem que o produto \u00e9 altamente duro com alta resist\u00eancia \u00e0 corros\u00e3o, permitindo assim uma utiliza\u00e7\u00e3o prolongada mesmo numa casa de banho p\u00fablica com alta humidade.<\/li>\n\n\n\n<li><strong>Desconto para compras em massa: <\/strong>Como um fabricante profissional de bacias de cer\u00e2mica na China, HanYu oferece pre\u00e7os por atacado muito competitivos para bacias suspensas por atacado, adequado para as necessidades de compra em grande escala de hot\u00e9is, escolas, hospitais e locais p\u00fablicos.<\/li>\n<\/ul>\n<\/div>\n\n\n\n<div class=\"wp-block-column is-layout-flow wp-block-column-is-layout-flow\">\n<figure class=\"wp-block-image size-full\"><img fetchpriority=\"high\" decoding=\"async\" width=\"1346\" height=\"1787\" src=\"https:\/\/www.ceramicbasin.com\/wp-content\/uploads\/2024\/07\/durable-wall-hanging-ceramic-basins-wholesale-for-washroom-6.webp\" alt=\"lavat\u00f3rios cer\u00e2micos suspensos na parede dur\u00e1veis-venda a retalho-para-salas-de-banho-2\" class=\"wp-image-3387\" srcset=\"https:\/\/www.ceramicbasin.com\/wp-content\/uploads\/2024\/07\/durable-wall-hanging-ceramic-basins-wholesale-for-washroom-6.webp 1346w, https:\/\/www.ceramicbasin.com\/wp-content\/uploads\/2024\/07\/durable-wall-hanging-ceramic-basins-wholesale-for-washroom-6-226x300.webp 226w, https:\/\/www.ceramicbasin.com\/wp-content\/uploads\/2024\/07\/durable-wall-hanging-ceramic-basins-wholesale-for-washroom-6-768x1020.webp 768w, https:\/\/www.ceramicbasin.com\/wp-content\/uploads\/2024\/07\/durable-wall-hanging-ceramic-basins-wholesale-for-washroom-6-9x12.webp 9w, https:\/\/www.ceramicbasin.com\/wp-content\/uploads\/2024\/07\/durable-wall-hanging-ceramic-basins-wholesale-for-washroom-6-285x378.webp 285w, https:\/\/www.ceramicbasin.com\/wp-content\/uploads\/2024\/07\/durable-wall-hanging-ceramic-basins-wholesale-for-washroom-6-497x660.webp 497w, https:\/\/www.ceramicbasin.com\/wp-content\/uploads\/2024\/07\/durable-wall-hanging-ceramic-basins-wholesale-for-washroom-6-113x150.webp 113w\" sizes=\"(max-width: 1346px) 100vw, 1346px\" \/><\/figure>\n<\/div>\n<\/div>","protected":false},"excerpt":{"rendered":"<p>Bem-vindo \u00e0 compra de lavat\u00f3rios de cer\u00e2mica por grosso. Estes lavat\u00f3rios de cer\u00e2mica para pendurar na parede foram concebidos para locais p\u00fablicos que procuram praticidade e beleza. A sele\u00e7\u00e3o de materiais cer\u00e2micos superiores garante que a nossa bacia suspensa na parede tem uma excelente durabilidade e beleza. O design suspenso na parede n\u00e3o s\u00f3 poupa espa\u00e7o, como tamb\u00e9m facilita a limpeza do ch\u00e3o.<\/p>\n<table style=\"border-collapse: collapse; width: 311.02pt;\" border=\"0\" width=\"311\" cellspacing=\"0\" cellpadding=\"0\">\n<tbody>\n<tr style=\"height: 17.60pt;\">\n<td class=\"et3\" style=\"height: 17.60pt; width: 108.35pt;\" width=\"108\" height=\"17\">Fabricante<\/td>\n<td class=\"et3\" style=\"width: 202.95pt;\" width=\"202\">HanYu<\/td>\n<\/tr>\n<tr style=\"height: 17.60pt;\">\n<td class=\"et3\" style=\"height: 17.60pt;\" height=\"17\">Modelo n.<\/td>\n<td class=\"et4\">HY3103<\/td>\n<\/tr>\n<tr style=\"height: 17.60pt;\">\n<td class=\"et3\" style=\"height: 17.60pt;\" height=\"17\">Tipo<\/td>\n<td class=\"et3\">Lavat\u00f3rio de parede<\/td>\n<\/tr>\n<tr style=\"height: 17.60pt;\">\n<td class=\"et3\" style=\"height: 17.60pt;\" height=\"17\">Forma<\/td>\n<td class=\"et3\">Forma quadrada<\/td>\n<\/tr>\n<tr style=\"height: 17.60pt;\">\n<td class=\"et4\" style=\"height: 17.60pt;\" height=\"17\">Cor<\/td>\n<td class=\"et3\">Branco<\/td>\n<\/tr>\n<tr style=\"height: 18.00pt;\">\n<td class=\"et3\" style=\"height: 18.00pt;\" height=\"18\">Dimens\u00e3o<\/td>\n<td class=\"et5\" style=\"width: 202.95pt;\" width=\"202\">43*43*46<\/td>\n<\/tr>\n<tr style=\"height: 17.60pt;\">\n<td class=\"et3\" style=\"height: 17.60pt;\" height=\"17\">N.W \/SET<\/td>\n<td class=\"et3\">17KGS\/PCS<\/td>\n<\/tr>\n<tr style=\"height: 17.60pt;\">\n<td class=\"et3\" style=\"height: 17.60pt;\" height=\"17\">MOQ<\/td>\n<td class=\"et3\">20 unidades<\/td>\n<\/tr>\n<tr style=\"height: 17.60pt;\">\n<td class=\"et3\" style=\"height: 17.60pt;\" height=\"17\">Op\u00e7\u00e3o personalizada<\/td>\n<td class=\"et3\">Cor\/Patente\/Tamanho\/Logotipo\/Embalagem<\/td>\n<\/tr>\n<\/tbody>\n<\/table>","protected":false},"featured_media":3383,"comment_status":"closed","ping_status":"closed","template":"","meta":{"_acf_changed":false},"product_brand":[],"product_cat":[57],"product_tag":[],"class_list":{"0":"post-3381","1":"product","2":"type-product","3":"status-publish","4":"has-post-thumbnail","6":"product_cat-wholesale-wall-mounted-sinks","8":"first","9":"instock","10":"shipping-taxable","11":"product-type-simple"},"acf":[],"_links":{"self":[{"href":"https:\/\/www.ceramicbasin.com\/pt\/wp-json\/wp\/v2\/product\/3381","targetHints":{"allow":["GET"]}}],"collection":[{"href":"https:\/\/www.ceramicbasin.com\/pt\/wp-json\/wp\/v2\/product"}],"about":[{"href":"https:\/\/www.ceramicbasin.com\/pt\/wp-json\/wp\/v2\/types\/product"}],"replies":[{"embeddable":true,"href":"https:\/\/www.ceramicbasin.com\/pt\/wp-json\/wp\/v2\/comments?post=3381"}],"wp:featuredmedia":[{"embeddable":true,"href":"https:\/\/www.ceramicbasin.com\/pt\/wp-json\/wp\/v2\/media\/3383"}],"wp:attachment":[{"href":"https:\/\/www.ceramicbasin.com\/pt\/wp-json\/wp\/v2\/media?parent=3381"}],"wp:term":[{"taxonomy":"product_brand","embeddable":true,"href":"https:\/\/www.ceramicbasin.com\/pt\/wp-json\/wp\/v2\/product_brand?post=3381"},{"taxonomy":"product_cat","embeddable":true,"href":"https:\/\/www.ceramicbasin.com\/pt\/wp-json\/wp\/v2\/product_cat?post=3381"},{"taxonomy":"product_tag","embeddable":true,"href":"https:\/\/www.ceramicbasin.com\/pt\/wp-json\/wp\/v2\/product_tag?post=3381"}],"curies":[{"name":"wp","href":"https:\/\/api.w.org\/{rel}","templated":true}]}}