{"id":3398,"date":"2024-07-16T09:07:40","date_gmt":"2024-07-16T09:07:40","guid":{"rendered":"https:\/\/www.ceramicbasin.com\/?post_type=product&#038;p=3398"},"modified":"2024-07-23T09:40:45","modified_gmt":"2024-07-23T09:40:45","slug":"wall-hung-ceramic-basins-wholesale","status":"publish","type":"product","link":"https:\/\/www.ceramicbasin.com\/pt\/produto\/wall-hung-ceramic-basins-wholesale\/","title":{"rendered":"Bacias de cer\u00e2mica modernas suspensas por atacado com esmalte de limpeza f\u00e1cil"},"content":{"rendered":"<div class=\"wp-block-columns is-layout-flex wp-container-core-columns-is-layout-9d6595d7 wp-block-columns-is-layout-flex\">\n<div class=\"wp-block-column is-layout-flow wp-block-column-is-layout-flow\">\n<h2 class=\"wp-block-heading\">Bacias de cer\u00e2mica suspensas Premium Carater\u00edsticas por atacado:<\/h2>\n\n\n\n<ul class=\"wp-block-list\">\n<li><strong>Design moderno: <\/strong>Estas bacias de cer\u00e2mica suspensas por atacado s\u00e3o concebidas com uma est\u00e9tica moderna, e a sua forma irregular \u00fanica quebra as restri\u00e7\u00f5es tradicionais, acrescentando uma atmosfera art\u00edstica e um estilo personalizado \u00e0 casa de banho.<\/li>\n\n\n\n<li><strong>Instala\u00e7\u00e3o na parede: <\/strong>O design de montagem na parede poupa espa\u00e7o e \u00e9 f\u00e1cil de limpar. Estes lavat\u00f3rios cer\u00e2micos murais personalizados s\u00e3o particularmente adequados para casas de banho modernas e compactas, melhorando a arruma\u00e7\u00e3o e a modernidade de todo o espa\u00e7o. A posi\u00e7\u00e3o do orif\u00edcio da torneira \u00e0 esquerda ou \u00e0 direita est\u00e1 dispon\u00edvel para satisfazer as necessidades de diferentes disposi\u00e7\u00f5es da casa de banho.<\/li>\n\n\n\n<li><strong>Tratamento de esmalte f\u00e1cil de limpar: <\/strong>A superf\u00edcie desta bacia de cer\u00e2mica suspensa na parede adopta uma tecnologia especial de esmalte f\u00e1cil de limpar, que \u00e9 suave e delicada, as manchas n\u00e3o s\u00e3o f\u00e1ceis de aderir e s\u00e3o f\u00e1ceis de limpar.<\/li>\n\n\n\n<li><strong>Desconto para compras em massa: <\/strong>Como fabricante e fornecedor profissional de bacias de cer\u00e2mica, oferecemos pre\u00e7os muito competitivos, adequados para projectos de decora\u00e7\u00e3o em grande escala, como hot\u00e9is, apartamentos, escrit\u00f3rios, etc.<\/li>\n<\/ul>\n<\/div>\n\n\n\n<div class=\"wp-block-column is-layout-flow wp-block-column-is-layout-flow\">\n<figure class=\"wp-block-image size-full\"><img fetchpriority=\"high\" decoding=\"async\" width=\"653\" height=\"869\" src=\"https:\/\/www.ceramicbasin.com\/wp-content\/uploads\/2024\/07\/modern-wall-hung-ceramic-basins-wholesale-easy-clean-glaze-8.webp\" alt=\"lavat\u00f3rios cer\u00e2micos suspensos de parede modernos-venda por grosso-esmalte f\u00e1cil de limpar-8\" class=\"wp-image-3406\" srcset=\"https:\/\/www.ceramicbasin.com\/wp-content\/uploads\/2024\/07\/modern-wall-hung-ceramic-basins-wholesale-easy-clean-glaze-8.webp 653w, https:\/\/www.ceramicbasin.com\/wp-content\/uploads\/2024\/07\/modern-wall-hung-ceramic-basins-wholesale-easy-clean-glaze-8-225x300.webp 225w, https:\/\/www.ceramicbasin.com\/wp-content\/uploads\/2024\/07\/modern-wall-hung-ceramic-basins-wholesale-easy-clean-glaze-8-9x12.webp 9w, https:\/\/www.ceramicbasin.com\/wp-content\/uploads\/2024\/07\/modern-wall-hung-ceramic-basins-wholesale-easy-clean-glaze-8-285x379.webp 285w, https:\/\/www.ceramicbasin.com\/wp-content\/uploads\/2024\/07\/modern-wall-hung-ceramic-basins-wholesale-easy-clean-glaze-8-496x660.webp 496w, https:\/\/www.ceramicbasin.com\/wp-content\/uploads\/2024\/07\/modern-wall-hung-ceramic-basins-wholesale-easy-clean-glaze-8-113x150.webp 113w\" sizes=\"(max-width: 653px) 100vw, 653px\" \/><\/figure>\n<\/div>\n<\/div>","protected":false},"excerpt":{"rendered":"<p>Esta bacia de cer\u00e2mica suspensa por atacado adopta um conceito de design inovador para criar uma bacia de lavagem suspensa de forma irregular. O tratamento de esmalte f\u00e1cil de limpar garante que a superf\u00edcie do produto seja lisa e f\u00e1cil de limpar diariamente. O design flex\u00edvel da posi\u00e7\u00e3o de instala\u00e7\u00e3o da torneira torna a instala\u00e7\u00e3o mais conveniente.<\/p>\n<table style=\"border-collapse: collapse; width: 311.02pt;\" border=\"0\" width=\"311\" cellspacing=\"0\" cellpadding=\"0\">\n<tbody>\n<tr style=\"height: 17.60pt;\">\n<td class=\"et3\" style=\"height: 17.60pt; width: 108.35pt;\" width=\"108\" height=\"17\">Fabricante<\/td>\n<td class=\"et3\" style=\"width: 202.95pt;\" width=\"202\">HanYu<\/td>\n<\/tr>\n<tr style=\"height: 17.60pt;\">\n<td class=\"et3\" style=\"height: 17.60pt;\" height=\"17\">Modelo n.<\/td>\n<td class=\"et4\">HY5011<\/td>\n<\/tr>\n<tr style=\"height: 17.60pt;\">\n<td class=\"et3\" style=\"height: 17.60pt;\" height=\"17\">Tipo<\/td>\n<td class=\"et3\">Lavat\u00f3rio de parede<\/td>\n<\/tr>\n<tr style=\"height: 17.60pt;\">\n<td class=\"et3\" style=\"height: 17.60pt;\" height=\"17\">Forma<\/td>\n<td class=\"et2\">Forma irregular<\/td>\n<\/tr>\n<tr style=\"height: 17.60pt;\">\n<td class=\"et4\" style=\"height: 17.60pt;\" height=\"17\">Cor<\/td>\n<td class=\"et3\">Branco<\/td>\n<\/tr>\n<tr style=\"height: 18.00pt;\">\n<td class=\"et3\" style=\"height: 18.00pt;\" height=\"18\">Dimens\u00e3o<\/td>\n<td class=\"et5\" style=\"width: 202.95pt;\" width=\"202\">55*38*19<\/td>\n<\/tr>\n<tr style=\"height: 17.60pt;\">\n<td class=\"et3\" style=\"height: 17.60pt;\" height=\"17\">N.W \/SET<\/td>\n<td class=\"et3\">11KGS\/PCS<\/td>\n<\/tr>\n<tr style=\"height: 17.60pt;\">\n<td class=\"et3\" style=\"height: 17.60pt;\" height=\"17\">MOQ<\/td>\n<td class=\"et3\">20 unidades<\/td>\n<\/tr>\n<tr style=\"height: 17.60pt;\">\n<td class=\"et3\" style=\"height: 17.60pt;\" height=\"17\">Op\u00e7\u00e3o personalizada<\/td>\n<td class=\"et3\">Cor\/Patente\/Tamanho\/Logotipo\/Embalagem<\/td>\n<\/tr>\n<\/tbody>\n<\/table>","protected":false},"featured_media":3402,"comment_status":"closed","ping_status":"closed","template":"","meta":{"_acf_changed":false},"product_brand":[],"product_cat":[57],"product_tag":[],"class_list":{"0":"post-3398","1":"product","2":"type-product","3":"status-publish","4":"has-post-thumbnail","6":"product_cat-wholesale-wall-mounted-sinks","8":"first","9":"instock","10":"shipping-taxable","11":"product-type-simple"},"acf":[],"_links":{"self":[{"href":"https:\/\/www.ceramicbasin.com\/pt\/wp-json\/wp\/v2\/product\/3398","targetHints":{"allow":["GET"]}}],"collection":[{"href":"https:\/\/www.ceramicbasin.com\/pt\/wp-json\/wp\/v2\/product"}],"about":[{"href":"https:\/\/www.ceramicbasin.com\/pt\/wp-json\/wp\/v2\/types\/product"}],"replies":[{"embeddable":true,"href":"https:\/\/www.ceramicbasin.com\/pt\/wp-json\/wp\/v2\/comments?post=3398"}],"wp:featuredmedia":[{"embeddable":true,"href":"https:\/\/www.ceramicbasin.com\/pt\/wp-json\/wp\/v2\/media\/3402"}],"wp:attachment":[{"href":"https:\/\/www.ceramicbasin.com\/pt\/wp-json\/wp\/v2\/media?parent=3398"}],"wp:term":[{"taxonomy":"product_brand","embeddable":true,"href":"https:\/\/www.ceramicbasin.com\/pt\/wp-json\/wp\/v2\/product_brand?post=3398"},{"taxonomy":"product_cat","embeddable":true,"href":"https:\/\/www.ceramicbasin.com\/pt\/wp-json\/wp\/v2\/product_cat?post=3398"},{"taxonomy":"product_tag","embeddable":true,"href":"https:\/\/www.ceramicbasin.com\/pt\/wp-json\/wp\/v2\/product_tag?post=3398"}],"curies":[{"name":"wp","href":"https:\/\/api.w.org\/{rel}","templated":true}]}}