{"id":3416,"date":"2024-07-16T09:49:18","date_gmt":"2024-07-16T09:49:18","guid":{"rendered":"https:\/\/www.ceramicbasin.com\/?post_type=product&#038;p=3416"},"modified":"2024-11-01T09:58:43","modified_gmt":"2024-11-01T09:58:43","slug":"mini-wall-hang-basin-bulk","status":"publish","type":"product","link":"https:\/\/www.ceramicbasin.com\/pt\/produto\/mini-wall-hang-basin-bulk\/","title":{"rendered":"Mini lavat\u00f3rio de parede a granel, lavat\u00f3rios de casa de banho min\u00fasculos por atacado"},"content":{"rendered":"<div class=\"wp-block-columns is-layout-flex wp-container-core-columns-is-layout-9d6595d7 wp-block-columns-is-layout-flex\">\n<div class=\"wp-block-column is-layout-flow wp-block-column-is-layout-flow\">\n<h2 class=\"wp-block-heading\">Mini bacia de parede premium a granel Carater\u00edsticas:<\/h2>\n\n\n\n<ul class=\"wp-block-list\">\n<li><strong>Design optimizado em termos de espa\u00e7o: <\/strong>Este mini lavat\u00f3rio de parede foi concebido para casas de banho pequenas. O mini lavat\u00f3rio de parede poupa espa\u00e7o de forma eficaz e \u00e9 a escolha ideal para pequenos apartamentos ou quartos de hotel.<\/li>\n\n\n\n<li><strong>Material cer\u00e2mico de alta qualidade: <\/strong>Os nossos pequenos lavat\u00f3rios de casa de banho por atacado s\u00e3o feitos de mat\u00e9rias-primas cer\u00e2micas de alta qualidade e cozidos a altas temperaturas para garantir que o produto \u00e9 dur\u00e1vel, suave, f\u00e1cil de limpar e manter, e mant\u00e9m uma beleza duradoura.<\/li>\n\n\n\n<li><strong>Instala\u00e7\u00e3o na parede: <\/strong>Este mini lavat\u00f3rio de parede \u00e9 fixado na parede, o que n\u00e3o s\u00f3 poupa espa\u00e7o, como tamb\u00e9m facilita a limpeza do ch\u00e3o, melhorando a limpeza geral e a modernidade da casa de banho.<\/li>\n\n\n\n<li><strong>Vantagem do volume:<\/strong> Como fabricante profissional de bacias de cer\u00e2mica, a HanYu fornece pequenos lavat\u00f3rios de casa de banho por atacado com pre\u00e7os muito competitivos, adequados para necessidades de decora\u00e7\u00e3o em grande escala de hot\u00e9is, apartamentos e projectos residenciais.<\/li>\n<\/ul>\n<\/div>\n\n\n\n<div class=\"wp-block-column is-layout-flow wp-block-column-is-layout-flow\">\n<figure class=\"wp-block-image size-full\"><img fetchpriority=\"high\" decoding=\"async\" width=\"607\" height=\"879\" src=\"https:\/\/www.ceramicbasin.com\/wp-content\/uploads\/2024\/07\/factory-supply-mini-wall-hang-basin-bulk-for-tiny-bathroom-8.webp\" alt=\"fornecimento de f\u00e1brica mini-lavat\u00f3rio suspenso na parede para casa de banho pequena-8\" class=\"wp-image-3424\" srcset=\"https:\/\/www.ceramicbasin.com\/wp-content\/uploads\/2024\/07\/factory-supply-mini-wall-hang-basin-bulk-for-tiny-bathroom-8.webp 607w, https:\/\/www.ceramicbasin.com\/wp-content\/uploads\/2024\/07\/factory-supply-mini-wall-hang-basin-bulk-for-tiny-bathroom-8-207x300.webp 207w, https:\/\/www.ceramicbasin.com\/wp-content\/uploads\/2024\/07\/factory-supply-mini-wall-hang-basin-bulk-for-tiny-bathroom-8-8x12.webp 8w, https:\/\/www.ceramicbasin.com\/wp-content\/uploads\/2024\/07\/factory-supply-mini-wall-hang-basin-bulk-for-tiny-bathroom-8-285x413.webp 285w, https:\/\/www.ceramicbasin.com\/wp-content\/uploads\/2024\/07\/factory-supply-mini-wall-hang-basin-bulk-for-tiny-bathroom-8-456x660.webp 456w, https:\/\/www.ceramicbasin.com\/wp-content\/uploads\/2024\/07\/factory-supply-mini-wall-hang-basin-bulk-for-tiny-bathroom-8-104x150.webp 104w\" sizes=\"(max-width: 607px) 100vw, 607px\" \/><\/figure>\n<\/div>\n<\/div>","protected":false},"excerpt":{"rendered":"<p>Bem-vindo a comprar lavat\u00f3rios de casa de banho min\u00fasculos por atacado. Este mini lavat\u00f3rio de parede foi concebido para resolver os desafios das casas de banho com espa\u00e7os reduzidos. Os materiais cer\u00e2micos de alta qualidade selecionados garantem a durabilidade e a facilidade de limpeza do produto. O pre\u00e7o preferencial da compra a granel ajuda-o a controlar os custos.<\/p>\n<table style=\"border-collapse: collapse; width: 311.02pt;\" border=\"0\" width=\"311\" cellspacing=\"0\" cellpadding=\"0\">\n<tbody>\n<tr style=\"height: 17.60pt;\">\n<td class=\"et3\" style=\"height: 17.60pt; width: 108.35pt;\" width=\"108\" height=\"17\">Fabricante<\/td>\n<td class=\"et3\" style=\"width: 202.95pt;\" width=\"202\">HanYu<\/td>\n<\/tr>\n<tr style=\"height: 17.60pt;\">\n<td class=\"et3\" style=\"height: 17.60pt;\" height=\"17\">Modelo n.<\/td>\n<td class=\"et4\">HY3076<\/td>\n<\/tr>\n<tr style=\"height: 17.60pt;\">\n<td class=\"et3\" style=\"height: 17.60pt;\" height=\"17\">Tipo<\/td>\n<td class=\"et3\">Lavat\u00f3rio de parede, Lavat\u00f3rio pequeno<\/td>\n<\/tr>\n<tr style=\"height: 17.60pt;\">\n<td class=\"et3\" style=\"height: 17.60pt;\" height=\"17\">Forma<\/td>\n<td class=\"et3\">Forma retangular<\/td>\n<\/tr>\n<tr style=\"height: 17.60pt;\">\n<td class=\"et4\" style=\"height: 17.60pt;\" height=\"17\">Cor<\/td>\n<td class=\"et3\">Branco<\/td>\n<\/tr>\n<tr style=\"height: 18.00pt;\">\n<td class=\"et3\" style=\"height: 18.00pt;\" height=\"18\">Dimens\u00e3o<\/td>\n<td class=\"et6\" style=\"width: 202.95pt;\" width=\"202\">31*19*11<\/td>\n<\/tr>\n<tr style=\"height: 17.60pt;\">\n<td class=\"et3\" style=\"height: 17.60pt;\" height=\"17\">N.W \/SET<\/td>\n<td class=\"et3\">5KGS\/PCS<\/td>\n<\/tr>\n<tr style=\"height: 17.60pt;\">\n<td class=\"et3\" style=\"height: 17.60pt;\" height=\"17\">MOQ<\/td>\n<td class=\"et3\">10 unidades<\/td>\n<\/tr>\n<tr style=\"height: 17.60pt;\">\n<td class=\"et3\" style=\"height: 17.60pt;\" height=\"17\">Op\u00e7\u00e3o personalizada<\/td>\n<td class=\"et3\">Cor\/Patente\/Tamanho\/Logotipo\/Embalagem<\/td>\n<\/tr>\n<\/tbody>\n<\/table>","protected":false},"featured_media":3421,"comment_status":"closed","ping_status":"closed","template":"","meta":{"_acf_changed":false},"product_brand":[],"product_cat":[56],"product_tag":[],"class_list":{"0":"post-3416","1":"product","2":"type-product","3":"status-publish","4":"has-post-thumbnail","6":"product_cat-wholesale-small-bathroom-sinks","8":"first","9":"instock","10":"shipping-taxable","11":"product-type-simple"},"acf":[],"_links":{"self":[{"href":"https:\/\/www.ceramicbasin.com\/pt\/wp-json\/wp\/v2\/product\/3416","targetHints":{"allow":["GET"]}}],"collection":[{"href":"https:\/\/www.ceramicbasin.com\/pt\/wp-json\/wp\/v2\/product"}],"about":[{"href":"https:\/\/www.ceramicbasin.com\/pt\/wp-json\/wp\/v2\/types\/product"}],"replies":[{"embeddable":true,"href":"https:\/\/www.ceramicbasin.com\/pt\/wp-json\/wp\/v2\/comments?post=3416"}],"wp:featuredmedia":[{"embeddable":true,"href":"https:\/\/www.ceramicbasin.com\/pt\/wp-json\/wp\/v2\/media\/3421"}],"wp:attachment":[{"href":"https:\/\/www.ceramicbasin.com\/pt\/wp-json\/wp\/v2\/media?parent=3416"}],"wp:term":[{"taxonomy":"product_brand","embeddable":true,"href":"https:\/\/www.ceramicbasin.com\/pt\/wp-json\/wp\/v2\/product_brand?post=3416"},{"taxonomy":"product_cat","embeddable":true,"href":"https:\/\/www.ceramicbasin.com\/pt\/wp-json\/wp\/v2\/product_cat?post=3416"},{"taxonomy":"product_tag","embeddable":true,"href":"https:\/\/www.ceramicbasin.com\/pt\/wp-json\/wp\/v2\/product_tag?post=3416"}],"curies":[{"name":"wp","href":"https:\/\/api.w.org\/{rel}","templated":true}]}}