{"id":3425,"date":"2024-07-16T10:04:08","date_gmt":"2024-07-16T10:04:08","guid":{"rendered":"https:\/\/www.ceramicbasin.com\/?post_type=product&#038;p=3425"},"modified":"2025-10-23T09:21:13","modified_gmt":"2025-10-23T09:21:13","slug":"factory-supply-matt-basin-in-bulk","status":"publish","type":"product","link":"https:\/\/www.ceramicbasin.com\/pt\/produto\/factory-supply-matt-basin-in-bulk\/","title":{"rendered":"Bacia de Matt por atacado da f\u00e1brica a granel, pias de toucador rectangulares"},"content":{"rendered":"<div class=\"wp-block-columns is-layout-flex wp-container-core-columns-is-layout-9d6595d7 wp-block-columns-is-layout-flex\">\n<div class=\"wp-block-column is-layout-flow wp-block-column-is-layout-flow\">\n<h2 class=\"wp-block-heading\">Bacia de Matt Premium por atacado a granel Carater\u00edsticas:<\/h2>\n\n\n\n<ul class=\"wp-block-list\">\n<li><strong>Esmalte mate: <\/strong>Esta bacia de cer\u00e2mica mate a granel utiliza a mais recente e popular tecnologia de tratamento de esmalte mate, dando \u00e0 bacia mate uma experi\u00eancia t\u00e1til \u00fanica. A sua superf\u00edcie delicada e suave n\u00e3o \u00e9 apenas bonita, mas tamb\u00e9m proporciona conforto na utiliza\u00e7\u00e3o.<\/li>\n\n\n\n<li><strong>Variedade de cores: <\/strong>O nosso lavat\u00f3rio de vaidade por atacado oferece uma variedade de op\u00e7\u00f5es de cores, desde o tradicional ao moderno, cada cor foi cuidadosamente selecionada para garantir que \u00e9 perfeitamente combinada com o esmalte mate, trazendo um estilo personalizado ao espa\u00e7o da casa de banho.<\/li>\n\n\n\n<li><strong>Instala\u00e7\u00e3o f\u00e1cil: <\/strong>Concebidos para montagem acima do balc\u00e3o, estes lavat\u00f3rios mate por atacado a granel s\u00e3o f\u00e1ceis de instalar, oferecendo uma solu\u00e7\u00e3o sem complica\u00e7\u00f5es tanto para novas constru\u00e7\u00f5es como para renova\u00e7\u00f5es de casas de banho.<\/li>\n\n\n\n<li><strong>Fornecimento r\u00e1pido: <\/strong>Como um fabricante experiente de bacias de cer\u00e2mica, a HanYu tem uma forte capacidade de produ\u00e7\u00e3o e pode fornecer grandes quantidades de lavat\u00f3rios por atacado a uma excelente rela\u00e7\u00e3o pre\u00e7o-desempenho para garantir que o progresso do seu projeto n\u00e3o seja afetado.<\/li>\n<\/ul>\n<\/div>\n\n\n\n<div class=\"wp-block-column is-layout-flow wp-block-column-is-layout-flow\">\n<figure class=\"wp-block-image size-full\"><img fetchpriority=\"high\" decoding=\"async\" width=\"800\" height=\"800\" src=\"https:\/\/www.ceramicbasin.com\/wp-content\/uploads\/2024\/07\/above-counter-bathroom-sinks\uff0csink-counter-tops\uff0cmatt-white-basin6.webp\" alt=\"\" class=\"wp-image-7291\" srcset=\"https:\/\/www.ceramicbasin.com\/wp-content\/uploads\/2024\/07\/above-counter-bathroom-sinks\uff0csink-counter-tops\uff0cmatt-white-basin6.webp 800w, https:\/\/www.ceramicbasin.com\/wp-content\/uploads\/2024\/07\/above-counter-bathroom-sinks\uff0csink-counter-tops\uff0cmatt-white-basin6-300x300.webp 300w, https:\/\/www.ceramicbasin.com\/wp-content\/uploads\/2024\/07\/above-counter-bathroom-sinks\uff0csink-counter-tops\uff0cmatt-white-basin6-150x150.webp 150w, https:\/\/www.ceramicbasin.com\/wp-content\/uploads\/2024\/07\/above-counter-bathroom-sinks\uff0csink-counter-tops\uff0cmatt-white-basin6-768x768.webp 768w, https:\/\/www.ceramicbasin.com\/wp-content\/uploads\/2024\/07\/above-counter-bathroom-sinks\uff0csink-counter-tops\uff0cmatt-white-basin6-12x12.webp 12w, https:\/\/www.ceramicbasin.com\/wp-content\/uploads\/2024\/07\/above-counter-bathroom-sinks\uff0csink-counter-tops\uff0cmatt-white-basin6-285x285.webp 285w, https:\/\/www.ceramicbasin.com\/wp-content\/uploads\/2024\/07\/above-counter-bathroom-sinks\uff0csink-counter-tops\uff0cmatt-white-basin6-270x270.webp 270w, https:\/\/www.ceramicbasin.com\/wp-content\/uploads\/2024\/07\/above-counter-bathroom-sinks\uff0csink-counter-tops\uff0cmatt-white-basin6-540x540.webp 540w, https:\/\/www.ceramicbasin.com\/wp-content\/uploads\/2024\/07\/above-counter-bathroom-sinks\uff0csink-counter-tops\uff0cmatt-white-basin6-660x660.webp 660w\" sizes=\"(max-width: 800px) 100vw, 800px\" \/><\/figure>\n<\/div>\n<\/div>\n\n\n\n<p><\/p>","protected":false},"excerpt":{"rendered":"<p>Bem-vindo \u00e0 compra de lavat\u00f3rios de toucador por grosso. Este lavat\u00f3rio mate por atacado a granel destaca-se pela sua inovadora tecnologia de esmalte mate, que n\u00e3o s\u00f3 melhora a textura visual do produto, como tamb\u00e9m proporciona um extraordin\u00e1rio prazer t\u00e1til.<\/p>\n<table style=\"border-collapse: collapse; width: 311.02pt;\" border=\"0\" width=\"311\" cellspacing=\"0\" cellpadding=\"0\">\n<tbody>\n<tr style=\"height: 17.60pt;\">\n<td class=\"et3\" style=\"height: 17.60pt; width: 108.35pt;\" width=\"108\" height=\"17\">Fabricante<\/td>\n<td class=\"et3\" style=\"width: 202.95pt;\" width=\"202\">HanYu<\/td>\n<\/tr>\n<tr style=\"height: 17.60pt;\">\n<td class=\"et3\" style=\"height: 17.60pt;\" height=\"17\">Modelo n.<\/td>\n<td class=\"et4\">HY-8030AMB<\/td>\n<\/tr>\n<tr style=\"height: 17.60pt;\">\n<td class=\"et3\" style=\"height: 17.60pt;\" height=\"17\">Tipo<\/td>\n<td class=\"et3\">Lavat\u00f3rio mate, Lavat\u00f3rio de bancada<\/td>\n<\/tr>\n<tr style=\"height: 17.60pt;\">\n<td class=\"et3\" style=\"height: 17.60pt;\" height=\"17\">Forma<\/td>\n<td class=\"et3\">Forma retangular<\/td>\n<\/tr>\n<tr style=\"height: 36.00pt;\">\n<td class=\"et4\" style=\"height: 36.00pt;\" height=\"36\">Cor<\/td>\n<td class=\"et5\" style=\"width: 202.95pt;\" width=\"202\">Preto\/branco\/azul\/cinza\/rosa\/verde\/castanho\/caqui......<\/td>\n<\/tr>\n<tr style=\"height: 18.00pt;\">\n<td class=\"et3\" style=\"height: 18.00pt;\" height=\"18\">Dimens\u00e3o<\/td>\n<td class=\"et5\" style=\"width: 202.95pt;\" width=\"202\">60.5*35*11<\/td>\n<\/tr>\n<tr style=\"height: 17.60pt;\">\n<td class=\"et3\" style=\"height: 17.60pt;\" height=\"17\">N.W \/SET<\/td>\n<td class=\"et3\">15KGS\/PCS<\/td>\n<\/tr>\n<tr style=\"height: 17.60pt;\">\n<td class=\"et3\" style=\"height: 17.60pt;\" height=\"17\">MOQ<\/td>\n<td class=\"et3\">20 unidades<\/td>\n<\/tr>\n<tr style=\"height: 17.60pt;\">\n<td class=\"et3\" style=\"height: 17.60pt;\" height=\"17\">Op\u00e7\u00e3o personalizada<\/td>\n<td class=\"et3\">Cor\/Patente\/Tamanho\/Logotipo\/Embalagem<\/td>\n<\/tr>\n<\/tbody>\n<\/table>\n<p>&nbsp;<\/p>","protected":false},"featured_media":7289,"comment_status":"closed","ping_status":"closed","template":"","meta":{"_acf_changed":false},"product_brand":[],"product_cat":[55,50],"product_tag":[],"class_list":{"0":"post-3425","1":"product","2":"type-product","3":"status-publish","4":"has-post-thumbnail","6":"product_cat-wholesale-matte-sinks","7":"product_cat-wholesale-countertop-sinks","9":"first","10":"instock","11":"shipping-taxable","12":"product-type-simple"},"acf":[],"_links":{"self":[{"href":"https:\/\/www.ceramicbasin.com\/pt\/wp-json\/wp\/v2\/product\/3425","targetHints":{"allow":["GET"]}}],"collection":[{"href":"https:\/\/www.ceramicbasin.com\/pt\/wp-json\/wp\/v2\/product"}],"about":[{"href":"https:\/\/www.ceramicbasin.com\/pt\/wp-json\/wp\/v2\/types\/product"}],"replies":[{"embeddable":true,"href":"https:\/\/www.ceramicbasin.com\/pt\/wp-json\/wp\/v2\/comments?post=3425"}],"wp:featuredmedia":[{"embeddable":true,"href":"https:\/\/www.ceramicbasin.com\/pt\/wp-json\/wp\/v2\/media\/7289"}],"wp:attachment":[{"href":"https:\/\/www.ceramicbasin.com\/pt\/wp-json\/wp\/v2\/media?parent=3425"}],"wp:term":[{"taxonomy":"product_brand","embeddable":true,"href":"https:\/\/www.ceramicbasin.com\/pt\/wp-json\/wp\/v2\/product_brand?post=3425"},{"taxonomy":"product_cat","embeddable":true,"href":"https:\/\/www.ceramicbasin.com\/pt\/wp-json\/wp\/v2\/product_cat?post=3425"},{"taxonomy":"product_tag","embeddable":true,"href":"https:\/\/www.ceramicbasin.com\/pt\/wp-json\/wp\/v2\/product_tag?post=3425"}],"curies":[{"name":"wp","href":"https:\/\/api.w.org\/{rel}","templated":true}]}}