{"id":3440,"date":"2024-07-17T06:45:42","date_gmt":"2024-07-17T06:45:42","guid":{"rendered":"https:\/\/www.ceramicbasin.com\/?post_type=product&#038;p=3440"},"modified":"2024-07-26T09:03:44","modified_gmt":"2024-07-26T09:03:44","slug":"small-wall-hung-matt-basins-wholesale","status":"publish","type":"product","link":"https:\/\/www.ceramicbasin.com\/pt\/produto\/small-wall-hung-matt-basins-wholesale\/","title":{"rendered":"Pequenos lavat\u00f3rios de parede por atacado para casas de banho compactas"},"content":{"rendered":"<div class=\"wp-block-columns is-layout-flex wp-container-core-columns-is-layout-9d6595d7 wp-block-columns-is-layout-flex\">\n<div class=\"wp-block-column is-layout-flow wp-block-column-is-layout-flow\">\n<h2 class=\"wp-block-heading\">Bacias de Matt Premium Wholesale Carater\u00edsticas:<\/h2>\n\n\n\n<ul class=\"wp-block-list\">\n<li><strong>Design economizador de espa\u00e7o: <\/strong>Este lavat\u00f3rio mate por atacado foi especialmente concebido para casas de banho compactas. O pequeno design de montagem na parede poupa espa\u00e7o ao m\u00e1ximo, mantendo uma boa funcionalidade.<\/li>\n\n\n\n<li><strong>Textura de esmalte mate:<\/strong> As nossas bacias mate por atacado adoptam um tratamento de esmalte mate de alta qualidade, proporcionando um toque delicado e suave. N\u00e3o \u00e9 apenas bonito, mas tamb\u00e9m f\u00e1cil de limpar. Mant\u00e9m-se brilhante e limpo ap\u00f3s uma utiliza\u00e7\u00e3o prolongada.<\/li>\n\n\n\n<li><strong>F\u00e1cil de instalar e manter: <\/strong>A estrutura leve deste lavat\u00f3rio suspenso na parede \u00e9 conveniente para a fixa\u00e7\u00e3o na parede. Ao mesmo tempo, a superf\u00edcie lisa reduz a dificuldade de limpeza, poupando tempo e esfor\u00e7o.<\/li>\n\n\n\n<li><strong>Diversas op\u00e7\u00f5es de cores:<\/strong> Os nossos lavat\u00f3rios mate por atacado oferecem uma variedade de op\u00e7\u00f5es de cores para satisfazer as necessidades de diferentes estilos de decora\u00e7\u00e3o. Quer se trate de simplicidade moderna ou de estilo retro, pode encontrar uma combina\u00e7\u00e3o adequada.<\/li>\n<\/ul>\n<\/div>\n\n\n\n<div class=\"wp-block-column is-layout-flow wp-block-column-is-layout-flow\">\n<figure class=\"wp-block-image size-full\"><img fetchpriority=\"high\" decoding=\"async\" width=\"827\" height=\"1232\" src=\"https:\/\/www.ceramicbasin.com\/wp-content\/uploads\/2024\/07\/small-wall-hung-matt-basins-wholesale-for-compact-bathrooms-6.webp\" alt=\"lavat\u00f3rios de parede-matt-pequenos para casas de banho compactas-6\" class=\"wp-image-3446\" srcset=\"https:\/\/www.ceramicbasin.com\/wp-content\/uploads\/2024\/07\/small-wall-hung-matt-basins-wholesale-for-compact-bathrooms-6.webp 827w, https:\/\/www.ceramicbasin.com\/wp-content\/uploads\/2024\/07\/small-wall-hung-matt-basins-wholesale-for-compact-bathrooms-6-201x300.webp 201w, https:\/\/www.ceramicbasin.com\/wp-content\/uploads\/2024\/07\/small-wall-hung-matt-basins-wholesale-for-compact-bathrooms-6-768x1144.webp 768w, https:\/\/www.ceramicbasin.com\/wp-content\/uploads\/2024\/07\/small-wall-hung-matt-basins-wholesale-for-compact-bathrooms-6-8x12.webp 8w, https:\/\/www.ceramicbasin.com\/wp-content\/uploads\/2024\/07\/small-wall-hung-matt-basins-wholesale-for-compact-bathrooms-6-285x425.webp 285w, https:\/\/www.ceramicbasin.com\/wp-content\/uploads\/2024\/07\/small-wall-hung-matt-basins-wholesale-for-compact-bathrooms-6-443x660.webp 443w, https:\/\/www.ceramicbasin.com\/wp-content\/uploads\/2024\/07\/small-wall-hung-matt-basins-wholesale-for-compact-bathrooms-6-101x150.webp 101w\" sizes=\"(max-width: 827px) 100vw, 827px\" \/><\/figure>\n<\/div>\n<\/div>","protected":false},"excerpt":{"rendered":"<p>Concebidos para casas de banho compactas, os nossos pequenos lavat\u00f3rios de parede mate por atacado s\u00e3o a solu\u00e7\u00e3o perfeita para o espa\u00e7o, com a sua forma requintada e excelente funcionalidade. O tratamento de esmalte mate confere \u00e0 bacia uma textura \u00fanica, e \u00e9 f\u00e1cil de instalar e simples de manter. Uma rica sele\u00e7\u00e3o de cores pode satisfazer qualquer estilo de decora\u00e7\u00e3o de casa de banho.<\/p>\n<table style=\"border-collapse: collapse; width: 311.02pt;\" border=\"0\" width=\"311\" cellspacing=\"0\" cellpadding=\"0\">\n<tbody>\n<tr style=\"height: 17.60pt;\">\n<td class=\"et3\" style=\"height: 17.60pt; width: 108.35pt;\" width=\"108\" height=\"17\">Fabricante<\/td>\n<td class=\"et3\" style=\"width: 202.95pt;\" width=\"202\">HanYu<\/td>\n<\/tr>\n<tr style=\"height: 17.60pt;\">\n<td class=\"et3\" style=\"height: 17.60pt;\" height=\"17\">Modelo n.<\/td>\n<td class=\"et4\">HY-3085RMB<\/td>\n<\/tr>\n<tr style=\"height: 36.00pt;\">\n<td class=\"et3\" style=\"height: 36.00pt;\" height=\"36\">Tipo<\/td>\n<td class=\"et5\" style=\"width: 202.95pt;\" width=\"202\">Lavat\u00f3rio mate, Lavat\u00f3rio de parede, Lavat\u00f3rio pequeno<\/td>\n<\/tr>\n<tr style=\"height: 17.60pt;\">\n<td class=\"et3\" style=\"height: 17.60pt;\" height=\"17\">Forma<\/td>\n<td class=\"et3\">Forma retangular<\/td>\n<\/tr>\n<tr style=\"height: 36.00pt;\">\n<td class=\"et4\" style=\"height: 36.00pt;\" height=\"36\">Cor<\/td>\n<td class=\"et5\" style=\"width: 202.95pt;\" width=\"202\">Preto\/branco\/azul\/cinza\/rosa\/verde\/castanho\/caqui......<\/td>\n<\/tr>\n<tr style=\"height: 18.00pt;\">\n<td class=\"et3\" style=\"height: 18.00pt;\" height=\"18\">Dimens\u00e3o<\/td>\n<td class=\"et5\" style=\"width: 202.95pt;\" width=\"202\">38*14.5*8<\/td>\n<\/tr>\n<tr style=\"height: 17.60pt;\">\n<td class=\"et3\" style=\"height: 17.60pt;\" height=\"17\">N.W \/SET<\/td>\n<td class=\"et3\">5KGS\/PCS<\/td>\n<\/tr>\n<tr style=\"height: 17.60pt;\">\n<td class=\"et3\" style=\"height: 17.60pt;\" height=\"17\">MOQ<\/td>\n<td class=\"et3\">20 unidades<\/td>\n<\/tr>\n<tr style=\"height: 17.60pt;\">\n<td class=\"et3\" style=\"height: 17.60pt;\" height=\"17\">Op\u00e7\u00e3o personalizada<\/td>\n<td class=\"et3\">Cor\/Patente\/Tamanho\/Logotipo\/Embalagem<\/td>\n<\/tr>\n<\/tbody>\n<\/table>","protected":false},"featured_media":3445,"comment_status":"closed","ping_status":"closed","template":"","meta":{"_acf_changed":false},"product_brand":[],"product_cat":[55,56],"product_tag":[],"class_list":{"0":"post-3440","1":"product","2":"type-product","3":"status-publish","4":"has-post-thumbnail","6":"product_cat-wholesale-matte-sinks","7":"product_cat-wholesale-small-bathroom-sinks","9":"first","10":"instock","11":"shipping-taxable","12":"product-type-simple"},"acf":[],"_links":{"self":[{"href":"https:\/\/www.ceramicbasin.com\/pt\/wp-json\/wp\/v2\/product\/3440","targetHints":{"allow":["GET"]}}],"collection":[{"href":"https:\/\/www.ceramicbasin.com\/pt\/wp-json\/wp\/v2\/product"}],"about":[{"href":"https:\/\/www.ceramicbasin.com\/pt\/wp-json\/wp\/v2\/types\/product"}],"replies":[{"embeddable":true,"href":"https:\/\/www.ceramicbasin.com\/pt\/wp-json\/wp\/v2\/comments?post=3440"}],"wp:featuredmedia":[{"embeddable":true,"href":"https:\/\/www.ceramicbasin.com\/pt\/wp-json\/wp\/v2\/media\/3445"}],"wp:attachment":[{"href":"https:\/\/www.ceramicbasin.com\/pt\/wp-json\/wp\/v2\/media?parent=3440"}],"wp:term":[{"taxonomy":"product_brand","embeddable":true,"href":"https:\/\/www.ceramicbasin.com\/pt\/wp-json\/wp\/v2\/product_brand?post=3440"},{"taxonomy":"product_cat","embeddable":true,"href":"https:\/\/www.ceramicbasin.com\/pt\/wp-json\/wp\/v2\/product_cat?post=3440"},{"taxonomy":"product_tag","embeddable":true,"href":"https:\/\/www.ceramicbasin.com\/pt\/wp-json\/wp\/v2\/product_tag?post=3440"}],"curies":[{"name":"wp","href":"https:\/\/api.w.org\/{rel}","templated":true}]}}