{"id":3461,"date":"2024-07-17T07:31:05","date_gmt":"2024-07-17T07:31:05","guid":{"rendered":"https:\/\/www.ceramicbasin.com\/?post_type=product&#038;p=3461"},"modified":"2024-07-23T09:39:15","modified_gmt":"2024-07-23T09:39:15","slug":"round-wholesale-matte-sinks","status":"publish","type":"product","link":"https:\/\/www.ceramicbasin.com\/pt\/produto\/round-wholesale-matte-sinks\/","title":{"rendered":"Elegantes lavat\u00f3rios redondos por grosso mate com diversas op\u00e7\u00f5es de cores"},"content":{"rendered":"<div class=\"wp-block-columns is-layout-flex wp-container-core-columns-is-layout-9d6595d7 wp-block-columns-is-layout-flex\">\n<div class=\"wp-block-column is-layout-flow wp-block-column-is-layout-flow\">\n<h2 class=\"wp-block-heading\">Pias Matte Premium Wholesale Carater\u00edsticas:<\/h2>\n\n\n\n<ul class=\"wp-block-list\">\n<li><strong>Design redondo cl\u00e1ssico:<\/strong> Estes lavat\u00f3rios mate por atacado apresentam um design redondo simples e elegante, que n\u00e3o s\u00f3 \u00e9 bonito, como tamb\u00e9m pode ser facilmente integrado em v\u00e1rios estilos de casa de banho.<\/li>\n\n\n\n<li><strong>Tratamento de superf\u00edcie mate:<\/strong> O inovador revestimento mate confere a estes lava-loi\u00e7as mate por atacado uma textura e um toque \u00fanicos, reduzindo o reflexo da luz, criando uma atmosfera quente e confort\u00e1vel, e \u00e9 f\u00e1cil de limpar e manter.<\/li>\n\n\n\n<li><strong>Cores ricas e diversificadas:<\/strong> A HanYu oferece uma gama de op\u00e7\u00f5es de cores para lavat\u00f3rios de casa de banho por atacado, desde cores neutras discretas a cores vivas e arrojadas para satisfazer as necessidades de diferentes estilos de casa de banho.<\/li>\n\n\n\n<li><strong>Descontos para compras em massa: <\/strong>Fornecemos-lhe lavat\u00f3rios de casa de banho por atacado a um pre\u00e7o preferencial, assegurando-lhe o melhor pre\u00e7o e alta qualidade quando compra em grandes quantidades.<\/li>\n<\/ul>\n<\/div>\n\n\n\n<div class=\"wp-block-column is-layout-flow wp-block-column-is-layout-flow\">\n<figure class=\"wp-block-image size-full\"><img fetchpriority=\"high\" decoding=\"async\" width=\"673\" height=\"878\" src=\"https:\/\/www.ceramicbasin.com\/wp-content\/uploads\/2024\/07\/elegant-round-wholesale-matte-sinks-with-color-options-5.webp\" alt=\"elegant-round-wholesale-matte-sinks-with-color-options-5\" class=\"wp-image-3466\" srcset=\"https:\/\/www.ceramicbasin.com\/wp-content\/uploads\/2024\/07\/elegant-round-wholesale-matte-sinks-with-color-options-5.webp 673w, https:\/\/www.ceramicbasin.com\/wp-content\/uploads\/2024\/07\/elegant-round-wholesale-matte-sinks-with-color-options-5-230x300.webp 230w, https:\/\/www.ceramicbasin.com\/wp-content\/uploads\/2024\/07\/elegant-round-wholesale-matte-sinks-with-color-options-5-9x12.webp 9w, https:\/\/www.ceramicbasin.com\/wp-content\/uploads\/2024\/07\/elegant-round-wholesale-matte-sinks-with-color-options-5-285x372.webp 285w, https:\/\/www.ceramicbasin.com\/wp-content\/uploads\/2024\/07\/elegant-round-wholesale-matte-sinks-with-color-options-5-506x660.webp 506w, https:\/\/www.ceramicbasin.com\/wp-content\/uploads\/2024\/07\/elegant-round-wholesale-matte-sinks-with-color-options-5-115x150.webp 115w\" sizes=\"(max-width: 673px) 100vw, 673px\" \/><\/figure>\n<\/div>\n<\/div>","protected":false},"excerpt":{"rendered":"<p>Os nossos lavat\u00f3rios mate por atacado s\u00e3o a primeira escolha para a decora\u00e7\u00e3o de espa\u00e7os de banho com design cl\u00e1ssico e tratamento de superf\u00edcie mate moderno. Oferecemos uma variedade de op\u00e7\u00f5es de cores, quer pretenda lavat\u00f3rios de casa de banho simples ou personalizados, pode encontrar aqui uma escolha satisfat\u00f3ria.<\/p>\n<table style=\"border-collapse: collapse; width: 311.02pt;\" border=\"0\" width=\"311\" cellspacing=\"0\" cellpadding=\"0\">\n<tbody>\n<tr style=\"height: 17.60pt;\">\n<td class=\"et3\" style=\"height: 17.60pt; width: 108.35pt;\" width=\"108\" height=\"17\">Fabricante<\/td>\n<td class=\"et3\" style=\"width: 202.95pt;\" width=\"202\">HanYu<\/td>\n<\/tr>\n<tr style=\"height: 17.60pt;\">\n<td class=\"et3\" style=\"height: 17.60pt;\" height=\"17\">Modelo n.<\/td>\n<td class=\"et4\">HY8070YF1<\/td>\n<\/tr>\n<tr style=\"height: 18.00pt;\">\n<td class=\"et3\" style=\"height: 18.00pt;\" height=\"18\">Tipo<\/td>\n<td class=\"et5\" style=\"width: 202.95pt;\" width=\"202\">Lavat\u00f3rio mate, Lavat\u00f3rio de bancada<\/td>\n<\/tr>\n<tr style=\"height: 17.60pt;\">\n<td class=\"et3\" style=\"height: 17.60pt;\" height=\"17\">Forma<\/td>\n<td class=\"et3\">Forma redonda<\/td>\n<\/tr>\n<tr style=\"height: 36.00pt;\">\n<td class=\"et4\" style=\"height: 36.00pt;\" height=\"36\">Cor<\/td>\n<td class=\"et5\" style=\"width: 202.95pt;\" width=\"202\">Preto\/branco\/azul\/cinza\/rosa\/verde\/castanho\/caqui......<\/td>\n<\/tr>\n<tr style=\"height: 18.00pt;\">\n<td class=\"et3\" style=\"height: 18.00pt;\" height=\"18\">Dimens\u00e3o<\/td>\n<td class=\"et5\" style=\"width: 202.95pt;\" width=\"202\">36.5*36.5*12.5<\/td>\n<\/tr>\n<tr style=\"height: 17.60pt;\">\n<td class=\"et3\" style=\"height: 17.60pt;\" height=\"17\">N.W \/SET<\/td>\n<td class=\"et3\">8KGS\/PCS<\/td>\n<\/tr>\n<tr style=\"height: 17.60pt;\">\n<td class=\"et3\" style=\"height: 17.60pt;\" height=\"17\">MOQ<\/td>\n<td class=\"et3\">20 unidades<\/td>\n<\/tr>\n<tr style=\"height: 17.60pt;\">\n<td class=\"et3\" style=\"height: 17.60pt;\" height=\"17\">Op\u00e7\u00e3o personalizada<\/td>\n<td class=\"et3\">Cor\/Patente\/Tamanho\/Logotipo\/Embalagem<\/td>\n<\/tr>\n<\/tbody>\n<\/table>","protected":false},"featured_media":3465,"comment_status":"closed","ping_status":"closed","template":"","meta":{"_acf_changed":false},"product_brand":[],"product_cat":[55,50],"product_tag":[],"class_list":{"0":"post-3461","1":"product","2":"type-product","3":"status-publish","4":"has-post-thumbnail","6":"product_cat-wholesale-matte-sinks","7":"product_cat-wholesale-countertop-sinks","9":"first","10":"instock","11":"shipping-taxable","12":"product-type-simple"},"acf":[],"_links":{"self":[{"href":"https:\/\/www.ceramicbasin.com\/pt\/wp-json\/wp\/v2\/product\/3461","targetHints":{"allow":["GET"]}}],"collection":[{"href":"https:\/\/www.ceramicbasin.com\/pt\/wp-json\/wp\/v2\/product"}],"about":[{"href":"https:\/\/www.ceramicbasin.com\/pt\/wp-json\/wp\/v2\/types\/product"}],"replies":[{"embeddable":true,"href":"https:\/\/www.ceramicbasin.com\/pt\/wp-json\/wp\/v2\/comments?post=3461"}],"wp:featuredmedia":[{"embeddable":true,"href":"https:\/\/www.ceramicbasin.com\/pt\/wp-json\/wp\/v2\/media\/3465"}],"wp:attachment":[{"href":"https:\/\/www.ceramicbasin.com\/pt\/wp-json\/wp\/v2\/media?parent=3461"}],"wp:term":[{"taxonomy":"product_brand","embeddable":true,"href":"https:\/\/www.ceramicbasin.com\/pt\/wp-json\/wp\/v2\/product_brand?post=3461"},{"taxonomy":"product_cat","embeddable":true,"href":"https:\/\/www.ceramicbasin.com\/pt\/wp-json\/wp\/v2\/product_cat?post=3461"},{"taxonomy":"product_tag","embeddable":true,"href":"https:\/\/www.ceramicbasin.com\/pt\/wp-json\/wp\/v2\/product_tag?post=3461"}],"curies":[{"name":"wp","href":"https:\/\/api.w.org\/{rel}","templated":true}]}}