{"id":3473,"date":"2024-07-17T07:56:01","date_gmt":"2024-07-17T07:56:01","guid":{"rendered":"https:\/\/www.ceramicbasin.com\/?post_type=product&#038;p=3473"},"modified":"2024-11-02T03:50:50","modified_gmt":"2024-11-02T03:50:50","slug":"modern-custom-matt-basin-in-bulk","status":"publish","type":"product","link":"https:\/\/www.ceramicbasin.com\/pt\/produto\/modern-custom-matt-basin-in-bulk\/","title":{"rendered":"Lavat\u00f3rio moderno mate personalizado, lavat\u00f3rios de vaso multicoloridos por atacado"},"content":{"rendered":"<div class=\"wp-block-columns is-layout-flex wp-container-core-columns-is-layout-9d6595d7 wp-block-columns-is-layout-flex\">\n<div class=\"wp-block-column is-layout-flow wp-block-column-is-layout-flow\">\n<h2 class=\"wp-block-heading\">Bacia Premium Custom Matt Carater\u00edsticas:<\/h2>\n\n\n\n<ul class=\"wp-block-list\">\n<li><strong>Design requintado: <\/strong>Este lavat\u00f3rio mate personalizado adopta um conceito de design moderno e combina o tratamento de superf\u00edcie mate para criar um lavat\u00f3rio elegante e topo de gama, adequado para todos os tipos de designs de casas de banho contempor\u00e2neas.<\/li>\n\n\n\n<li><strong>Material dur\u00e1vel, f\u00e1cil de manter: <\/strong>Os nossos lavat\u00f3rios mate por atacado s\u00e3o feitos de materiais cer\u00e2micos de alta qualidade. O lavat\u00f3rio mate n\u00e3o s\u00f3 tem um aspeto elegante, como tamb\u00e9m \u00e9 f\u00e1cil de limpar, reduzindo o trabalho de manuten\u00e7\u00e3o di\u00e1rio.<\/li>\n\n\n\n<li><strong>Personaliza\u00e7\u00e3o ilimitada da cor: <\/strong>Podemos personalizar a cor da bacia mate de acordo com as suas necessidades para satisfazer os requisitos de design personalizado.<\/li>\n\n\n\n<li><strong>Rela\u00e7\u00e3o custo-efic\u00e1cia: <\/strong>A HanYu \u00e9 o seu fabricante fi\u00e1vel de bacias de cer\u00e2mica, fornecendo-lhe pre\u00e7os por grosso para garantir que ainda pode obter produtos de alta qualidade, mantendo o or\u00e7amento do seu projeto.<\/li>\n<\/ul>\n<\/div>\n\n\n\n<div class=\"wp-block-column is-layout-flow wp-block-column-is-layout-flow\">\n<figure class=\"wp-block-image size-full\"><img fetchpriority=\"high\" decoding=\"async\" width=\"673\" height=\"878\" src=\"https:\/\/www.ceramicbasin.com\/wp-content\/uploads\/2024\/07\/modern-custom-matt-basin-in-bulk-with-unlimited-color-option-5.jpg\" alt=\"lavat\u00f3rio de mate moderno e personalizado em massa com op\u00e7\u00e3o de cor ilimitada-5\" class=\"wp-image-3478\" srcset=\"https:\/\/www.ceramicbasin.com\/wp-content\/uploads\/2024\/07\/modern-custom-matt-basin-in-bulk-with-unlimited-color-option-5.jpg 673w, https:\/\/www.ceramicbasin.com\/wp-content\/uploads\/2024\/07\/modern-custom-matt-basin-in-bulk-with-unlimited-color-option-5-230x300.jpg 230w, https:\/\/www.ceramicbasin.com\/wp-content\/uploads\/2024\/07\/modern-custom-matt-basin-in-bulk-with-unlimited-color-option-5-9x12.jpg 9w, https:\/\/www.ceramicbasin.com\/wp-content\/uploads\/2024\/07\/modern-custom-matt-basin-in-bulk-with-unlimited-color-option-5-285x372.jpg 285w, https:\/\/www.ceramicbasin.com\/wp-content\/uploads\/2024\/07\/modern-custom-matt-basin-in-bulk-with-unlimited-color-option-5-506x660.jpg 506w, https:\/\/www.ceramicbasin.com\/wp-content\/uploads\/2024\/07\/modern-custom-matt-basin-in-bulk-with-unlimited-color-option-5-115x150.jpg 115w\" sizes=\"(max-width: 673px) 100vw, 673px\" \/><\/figure>\n<\/div>\n<\/div>","protected":false},"excerpt":{"rendered":"<p>Bem-vindo \u00e0 compra de lavat\u00f3rios para vasos por grosso. O nosso lavat\u00f3rio moderno mate personalizado a granel redefine a est\u00e9tica da casa de banho com conceitos de design inovadores e a textura luxuosa da superf\u00edcie mate. Feito de cer\u00e2mica de alta qualidade, garante beleza e durabilidade. Oferecemos uma variedade de op\u00e7\u00f5es de cores para atender \u00e0s suas necessidades personalizadas.<\/p>\n<table style=\"border-collapse: collapse; width: 311.02pt;\" border=\"0\" width=\"311\" cellspacing=\"0\" cellpadding=\"0\">\n<tbody>\n<tr style=\"height: 17.60pt;\">\n<td class=\"et3\" style=\"height: 17.60pt; width: 108.35pt;\" width=\"108\" height=\"17\">Fabricante<\/td>\n<td class=\"et3\" style=\"width: 202.95pt;\" width=\"202\">HanYu<\/td>\n<\/tr>\n<tr style=\"height: 17.60pt;\">\n<td class=\"et3\" style=\"height: 17.60pt;\" height=\"17\">Modelo n.<\/td>\n<td class=\"et4\">HY8070YH<\/td>\n<\/tr>\n<tr style=\"height: 18.00pt;\">\n<td class=\"et3\" style=\"height: 18.00pt;\" height=\"18\">Tipo<\/td>\n<td class=\"et5\" style=\"width: 202.95pt;\" width=\"202\">Lavat\u00f3rio mate, Lavat\u00f3rio de bancada<\/td>\n<\/tr>\n<tr style=\"height: 17.60pt;\">\n<td class=\"et3\" style=\"height: 17.60pt;\" height=\"17\">Forma<\/td>\n<td class=\"et3\">Forma redonda<\/td>\n<\/tr>\n<tr style=\"height: 36.00pt;\">\n<td class=\"et4\" style=\"height: 36.00pt;\" height=\"36\">Cor<\/td>\n<td class=\"et5\" style=\"width: 202.95pt;\" width=\"202\">Preto\/branco\/azul\/cinza\/rosa\/verde\/castanho\/caqui......<\/td>\n<\/tr>\n<tr style=\"height: 18.00pt;\">\n<td class=\"et3\" style=\"height: 18.00pt;\" height=\"18\">Dimens\u00e3o<\/td>\n<td class=\"et5\" style=\"width: 202.95pt;\" width=\"202\">36.5*36.5*12.5<\/td>\n<\/tr>\n<tr style=\"height: 17.60pt;\">\n<td class=\"et3\" style=\"height: 17.60pt;\" height=\"17\">N.W \/SET<\/td>\n<td class=\"et3\">8KGS\/PCS<\/td>\n<\/tr>\n<tr style=\"height: 17.60pt;\">\n<td class=\"et3\" style=\"height: 17.60pt;\" height=\"17\">MOQ<\/td>\n<td class=\"et3\">20 unidades<\/td>\n<\/tr>\n<tr style=\"height: 17.60pt;\">\n<td class=\"et3\" style=\"height: 17.60pt;\" height=\"17\">Op\u00e7\u00e3o personalizada<\/td>\n<td class=\"et3\">Cor\/Patente\/Tamanho\/Logotipo\/Embalagem<\/td>\n<\/tr>\n<\/tbody>\n<\/table>","protected":false},"featured_media":3477,"comment_status":"closed","ping_status":"closed","template":"","meta":{"_acf_changed":false},"product_brand":[],"product_cat":[55,50],"product_tag":[],"class_list":{"0":"post-3473","1":"product","2":"type-product","3":"status-publish","4":"has-post-thumbnail","6":"product_cat-wholesale-matte-sinks","7":"product_cat-wholesale-countertop-sinks","9":"first","10":"instock","11":"shipping-taxable","12":"product-type-simple"},"acf":[],"_links":{"self":[{"href":"https:\/\/www.ceramicbasin.com\/pt\/wp-json\/wp\/v2\/product\/3473","targetHints":{"allow":["GET"]}}],"collection":[{"href":"https:\/\/www.ceramicbasin.com\/pt\/wp-json\/wp\/v2\/product"}],"about":[{"href":"https:\/\/www.ceramicbasin.com\/pt\/wp-json\/wp\/v2\/types\/product"}],"replies":[{"embeddable":true,"href":"https:\/\/www.ceramicbasin.com\/pt\/wp-json\/wp\/v2\/comments?post=3473"}],"wp:featuredmedia":[{"embeddable":true,"href":"https:\/\/www.ceramicbasin.com\/pt\/wp-json\/wp\/v2\/media\/3477"}],"wp:attachment":[{"href":"https:\/\/www.ceramicbasin.com\/pt\/wp-json\/wp\/v2\/media?parent=3473"}],"wp:term":[{"taxonomy":"product_brand","embeddable":true,"href":"https:\/\/www.ceramicbasin.com\/pt\/wp-json\/wp\/v2\/product_brand?post=3473"},{"taxonomy":"product_cat","embeddable":true,"href":"https:\/\/www.ceramicbasin.com\/pt\/wp-json\/wp\/v2\/product_cat?post=3473"},{"taxonomy":"product_tag","embeddable":true,"href":"https:\/\/www.ceramicbasin.com\/pt\/wp-json\/wp\/v2\/product_tag?post=3473"}],"curies":[{"name":"wp","href":"https:\/\/api.w.org\/{rel}","templated":true}]}}