{"id":3485,"date":"2024-07-17T08:28:57","date_gmt":"2024-07-17T08:28:57","guid":{"rendered":"https:\/\/www.ceramicbasin.com\/?post_type=product&#038;p=3485"},"modified":"2024-11-02T03:38:54","modified_gmt":"2024-11-02T03:38:54","slug":"matte-wholesale-countertop-sinks","status":"publish","type":"product","link":"https:\/\/www.ceramicbasin.com\/pt\/produto\/matte-wholesale-countertop-sinks\/","title":{"rendered":"Lavat\u00f3rios de bancada por atacado de cor dupla com vidro fosco"},"content":{"rendered":"<div class=\"wp-block-columns is-layout-flex wp-container-core-columns-is-layout-9d6595d7 wp-block-columns-is-layout-flex\">\n<div class=\"wp-block-column is-layout-flow wp-block-column-is-layout-flow\">\n<h2 class=\"wp-block-heading\">Pias de bancada Premium Wholesale Carater\u00edsticas:<\/h2>\n\n\n\n<ul class=\"wp-block-list\">\n<li><strong>Design criativo a duas cores: <\/strong>Estes lavat\u00f3rios de bancada por atacado apresentam duas cores diferentes numa bacia, trazendo um impacto visual \u00fanico ao espa\u00e7o de banho e satisfazendo as necessidades de design personalizado.<\/li>\n\n\n\n<li><strong>Esmalte mate excecional:<\/strong> Os nossos lava-loi\u00e7as de bancada por atacado adoptam um tratamento de esmalte mate de alta qualidade, conferindo ao lava-loi\u00e7a uma superf\u00edcie delicada e, ao mesmo tempo, f\u00e1cil de limpar e manter.<\/li>\n\n\n\n<li><strong>Servi\u00e7o personalizado: <\/strong>As nossas bacias foscas por atacado est\u00e3o dispon\u00edveis numa variedade de combina\u00e7\u00f5es de cores, e tamb\u00e9m aceitamos servi\u00e7os personalizados. Podemos ajustar a cor e o tamanho de acordo com as necessidades espec\u00edficas para garantir que o produto corresponda perfeitamente ao seu conceito de design.<\/li>\n\n\n\n<li><strong>Venda direta da f\u00e1brica: <\/strong>A f\u00e1brica de bacias de cer\u00e2mica HanYu fornece-lhe diretamente lavat\u00f3rios de casa de banho de alta qualidade a um pre\u00e7o preferencial para o ajudar a controlar os custos do projeto.<\/li>\n<\/ul>\n<\/div>\n\n\n\n<div class=\"wp-block-column is-layout-flow wp-block-column-is-layout-flow\">\n<figure class=\"wp-block-image size-full\"><img fetchpriority=\"high\" decoding=\"async\" width=\"827\" height=\"1248\" src=\"https:\/\/www.ceramicbasin.com\/wp-content\/uploads\/2024\/07\/double-color-wholesale-bathroom-sinks-with-matte-glazing-6.webp\" alt=\"lava-loi\u00e7as de bancada de dupla cor com vidro mate\" class=\"wp-image-3491\" srcset=\"https:\/\/www.ceramicbasin.com\/wp-content\/uploads\/2024\/07\/double-color-wholesale-bathroom-sinks-with-matte-glazing-6.webp 827w, https:\/\/www.ceramicbasin.com\/wp-content\/uploads\/2024\/07\/double-color-wholesale-bathroom-sinks-with-matte-glazing-6-199x300.webp 199w, https:\/\/www.ceramicbasin.com\/wp-content\/uploads\/2024\/07\/double-color-wholesale-bathroom-sinks-with-matte-glazing-6-768x1159.webp 768w, https:\/\/www.ceramicbasin.com\/wp-content\/uploads\/2024\/07\/double-color-wholesale-bathroom-sinks-with-matte-glazing-6-8x12.webp 8w, https:\/\/www.ceramicbasin.com\/wp-content\/uploads\/2024\/07\/double-color-wholesale-bathroom-sinks-with-matte-glazing-6-285x430.webp 285w, https:\/\/www.ceramicbasin.com\/wp-content\/uploads\/2024\/07\/double-color-wholesale-bathroom-sinks-with-matte-glazing-6-437x660.webp 437w, https:\/\/www.ceramicbasin.com\/wp-content\/uploads\/2024\/07\/double-color-wholesale-bathroom-sinks-with-matte-glazing-6-99x150.webp 99w\" sizes=\"(max-width: 827px) 100vw, 827px\" \/><\/figure>\n<\/div>\n<\/div>","protected":false},"excerpt":{"rendered":"<p>Bem-vindo ao comprar lavat\u00f3rio de cer\u00e2mica. Os nossos lavat\u00f3rios de bancada por atacado de duas cores mate tornaram-se uma escolha popular para a decora\u00e7\u00e3o moderna de casas de banho, gra\u00e7as ao seu design \u00fanico e excelente acabamento. O esmalte mate real\u00e7a o toque e o aspeto do lavat\u00f3rio, e o design de duas cores quebra a limita\u00e7\u00e3o tradicional de uma \u00fanica cor, tornando o espa\u00e7o da casa de banho cheio de vitalidade e criatividade.<\/p>\n<table style=\"border-collapse: collapse; width: 311.02pt;\" border=\"0\" width=\"311\" cellspacing=\"0\" cellpadding=\"0\">\n<tbody>\n<tr style=\"height: 17.60pt;\">\n<td class=\"et3\" style=\"height: 17.60pt; width: 108.35pt;\" width=\"108\" height=\"17\">Fabricante<\/td>\n<td class=\"et3\" style=\"width: 202.95pt;\" width=\"202\">HanYu<\/td>\n<\/tr>\n<tr style=\"height: 17.60pt;\">\n<td class=\"et3\" style=\"height: 17.60pt;\" height=\"17\">Modelo n.<\/td>\n<td class=\"et4\">HY5006WB<\/td>\n<\/tr>\n<tr style=\"height: 18.00pt;\">\n<td class=\"et3\" style=\"height: 18.00pt;\" height=\"18\">Tipo<\/td>\n<td class=\"et5\" style=\"width: 202.95pt;\" width=\"202\">Lavat\u00f3rio mate, Lavat\u00f3rio de bancada<\/td>\n<\/tr>\n<tr style=\"height: 17.60pt;\">\n<td class=\"et3\" style=\"height: 17.60pt;\" height=\"17\">Forma<\/td>\n<td class=\"et3\">Forma oval<\/td>\n<\/tr>\n<tr style=\"height: 36.00pt;\">\n<td class=\"et4\" style=\"height: 36.00pt;\" height=\"36\">Cor<\/td>\n<td class=\"et5\" style=\"width: 202.95pt;\" width=\"202\">Preto\/branco\/azul\/cinza\/rosa\/verde\/castanho\/caqui......<\/td>\n<\/tr>\n<tr style=\"height: 18.00pt;\">\n<td class=\"et3\" style=\"height: 18.00pt;\" height=\"18\">Dimens\u00e3o<\/td>\n<td class=\"et5\" style=\"width: 202.95pt;\" width=\"202\">59*42*14<\/td>\n<\/tr>\n<tr style=\"height: 17.60pt;\">\n<td class=\"et3\" style=\"height: 17.60pt;\" height=\"17\">N.W \/SET<\/td>\n<td class=\"et3\">9.5KGS\/PCS<\/td>\n<\/tr>\n<tr style=\"height: 17.60pt;\">\n<td class=\"et3\" style=\"height: 17.60pt;\" height=\"17\">MOQ<\/td>\n<td class=\"et3\">20 unidades<\/td>\n<\/tr>\n<tr style=\"height: 17.60pt;\">\n<td class=\"et3\" style=\"height: 17.60pt;\" height=\"17\">Op\u00e7\u00e3o personalizada<\/td>\n<td class=\"et3\">Cor\/Patente\/Tamanho\/Logotipo\/Embalagem<\/td>\n<\/tr>\n<\/tbody>\n<\/table>","protected":false},"featured_media":3487,"comment_status":"closed","ping_status":"closed","template":"","meta":{"_acf_changed":false},"product_brand":[],"product_cat":[55,50],"product_tag":[],"class_list":{"0":"post-3485","1":"product","2":"type-product","3":"status-publish","4":"has-post-thumbnail","6":"product_cat-wholesale-matte-sinks","7":"product_cat-wholesale-countertop-sinks","9":"first","10":"instock","11":"shipping-taxable","12":"product-type-simple"},"acf":[],"_links":{"self":[{"href":"https:\/\/www.ceramicbasin.com\/pt\/wp-json\/wp\/v2\/product\/3485","targetHints":{"allow":["GET"]}}],"collection":[{"href":"https:\/\/www.ceramicbasin.com\/pt\/wp-json\/wp\/v2\/product"}],"about":[{"href":"https:\/\/www.ceramicbasin.com\/pt\/wp-json\/wp\/v2\/types\/product"}],"replies":[{"embeddable":true,"href":"https:\/\/www.ceramicbasin.com\/pt\/wp-json\/wp\/v2\/comments?post=3485"}],"wp:featuredmedia":[{"embeddable":true,"href":"https:\/\/www.ceramicbasin.com\/pt\/wp-json\/wp\/v2\/media\/3487"}],"wp:attachment":[{"href":"https:\/\/www.ceramicbasin.com\/pt\/wp-json\/wp\/v2\/media?parent=3485"}],"wp:term":[{"taxonomy":"product_brand","embeddable":true,"href":"https:\/\/www.ceramicbasin.com\/pt\/wp-json\/wp\/v2\/product_brand?post=3485"},{"taxonomy":"product_cat","embeddable":true,"href":"https:\/\/www.ceramicbasin.com\/pt\/wp-json\/wp\/v2\/product_cat?post=3485"},{"taxonomy":"product_tag","embeddable":true,"href":"https:\/\/www.ceramicbasin.com\/pt\/wp-json\/wp\/v2\/product_tag?post=3485"}],"curies":[{"name":"wp","href":"https:\/\/api.w.org\/{rel}","templated":true}]}}