{"id":3502,"date":"2024-07-17T08:55:34","date_gmt":"2024-07-17T08:55:34","guid":{"rendered":"https:\/\/www.ceramicbasin.com\/?post_type=product&#038;p=3502"},"modified":"2024-11-02T03:32:00","modified_gmt":"2024-11-02T03:32:00","slug":"small-matt-basins-wholesale","status":"publish","type":"product","link":"https:\/\/www.ceramicbasin.com\/pt\/produto\/small-matt-basins-wholesale\/","title":{"rendered":"Pequenas bacias de Matt suspensas por atacado, pias de vaso compactas"},"content":{"rendered":"<div class=\"wp-block-columns is-layout-flex wp-container-core-columns-is-layout-9d6595d7 wp-block-columns-is-layout-flex\">\n<div class=\"wp-block-column is-layout-flow wp-block-column-is-layout-flow\">\n<h2 class=\"wp-block-heading\">Bacias de Matt Pequenas Premium Carater\u00edsticas por atacado:<\/h2>\n\n\n\n<ul class=\"wp-block-list\">\n<li><strong>Design economizador de espa\u00e7o:<\/strong> Os nossos pequenos lavat\u00f3rios mate por atacado s\u00e3o especialmente concebidos para casas de banho ou lavabos compactos, com uma pequena instala\u00e7\u00e3o na parede para maximizar a utiliza\u00e7\u00e3o do espa\u00e7o limitado.<\/li>\n\n\n\n<li><strong>Textura mate: <\/strong>O tratamento mate da superf\u00edcie deste lavat\u00f3rio de parede por atacado confere-lhe um toque moderno e delicado, \u00e9 f\u00e1cil de limpar e adequado para fam\u00edlias modernas que procuram um estilo minimalista.<\/li>\n\n\n\n<li><strong>Materiais cer\u00e2micos de alta qualidade: <\/strong>Os nossos pequenos lavat\u00f3rios mate por atacado s\u00e3o feitos de materiais cer\u00e2micos de alta qualidade para garantir que o lavat\u00f3rio tem uma excelente durabilidade e resist\u00eancia \u00e0s manchas.<\/li>\n\n\n\n<li><strong>Desconto para compras em massa: <\/strong>Como fabricante de lavat\u00f3rios de casa de banho, a HanYu fornece aos clientes lavat\u00f3rios de cer\u00e2mica por atacado de alta qualidade e com pre\u00e7os preferenciais para o ajudar a reduzir os custos de aquisi\u00e7\u00e3o.<\/li>\n<\/ul>\n<\/div>\n\n\n\n<div class=\"wp-block-column is-layout-flow wp-block-column-is-layout-flow\">\n<figure class=\"wp-block-image size-full\"><img fetchpriority=\"high\" decoding=\"async\" width=\"980\" height=\"1351\" src=\"https:\/\/www.ceramicbasin.com\/wp-content\/uploads\/2024\/07\/wall-mounted-small-matt-basins-wholesale-for-compact-space-6.webp\" alt=\"lavat\u00f3rios mural-pequenos-materiais-venda a retalho-para-espa\u00e7o-compacto-6\" class=\"wp-image-3511\" srcset=\"https:\/\/www.ceramicbasin.com\/wp-content\/uploads\/2024\/07\/wall-mounted-small-matt-basins-wholesale-for-compact-space-6.webp 980w, https:\/\/www.ceramicbasin.com\/wp-content\/uploads\/2024\/07\/wall-mounted-small-matt-basins-wholesale-for-compact-space-6-218x300.webp 218w, https:\/\/www.ceramicbasin.com\/wp-content\/uploads\/2024\/07\/wall-mounted-small-matt-basins-wholesale-for-compact-space-6-768x1059.webp 768w, https:\/\/www.ceramicbasin.com\/wp-content\/uploads\/2024\/07\/wall-mounted-small-matt-basins-wholesale-for-compact-space-6-9x12.webp 9w, https:\/\/www.ceramicbasin.com\/wp-content\/uploads\/2024\/07\/wall-mounted-small-matt-basins-wholesale-for-compact-space-6-285x393.webp 285w, https:\/\/www.ceramicbasin.com\/wp-content\/uploads\/2024\/07\/wall-mounted-small-matt-basins-wholesale-for-compact-space-6-479x660.webp 479w, https:\/\/www.ceramicbasin.com\/wp-content\/uploads\/2024\/07\/wall-mounted-small-matt-basins-wholesale-for-compact-space-6-109x150.webp 109w\" sizes=\"(max-width: 980px) 100vw, 980px\" \/><\/figure>\n<\/div>\n<\/div>","protected":false},"excerpt":{"rendered":"<p>Bem-vindo \u00e0 compra de lavat\u00f3rios para vasos. Os nossos lavat\u00f3rios de parede pequenos e mate por atacado foram concebidos para casas de banho com espa\u00e7os reduzidos. A superf\u00edcie mate tem um toque delicado, garantindo que o lavat\u00f3rio \u00e9 simultaneamente bonito e duradouro. Oferecemos uma vasta gama de op\u00e7\u00f5es de personaliza\u00e7\u00e3o e podemos ajustar o design de acordo com as suas necessidades espec\u00edficas.<\/p>\n<table style=\"border-collapse: collapse; width: 311.02pt;\" border=\"0\" width=\"311\" cellspacing=\"0\" cellpadding=\"0\">\n<tbody>\n<tr style=\"height: 17.60pt;\">\n<td class=\"et3\" style=\"height: 17.60pt; width: 108.35pt;\" width=\"108\" height=\"17\">Fabricante<\/td>\n<td class=\"et3\" style=\"width: 202.95pt;\" width=\"202\">HanYu<\/td>\n<\/tr>\n<tr style=\"height: 17.60pt;\">\n<td class=\"et3\" style=\"height: 17.60pt;\" height=\"17\">Modelo n.<\/td>\n<td class=\"et4\">HY-3053ALMB<\/td>\n<\/tr>\n<tr style=\"height: 36.00pt;\">\n<td class=\"et3\" style=\"height: 36.00pt;\" height=\"36\">Tipo<\/td>\n<td class=\"et5\" style=\"width: 202.95pt;\" width=\"202\">Lavat\u00f3rio mate, Lavat\u00f3rio de parede, Lavat\u00f3rio pequeno<\/td>\n<\/tr>\n<tr style=\"height: 17.60pt;\">\n<td class=\"et3\" style=\"height: 17.60pt;\" height=\"17\">Forma<\/td>\n<td class=\"et3\">Forma retangular<\/td>\n<\/tr>\n<tr style=\"height: 36.00pt;\">\n<td class=\"et4\" style=\"height: 36.00pt;\" height=\"36\">Cor<\/td>\n<td class=\"et5\" style=\"width: 202.95pt;\" width=\"202\">Preto\/branco\/azul\/cinza\/rosa\/verde\/castanho\/caqui......<\/td>\n<\/tr>\n<tr style=\"height: 18.00pt;\">\n<td class=\"et3\" style=\"height: 18.00pt;\" height=\"18\">Dimens\u00e3o<\/td>\n<td class=\"et5\" style=\"width: 202.95pt;\" width=\"202\">40*22*11<\/td>\n<\/tr>\n<tr style=\"height: 17.60pt;\">\n<td class=\"et3\" style=\"height: 17.60pt;\" height=\"17\">N.W \/SET<\/td>\n<td class=\"et3\">8KGS\/PCS<\/td>\n<\/tr>\n<tr style=\"height: 17.60pt;\">\n<td class=\"et3\" style=\"height: 17.60pt;\" height=\"17\">MOQ<\/td>\n<td class=\"et3\">20 unidades<\/td>\n<\/tr>\n<tr style=\"height: 17.60pt;\">\n<td class=\"et3\" style=\"height: 17.60pt;\" height=\"17\">Op\u00e7\u00e3o personalizada<\/td>\n<td class=\"et3\">Cor\/Patente\/Tamanho\/Logotipo\/Embalagem<\/td>\n<\/tr>\n<\/tbody>\n<\/table>","protected":false},"featured_media":3507,"comment_status":"closed","ping_status":"closed","template":"","meta":{"_acf_changed":false},"product_brand":[],"product_cat":[55,56],"product_tag":[],"class_list":{"0":"post-3502","1":"product","2":"type-product","3":"status-publish","4":"has-post-thumbnail","6":"product_cat-wholesale-matte-sinks","7":"product_cat-wholesale-small-bathroom-sinks","9":"first","10":"instock","11":"shipping-taxable","12":"product-type-simple"},"acf":[],"_links":{"self":[{"href":"https:\/\/www.ceramicbasin.com\/pt\/wp-json\/wp\/v2\/product\/3502","targetHints":{"allow":["GET"]}}],"collection":[{"href":"https:\/\/www.ceramicbasin.com\/pt\/wp-json\/wp\/v2\/product"}],"about":[{"href":"https:\/\/www.ceramicbasin.com\/pt\/wp-json\/wp\/v2\/types\/product"}],"replies":[{"embeddable":true,"href":"https:\/\/www.ceramicbasin.com\/pt\/wp-json\/wp\/v2\/comments?post=3502"}],"wp:featuredmedia":[{"embeddable":true,"href":"https:\/\/www.ceramicbasin.com\/pt\/wp-json\/wp\/v2\/media\/3507"}],"wp:attachment":[{"href":"https:\/\/www.ceramicbasin.com\/pt\/wp-json\/wp\/v2\/media?parent=3502"}],"wp:term":[{"taxonomy":"product_brand","embeddable":true,"href":"https:\/\/www.ceramicbasin.com\/pt\/wp-json\/wp\/v2\/product_brand?post=3502"},{"taxonomy":"product_cat","embeddable":true,"href":"https:\/\/www.ceramicbasin.com\/pt\/wp-json\/wp\/v2\/product_cat?post=3502"},{"taxonomy":"product_tag","embeddable":true,"href":"https:\/\/www.ceramicbasin.com\/pt\/wp-json\/wp\/v2\/product_tag?post=3502"}],"curies":[{"name":"wp","href":"https:\/\/api.w.org\/{rel}","templated":true}]}}