{"id":3874,"date":"2024-07-23T07:25:51","date_gmt":"2024-07-23T07:25:51","guid":{"rendered":"https:\/\/www.ceramicbasin.com\/?post_type=product&#038;p=3874"},"modified":"2025-10-23T09:46:48","modified_gmt":"2025-10-23T09:46:48","slug":"wholesale-gold-and-white-basins","status":"publish","type":"product","link":"https:\/\/www.ceramicbasin.com\/pt\/produto\/wholesale-gold-and-white-basins\/","title":{"rendered":"Lavat\u00f3rios em ouro e branco por atacado, lavat\u00f3rios de toucador em cer\u00e2mica de luxo"},"content":{"rendered":"<div class=\"wp-block-columns is-layout-flex wp-container-core-columns-is-layout-9d6595d7 wp-block-columns-is-layout-flex\">\n<div class=\"wp-block-column is-layout-flow wp-block-column-is-layout-flow\">\n<h2 class=\"wp-block-heading\">Bacias Premium Wholesale Gold and White Carater\u00edsticas:<\/h2>\n\n\n\n<ul class=\"wp-block-list\">\n<li><strong>Combina\u00e7\u00e3o luxuosa de cores:<\/strong> Esta combina\u00e7\u00e3o tradicional de cores entre o dourado e o branco \u00e9 utilizada nestas bacias de cer\u00e2mica por atacado. A parte dourada \u00e9 brilhante, enquanto a parte branca \u00e9 pura e elegante. Cria uma atmosfera luxuosa e elegante.<\/li>\n\n\n\n<li><strong>Design moderno: <\/strong>Estes lavat\u00f3rios por atacado em ouro e branco t\u00eam um design moderno. A combina\u00e7\u00e3o inteligente de ouro e branco real\u00e7a o estilo de toda a casa de banho.<\/li>\n\n\n\n<li><strong>S\u00f3lido, mas resistente e duradouro: <\/strong>Os nossos lavat\u00f3rios dourados e brancos por atacado utilizam material cer\u00e2mico de alta qualidade na produ\u00e7\u00e3o para garantir a beleza do lavat\u00f3rio, a durabilidade e a facilidade de limpeza e manuten\u00e7\u00e3o.<\/li>\n\n\n\n<li><strong>Fornecimento est\u00e1vel: <\/strong>Com anos de experi\u00eancia como fabricante de lavat\u00f3rios de cer\u00e2mica para casa de banho, a HanYu oferece pre\u00e7os competitivos e fornecimento r\u00e1pido de lavat\u00f3rios de cer\u00e2mica por atacado, adequados para grandes projectos como hot\u00e9is e edif\u00edcios comerciais.<\/li>\n<\/ul>\n<\/div>\n\n\n\n<div class=\"wp-block-column is-layout-flow wp-block-column-is-layout-flow\">\n<figure class=\"wp-block-image size-full\"><img fetchpriority=\"high\" decoding=\"async\" width=\"827\" height=\"1216\" src=\"https:\/\/www.ceramicbasin.com\/wp-content\/uploads\/2024\/07\/buy-fancy-wholesale-gold-and-white-basins-for-restroom-6.webp\" alt=\"comprar-brinquedos-ouro-e-bancas-brancas-para-salas-de-estar-6\" class=\"wp-image-3891\" srcset=\"https:\/\/www.ceramicbasin.com\/wp-content\/uploads\/2024\/07\/buy-fancy-wholesale-gold-and-white-basins-for-restroom-6.webp 827w, https:\/\/www.ceramicbasin.com\/wp-content\/uploads\/2024\/07\/buy-fancy-wholesale-gold-and-white-basins-for-restroom-6-204x300.webp 204w, https:\/\/www.ceramicbasin.com\/wp-content\/uploads\/2024\/07\/buy-fancy-wholesale-gold-and-white-basins-for-restroom-6-768x1129.webp 768w, https:\/\/www.ceramicbasin.com\/wp-content\/uploads\/2024\/07\/buy-fancy-wholesale-gold-and-white-basins-for-restroom-6-8x12.webp 8w, https:\/\/www.ceramicbasin.com\/wp-content\/uploads\/2024\/07\/buy-fancy-wholesale-gold-and-white-basins-for-restroom-6-285x419.webp 285w, https:\/\/www.ceramicbasin.com\/wp-content\/uploads\/2024\/07\/buy-fancy-wholesale-gold-and-white-basins-for-restroom-6-449x660.webp 449w, https:\/\/www.ceramicbasin.com\/wp-content\/uploads\/2024\/07\/buy-fancy-wholesale-gold-and-white-basins-for-restroom-6-102x150.webp 102w\" sizes=\"(max-width: 827px) 100vw, 827px\" \/><\/figure>\n<\/div>\n<\/div>","protected":false},"excerpt":{"rendered":"<p>Bem-vindo ao comprar bacias de cer\u00e2mica por grosso. Estas bacias douradas e brancas por atacado exibem uma no\u00e7\u00e3o de luxo visual, exalando eleg\u00e2ncia e toques requintados no seu design. A qualidade do material cer\u00e2mico garante a resist\u00eancia da bacia e a sua f\u00e1cil limpeza, tornando-a assim muito adequada para a casa de banho.<\/p>\n<table style=\"border-collapse: collapse; width: 311.02pt;\" border=\"0\" width=\"311\" cellspacing=\"0\" cellpadding=\"0\">\n<tbody>\n<tr style=\"height: 17.60pt;\">\n<td class=\"et3\" style=\"height: 17.60pt; width: 108.35pt;\" width=\"108\" height=\"17\">Fabricante<\/td>\n<td class=\"et3\" style=\"width: 202.95pt;\" width=\"202\">HanYu<\/td>\n<\/tr>\n<tr style=\"height: 17.60pt;\">\n<td class=\"et3\" style=\"height: 17.60pt;\" height=\"17\">Modelo n.<\/td>\n<td class=\"et4\">HY-8020RGY<\/td>\n<\/tr>\n<tr style=\"height: 36.00pt;\">\n<td class=\"et3\" style=\"height: 36.00pt;\" height=\"36\">Tipo<\/td>\n<td class=\"et5\" style=\"width: 202.95pt;\" width=\"202\">Lavat\u00f3rio galvanizado, Lavat\u00f3rio de bancada<\/td>\n<\/tr>\n<tr style=\"height: 17.60pt;\">\n<td class=\"et3\" style=\"height: 17.60pt;\" height=\"17\">Forma<\/td>\n<td class=\"et3\">Forma retangular<\/td>\n<\/tr>\n<tr style=\"height: 18.00pt;\">\n<td class=\"et4\" style=\"height: 18.00pt;\" height=\"18\">Cor<\/td>\n<td class=\"et5\" style=\"width: 202.95pt;\" width=\"202\">Branco + dourado escovado<\/td>\n<\/tr>\n<tr style=\"height: 18.00pt;\">\n<td class=\"et3\" style=\"height: 18.00pt;\" height=\"18\">Dimens\u00e3o<\/td>\n<td class=\"et5\" style=\"width: 202.95pt;\" width=\"202\">42*42*14<\/td>\n<\/tr>\n<tr style=\"height: 17.60pt;\">\n<td class=\"et3\" style=\"height: 17.60pt;\" height=\"17\">N.W \/SET<\/td>\n<td class=\"et3\">8KGS\/PCS<\/td>\n<\/tr>\n<tr style=\"height: 17.60pt;\">\n<td class=\"et3\" style=\"height: 17.60pt;\" height=\"17\">MOQ<\/td>\n<td class=\"et3\">20 unidades<\/td>\n<\/tr>\n<tr style=\"height: 17.60pt;\">\n<td class=\"et3\" style=\"height: 17.60pt;\" height=\"17\">Op\u00e7\u00e3o personalizada<\/td>\n<td class=\"et3\">Cor\/Patente\/Tamanho\/Logotipo\/Embalagem<\/td>\n<\/tr>\n<\/tbody>\n<\/table>","protected":false},"featured_media":3890,"comment_status":"closed","ping_status":"closed","template":"","meta":{"_acf_changed":false},"product_brand":[],"product_cat":[53,50],"product_tag":[],"class_list":{"0":"post-3874","1":"product","2":"type-product","3":"status-publish","4":"has-post-thumbnail","6":"product_cat-electroplated-bathroom-sinks","7":"product_cat-wholesale-countertop-sinks","9":"first","10":"instock","11":"shipping-taxable","12":"product-type-simple"},"acf":[],"_links":{"self":[{"href":"https:\/\/www.ceramicbasin.com\/pt\/wp-json\/wp\/v2\/product\/3874","targetHints":{"allow":["GET"]}}],"collection":[{"href":"https:\/\/www.ceramicbasin.com\/pt\/wp-json\/wp\/v2\/product"}],"about":[{"href":"https:\/\/www.ceramicbasin.com\/pt\/wp-json\/wp\/v2\/types\/product"}],"replies":[{"embeddable":true,"href":"https:\/\/www.ceramicbasin.com\/pt\/wp-json\/wp\/v2\/comments?post=3874"}],"wp:featuredmedia":[{"embeddable":true,"href":"https:\/\/www.ceramicbasin.com\/pt\/wp-json\/wp\/v2\/media\/3890"}],"wp:attachment":[{"href":"https:\/\/www.ceramicbasin.com\/pt\/wp-json\/wp\/v2\/media?parent=3874"}],"wp:term":[{"taxonomy":"product_brand","embeddable":true,"href":"https:\/\/www.ceramicbasin.com\/pt\/wp-json\/wp\/v2\/product_brand?post=3874"},{"taxonomy":"product_cat","embeddable":true,"href":"https:\/\/www.ceramicbasin.com\/pt\/wp-json\/wp\/v2\/product_cat?post=3874"},{"taxonomy":"product_tag","embeddable":true,"href":"https:\/\/www.ceramicbasin.com\/pt\/wp-json\/wp\/v2\/product_tag?post=3874"}],"curies":[{"name":"wp","href":"https:\/\/api.w.org\/{rel}","templated":true}]}}