{"id":3892,"date":"2024-07-23T07:53:41","date_gmt":"2024-07-23T07:53:41","guid":{"rendered":"https:\/\/www.ceramicbasin.com\/?post_type=product&#038;p=3892"},"modified":"2024-12-06T09:22:17","modified_gmt":"2024-12-06T09:22:17","slug":"fancy-wholesale-white-basins","status":"publish","type":"product","link":"https:\/\/www.ceramicbasin.com\/pt\/produto\/fancy-wholesale-white-basins\/","title":{"rendered":"Lavat\u00f3rios brancos com rebordo dourado, lavat\u00f3rios de cer\u00e2mica"},"content":{"rendered":"<div class=\"wp-block-columns is-layout-flex wp-container-core-columns-is-layout-9d6595d7 wp-block-columns-is-layout-flex\">\n<div class=\"wp-block-column is-layout-flow wp-block-column-is-layout-flow\">\n<h2 class=\"wp-block-heading\">Bacias brancas Premium Wholesale Carater\u00edsticas:<\/h2>\n\n\n\n<ul class=\"wp-block-list\">\n<li><strong>Lavat\u00f3rio branco puro com pormenores dourados: <\/strong>Os nossos lavat\u00f3rios brancos por atacado s\u00e3o combinados com rebordos dourados para criar uma impress\u00e3o simples e luxuosa do efeito visual.<\/li>\n\n\n\n<li><strong>Melhorar a moda para o espa\u00e7o: <\/strong>O nosso lavat\u00f3rio de casa de banho personalizado com rebordos dourados utiliza elementos de design moderno e cores cl\u00e1ssicas, o que n\u00e3o s\u00f3 aumenta a praticidade do lavat\u00f3rio, mas tamb\u00e9m traz o sentido da moda para o espa\u00e7o da casa de banho.<\/li>\n\n\n\n<li><strong>F\u00e1cil de manter: <\/strong>Estas bacias brancas por atacado utilizam materiais da mais alta qualidade para garantir que esta bacia \u00e9 dur\u00e1vel e f\u00e1cil de limpar; pode manter a sua beleza ap\u00f3s uma longa utiliza\u00e7\u00e3o.<\/li>\n\n\n\n<li><strong>Econ\u00f3mica: <\/strong>Como um fabricante de lavat\u00f3rio de casa de banho, podemos oferecer um pre\u00e7o por atacado muito competitivo para lavat\u00f3rio de casa de banho personalizado para garantir um prazer de alta qualidade sem exceder o seu or\u00e7amento.<\/li>\n<\/ul>\n<\/div>\n\n\n\n<div class=\"wp-block-column is-layout-flow wp-block-column-is-layout-flow\">\n<figure class=\"wp-block-image size-full\"><img fetchpriority=\"high\" decoding=\"async\" width=\"827\" height=\"1208\" src=\"https:\/\/www.ceramicbasin.com\/wp-content\/uploads\/2024\/07\/buy-fancy-wholesale-white-basins-with-gold-edge-design-6.webp\" alt=\"comprar-brinquedos-brancos-com-desenho-em-bordas-ouro-6\" class=\"wp-image-3898\" srcset=\"https:\/\/www.ceramicbasin.com\/wp-content\/uploads\/2024\/07\/buy-fancy-wholesale-white-basins-with-gold-edge-design-6.webp 827w, https:\/\/www.ceramicbasin.com\/wp-content\/uploads\/2024\/07\/buy-fancy-wholesale-white-basins-with-gold-edge-design-6-205x300.webp 205w, https:\/\/www.ceramicbasin.com\/wp-content\/uploads\/2024\/07\/buy-fancy-wholesale-white-basins-with-gold-edge-design-6-768x1122.webp 768w, https:\/\/www.ceramicbasin.com\/wp-content\/uploads\/2024\/07\/buy-fancy-wholesale-white-basins-with-gold-edge-design-6-8x12.webp 8w, https:\/\/www.ceramicbasin.com\/wp-content\/uploads\/2024\/07\/buy-fancy-wholesale-white-basins-with-gold-edge-design-6-285x416.webp 285w, https:\/\/www.ceramicbasin.com\/wp-content\/uploads\/2024\/07\/buy-fancy-wholesale-white-basins-with-gold-edge-design-6-452x660.webp 452w, https:\/\/www.ceramicbasin.com\/wp-content\/uploads\/2024\/07\/buy-fancy-wholesale-white-basins-with-gold-edge-design-6-103x150.webp 103w\" sizes=\"(max-width: 827px) 100vw, 827px\" \/><\/figure>\n<\/div>\n<\/div>","protected":false},"excerpt":{"rendered":"<p>Bem-vindo ao lavat\u00f3rio de casa de banho personalizado. Devido \u00e0 sua apar\u00eancia elegante e excelente rela\u00e7\u00e3o custo-efic\u00e1cia, os nossos lavat\u00f3rios brancos por atacado com rebordos dourados tornaram-se a escolha ideal na decora\u00e7\u00e3o de casas de banho de luxo. A combina\u00e7\u00e3o perfeita entre o corpo branco e o rebordo dourado confere a beleza da simplicidade sem perder os pormenores de luxo.<\/p>\n<table style=\"border-collapse: collapse; width: 311.02pt;\" border=\"0\" width=\"311\" cellspacing=\"0\" cellpadding=\"0\">\n<tbody>\n<tr style=\"height: 17.60pt;\">\n<td class=\"et3\" style=\"height: 17.60pt; width: 108.35pt;\" width=\"108\" height=\"17\">Fabricante<\/td>\n<td class=\"et3\" style=\"width: 202.95pt;\" width=\"202\">HanYu<\/td>\n<\/tr>\n<tr style=\"height: 17.60pt;\">\n<td class=\"et3\" style=\"height: 17.60pt;\" height=\"17\">Modelo n.<\/td>\n<td class=\"et4\">HY-8030GL<\/td>\n<\/tr>\n<tr style=\"height: 36.00pt;\">\n<td class=\"et3\" style=\"height: 36.00pt;\" height=\"36\">Tipo<\/td>\n<td class=\"et5\" style=\"width: 202.95pt;\" width=\"202\">Lavat\u00f3rio galvanizado, Lavat\u00f3rio de bancada<\/td>\n<\/tr>\n<tr style=\"height: 17.60pt;\">\n<td class=\"et3\" style=\"height: 17.60pt;\" height=\"17\">Forma<\/td>\n<td class=\"et3\">Forma retangular<\/td>\n<\/tr>\n<tr style=\"height: 18.00pt;\">\n<td class=\"et4\" style=\"height: 18.00pt;\" height=\"18\">Cor<\/td>\n<td class=\"et5\" style=\"width: 202.95pt;\" width=\"202\">Borda branca + dourada<\/td>\n<\/tr>\n<tr style=\"height: 18.00pt;\">\n<td class=\"et3\" style=\"height: 18.00pt;\" height=\"18\">Dimens\u00e3o<\/td>\n<td class=\"et5\" style=\"width: 202.95pt;\" width=\"202\">62*35*11<\/td>\n<\/tr>\n<tr style=\"height: 17.60pt;\">\n<td class=\"et3\" style=\"height: 17.60pt;\" height=\"17\">N.W \/SET<\/td>\n<td class=\"et3\">10KGS\/PCS<\/td>\n<\/tr>\n<tr style=\"height: 17.60pt;\">\n<td class=\"et3\" style=\"height: 17.60pt;\" height=\"17\">MOQ<\/td>\n<td class=\"et3\">20 unidades<\/td>\n<\/tr>\n<tr style=\"height: 17.60pt;\">\n<td class=\"et3\" style=\"height: 17.60pt;\" height=\"17\">Op\u00e7\u00e3o personalizada<\/td>\n<td class=\"et3\">Cor\/Patente\/Tamanho\/Logotipo\/Embalagem<\/td>\n<\/tr>\n<\/tbody>\n<\/table>","protected":false},"featured_media":3896,"comment_status":"closed","ping_status":"closed","template":"","meta":{"_acf_changed":false},"product_brand":[],"product_cat":[53,50],"product_tag":[],"class_list":{"0":"post-3892","1":"product","2":"type-product","3":"status-publish","4":"has-post-thumbnail","6":"product_cat-electroplated-bathroom-sinks","7":"product_cat-wholesale-countertop-sinks","9":"first","10":"instock","11":"shipping-taxable","12":"product-type-simple"},"acf":[],"_links":{"self":[{"href":"https:\/\/www.ceramicbasin.com\/pt\/wp-json\/wp\/v2\/product\/3892","targetHints":{"allow":["GET"]}}],"collection":[{"href":"https:\/\/www.ceramicbasin.com\/pt\/wp-json\/wp\/v2\/product"}],"about":[{"href":"https:\/\/www.ceramicbasin.com\/pt\/wp-json\/wp\/v2\/types\/product"}],"replies":[{"embeddable":true,"href":"https:\/\/www.ceramicbasin.com\/pt\/wp-json\/wp\/v2\/comments?post=3892"}],"wp:featuredmedia":[{"embeddable":true,"href":"https:\/\/www.ceramicbasin.com\/pt\/wp-json\/wp\/v2\/media\/3896"}],"wp:attachment":[{"href":"https:\/\/www.ceramicbasin.com\/pt\/wp-json\/wp\/v2\/media?parent=3892"}],"wp:term":[{"taxonomy":"product_brand","embeddable":true,"href":"https:\/\/www.ceramicbasin.com\/pt\/wp-json\/wp\/v2\/product_brand?post=3892"},{"taxonomy":"product_cat","embeddable":true,"href":"https:\/\/www.ceramicbasin.com\/pt\/wp-json\/wp\/v2\/product_cat?post=3892"},{"taxonomy":"product_tag","embeddable":true,"href":"https:\/\/www.ceramicbasin.com\/pt\/wp-json\/wp\/v2\/product_tag?post=3892"}],"curies":[{"name":"wp","href":"https:\/\/api.w.org\/{rel}","templated":true}]}}