{"id":3935,"date":"2024-07-23T08:55:40","date_gmt":"2024-07-23T08:55:40","guid":{"rendered":"https:\/\/www.ceramicbasin.com\/?post_type=product&#038;p=3935"},"modified":"2024-12-06T09:22:16","modified_gmt":"2024-12-06T09:22:16","slug":"silver-finish-basin-wholesale","status":"publish","type":"product","link":"https:\/\/www.ceramicbasin.com\/pt\/produto\/silver-finish-basin-wholesale\/","title":{"rendered":"Novo design de bacia com acabamento em prata por atacado com fornecimento r\u00e1pido"},"content":{"rendered":"<div class=\"wp-block-columns is-layout-flex wp-container-core-columns-is-layout-9d6595d7 wp-block-columns-is-layout-flex\">\n<div class=\"wp-block-column is-layout-flow wp-block-column-is-layout-flow\">\n<h2 class=\"wp-block-heading\">Lavat\u00f3rio com acabamento em prata premium Carater\u00edsticas por atacado:<\/h2>\n\n\n\n<ul class=\"wp-block-list\">\n<li><strong>Design de moda:<\/strong> O design desta nova bacia com acabamento prateado confere um toque moderno e elegante \u00e0 bacia, melhorando o estilo decorativo da sua casa de banho ou \u00e1rea de lavagem.<\/li>\n\n\n\n<li><strong>Materiais de alta qualidade: <\/strong>Estes lavat\u00f3rios de toucador prateados por atacado s\u00e3o feitos de materiais cer\u00e2micos de qualidade superior para garantir que a bacia \u00e9 s\u00f3lida e dur\u00e1vel, enquanto a sua camada exterior tem um acabamento galvanizado prateado suave e f\u00e1cil de limpar diariamente.<\/li>\n\n\n\n<li><strong>Fornecimento r\u00e1pido:<\/strong> Como um fornecedor de pia de cer\u00e2mica, temos uma cadeia de suprimentos de resposta r\u00e1pida que pode processar rapidamente os pedidos e garantir a entrega oportuna da bacia de acabamento de prata por atacado.<\/li>\n\n\n\n<li><strong>Econ\u00f3mica: <\/strong>Oferecemos pre\u00e7os mais favor\u00e1veis para pias de vaidade por atacado de grandes encomendas, o que significa alta qualidade, mas ainda a um pre\u00e7o razo\u00e1vel para ajud\u00e1-lo a economizar custos em grandes projectos.<\/li>\n<\/ul>\n<\/div>\n\n\n\n<div class=\"wp-block-column is-layout-flow wp-block-column-is-layout-flow\">\n<figure class=\"wp-block-image size-full\"><img fetchpriority=\"high\" decoding=\"async\" width=\"827\" height=\"1224\" src=\"https:\/\/www.ceramicbasin.com\/wp-content\/uploads\/2024\/07\/new-design-silver-finish-basin-wholesale-with-fast-supply-6.jpg\" alt=\"novo-design-prata-acabamento-bacia-wholesale-com-fornecimento-r\u00e1pido-6\" class=\"wp-image-3950\" srcset=\"https:\/\/www.ceramicbasin.com\/wp-content\/uploads\/2024\/07\/new-design-silver-finish-basin-wholesale-with-fast-supply-6.jpg 827w, https:\/\/www.ceramicbasin.com\/wp-content\/uploads\/2024\/07\/new-design-silver-finish-basin-wholesale-with-fast-supply-6-203x300.jpg 203w, https:\/\/www.ceramicbasin.com\/wp-content\/uploads\/2024\/07\/new-design-silver-finish-basin-wholesale-with-fast-supply-6-768x1137.jpg 768w, https:\/\/www.ceramicbasin.com\/wp-content\/uploads\/2024\/07\/new-design-silver-finish-basin-wholesale-with-fast-supply-6-8x12.jpg 8w, https:\/\/www.ceramicbasin.com\/wp-content\/uploads\/2024\/07\/new-design-silver-finish-basin-wholesale-with-fast-supply-6-285x422.jpg 285w, https:\/\/www.ceramicbasin.com\/wp-content\/uploads\/2024\/07\/new-design-silver-finish-basin-wholesale-with-fast-supply-6-446x660.jpg 446w, https:\/\/www.ceramicbasin.com\/wp-content\/uploads\/2024\/07\/new-design-silver-finish-basin-wholesale-with-fast-supply-6-101x150.jpg 101w\" sizes=\"(max-width: 827px) 100vw, 827px\" \/><\/figure>\n<\/div>\n<\/div>","protected":false},"excerpt":{"rendered":"<p>Bem-vindo \u00e0 compra de lavat\u00f3rios por atacado. O nosso novo design de lavat\u00f3rio com acabamento prateado por atacado confere perfeitamente um grande sentido est\u00e9tico ao design moderno, ao mesmo tempo que combina praticidade. A beleza do acabamento em prata galvanizada d\u00e1 um toque moderno ao espa\u00e7o e permite uma limpeza f\u00e1cil para manter a sua beleza duradoura.<\/p>\n<table width=\"311\">\n<tbody>\n<tr>\n<td width=\"108\">Fabricante<\/td>\n<td width=\"202\">HanYu<\/td>\n<\/tr>\n<tr>\n<td>Modelo n.<\/td>\n<td>HY-8018SS\u00a0<\/td>\n<\/tr>\n<tr>\n<td>Tipo<\/td>\n<td width=\"202\">Lavat\u00f3rio galvanizado, Lavat\u00f3rio de bancada<\/td>\n<\/tr>\n<tr>\n<td>Forma<\/td>\n<td>Forma retangular<\/td>\n<\/tr>\n<tr>\n<td>Cor<\/td>\n<td width=\"202\">Branco + Prata escovado<\/td>\n<\/tr>\n<tr>\n<td>Dimens\u00e3o<\/td>\n<td width=\"202\">50*40*15<\/td>\n<\/tr>\n<tr>\n<td>N.W \/SET<\/td>\n<td>11KGS\/PCS<\/td>\n<\/tr>\n<tr>\n<td>MOQ<\/td>\n<td>20 unidades<\/td>\n<\/tr>\n<tr>\n<td>Op\u00e7\u00e3o personalizada<\/td>\n<td>Cor\/Patente\/Tamanho\/Logotipo\/Embalagem<\/td>\n<\/tr>\n<\/tbody>\n<\/table>","protected":false},"featured_media":3947,"comment_status":"closed","ping_status":"closed","template":"","meta":{"_acf_changed":false},"product_brand":[],"product_cat":[53,50],"product_tag":[],"class_list":{"0":"post-3935","1":"product","2":"type-product","3":"status-publish","4":"has-post-thumbnail","6":"product_cat-electroplated-bathroom-sinks","7":"product_cat-wholesale-countertop-sinks","9":"first","10":"instock","11":"shipping-taxable","12":"product-type-simple"},"acf":[],"_links":{"self":[{"href":"https:\/\/www.ceramicbasin.com\/pt\/wp-json\/wp\/v2\/product\/3935","targetHints":{"allow":["GET"]}}],"collection":[{"href":"https:\/\/www.ceramicbasin.com\/pt\/wp-json\/wp\/v2\/product"}],"about":[{"href":"https:\/\/www.ceramicbasin.com\/pt\/wp-json\/wp\/v2\/types\/product"}],"replies":[{"embeddable":true,"href":"https:\/\/www.ceramicbasin.com\/pt\/wp-json\/wp\/v2\/comments?post=3935"}],"wp:featuredmedia":[{"embeddable":true,"href":"https:\/\/www.ceramicbasin.com\/pt\/wp-json\/wp\/v2\/media\/3947"}],"wp:attachment":[{"href":"https:\/\/www.ceramicbasin.com\/pt\/wp-json\/wp\/v2\/media?parent=3935"}],"wp:term":[{"taxonomy":"product_brand","embeddable":true,"href":"https:\/\/www.ceramicbasin.com\/pt\/wp-json\/wp\/v2\/product_brand?post=3935"},{"taxonomy":"product_cat","embeddable":true,"href":"https:\/\/www.ceramicbasin.com\/pt\/wp-json\/wp\/v2\/product_cat?post=3935"},{"taxonomy":"product_tag","embeddable":true,"href":"https:\/\/www.ceramicbasin.com\/pt\/wp-json\/wp\/v2\/product_tag?post=3935"}],"curies":[{"name":"wp","href":"https:\/\/api.w.org\/{rel}","templated":true}]}}