{"id":3957,"date":"2024-07-23T09:07:44","date_gmt":"2024-07-23T09:07:44","guid":{"rendered":"https:\/\/www.ceramicbasin.com\/?post_type=product&#038;p=3957"},"modified":"2024-12-06T09:23:55","modified_gmt":"2024-12-06T09:23:55","slug":"wholesale-marble-color-basins","status":"publish","type":"product","link":"https:\/\/www.ceramicbasin.com\/pt\/produto\/wholesale-marble-color-basins\/","title":{"rendered":"Bacias de m\u00e1rmore por atacado de entrega r\u00e1pida com \u00f3timo pre\u00e7o"},"content":{"rendered":"<div class=\"wp-block-columns is-layout-flex wp-container-core-columns-is-layout-9d6595d7 wp-block-columns-is-layout-flex\">\n<div class=\"wp-block-column is-layout-flow wp-block-column-is-layout-flow\">\n<h2 class=\"wp-block-heading\">Bacias de cor de m\u00e1rmore por atacado Premium Carater\u00edsticas:<\/h2>\n\n\n\n<ul class=\"wp-block-list\">\n<li><strong>Imita\u00e7\u00e3o de textura de m\u00e1rmore: <\/strong>Este lavat\u00f3rio personalizado adopta a tecnologia de impress\u00e3o por transfer\u00eancia de \u00e1gua, utilizando imita\u00e7\u00e3o de cor de m\u00e1rmore e design de textura, trazendo beleza natural e textura de alta qualidade para o lavat\u00f3rio.<\/li>\n\n\n\n<li><strong>Econ\u00f3mica: <\/strong>Os lavat\u00f3rios de m\u00e1rmore por atacado s\u00e3o fornecidos diretamente da nossa f\u00e1brica, eliminando o intermedi\u00e1rio e garantindo que obt\u00e9m lavat\u00f3rios de alta qualidade a um pre\u00e7o muito competitivo.<\/li>\n\n\n\n<li><strong>Pre\u00e7os flex\u00edveis: <\/strong>Fornecemos servi\u00e7os personalizados de lavat\u00f3rios de casa de banho para criar lavat\u00f3rios de alta qualidade e perfeitamente funcionais de acordo com as suas necessidades.<\/li>\n\n\n\n<li><strong>Servi\u00e7o eficiente:<\/strong> A HanYu possui um sistema de produ\u00e7\u00e3o e log\u00edstica maduro que pode responder rapidamente \u00e0s necessidades das encomendas e assegurar a entrega atempada para cumprir o calend\u00e1rio de projectos urgentes.<\/li>\n<\/ul>\n<\/div>\n\n\n\n<div class=\"wp-block-column is-layout-flow wp-block-column-is-layout-flow\">\n<figure class=\"wp-block-image size-full\"><img fetchpriority=\"high\" decoding=\"async\" width=\"980\" height=\"1352\" src=\"https:\/\/www.ceramicbasin.com\/wp-content\/uploads\/2024\/07\/factory-direct-wholesale-marble-color-basins-with-good-price-6.webp\" alt=\"factory-direct-wholesale-marble-color-basins-with-good-price-6\" class=\"wp-image-3970\" srcset=\"https:\/\/www.ceramicbasin.com\/wp-content\/uploads\/2024\/07\/factory-direct-wholesale-marble-color-basins-with-good-price-6.webp 980w, https:\/\/www.ceramicbasin.com\/wp-content\/uploads\/2024\/07\/factory-direct-wholesale-marble-color-basins-with-good-price-6-217x300.webp 217w, https:\/\/www.ceramicbasin.com\/wp-content\/uploads\/2024\/07\/factory-direct-wholesale-marble-color-basins-with-good-price-6-768x1060.webp 768w, https:\/\/www.ceramicbasin.com\/wp-content\/uploads\/2024\/07\/factory-direct-wholesale-marble-color-basins-with-good-price-6-9x12.webp 9w, https:\/\/www.ceramicbasin.com\/wp-content\/uploads\/2024\/07\/factory-direct-wholesale-marble-color-basins-with-good-price-6-285x393.webp 285w, https:\/\/www.ceramicbasin.com\/wp-content\/uploads\/2024\/07\/factory-direct-wholesale-marble-color-basins-with-good-price-6-478x660.webp 478w, https:\/\/www.ceramicbasin.com\/wp-content\/uploads\/2024\/07\/factory-direct-wholesale-marble-color-basins-with-good-price-6-109x150.webp 109w\" sizes=\"(max-width: 980px) 100vw, 980px\" \/><\/figure>\n<\/div>\n<\/div>","protected":false},"excerpt":{"rendered":"<p>Estas bacias de cor de m\u00e1rmore por atacado usam tecnologia de impress\u00e3o de transfer\u00eancia de \u00e1gua que imita a textura e a cor da pedra natural, adicionando uma beleza natural \u00fanica e textura luxuosa ao espa\u00e7o da casa de banho. Fornecemos lavat\u00f3rios por atacado de alta qualidade e baixo pre\u00e7o com modo de venda direta da f\u00e1brica e fornecemos rapidamente para atender \u00e0s necessidades do seu projeto.<\/p>\n<table width=\"311\">\n<tbody>\n<tr>\n<td width=\"108\">Fabricante<\/td>\n<td width=\"202\">HanYu<\/td>\n<\/tr>\n<tr>\n<td>Modelo n.<\/td>\n<td>HY-8018SS\u00a0<\/td>\n<\/tr>\n<tr>\n<td>Tipo<\/td>\n<td width=\"202\">Lavat\u00f3rio em m\u00e1rmore, Lavat\u00f3rio de bancada<\/td>\n<\/tr>\n<tr>\n<td>Forma<\/td>\n<td>Forma retangular<\/td>\n<\/tr>\n<tr>\n<td>Cor<\/td>\n<td width=\"202\">Preto<\/td>\n<\/tr>\n<tr>\n<td>Dimens\u00e3o<\/td>\n<td width=\"202\">50*40*15<\/td>\n<\/tr>\n<tr>\n<td>N.W \/SET<\/td>\n<td>11KGS\/PCS<\/td>\n<\/tr>\n<tr>\n<td>MOQ<\/td>\n<td>20 unidades<\/td>\n<\/tr>\n<tr>\n<td>Op\u00e7\u00e3o personalizada<\/td>\n<td>Cor\/Patente\/Tamanho\/Logotipo\/Embalagem<\/td>\n<\/tr>\n<\/tbody>\n<\/table>","protected":false},"featured_media":3965,"comment_status":"closed","ping_status":"closed","template":"","meta":{"_acf_changed":false},"product_brand":[],"product_cat":[54,50],"product_tag":[],"class_list":{"0":"post-3957","1":"product","2":"type-product","3":"status-publish","4":"has-post-thumbnail","6":"product_cat-wholesale-marble-sinks","7":"product_cat-wholesale-countertop-sinks","9":"first","10":"instock","11":"shipping-taxable","12":"product-type-simple"},"acf":[],"_links":{"self":[{"href":"https:\/\/www.ceramicbasin.com\/pt\/wp-json\/wp\/v2\/product\/3957","targetHints":{"allow":["GET"]}}],"collection":[{"href":"https:\/\/www.ceramicbasin.com\/pt\/wp-json\/wp\/v2\/product"}],"about":[{"href":"https:\/\/www.ceramicbasin.com\/pt\/wp-json\/wp\/v2\/types\/product"}],"replies":[{"embeddable":true,"href":"https:\/\/www.ceramicbasin.com\/pt\/wp-json\/wp\/v2\/comments?post=3957"}],"wp:featuredmedia":[{"embeddable":true,"href":"https:\/\/www.ceramicbasin.com\/pt\/wp-json\/wp\/v2\/media\/3965"}],"wp:attachment":[{"href":"https:\/\/www.ceramicbasin.com\/pt\/wp-json\/wp\/v2\/media?parent=3957"}],"wp:term":[{"taxonomy":"product_brand","embeddable":true,"href":"https:\/\/www.ceramicbasin.com\/pt\/wp-json\/wp\/v2\/product_brand?post=3957"},{"taxonomy":"product_cat","embeddable":true,"href":"https:\/\/www.ceramicbasin.com\/pt\/wp-json\/wp\/v2\/product_cat?post=3957"},{"taxonomy":"product_tag","embeddable":true,"href":"https:\/\/www.ceramicbasin.com\/pt\/wp-json\/wp\/v2\/product_tag?post=3957"}],"curies":[{"name":"wp","href":"https:\/\/api.w.org\/{rel}","templated":true}]}}