{"id":4021,"date":"2024-07-23T10:18:59","date_gmt":"2024-07-23T10:18:59","guid":{"rendered":"https:\/\/www.ceramicbasin.com\/?post_type=product&#038;p=4021"},"modified":"2024-12-06T09:23:55","modified_gmt":"2024-12-06T09:23:55","slug":"wholesale-marble-wash-basins","status":"publish","type":"product","link":"https:\/\/www.ceramicbasin.com\/pt\/produto\/wholesale-marble-wash-basins\/","title":{"rendered":"Lindos lavat\u00f3rios de m\u00e1rmore por atacado com alta qualidade"},"content":{"rendered":"<div class=\"wp-block-columns is-layout-flex wp-container-core-columns-is-layout-9d6595d7 wp-block-columns-is-layout-flex\">\n<div class=\"wp-block-column is-layout-flow wp-block-column-is-layout-flow\">\n<h2 class=\"wp-block-heading\">Lavat\u00f3rios de m\u00e1rmore por atacado Premium Carater\u00edsticas:<\/h2>\n\n\n\n<ul class=\"wp-block-list\">\n<li><strong>Sensa\u00e7\u00e3o de luxo: <\/strong>Cada um dos nossos lavat\u00f3rios de m\u00e1rmore por atacado \u00e9 feito de m\u00e1rmore natural de alta qualidade, com uma textura e cor \u00fanicas que reflectem diretamente a alta qualidade.<\/li>\n\n\n\n<li><strong>Artesanato requintado: <\/strong>Este lavat\u00f3rio para vasos por atacado foi finamente polido para garantir que a superf\u00edcie do lavat\u00f3rio \u00e9 lisa e delicada e que as arestas n\u00e3o s\u00e3o afiadas. Os pormenores s\u00e3o um reflexo da per\u00edcia do artes\u00e3o.<\/li>\n\n\n\n<li><strong>Estilo elegante:<\/strong> Estes lavat\u00f3rios de m\u00e1rmore por atacado combinam elementos modernos e cl\u00e1ssicos num s\u00f3 conceito de design. Este lavat\u00f3rio \u00e9 simples mas elegante. Pode adaptar-se perfeitamente a diferentes estilos de decora\u00e7\u00e3o de casa de banho, o que pode real\u00e7ar a beleza do espa\u00e7o de forma eficaz.<\/li>\n\n\n\n<li><strong>Controlo de qualidade rigoroso:<\/strong> Cada um dos nossos lava-loi\u00e7as por atacado foi rigorosamente inspeccionado quanto \u00e0 qualidade, durabilidade e fiabilidade, para manter a sua beleza e funcionalidade mesmo ap\u00f3s uma utiliza\u00e7\u00e3o prolongada.<\/li>\n<\/ul>\n<\/div>\n\n\n\n<div class=\"wp-block-column is-layout-flow wp-block-column-is-layout-flow\">\n<figure class=\"wp-block-image size-full\"><img fetchpriority=\"high\" decoding=\"async\" width=\"980\" height=\"1351\" src=\"https:\/\/www.ceramicbasin.com\/wp-content\/uploads\/2024\/07\/beautiful-wholesale-marble-wash-basins-with-high-quality-7.webp\" alt=\"belas-bacias-de-lavagem-em-m\u00e1rmore-de-alta-qualidade-7\" class=\"wp-image-4030\" srcset=\"https:\/\/www.ceramicbasin.com\/wp-content\/uploads\/2024\/07\/beautiful-wholesale-marble-wash-basins-with-high-quality-7.webp 980w, https:\/\/www.ceramicbasin.com\/wp-content\/uploads\/2024\/07\/beautiful-wholesale-marble-wash-basins-with-high-quality-7-218x300.webp 218w, https:\/\/www.ceramicbasin.com\/wp-content\/uploads\/2024\/07\/beautiful-wholesale-marble-wash-basins-with-high-quality-7-768x1059.webp 768w, https:\/\/www.ceramicbasin.com\/wp-content\/uploads\/2024\/07\/beautiful-wholesale-marble-wash-basins-with-high-quality-7-9x12.webp 9w, https:\/\/www.ceramicbasin.com\/wp-content\/uploads\/2024\/07\/beautiful-wholesale-marble-wash-basins-with-high-quality-7-285x393.webp 285w, https:\/\/www.ceramicbasin.com\/wp-content\/uploads\/2024\/07\/beautiful-wholesale-marble-wash-basins-with-high-quality-7-479x660.webp 479w, https:\/\/www.ceramicbasin.com\/wp-content\/uploads\/2024\/07\/beautiful-wholesale-marble-wash-basins-with-high-quality-7-109x150.webp 109w\" sizes=\"(max-width: 980px) 100vw, 980px\" \/><\/figure>\n<\/div>\n<\/div>","protected":false},"excerpt":{"rendered":"<p>Bem-vindo \u00e0 compra de pias para vasos por atacado. Os nossos lavat\u00f3rios de m\u00e1rmore por atacado adoptam a tecnologia de transfer\u00eancia de \u00e1gua para simular a textura natural da pedra natural, combinando eleg\u00e2ncia e durabilidade, trazendo um maior grau de sensa\u00e7\u00e3o est\u00e9tica na casa de banho. Fornecemos servi\u00e7o OEM\/ODM para os seus projectos.<\/p>\n<table style=\"border-collapse: collapse; width: 311.02pt;\" border=\"0\" width=\"311\" cellspacing=\"0\" cellpadding=\"0\">\n<tbody>\n<tr style=\"height: 17.60pt;\">\n<td class=\"et3\" style=\"height: 17.60pt; width: 108.35pt;\" width=\"108\" height=\"17\">Fabricante<\/td>\n<td class=\"et3\" style=\"width: 202.95pt;\" width=\"202\">HanYu<\/td>\n<\/tr>\n<tr style=\"height: 17.60pt;\">\n<td class=\"et3\" style=\"height: 17.60pt;\" height=\"17\">Modelo n.<\/td>\n<td class=\"et4\">HY-8064-55D127<\/td>\n<\/tr>\n<tr style=\"height: 36.00pt;\">\n<td class=\"et3\" style=\"height: 36.00pt;\" height=\"36\">Tipo<\/td>\n<td class=\"et5\" style=\"width: 202.95pt;\" width=\"202\">Lavat\u00f3rio em m\u00e1rmore, Lavat\u00f3rio de bancada<\/td>\n<\/tr>\n<tr style=\"height: 17.60pt;\">\n<td class=\"et3\" style=\"height: 17.60pt;\" height=\"17\">Forma<\/td>\n<td class=\"et3\">Forma retangular<\/td>\n<\/tr>\n<tr style=\"height: 18.00pt;\">\n<td class=\"et4\" style=\"height: 18.00pt;\" height=\"18\">Cor<\/td>\n<td class=\"et5\" style=\"width: 202.95pt;\" width=\"202\">Azul<\/td>\n<\/tr>\n<tr style=\"height: 18.00pt;\">\n<td class=\"et3\" style=\"height: 18.00pt;\" height=\"18\">Dimens\u00e3o<\/td>\n<td class=\"et5\" style=\"width: 202.95pt;\" width=\"202\">55*38*11<\/td>\n<\/tr>\n<tr style=\"height: 17.60pt;\">\n<td class=\"et3\" style=\"height: 17.60pt;\" height=\"17\">N.W \/SET<\/td>\n<td class=\"et3\">12KGS\/PCS<\/td>\n<\/tr>\n<tr style=\"height: 17.60pt;\">\n<td class=\"et3\" style=\"height: 17.60pt;\" height=\"17\">MOQ<\/td>\n<td class=\"et3\">20 unidades<\/td>\n<\/tr>\n<tr style=\"height: 17.60pt;\">\n<td class=\"et3\" style=\"height: 17.60pt;\" height=\"17\">Op\u00e7\u00e3o personalizada<\/td>\n<td class=\"et3\">Cor\/Patente\/Tamanho\/Logotipo\/Embalagem<\/td>\n<\/tr>\n<\/tbody>\n<\/table>","protected":false},"featured_media":4025,"comment_status":"closed","ping_status":"closed","template":"","meta":{"_acf_changed":false},"product_brand":[],"product_cat":[54,50],"product_tag":[],"class_list":{"0":"post-4021","1":"product","2":"type-product","3":"status-publish","4":"has-post-thumbnail","6":"product_cat-wholesale-marble-sinks","7":"product_cat-wholesale-countertop-sinks","9":"first","10":"instock","11":"shipping-taxable","12":"product-type-simple"},"acf":[],"_links":{"self":[{"href":"https:\/\/www.ceramicbasin.com\/pt\/wp-json\/wp\/v2\/product\/4021","targetHints":{"allow":["GET"]}}],"collection":[{"href":"https:\/\/www.ceramicbasin.com\/pt\/wp-json\/wp\/v2\/product"}],"about":[{"href":"https:\/\/www.ceramicbasin.com\/pt\/wp-json\/wp\/v2\/types\/product"}],"replies":[{"embeddable":true,"href":"https:\/\/www.ceramicbasin.com\/pt\/wp-json\/wp\/v2\/comments?post=4021"}],"wp:featuredmedia":[{"embeddable":true,"href":"https:\/\/www.ceramicbasin.com\/pt\/wp-json\/wp\/v2\/media\/4025"}],"wp:attachment":[{"href":"https:\/\/www.ceramicbasin.com\/pt\/wp-json\/wp\/v2\/media?parent=4021"}],"wp:term":[{"taxonomy":"product_brand","embeddable":true,"href":"https:\/\/www.ceramicbasin.com\/pt\/wp-json\/wp\/v2\/product_brand?post=4021"},{"taxonomy":"product_cat","embeddable":true,"href":"https:\/\/www.ceramicbasin.com\/pt\/wp-json\/wp\/v2\/product_cat?post=4021"},{"taxonomy":"product_tag","embeddable":true,"href":"https:\/\/www.ceramicbasin.com\/pt\/wp-json\/wp\/v2\/product_tag?post=4021"}],"curies":[{"name":"wp","href":"https:\/\/api.w.org\/{rel}","templated":true}]}}