{"id":4031,"date":"2024-07-24T01:00:54","date_gmt":"2024-07-24T01:00:54","guid":{"rendered":"https:\/\/www.ceramicbasin.com\/?post_type=product&#038;p=4031"},"modified":"2024-12-06T09:23:54","modified_gmt":"2024-12-06T09:23:54","slug":"artificial-marble-sink-wholesale","status":"publish","type":"product","link":"https:\/\/www.ceramicbasin.com\/pt\/produto\/artificial-marble-sink-wholesale\/","title":{"rendered":"Lavat\u00f3rio de m\u00e1rmore artificial por atacado Lavat\u00f3rio de vaso para casa de banho"},"content":{"rendered":"<div class=\"wp-block-columns is-layout-flex wp-container-core-columns-is-layout-9d6595d7 wp-block-columns-is-layout-flex\">\n<div class=\"wp-block-column is-layout-flow wp-block-column-is-layout-flow\">\n<h2 class=\"wp-block-heading\">Lavat\u00f3rio de m\u00e1rmore Premium Carater\u00edsticas por atacado:<\/h2>\n\n\n\n<ul class=\"wp-block-list\">\n<li><strong>Imita\u00e7\u00e3o de textura de m\u00e1rmore:<\/strong> Este lavat\u00f3rio de m\u00e1rmore por atacado utiliza a tecnologia de transfer\u00eancia de \u00e1gua para apresentar uma textura de m\u00e1rmore realista na superf\u00edcie, acrescentando uma sensa\u00e7\u00e3o natural de luxo \u00e0 casa de banho.<\/li>\n\n\n\n<li><strong>Dur\u00e1vel e de f\u00e1cil manuten\u00e7\u00e3o: <\/strong>O nosso lavat\u00f3rio de m\u00e1rmore artificial por atacado tem boa resist\u00eancia a riscos e manchas, limpeza di\u00e1ria simples, e mant\u00e9m a bacia brilhante e nova durante muito tempo.<\/li>\n\n\n\n<li><strong>Forte capacidade de adapta\u00e7\u00e3o: <\/strong>Os nossos lavat\u00f3rios de casa de banho por atacado est\u00e3o dispon\u00edveis numa variedade de tamanhos, formas e cores, combinando facilmente com v\u00e1rios estilos de decora\u00e7\u00e3o de casa de banho, quer seja simplicidade moderna ou eleg\u00e2ncia cl\u00e1ssica.<\/li>\n\n\n\n<li><strong>Produ\u00e7\u00e3o e entrega r\u00e1pidas: <\/strong>A HanYu tem uma linha de produ\u00e7\u00e3o moderna e um sistema de log\u00edstica eficiente para garantir que a sua encomenda de pias de casa de banho responde rapidamente, entrega a tempo e reduz o tempo de espera.<\/li>\n<\/ul>\n<\/div>\n\n\n\n<div class=\"wp-block-column is-layout-flow wp-block-column-is-layout-flow\">\n<figure class=\"wp-block-image size-full\"><img fetchpriority=\"high\" decoding=\"async\" width=\"980\" height=\"1245\" src=\"https:\/\/www.ceramicbasin.com\/wp-content\/uploads\/2024\/07\/artificial-marble-sink-wholesale-vessel-sink-for-bathroom-6.jpg\" alt=\"lavat\u00f3rio de m\u00e1rmore artificial - venda por grosso - lavat\u00f3rio para casa de banho - 6\" class=\"wp-image-4036\" srcset=\"https:\/\/www.ceramicbasin.com\/wp-content\/uploads\/2024\/07\/artificial-marble-sink-wholesale-vessel-sink-for-bathroom-6.jpg 980w, https:\/\/www.ceramicbasin.com\/wp-content\/uploads\/2024\/07\/artificial-marble-sink-wholesale-vessel-sink-for-bathroom-6-236x300.jpg 236w, https:\/\/www.ceramicbasin.com\/wp-content\/uploads\/2024\/07\/artificial-marble-sink-wholesale-vessel-sink-for-bathroom-6-768x976.jpg 768w, https:\/\/www.ceramicbasin.com\/wp-content\/uploads\/2024\/07\/artificial-marble-sink-wholesale-vessel-sink-for-bathroom-6-9x12.jpg 9w, https:\/\/www.ceramicbasin.com\/wp-content\/uploads\/2024\/07\/artificial-marble-sink-wholesale-vessel-sink-for-bathroom-6-285x362.jpg 285w, https:\/\/www.ceramicbasin.com\/wp-content\/uploads\/2024\/07\/artificial-marble-sink-wholesale-vessel-sink-for-bathroom-6-520x660.jpg 520w, https:\/\/www.ceramicbasin.com\/wp-content\/uploads\/2024\/07\/artificial-marble-sink-wholesale-vessel-sink-for-bathroom-6-118x150.jpg 118w\" sizes=\"(max-width: 980px) 100vw, 980px\" \/><\/figure>\n<\/div>\n<\/div>","protected":false},"excerpt":{"rendered":"<p>Bem-vindo \u00e0 compra de pias para vasos por atacado. O nosso lavat\u00f3rio de m\u00e1rmore artificial por atacado oferece uma solu\u00e7\u00e3o duradoura e elegante para o espa\u00e7o da casa de banho. A textura do m\u00e1rmore simulado confere ao lavat\u00f3rio uma beleza natural, enquanto o seu material s\u00f3lido garante a durabilidade do produto.<\/p>\n<table style=\"border-collapse: collapse; width: 311.02pt;\" border=\"0\" width=\"311\" cellspacing=\"0\" cellpadding=\"0\">\n<tbody>\n<tr style=\"height: 17.60pt;\">\n<td class=\"et3\" style=\"height: 17.60pt; width: 108.35pt;\" width=\"108\" height=\"17\">Fabricante<\/td>\n<td class=\"et3\" style=\"width: 202.95pt;\" width=\"202\">HanYu<\/td>\n<\/tr>\n<tr style=\"height: 17.60pt;\">\n<td class=\"et3\" style=\"height: 17.60pt;\" height=\"17\">Modelo n.<\/td>\n<td class=\"et4\">HY-8064-75D83<\/td>\n<\/tr>\n<tr style=\"height: 36.00pt;\">\n<td class=\"et3\" style=\"height: 36.00pt;\" height=\"36\">Tipo<\/td>\n<td class=\"et5\" style=\"width: 202.95pt;\" width=\"202\">Lavat\u00f3rio em m\u00e1rmore, Lavat\u00f3rio de bancada<\/td>\n<\/tr>\n<tr style=\"height: 17.60pt;\">\n<td class=\"et3\" style=\"height: 17.60pt;\" height=\"17\">Forma<\/td>\n<td class=\"et3\">Forma retangular<\/td>\n<\/tr>\n<tr style=\"height: 18.00pt;\">\n<td class=\"et4\" style=\"height: 18.00pt;\" height=\"18\">Cor<\/td>\n<td class=\"et5\" style=\"width: 202.95pt;\" width=\"202\">Preto<\/td>\n<\/tr>\n<tr style=\"height: 18.00pt;\">\n<td class=\"et3\" style=\"height: 18.00pt;\" height=\"18\">Dimens\u00e3o<\/td>\n<td class=\"et5\" style=\"width: 202.95pt;\" width=\"202\">75*38*13<\/td>\n<\/tr>\n<tr style=\"height: 17.60pt;\">\n<td class=\"et3\" style=\"height: 17.60pt;\" height=\"17\">N.W \/SET<\/td>\n<td class=\"et3\">17KGS\/PCS<\/td>\n<\/tr>\n<tr style=\"height: 17.60pt;\">\n<td class=\"et3\" style=\"height: 17.60pt;\" height=\"17\">MOQ<\/td>\n<td class=\"et3\">20 unidades<\/td>\n<\/tr>\n<tr style=\"height: 17.60pt;\">\n<td class=\"et3\" style=\"height: 17.60pt;\" height=\"17\">Op\u00e7\u00e3o personalizada<\/td>\n<td class=\"et3\">Cor\/Patente\/Tamanho\/Logotipo\/Embalagem<\/td>\n<\/tr>\n<\/tbody>\n<\/table>","protected":false},"featured_media":4032,"comment_status":"closed","ping_status":"closed","template":"","meta":{"_acf_changed":false},"product_brand":[],"product_cat":[54,50],"product_tag":[],"class_list":{"0":"post-4031","1":"product","2":"type-product","3":"status-publish","4":"has-post-thumbnail","6":"product_cat-wholesale-marble-sinks","7":"product_cat-wholesale-countertop-sinks","9":"first","10":"instock","11":"shipping-taxable","12":"product-type-simple"},"acf":[],"_links":{"self":[{"href":"https:\/\/www.ceramicbasin.com\/pt\/wp-json\/wp\/v2\/product\/4031","targetHints":{"allow":["GET"]}}],"collection":[{"href":"https:\/\/www.ceramicbasin.com\/pt\/wp-json\/wp\/v2\/product"}],"about":[{"href":"https:\/\/www.ceramicbasin.com\/pt\/wp-json\/wp\/v2\/types\/product"}],"replies":[{"embeddable":true,"href":"https:\/\/www.ceramicbasin.com\/pt\/wp-json\/wp\/v2\/comments?post=4031"}],"wp:featuredmedia":[{"embeddable":true,"href":"https:\/\/www.ceramicbasin.com\/pt\/wp-json\/wp\/v2\/media\/4032"}],"wp:attachment":[{"href":"https:\/\/www.ceramicbasin.com\/pt\/wp-json\/wp\/v2\/media?parent=4031"}],"wp:term":[{"taxonomy":"product_brand","embeddable":true,"href":"https:\/\/www.ceramicbasin.com\/pt\/wp-json\/wp\/v2\/product_brand?post=4031"},{"taxonomy":"product_cat","embeddable":true,"href":"https:\/\/www.ceramicbasin.com\/pt\/wp-json\/wp\/v2\/product_cat?post=4031"},{"taxonomy":"product_tag","embeddable":true,"href":"https:\/\/www.ceramicbasin.com\/pt\/wp-json\/wp\/v2\/product_tag?post=4031"}],"curies":[{"name":"wp","href":"https:\/\/api.w.org\/{rel}","templated":true}]}}