{"id":4038,"date":"2024-07-24T01:24:32","date_gmt":"2024-07-24T01:24:32","guid":{"rendered":"https:\/\/www.ceramicbasin.com\/?post_type=product&#038;p=4038"},"modified":"2024-12-06T09:23:54","modified_gmt":"2024-12-06T09:23:54","slug":"custom-marble-sink-artificial","status":"publish","type":"product","link":"https:\/\/www.ceramicbasin.com\/pt\/produto\/custom-marble-sink-artificial\/","title":{"rendered":"Lavat\u00f3rio de m\u00e1rmore personalizado de alta qualidade com textura artificial"},"content":{"rendered":"<div class=\"wp-block-columns is-layout-flex wp-container-core-columns-is-layout-9d6595d7 wp-block-columns-is-layout-flex\">\n<div class=\"wp-block-column is-layout-flow wp-block-column-is-layout-flow\">\n<h2 class=\"wp-block-heading\">Carater\u00edsticas do lavat\u00f3rio de m\u00e1rmore personalizado Premium:<\/h2>\n\n\n\n<ul class=\"wp-block-list\">\n<li><strong>Textura realista: <\/strong>O nosso lavat\u00f3rio de m\u00e1rmore personalizado utiliza uma tecnologia avan\u00e7ada de transfer\u00eancia de \u00e1gua para reproduzir com precis\u00e3o a textura natural do m\u00e1rmore, fazendo com que a superf\u00edcie do lavat\u00f3rio apresente uma textura delicada e realista, tal como o m\u00e1rmore verdadeiro.<\/li>\n\n\n\n<li><strong>Materiais de alta qualidade: <\/strong>Esta pia de m\u00e1rmore artificial por atacado utiliza materiais cer\u00e2micos de alto desempenho para garantir que a pia tenha excelente resist\u00eancia ao desgaste, resist\u00eancia a rachaduras e resist\u00eancia \u00e0 corros\u00e3o, e tenha uma longa vida \u00fatil.<\/li>\n\n\n\n<li><strong>Design personalizado: <\/strong>Fornecemos servi\u00e7os personalizados de lavat\u00f3rios de m\u00e1rmore e podemos personalizar lavat\u00f3rios de diferentes tamanhos, formas e estilos de acordo com os requisitos especiais dos clientes para satisfazer as necessidades da sua marca.<\/li>\n\n\n\n<li><strong>Materiais amigos do ambiente, seguros e saud\u00e1veis: <\/strong>Os nossos lavat\u00f3rios de casa de banho por atacado utilizam mat\u00e9rias-primas amigas do ambiente e inofensivas, cumprem as normas de seguran\u00e7a internacionais e garantem que os utilizadores n\u00e3o t\u00eam riscos para a sa\u00fade na utiliza\u00e7\u00e3o a longo prazo.<\/li>\n<\/ul>\n<\/div>\n\n\n\n<div class=\"wp-block-column is-layout-flow wp-block-column-is-layout-flow\">\n<figure class=\"wp-block-image size-full\"><img fetchpriority=\"high\" decoding=\"async\" width=\"915\" height=\"1214\" src=\"https:\/\/www.ceramicbasin.com\/wp-content\/uploads\/2024\/07\/high-quality-custom-marble-sink-with-artificial-texture-6.webp\" alt=\"pia de m\u00e1rmore personalizada de alta qualidade com textura artificial-6\" class=\"wp-image-4044\" srcset=\"https:\/\/www.ceramicbasin.com\/wp-content\/uploads\/2024\/07\/high-quality-custom-marble-sink-with-artificial-texture-6.webp 915w, https:\/\/www.ceramicbasin.com\/wp-content\/uploads\/2024\/07\/high-quality-custom-marble-sink-with-artificial-texture-6-226x300.webp 226w, https:\/\/www.ceramicbasin.com\/wp-content\/uploads\/2024\/07\/high-quality-custom-marble-sink-with-artificial-texture-6-768x1019.webp 768w, https:\/\/www.ceramicbasin.com\/wp-content\/uploads\/2024\/07\/high-quality-custom-marble-sink-with-artificial-texture-6-9x12.webp 9w, https:\/\/www.ceramicbasin.com\/wp-content\/uploads\/2024\/07\/high-quality-custom-marble-sink-with-artificial-texture-6-285x378.webp 285w, https:\/\/www.ceramicbasin.com\/wp-content\/uploads\/2024\/07\/high-quality-custom-marble-sink-with-artificial-texture-6-497x660.webp 497w, https:\/\/www.ceramicbasin.com\/wp-content\/uploads\/2024\/07\/high-quality-custom-marble-sink-with-artificial-texture-6-113x150.webp 113w\" sizes=\"(max-width: 915px) 100vw, 915px\" \/><\/figure>\n<\/div>\n<\/div>","protected":false},"excerpt":{"rendered":"<p>O nosso lavat\u00f3rio de m\u00e1rmore personalizado utiliza tecnologia de transfer\u00eancia de \u00e1gua para reproduzir com precis\u00e3o a textura natural do m\u00e1rmore, adequada a qualquer estilo de design de casa de banho. Os materiais selecionados n\u00e3o s\u00e3o apenas robustos e duradouros, mas tamb\u00e9m amigos do ambiente e saud\u00e1veis.<\/p>\n<table style=\"border-collapse: collapse; width: 311.02pt;\" border=\"0\" width=\"311\" cellspacing=\"0\" cellpadding=\"0\">\n<tbody>\n<tr style=\"height: 17.60pt;\">\n<td class=\"et3\" style=\"height: 17.60pt; width: 108.35pt;\" width=\"108\" height=\"17\">Fabricante<\/td>\n<td class=\"et3\" style=\"width: 202.95pt;\" width=\"202\">HanYu<\/td>\n<\/tr>\n<tr style=\"height: 17.60pt;\">\n<td class=\"et3\" style=\"height: 17.60pt;\" height=\"17\">Modelo n.<\/td>\n<td class=\"et4\">HY-8065-55D106<\/td>\n<\/tr>\n<tr style=\"height: 36.00pt;\">\n<td class=\"et3\" style=\"height: 36.00pt;\" height=\"36\">Tipo<\/td>\n<td class=\"et5\" style=\"width: 202.95pt;\" width=\"202\">Lavat\u00f3rio em m\u00e1rmore, Lavat\u00f3rio de bancada<\/td>\n<\/tr>\n<tr style=\"height: 17.60pt;\">\n<td class=\"et3\" style=\"height: 17.60pt;\" height=\"17\">Forma<\/td>\n<td class=\"et3\">Forma retangular<\/td>\n<\/tr>\n<tr style=\"height: 18.00pt;\">\n<td class=\"et4\" style=\"height: 18.00pt;\" height=\"18\">Cor<\/td>\n<td class=\"et5\" style=\"width: 202.95pt;\" width=\"202\">Azul<\/td>\n<\/tr>\n<tr style=\"height: 18.00pt;\">\n<td class=\"et3\" style=\"height: 18.00pt;\" height=\"18\">Dimens\u00e3o<\/td>\n<td class=\"et5\" style=\"width: 202.95pt;\" width=\"202\">65*45*11<\/td>\n<\/tr>\n<tr style=\"height: 17.60pt;\">\n<td class=\"et3\" style=\"height: 17.60pt;\" height=\"17\">N.W \/SET<\/td>\n<td class=\"et3\">14.5KGS\/PCS<\/td>\n<\/tr>\n<tr style=\"height: 17.60pt;\">\n<td class=\"et3\" style=\"height: 17.60pt;\" height=\"17\">MOQ<\/td>\n<td class=\"et3\">20 unidades<\/td>\n<\/tr>\n<tr style=\"height: 17.60pt;\">\n<td class=\"et3\" style=\"height: 17.60pt;\" height=\"17\">Op\u00e7\u00e3o personalizada<\/td>\n<td class=\"et3\">Cor\/Patente\/Tamanho\/Logotipo\/Embalagem<\/td>\n<\/tr>\n<\/tbody>\n<\/table>","protected":false},"featured_media":4039,"comment_status":"closed","ping_status":"closed","template":"","meta":{"_acf_changed":false},"product_brand":[],"product_cat":[54,50],"product_tag":[],"class_list":{"0":"post-4038","1":"product","2":"type-product","3":"status-publish","4":"has-post-thumbnail","6":"product_cat-wholesale-marble-sinks","7":"product_cat-wholesale-countertop-sinks","9":"first","10":"instock","11":"shipping-taxable","12":"product-type-simple"},"acf":[],"_links":{"self":[{"href":"https:\/\/www.ceramicbasin.com\/pt\/wp-json\/wp\/v2\/product\/4038","targetHints":{"allow":["GET"]}}],"collection":[{"href":"https:\/\/www.ceramicbasin.com\/pt\/wp-json\/wp\/v2\/product"}],"about":[{"href":"https:\/\/www.ceramicbasin.com\/pt\/wp-json\/wp\/v2\/types\/product"}],"replies":[{"embeddable":true,"href":"https:\/\/www.ceramicbasin.com\/pt\/wp-json\/wp\/v2\/comments?post=4038"}],"wp:featuredmedia":[{"embeddable":true,"href":"https:\/\/www.ceramicbasin.com\/pt\/wp-json\/wp\/v2\/media\/4039"}],"wp:attachment":[{"href":"https:\/\/www.ceramicbasin.com\/pt\/wp-json\/wp\/v2\/media?parent=4038"}],"wp:term":[{"taxonomy":"product_brand","embeddable":true,"href":"https:\/\/www.ceramicbasin.com\/pt\/wp-json\/wp\/v2\/product_brand?post=4038"},{"taxonomy":"product_cat","embeddable":true,"href":"https:\/\/www.ceramicbasin.com\/pt\/wp-json\/wp\/v2\/product_cat?post=4038"},{"taxonomy":"product_tag","embeddable":true,"href":"https:\/\/www.ceramicbasin.com\/pt\/wp-json\/wp\/v2\/product_tag?post=4038"}],"curies":[{"name":"wp","href":"https:\/\/api.w.org\/{rel}","templated":true}]}}