{"id":4317,"date":"2024-07-26T03:24:27","date_gmt":"2024-07-26T03:24:27","guid":{"rendered":"https:\/\/www.ceramicbasin.com\/?post_type=product&#038;p=4317"},"modified":"2024-07-26T04:10:06","modified_gmt":"2024-07-26T04:10:06","slug":"custom-undermount-sinks-in-bulk","status":"publish","type":"product","link":"https:\/\/www.ceramicbasin.com\/pt\/produto\/custom-undermount-sinks-in-bulk\/","title":{"rendered":"Pias de encastrar personalizadas de entrega r\u00e1pida a granel para a casa de banho"},"content":{"rendered":"<div class=\"wp-block-columns is-layout-flex wp-container-core-columns-is-layout-9d6595d7 wp-block-columns-is-layout-flex\">\n<div class=\"wp-block-column is-layout-flow wp-block-column-is-layout-flow\">\n<h2 class=\"wp-block-heading\">Carater\u00edsticas dos lava-loi\u00e7as de encastrar personalizados Premium:<\/h2>\n\n\n\n<ul class=\"wp-block-list\">\n<li><strong>Duradouro: <\/strong>Os nossos lava-loi\u00e7as de encastrar personalizados s\u00e3o fabricados com mat\u00e9rias-primas cer\u00e2micas de alta qualidade e cozidos a altas temperaturas para garantir que os produtos t\u00eam uma dureza e resist\u00eancia \u00e0 corros\u00e3o extremamente elevadas, s\u00e3o duradouros e f\u00e1ceis de limpar.<\/li>\n\n\n\n<li><strong>Entrega r\u00e1pida:<\/strong> Prometemos uma log\u00edstica e distribui\u00e7\u00e3o eficientes para garantir que os nossos lava-loi\u00e7as de encastrar personalizados a granel sejam entregues rapidamente, acelerando o progresso do seu projeto e satisfazendo as necessidades urgentes de constru\u00e7\u00e3o.<\/li>\n\n\n\n<li><strong>Op\u00e7\u00f5es de personaliza\u00e7\u00e3o: <\/strong>Fornecemos servi\u00e7os personalizados para lavat\u00f3rios de casa de banho personalizados numa variedade de tamanhos, formas e cores para garantir que cada lavat\u00f3rio de encastrar corresponde perfeitamente ao estilo de decora\u00e7\u00e3o da sua casa de banho e \u00e0s suas necessidades pessoais.<\/li>\n\n\n\n<li><strong>Desconto para compras em massa: <\/strong>Como fabricante profissional, oferecemos pre\u00e7os altamente competitivos para lavat\u00f3rios de encastrar por atacado e desfrutamos de mais descontos para compras a granel, o que \u00e9 adequado para grandes projectos como hot\u00e9is, apartamentos, escrit\u00f3rios, etc.<\/li>\n<\/ul>\n<\/div>\n\n\n\n<div class=\"wp-block-column is-layout-flow wp-block-column-is-layout-flow\">\n<figure class=\"wp-block-image size-full\"><img fetchpriority=\"high\" decoding=\"async\" width=\"604\" height=\"836\" src=\"https:\/\/www.ceramicbasin.com\/wp-content\/uploads\/2024\/07\/fast-delivery-custom-undermount-sinks-in-bulk-for-bathroom-2.webp\" alt=\"fast-delivery-custom-undermount-sinks-in-bulk-for-bathroom-2\" class=\"wp-image-4319\" srcset=\"https:\/\/www.ceramicbasin.com\/wp-content\/uploads\/2024\/07\/fast-delivery-custom-undermount-sinks-in-bulk-for-bathroom-2.webp 604w, https:\/\/www.ceramicbasin.com\/wp-content\/uploads\/2024\/07\/fast-delivery-custom-undermount-sinks-in-bulk-for-bathroom-2-217x300.webp 217w, https:\/\/www.ceramicbasin.com\/wp-content\/uploads\/2024\/07\/fast-delivery-custom-undermount-sinks-in-bulk-for-bathroom-2-9x12.webp 9w, https:\/\/www.ceramicbasin.com\/wp-content\/uploads\/2024\/07\/fast-delivery-custom-undermount-sinks-in-bulk-for-bathroom-2-285x394.webp 285w, https:\/\/www.ceramicbasin.com\/wp-content\/uploads\/2024\/07\/fast-delivery-custom-undermount-sinks-in-bulk-for-bathroom-2-477x660.webp 477w, https:\/\/www.ceramicbasin.com\/wp-content\/uploads\/2024\/07\/fast-delivery-custom-undermount-sinks-in-bulk-for-bathroom-2-108x150.webp 108w\" sizes=\"(max-width: 604px) 100vw, 604px\" \/><\/figure>\n<\/div>\n<\/div>","protected":false},"excerpt":{"rendered":"<p>Os nossos lava-loi\u00e7as de encastrar personalizados s\u00e3o feitos de materiais cer\u00e2micos de alta qualidade que s\u00e3o dur\u00e1veis e f\u00e1ceis de limpar. Temos capacidade de entrega r\u00e1pida para garantir que as grandes encomendas possam chegar rapidamente ao local de constru\u00e7\u00e3o.<\/p>\n<table style=\"border-collapse: collapse; width: 311.02pt;\" border=\"0\" width=\"311\" cellspacing=\"0\" cellpadding=\"0\">\n<tbody>\n<tr style=\"height: 17.60pt;\">\n<td class=\"et3\" style=\"height: 17.60pt; width: 108.35pt;\" width=\"108\" height=\"17\">Fabricante<\/td>\n<td class=\"et3\" style=\"width: 202.95pt;\" width=\"202\">HanYu<\/td>\n<\/tr>\n<tr style=\"height: 17.60pt;\">\n<td class=\"et3\" style=\"height: 17.60pt;\" height=\"17\">Modelo n.<\/td>\n<td class=\"et4\">HY-3026<\/td>\n<\/tr>\n<tr style=\"height: 18.00pt;\">\n<td class=\"et3\" style=\"height: 18.00pt;\" height=\"18\">Tipo<\/td>\n<td class=\"et5\" style=\"width: 202.95pt;\" width=\"202\">Bacias de encastrar<\/td>\n<\/tr>\n<tr style=\"height: 17.60pt;\">\n<td class=\"et3\" style=\"height: 17.60pt;\" height=\"17\">Forma<\/td>\n<td class=\"et3\">Forma retangular<\/td>\n<\/tr>\n<tr style=\"height: 18.00pt;\">\n<td class=\"et4\" style=\"height: 18.00pt;\" height=\"18\">Cor<\/td>\n<td class=\"et5\" style=\"width: 202.95pt;\" width=\"202\">Branco<\/td>\n<\/tr>\n<tr style=\"height: 18.00pt;\">\n<td class=\"et3\" style=\"height: 18.00pt;\" height=\"18\">Dimens\u00e3o<\/td>\n<td class=\"et5\" style=\"width: 202.95pt;\" width=\"202\">47*35.5*19.5<\/td>\n<\/tr>\n<tr style=\"height: 17.60pt;\">\n<td class=\"et3\" style=\"height: 17.60pt;\" height=\"17\">N.W \/SET<\/td>\n<td class=\"et3\">7.5KGS\/PCS<\/td>\n<\/tr>\n<tr style=\"height: 17.60pt;\">\n<td class=\"et3\" style=\"height: 17.60pt;\" height=\"17\">MOQ<\/td>\n<td class=\"et3\">20 unidades<\/td>\n<\/tr>\n<tr style=\"height: 17.60pt;\">\n<td class=\"et3\" style=\"height: 17.60pt;\" height=\"17\">Op\u00e7\u00e3o personalizada<\/td>\n<td class=\"et3\">Cor\/Patente\/Tamanho\/Logotipo\/Embalagem<\/td>\n<\/tr>\n<\/tbody>\n<\/table>","protected":false},"featured_media":4325,"comment_status":"closed","ping_status":"closed","template":"","meta":{"_acf_changed":false},"product_brand":[],"product_cat":[59],"product_tag":[],"class_list":{"0":"post-4317","1":"product","2":"type-product","3":"status-publish","4":"has-post-thumbnail","6":"product_cat-wholesale-undermount-sinks","8":"first","9":"instock","10":"shipping-taxable","11":"product-type-simple"},"acf":[],"_links":{"self":[{"href":"https:\/\/www.ceramicbasin.com\/pt\/wp-json\/wp\/v2\/product\/4317","targetHints":{"allow":["GET"]}}],"collection":[{"href":"https:\/\/www.ceramicbasin.com\/pt\/wp-json\/wp\/v2\/product"}],"about":[{"href":"https:\/\/www.ceramicbasin.com\/pt\/wp-json\/wp\/v2\/types\/product"}],"replies":[{"embeddable":true,"href":"https:\/\/www.ceramicbasin.com\/pt\/wp-json\/wp\/v2\/comments?post=4317"}],"wp:featuredmedia":[{"embeddable":true,"href":"https:\/\/www.ceramicbasin.com\/pt\/wp-json\/wp\/v2\/media\/4325"}],"wp:attachment":[{"href":"https:\/\/www.ceramicbasin.com\/pt\/wp-json\/wp\/v2\/media?parent=4317"}],"wp:term":[{"taxonomy":"product_brand","embeddable":true,"href":"https:\/\/www.ceramicbasin.com\/pt\/wp-json\/wp\/v2\/product_brand?post=4317"},{"taxonomy":"product_cat","embeddable":true,"href":"https:\/\/www.ceramicbasin.com\/pt\/wp-json\/wp\/v2\/product_cat?post=4317"},{"taxonomy":"product_tag","embeddable":true,"href":"https:\/\/www.ceramicbasin.com\/pt\/wp-json\/wp\/v2\/product_tag?post=4317"}],"curies":[{"name":"wp","href":"https:\/\/api.w.org\/{rel}","templated":true}]}}