{"id":4335,"date":"2024-07-26T06:21:44","date_gmt":"2024-07-26T06:21:44","guid":{"rendered":"https:\/\/www.ceramicbasin.com\/?post_type=product&#038;p=4335"},"modified":"2024-07-26T06:47:32","modified_gmt":"2024-07-26T06:47:32","slug":"wholesale-commercial-drop-in-sinks","status":"publish","type":"product","link":"https:\/\/www.ceramicbasin.com\/pt\/produto\/wholesale-commercial-drop-in-sinks\/","title":{"rendered":"Lavat\u00f3rios comerciais suspensos para casas de banho Premium Wholesale"},"content":{"rendered":"<div class=\"wp-block-columns is-layout-flex wp-container-core-columns-is-layout-9d6595d7 wp-block-columns-is-layout-flex\">\n<div class=\"wp-block-column is-layout-flow wp-block-column-is-layout-flow\">\n<h2 class=\"wp-block-heading\">Carater\u00edsticas dos lava-loi\u00e7as comerciais por atacado Premium:<\/h2>\n\n\n\n<ul class=\"wp-block-list\">\n<li><strong>Design requintado: <\/strong>Os nossos lava-lou\u00e7as comerciais por atacado t\u00eam um perfil quadrado elegante, com linhas duras e suaves, embutidos na bancada da casa de banho, acrescentando uma sensa\u00e7\u00e3o de simplicidade e modernidade ao espa\u00e7o.<\/li>\n\n\n\n<li><strong>Materiais cer\u00e2micos de alta qualidade: <\/strong>Os nossos lavat\u00f3rios de casa de banho por atacado s\u00e3o feitos de materiais cer\u00e2micos de alta qualidade, combinados com artesanato requintado, para garantir que a estrutura do lavat\u00f3rio \u00e9 est\u00e1vel, a superf\u00edcie \u00e9 lisa e delicada, f\u00e1cil de limpar e manter, e dur\u00e1vel.<\/li>\n\n\n\n<li><strong>Vantagem do pre\u00e7o por grosso: <\/strong>Como fabricante de lava-loi\u00e7as de cer\u00e2mica, oferecemos pre\u00e7os por atacado muito competitivos, para que possa obter os lava-loi\u00e7as comerciais por atacado mais ideais sob controlo de custos.<\/li>\n\n\n\n<li><strong>Servi\u00e7o personalizado: <\/strong>Fornecer servi\u00e7os personalizados de lavat\u00f3rios de casa de banho para os seus projectos comerciais, assegurando que cada produto satisfaz precisamente os requisitos de design e espa\u00e7o da sua casa de banho, criando um estilo \u00fanico.<\/li>\n<\/ul>\n<\/div>\n\n\n\n<div class=\"wp-block-column is-layout-flow wp-block-column-is-layout-flow\">\n<figure class=\"wp-block-image size-full\"><img fetchpriority=\"high\" decoding=\"async\" width=\"725\" height=\"855\" src=\"https:\/\/www.ceramicbasin.com\/wp-content\/uploads\/2024\/07\/premium-wholesale-commercial-drop-in-sinks-for-bathrooms-5.webp\" alt=\"premium-wholesale-commercial-drop-in-sinks-for-bathrooms-5\" class=\"wp-image-4341\" srcset=\"https:\/\/www.ceramicbasin.com\/wp-content\/uploads\/2024\/07\/premium-wholesale-commercial-drop-in-sinks-for-bathrooms-5.webp 725w, https:\/\/www.ceramicbasin.com\/wp-content\/uploads\/2024\/07\/premium-wholesale-commercial-drop-in-sinks-for-bathrooms-5-254x300.webp 254w, https:\/\/www.ceramicbasin.com\/wp-content\/uploads\/2024\/07\/premium-wholesale-commercial-drop-in-sinks-for-bathrooms-5-10x12.webp 10w, https:\/\/www.ceramicbasin.com\/wp-content\/uploads\/2024\/07\/premium-wholesale-commercial-drop-in-sinks-for-bathrooms-5-285x336.webp 285w, https:\/\/www.ceramicbasin.com\/wp-content\/uploads\/2024\/07\/premium-wholesale-commercial-drop-in-sinks-for-bathrooms-5-560x660.webp 560w, https:\/\/www.ceramicbasin.com\/wp-content\/uploads\/2024\/07\/premium-wholesale-commercial-drop-in-sinks-for-bathrooms-5-127x150.webp 127w\" sizes=\"(max-width: 725px) 100vw, 725px\" \/><\/figure>\n<\/div>\n<\/div>\n\n\n\n<p><\/p>","protected":false},"excerpt":{"rendered":"<p>Os materiais cer\u00e2micos de alta qualidade e o artesanato requintado utilizados nos nossos lava-loi\u00e7as comerciais por atacado garantem a durabilidade e a conveni\u00eancia de limpeza do lava-loi\u00e7a, tornando-o uma escolha ideal para lava-loi\u00e7as de casas de banho comerciais. O design retangular requintado n\u00e3o \u00e9 apenas bonito e generoso, mas tamb\u00e9m um s\u00edmbolo da moda das casas de banho modernas.<\/p>\n<table style=\"border-collapse: collapse; width: 311.02pt;\" border=\"0\" width=\"311\" cellspacing=\"0\" cellpadding=\"0\">\n<tbody>\n<tr style=\"height: 17.60pt;\">\n<td class=\"et3\" style=\"height: 17.60pt; width: 108.35pt;\" width=\"108\" height=\"17\">Fabricante<\/td>\n<td class=\"et3\" style=\"width: 202.95pt;\" width=\"202\">HanYu<\/td>\n<\/tr>\n<tr style=\"height: 17.60pt;\">\n<td class=\"et3\" style=\"height: 17.60pt;\" height=\"17\">Modelo n.<\/td>\n<td class=\"et4\">HY-8066<\/td>\n<\/tr>\n<tr style=\"height: 18.00pt;\">\n<td class=\"et3\" style=\"height: 18.00pt;\" height=\"18\">Tipo<\/td>\n<td class=\"et5\" style=\"width: 202.95pt;\" width=\"202\">Bacia de recolha<\/td>\n<\/tr>\n<tr style=\"height: 17.60pt;\">\n<td class=\"et3\" style=\"height: 17.60pt;\" height=\"17\">Forma<\/td>\n<td class=\"et3\">Forma retangular<\/td>\n<\/tr>\n<tr style=\"height: 18.00pt;\">\n<td class=\"et4\" style=\"height: 18.00pt;\" height=\"18\">Cor<\/td>\n<td class=\"et5\" style=\"width: 202.95pt;\" width=\"202\">Branco<\/td>\n<\/tr>\n<tr style=\"height: 18.00pt;\">\n<td class=\"et3\" style=\"height: 18.00pt;\" height=\"18\">Dimens\u00e3o<\/td>\n<td class=\"et5\" style=\"width: 202.95pt;\" width=\"202\">48*29.5*12.5<\/td>\n<\/tr>\n<tr style=\"height: 17.60pt;\">\n<td class=\"et3\" style=\"height: 17.60pt;\" height=\"17\">N.W \/SET<\/td>\n<td class=\"et3\">9KGS\/PCS<\/td>\n<\/tr>\n<tr style=\"height: 17.60pt;\">\n<td class=\"et3\" style=\"height: 17.60pt;\" height=\"17\">MOQ<\/td>\n<td class=\"et3\">20 unidades<\/td>\n<\/tr>\n<tr style=\"height: 17.60pt;\">\n<td class=\"et3\" style=\"height: 17.60pt;\" height=\"17\">Op\u00e7\u00e3o personalizada<\/td>\n<td class=\"et3\">Cor\/Patente\/Tamanho\/Logotipo\/Embalagem<\/td>\n<\/tr>\n<\/tbody>\n<\/table>","protected":false},"featured_media":4336,"comment_status":"closed","ping_status":"closed","template":"","meta":{"_acf_changed":false},"product_brand":[],"product_cat":[51],"product_tag":[],"class_list":{"0":"post-4335","1":"product","2":"type-product","3":"status-publish","4":"has-post-thumbnail","6":"product_cat-wholesale-drop-in-sinks","8":"first","9":"instock","10":"shipping-taxable","11":"product-type-simple"},"acf":[],"_links":{"self":[{"href":"https:\/\/www.ceramicbasin.com\/pt\/wp-json\/wp\/v2\/product\/4335","targetHints":{"allow":["GET"]}}],"collection":[{"href":"https:\/\/www.ceramicbasin.com\/pt\/wp-json\/wp\/v2\/product"}],"about":[{"href":"https:\/\/www.ceramicbasin.com\/pt\/wp-json\/wp\/v2\/types\/product"}],"replies":[{"embeddable":true,"href":"https:\/\/www.ceramicbasin.com\/pt\/wp-json\/wp\/v2\/comments?post=4335"}],"wp:featuredmedia":[{"embeddable":true,"href":"https:\/\/www.ceramicbasin.com\/pt\/wp-json\/wp\/v2\/media\/4336"}],"wp:attachment":[{"href":"https:\/\/www.ceramicbasin.com\/pt\/wp-json\/wp\/v2\/media?parent=4335"}],"wp:term":[{"taxonomy":"product_brand","embeddable":true,"href":"https:\/\/www.ceramicbasin.com\/pt\/wp-json\/wp\/v2\/product_brand?post=4335"},{"taxonomy":"product_cat","embeddable":true,"href":"https:\/\/www.ceramicbasin.com\/pt\/wp-json\/wp\/v2\/product_cat?post=4335"},{"taxonomy":"product_tag","embeddable":true,"href":"https:\/\/www.ceramicbasin.com\/pt\/wp-json\/wp\/v2\/product_tag?post=4335"}],"curies":[{"name":"wp","href":"https:\/\/api.w.org\/{rel}","templated":true}]}}