{"id":4346,"date":"2024-07-26T06:48:45","date_gmt":"2024-07-26T06:48:45","guid":{"rendered":"https:\/\/www.ceramicbasin.com\/?post_type=product&#038;p=4346"},"modified":"2024-11-04T08:14:13","modified_gmt":"2024-11-04T08:14:13","slug":"drop-in-sinks-wholesale","status":"publish","type":"product","link":"https:\/\/www.ceramicbasin.com\/pt\/produto\/drop-in-sinks-wholesale\/","title":{"rendered":"Pias de encastrar duradouras e de qualidade superior por atacado para casas de banho"},"content":{"rendered":"<div class=\"wp-block-columns is-layout-flex wp-container-core-columns-is-layout-9d6595d7 wp-block-columns-is-layout-flex\">\n<div class=\"wp-block-column is-layout-flow wp-block-column-is-layout-flow\">\n<h2 class=\"wp-block-heading\">Pias Premium Drop In Wholesale Carater\u00edsticas:<\/h2>\n\n\n\n<ul class=\"wp-block-list\">\n<li><strong>Porcelana de alta qualidade:<\/strong> Os materiais de qualidade dos nossos lavat\u00f3rios por atacado s\u00e3o de alta qualidade, robustos, dur\u00e1veis e excelentes em termos de resist\u00eancia ao desgaste e aos riscos. Os nossos lavat\u00f3rios por atacado podem garantir uma utiliza\u00e7\u00e3o a longo prazo sem danificar facilmente o aspeto.<\/li>\n\n\n\n<li><strong>Design de moda: <\/strong>Design moderno e simples, com linhas suaves, adequado para v\u00e1rios tipos de casas de banho. Se pretende acrescentar eleg\u00e2ncia e moda \u00e0 sua casa de banho, ent\u00e3o os nossos lavat\u00f3rios por atacado ser\u00e3o perfeitos.<\/li>\n\n\n\n<li><strong>Instala\u00e7\u00e3o f\u00e1cil: <\/strong>Devido a este design incorporado, os lava-loi\u00e7as por atacado tornam o processo de instala\u00e7\u00e3o muito mais f\u00e1cil e r\u00e1pido, sem necessidade de ferramentas ou compet\u00eancias complicadas; por conseguinte, poupam tempo e custos de instala\u00e7\u00e3o.<\/li>\n\n\n\n<li><strong>Limpeza f\u00e1cil: <\/strong>A superf\u00edcie lisa dos nossos lavat\u00f3rios por atacado foi especialmente tratada para resistir \u00e0s manchas e ao bolor. Como tal, impede eficazmente a acumula\u00e7\u00e3o de incrusta\u00e7\u00f5es e manchas para maior comodidade e aus\u00eancia de preocupa\u00e7\u00f5es na limpeza e manuten\u00e7\u00e3o.<\/li>\n<\/ul>\n<\/div>\n\n\n\n<div class=\"wp-block-column is-layout-flow wp-block-column-is-layout-flow\">\n<figure class=\"wp-block-image size-full\"><img fetchpriority=\"high\" decoding=\"async\" width=\"980\" height=\"1351\" src=\"https:\/\/www.ceramicbasin.com\/wp-content\/uploads\/2024\/07\/durable-and-premium-drop-in-sinks-wholesale-for-bathrooms-5.webp\" alt=\"pias de pousar dur\u00e1veis e de qualidade superior - venda por grosso - para casas de banho-5\" class=\"wp-image-4351\" srcset=\"https:\/\/www.ceramicbasin.com\/wp-content\/uploads\/2024\/07\/durable-and-premium-drop-in-sinks-wholesale-for-bathrooms-5.webp 980w, https:\/\/www.ceramicbasin.com\/wp-content\/uploads\/2024\/07\/durable-and-premium-drop-in-sinks-wholesale-for-bathrooms-5-218x300.webp 218w, https:\/\/www.ceramicbasin.com\/wp-content\/uploads\/2024\/07\/durable-and-premium-drop-in-sinks-wholesale-for-bathrooms-5-768x1059.webp 768w, https:\/\/www.ceramicbasin.com\/wp-content\/uploads\/2024\/07\/durable-and-premium-drop-in-sinks-wholesale-for-bathrooms-5-9x12.webp 9w, https:\/\/www.ceramicbasin.com\/wp-content\/uploads\/2024\/07\/durable-and-premium-drop-in-sinks-wholesale-for-bathrooms-5-285x393.webp 285w, https:\/\/www.ceramicbasin.com\/wp-content\/uploads\/2024\/07\/durable-and-premium-drop-in-sinks-wholesale-for-bathrooms-5-479x660.webp 479w, https:\/\/www.ceramicbasin.com\/wp-content\/uploads\/2024\/07\/durable-and-premium-drop-in-sinks-wholesale-for-bathrooms-5-109x150.webp 109w\" sizes=\"(max-width: 980px) 100vw, 980px\" \/><\/figure>\n<\/div>\n<\/div>\n\n\n\n<p><\/p>","protected":false},"excerpt":{"rendered":"<p>Bem-vindo ao comprar lavat\u00f3rios por atacado. O material dos lavat\u00f3rios por atacado \u00e9 cer\u00e2mica de alta qualidade, firme e dur\u00e1vel. Al\u00e9m disso, o anti-riscos e a resist\u00eancia ao desgaste s\u00e3o muito excelentes, de modo a evitar danos no produto, mesmo que tenha sido utilizado durante muito tempo. Estilo de design moderno e simples, linha de apar\u00eancia suave e adequado para todos os tipos de decora\u00e7\u00e3o de casa de banho.<\/p>\n<table style=\"border-collapse: collapse; width: 311.02pt;\" border=\"0\" width=\"311\" cellspacing=\"0\" cellpadding=\"0\">\n<tbody>\n<tr style=\"height: 17.60pt;\">\n<td class=\"et3\" style=\"height: 17.60pt; width: 108.35pt;\" width=\"108\" height=\"17\">Fabricante<\/td>\n<td class=\"et3\" style=\"width: 202.95pt;\" width=\"202\">HanYu<\/td>\n<\/tr>\n<tr style=\"height: 17.60pt;\">\n<td class=\"et3\" style=\"height: 17.60pt;\" height=\"17\">Modelo n.<\/td>\n<td class=\"et4\">HY-5402<\/td>\n<\/tr>\n<tr style=\"height: 18.00pt;\">\n<td class=\"et3\" style=\"height: 18.00pt;\" height=\"18\">Tipo<\/td>\n<td class=\"et5\" style=\"width: 202.95pt;\" width=\"202\">Bacia de recolha<\/td>\n<\/tr>\n<tr style=\"height: 17.60pt;\">\n<td class=\"et3\" style=\"height: 17.60pt;\" height=\"17\">Forma<\/td>\n<td class=\"et3\">Forma retangular<\/td>\n<\/tr>\n<tr style=\"height: 18.00pt;\">\n<td class=\"et4\" style=\"height: 18.00pt;\" height=\"18\">Cor<\/td>\n<td class=\"et5\" style=\"width: 202.95pt;\" width=\"202\">Branco<\/td>\n<\/tr>\n<tr style=\"height: 18.00pt;\">\n<td class=\"et3\" style=\"height: 18.00pt;\" height=\"18\">Dimens\u00e3o<\/td>\n<td class=\"et5\" style=\"width: 202.95pt;\" width=\"202\">46*33*17<\/td>\n<\/tr>\n<tr style=\"height: 17.60pt;\">\n<td class=\"et3\" style=\"height: 17.60pt;\" height=\"17\">N.W \/SET<\/td>\n<td class=\"et3\">10KGS\/PCS<\/td>\n<\/tr>\n<tr style=\"height: 17.60pt;\">\n<td class=\"et3\" style=\"height: 17.60pt;\" height=\"17\">MOQ<\/td>\n<td class=\"et3\">20 unidades<\/td>\n<\/tr>\n<tr style=\"height: 17.60pt;\">\n<td class=\"et3\" style=\"height: 17.60pt;\" height=\"17\">Op\u00e7\u00e3o personalizada<\/td>\n<td class=\"et3\">Cor\/Patente\/Tamanho\/Logotipo\/Embalagem<\/td>\n<\/tr>\n<\/tbody>\n<\/table>","protected":false},"featured_media":4353,"comment_status":"closed","ping_status":"closed","template":"","meta":{"_acf_changed":false},"product_brand":[],"product_cat":[51],"product_tag":[],"class_list":{"0":"post-4346","1":"product","2":"type-product","3":"status-publish","4":"has-post-thumbnail","6":"product_cat-wholesale-drop-in-sinks","8":"first","9":"instock","10":"shipping-taxable","11":"product-type-simple"},"acf":[],"_links":{"self":[{"href":"https:\/\/www.ceramicbasin.com\/pt\/wp-json\/wp\/v2\/product\/4346","targetHints":{"allow":["GET"]}}],"collection":[{"href":"https:\/\/www.ceramicbasin.com\/pt\/wp-json\/wp\/v2\/product"}],"about":[{"href":"https:\/\/www.ceramicbasin.com\/pt\/wp-json\/wp\/v2\/types\/product"}],"replies":[{"embeddable":true,"href":"https:\/\/www.ceramicbasin.com\/pt\/wp-json\/wp\/v2\/comments?post=4346"}],"wp:featuredmedia":[{"embeddable":true,"href":"https:\/\/www.ceramicbasin.com\/pt\/wp-json\/wp\/v2\/media\/4353"}],"wp:attachment":[{"href":"https:\/\/www.ceramicbasin.com\/pt\/wp-json\/wp\/v2\/media?parent=4346"}],"wp:term":[{"taxonomy":"product_brand","embeddable":true,"href":"https:\/\/www.ceramicbasin.com\/pt\/wp-json\/wp\/v2\/product_brand?post=4346"},{"taxonomy":"product_cat","embeddable":true,"href":"https:\/\/www.ceramicbasin.com\/pt\/wp-json\/wp\/v2\/product_cat?post=4346"},{"taxonomy":"product_tag","embeddable":true,"href":"https:\/\/www.ceramicbasin.com\/pt\/wp-json\/wp\/v2\/product_tag?post=4346"}],"curies":[{"name":"wp","href":"https:\/\/api.w.org\/{rel}","templated":true}]}}