{"id":4354,"date":"2024-07-26T07:02:00","date_gmt":"2024-07-26T07:02:00","guid":{"rendered":"https:\/\/www.ceramicbasin.com\/?post_type=product&#038;p=4354"},"modified":"2024-11-04T08:08:30","modified_gmt":"2024-11-04T08:08:30","slug":"wholesale-in-counter-basin","status":"publish","type":"product","link":"https:\/\/www.ceramicbasin.com\/pt\/produto\/wholesale-in-counter-basin\/","title":{"rendered":"Comprar alta qualidade por atacado em bacia de balc\u00e3o para o seu projeto"},"content":{"rendered":"<div class=\"wp-block-columns is-layout-flex wp-container-core-columns-is-layout-9d6595d7 wp-block-columns-is-layout-flex\">\n<div class=\"wp-block-column is-layout-flow wp-block-column-is-layout-flow\">\n<h2 class=\"wp-block-heading\">Bacia de balc\u00e3o Premium Wholesale Carater\u00edsticas:<\/h2>\n\n\n\n<ul class=\"wp-block-list\">\n<li><strong>Material de alta qualidade: <\/strong>O nosso lavat\u00f3rio de balc\u00e3o por atacado \u00e9 feito de material cer\u00e2mico de alta qualidade, que \u00e9 suficientemente robusto e dur\u00e1vel para resistir a altas temperaturas, riscos e desgaste para garantir uma longa vida \u00fatil.<\/li>\n\n\n\n<li><strong>Design requintado: <\/strong>Com o estilo de design moderno, este lavat\u00f3rio de cer\u00e2mica por atacado tem um design sem esfor\u00e7o, mas elegante, que seria apropriado para qualquer estilo de decora\u00e7\u00e3o diferente de casas de banho e sanit\u00e1rios. Enriquece o gosto geral do local.<\/li>\n\n\n\n<li><strong>F\u00e1cil de instalar: <\/strong>A instala\u00e7\u00e3o desta bacia de balc\u00e3o por atacado \u00e9 muito r\u00e1pida e f\u00e1cil. \u00c9 adequado para diferentes tipos de materiais de bancada de vaidade, e \u00e9 f\u00e1cil de instalar. Portanto, \u00e9 adequado para v\u00e1rios projectos comerciais ou revendedores.<\/li>\n\n\n\n<li><strong>F\u00e1cil de manter: <\/strong>A superf\u00edcie deste lava-loi\u00e7a de cer\u00e2mica por atacado \u00e9 uniforme e fina. Resistente \u00e0 sujidade e ao bolor, facilita a limpeza e ajuda a mant\u00ea-lo limpo como novo, poupando tempo e energia na limpeza e manuten\u00e7\u00e3o di\u00e1rias.<\/li>\n<\/ul>\n<\/div>\n\n\n\n<div class=\"wp-block-column is-layout-flow wp-block-column-is-layout-flow\">\n<figure class=\"wp-block-image size-full\"><img fetchpriority=\"high\" decoding=\"async\" width=\"980\" height=\"1351\" src=\"https:\/\/www.ceramicbasin.com\/wp-content\/uploads\/2024\/07\/buy-high-quality-wholesale-in-counter-basin-for-your-project-6.webp\" alt=\"comprar-alto-qualidade-venda-em-contra-bacia-para-o-seu-projeto-5\" class=\"wp-image-4360\" srcset=\"https:\/\/www.ceramicbasin.com\/wp-content\/uploads\/2024\/07\/buy-high-quality-wholesale-in-counter-basin-for-your-project-6.webp 980w, https:\/\/www.ceramicbasin.com\/wp-content\/uploads\/2024\/07\/buy-high-quality-wholesale-in-counter-basin-for-your-project-6-218x300.webp 218w, https:\/\/www.ceramicbasin.com\/wp-content\/uploads\/2024\/07\/buy-high-quality-wholesale-in-counter-basin-for-your-project-6-768x1059.webp 768w, https:\/\/www.ceramicbasin.com\/wp-content\/uploads\/2024\/07\/buy-high-quality-wholesale-in-counter-basin-for-your-project-6-9x12.webp 9w, https:\/\/www.ceramicbasin.com\/wp-content\/uploads\/2024\/07\/buy-high-quality-wholesale-in-counter-basin-for-your-project-6-285x393.webp 285w, https:\/\/www.ceramicbasin.com\/wp-content\/uploads\/2024\/07\/buy-high-quality-wholesale-in-counter-basin-for-your-project-6-479x660.webp 479w, https:\/\/www.ceramicbasin.com\/wp-content\/uploads\/2024\/07\/buy-high-quality-wholesale-in-counter-basin-for-your-project-6-109x150.webp 109w\" sizes=\"(max-width: 980px) 100vw, 980px\" \/><\/figure>\n<\/div>\n<\/div>\n\n\n\n<p><\/p>","protected":false},"excerpt":{"rendered":"<p>Bem-vindo a comprar lavat\u00f3rios de cer\u00e2mica connosco. O nosso lavat\u00f3rio de balc\u00e3o por atacado \u00e9 feito de porcelana de alta qualidade com carater\u00edsticas robustas e dur\u00e1veis, resistindo a altas temperaturas, riscos e desgaste, garantindo uma longa vida \u00fatil do produto. Requintado estilo de design moderno, simples e elegante, adequado para casas de banho e sanit\u00e1rios em v\u00e1rios estilos de decora\u00e7\u00e3o, promovendo o gosto total do espa\u00e7o.<\/p>\n<table style=\"border-collapse: collapse; width: 311.02pt;\" border=\"0\" width=\"311\" cellspacing=\"0\" cellpadding=\"0\">\n<tbody>\n<tr style=\"height: 17.60pt;\">\n<td class=\"et3\" style=\"height: 17.60pt; width: 108.35pt;\" width=\"108\" height=\"17\">Fabricante<\/td>\n<td class=\"et3\" style=\"width: 202.95pt;\" width=\"202\">HanYu<\/td>\n<\/tr>\n<tr style=\"height: 17.60pt;\">\n<td class=\"et3\" style=\"height: 17.60pt;\" height=\"17\">Modelo n.<\/td>\n<td class=\"et4\">HY-5401A<\/td>\n<\/tr>\n<tr style=\"height: 18.00pt;\">\n<td class=\"et3\" style=\"height: 18.00pt;\" height=\"18\">Tipo<\/td>\n<td class=\"et5\" style=\"width: 202.95pt;\" width=\"202\">Bacia de recolha<\/td>\n<\/tr>\n<tr style=\"height: 17.60pt;\">\n<td class=\"et3\" style=\"height: 17.60pt;\" height=\"17\">Forma<\/td>\n<td class=\"et3\">Forma retangular<\/td>\n<\/tr>\n<tr style=\"height: 18.00pt;\">\n<td class=\"et4\" style=\"height: 18.00pt;\" height=\"18\">Cor<\/td>\n<td class=\"et5\" style=\"width: 202.95pt;\" width=\"202\">Branco<\/td>\n<\/tr>\n<tr style=\"height: 18.00pt;\">\n<td class=\"et3\" style=\"height: 18.00pt;\" height=\"18\">Dimens\u00e3o<\/td>\n<td class=\"et5\" style=\"width: 202.95pt;\" width=\"202\">50.5*39*14<\/td>\n<\/tr>\n<tr style=\"height: 17.60pt;\">\n<td class=\"et3\" style=\"height: 17.60pt;\" height=\"17\">N.W \/SET<\/td>\n<td class=\"et3\">11KGS\/PCS<\/td>\n<\/tr>\n<tr style=\"height: 17.60pt;\">\n<td class=\"et3\" style=\"height: 17.60pt;\" height=\"17\">MOQ<\/td>\n<td class=\"et3\">20 unidades<\/td>\n<\/tr>\n<tr style=\"height: 17.60pt;\">\n<td class=\"et3\" style=\"height: 17.60pt;\" height=\"17\">Op\u00e7\u00e3o personalizada<\/td>\n<td class=\"et3\">Cor\/Patente\/Tamanho\/Logotipo\/Embalagem<\/td>\n<\/tr>\n<\/tbody>\n<\/table>","protected":false},"featured_media":4361,"comment_status":"closed","ping_status":"closed","template":"","meta":{"_acf_changed":false},"product_brand":[],"product_cat":[51],"product_tag":[],"class_list":{"0":"post-4354","1":"product","2":"type-product","3":"status-publish","4":"has-post-thumbnail","6":"product_cat-wholesale-drop-in-sinks","8":"first","9":"instock","10":"shipping-taxable","11":"product-type-simple"},"acf":[],"_links":{"self":[{"href":"https:\/\/www.ceramicbasin.com\/pt\/wp-json\/wp\/v2\/product\/4354","targetHints":{"allow":["GET"]}}],"collection":[{"href":"https:\/\/www.ceramicbasin.com\/pt\/wp-json\/wp\/v2\/product"}],"about":[{"href":"https:\/\/www.ceramicbasin.com\/pt\/wp-json\/wp\/v2\/types\/product"}],"replies":[{"embeddable":true,"href":"https:\/\/www.ceramicbasin.com\/pt\/wp-json\/wp\/v2\/comments?post=4354"}],"wp:featuredmedia":[{"embeddable":true,"href":"https:\/\/www.ceramicbasin.com\/pt\/wp-json\/wp\/v2\/media\/4361"}],"wp:attachment":[{"href":"https:\/\/www.ceramicbasin.com\/pt\/wp-json\/wp\/v2\/media?parent=4354"}],"wp:term":[{"taxonomy":"product_brand","embeddable":true,"href":"https:\/\/www.ceramicbasin.com\/pt\/wp-json\/wp\/v2\/product_brand?post=4354"},{"taxonomy":"product_cat","embeddable":true,"href":"https:\/\/www.ceramicbasin.com\/pt\/wp-json\/wp\/v2\/product_cat?post=4354"},{"taxonomy":"product_tag","embeddable":true,"href":"https:\/\/www.ceramicbasin.com\/pt\/wp-json\/wp\/v2\/product_tag?post=4354"}],"curies":[{"name":"wp","href":"https:\/\/api.w.org\/{rel}","templated":true}]}}