{"id":4369,"date":"2024-07-26T07:30:19","date_gmt":"2024-07-26T07:30:19","guid":{"rendered":"https:\/\/www.ceramicbasin.com\/?post_type=product&#038;p=4369"},"modified":"2024-11-04T08:00:54","modified_gmt":"2024-11-04T08:00:54","slug":"factory-supply-wash-basin","status":"publish","type":"product","link":"https:\/\/www.ceramicbasin.com\/pt\/produto\/factory-supply-wash-basin\/","title":{"rendered":"Lavat\u00f3rio, pias semi-encastradas, fornecimento de f\u00e1brica por atacado"},"content":{"rendered":"<div class=\"wp-block-columns is-layout-flex wp-container-core-columns-is-layout-9d6595d7 wp-block-columns-is-layout-flex\">\n<div class=\"wp-block-column is-layout-flow wp-block-column-is-layout-flow\">\n<h2 class=\"wp-block-heading\">Lavat\u00f3rio Premium Factory Supply Carater\u00edsticas:<\/h2>\n\n\n\n<ul class=\"wp-block-list\">\n<li><strong>Cer\u00e2mica de excelente qualidade: <\/strong>A nossa bacia de lavagem de fornecimento de f\u00e1brica \u00e9 feita de material cer\u00e2mico de alta qualidade, robusto, dur\u00e1vel, resistente a riscos e resistente ao desgaste para garantir uma fiabilidade e beleza duradouras.<\/li>\n\n\n\n<li><strong>Design semi-rebaixado:<\/strong> Estes lavat\u00f3rios de casa de banho semi-encastrados poupam muito espa\u00e7o e s\u00e3o muito f\u00e1ceis de instalar. \u00c9 adequado para v\u00e1rias bancadas e disposi\u00e7\u00f5es de casas de banho, promove a utiliza\u00e7\u00e3o e a beleza do espa\u00e7o.<\/li>\n\n\n\n<li><strong>F\u00e1cil de limpar: <\/strong>A superf\u00edcie lisa e delicada do nosso lavat\u00f3rio fornecido pela f\u00e1brica n\u00e3o mancha nem desenvolve bolor, tornando a limpeza muito f\u00e1cil. Tamb\u00e9m pode ser facilmente mantido como novo e reduz o tempo e a energia necess\u00e1rios para o limpar diariamente.<\/li>\n\n\n\n<li><strong>Especifica\u00e7\u00f5es diversificadas: <\/strong>Oferecemos v\u00e1rios tamanhos e especifica\u00e7\u00f5es de design para lavat\u00f3rios de casa de banho por atacado, para atender \u00e0s diferentes necessidades dos clientes e podem ser usados em v\u00e1rios projectos dom\u00e9sticos e comerciais. Bem-vindo ao inqu\u00e9rito e \u00e0 personaliza\u00e7\u00e3o.<\/li>\n<\/ul>\n<\/div>\n\n\n\n<div class=\"wp-block-column is-layout-flow wp-block-column-is-layout-flow\">\n<figure class=\"wp-block-image size-full\"><img fetchpriority=\"high\" decoding=\"async\" width=\"775\" height=\"946\" src=\"https:\/\/www.ceramicbasin.com\/wp-content\/uploads\/2024\/07\/factory-supply-wash-basin-semi-recessed-basin-wholesale-1.webp\" alt=\"f\u00e1brica-fornecimento-lavat\u00f3rio-semi-recesso-lavat\u00f3rio-atacado-1\" class=\"wp-image-4370\" srcset=\"https:\/\/www.ceramicbasin.com\/wp-content\/uploads\/2024\/07\/factory-supply-wash-basin-semi-recessed-basin-wholesale-1.webp 775w, https:\/\/www.ceramicbasin.com\/wp-content\/uploads\/2024\/07\/factory-supply-wash-basin-semi-recessed-basin-wholesale-1-246x300.webp 246w, https:\/\/www.ceramicbasin.com\/wp-content\/uploads\/2024\/07\/factory-supply-wash-basin-semi-recessed-basin-wholesale-1-768x937.webp 768w, https:\/\/www.ceramicbasin.com\/wp-content\/uploads\/2024\/07\/factory-supply-wash-basin-semi-recessed-basin-wholesale-1-10x12.webp 10w, https:\/\/www.ceramicbasin.com\/wp-content\/uploads\/2024\/07\/factory-supply-wash-basin-semi-recessed-basin-wholesale-1-285x348.webp 285w, https:\/\/www.ceramicbasin.com\/wp-content\/uploads\/2024\/07\/factory-supply-wash-basin-semi-recessed-basin-wholesale-1-541x660.webp 541w, https:\/\/www.ceramicbasin.com\/wp-content\/uploads\/2024\/07\/factory-supply-wash-basin-semi-recessed-basin-wholesale-1-123x150.webp 123w\" sizes=\"(max-width: 775px) 100vw, 775px\" \/><\/figure>\n<\/div>\n<\/div>\n\n\n\n<p><\/p>","protected":false},"excerpt":{"rendered":"<p>Bem-vindo \u00e0 compra de lavat\u00f3rios de casa de banho. O nosso lavat\u00f3rio de fornecimento de f\u00e1brica adopta um design semi-pendurado, robusto, dur\u00e1vel, resistente a riscos, resistente ao desgaste, fiabilidade e beleza duradouras, adaptando-se a v\u00e1rias bancadas e disposi\u00e7\u00e3o da casa de banho.<\/p>\n<table style=\"border-collapse: collapse; width: 311.02pt;\" border=\"0\" width=\"311\" cellspacing=\"0\" cellpadding=\"0\">\n<tbody>\n<tr style=\"height: 17.60pt;\">\n<td class=\"et3\" style=\"height: 17.60pt; width: 108.35pt;\" width=\"108\" height=\"17\">Fabricante<\/td>\n<td class=\"et3\" style=\"width: 202.95pt;\" width=\"202\">HanYu<\/td>\n<\/tr>\n<tr style=\"height: 17.60pt;\">\n<td class=\"et3\" style=\"height: 17.60pt;\" height=\"17\">Modelo n.<\/td>\n<td class=\"et4\">HY-5072<\/td>\n<\/tr>\n<tr style=\"height: 18.00pt;\">\n<td class=\"et3\" style=\"height: 18.00pt;\" height=\"18\">Tipo<\/td>\n<td class=\"et5\" style=\"width: 202.95pt;\" width=\"202\">Lavat\u00f3rio semi-encastrado<\/td>\n<\/tr>\n<tr style=\"height: 17.60pt;\">\n<td class=\"et3\" style=\"height: 17.60pt;\" height=\"17\">Forma<\/td>\n<td class=\"et3\">Forma retangular<\/td>\n<\/tr>\n<tr style=\"height: 18.00pt;\">\n<td class=\"et4\" style=\"height: 18.00pt;\" height=\"18\">Cor<\/td>\n<td class=\"et5\" style=\"width: 202.95pt;\" width=\"202\">Branco<\/td>\n<\/tr>\n<tr style=\"height: 18.00pt;\">\n<td class=\"et3\" style=\"height: 18.00pt;\" height=\"18\">Dimens\u00e3o<\/td>\n<td class=\"et5\" style=\"width: 202.95pt;\" width=\"202\">60*50*20<\/td>\n<\/tr>\n<tr style=\"height: 17.60pt;\">\n<td class=\"et3\" style=\"height: 17.60pt;\" height=\"17\">N.W \/SET<\/td>\n<td class=\"et3\">14KGS\/PCS<\/td>\n<\/tr>\n<tr style=\"height: 17.60pt;\">\n<td class=\"et3\" style=\"height: 17.60pt;\" height=\"17\">MOQ<\/td>\n<td class=\"et3\">20 unidades<\/td>\n<\/tr>\n<tr style=\"height: 17.60pt;\">\n<td class=\"et3\" style=\"height: 17.60pt;\" height=\"17\">Op\u00e7\u00e3o personalizada<\/td>\n<td class=\"et3\">Cor\/Patente\/Tamanho\/Logotipo\/Embalagem<\/td>\n<\/tr>\n<\/tbody>\n<\/table>","protected":false},"featured_media":4373,"comment_status":"closed","ping_status":"closed","template":"","meta":{"_acf_changed":false},"product_brand":[],"product_cat":[58],"product_tag":[],"class_list":{"0":"post-4369","1":"product","2":"type-product","3":"status-publish","4":"has-post-thumbnail","6":"product_cat-wholesale-semi-recessed-sinks","8":"first","9":"instock","10":"shipping-taxable","11":"product-type-simple"},"acf":[],"_links":{"self":[{"href":"https:\/\/www.ceramicbasin.com\/pt\/wp-json\/wp\/v2\/product\/4369","targetHints":{"allow":["GET"]}}],"collection":[{"href":"https:\/\/www.ceramicbasin.com\/pt\/wp-json\/wp\/v2\/product"}],"about":[{"href":"https:\/\/www.ceramicbasin.com\/pt\/wp-json\/wp\/v2\/types\/product"}],"replies":[{"embeddable":true,"href":"https:\/\/www.ceramicbasin.com\/pt\/wp-json\/wp\/v2\/comments?post=4369"}],"wp:featuredmedia":[{"embeddable":true,"href":"https:\/\/www.ceramicbasin.com\/pt\/wp-json\/wp\/v2\/media\/4373"}],"wp:attachment":[{"href":"https:\/\/www.ceramicbasin.com\/pt\/wp-json\/wp\/v2\/media?parent=4369"}],"wp:term":[{"taxonomy":"product_brand","embeddable":true,"href":"https:\/\/www.ceramicbasin.com\/pt\/wp-json\/wp\/v2\/product_brand?post=4369"},{"taxonomy":"product_cat","embeddable":true,"href":"https:\/\/www.ceramicbasin.com\/pt\/wp-json\/wp\/v2\/product_cat?post=4369"},{"taxonomy":"product_tag","embeddable":true,"href":"https:\/\/www.ceramicbasin.com\/pt\/wp-json\/wp\/v2\/product_tag?post=4369"}],"curies":[{"name":"wp","href":"https:\/\/api.w.org\/{rel}","templated":true}]}}