{"id":4387,"date":"2024-07-26T07:58:23","date_gmt":"2024-07-26T07:58:23","guid":{"rendered":"https:\/\/www.ceramicbasin.com\/?post_type=product&#038;p=4387"},"modified":"2024-12-06T09:22:48","modified_gmt":"2024-12-06T09:22:48","slug":"exquisite-wholesale-glass-sinks","status":"publish","type":"product","link":"https:\/\/www.ceramicbasin.com\/pt\/produto\/exquisite-wholesale-glass-sinks\/","title":{"rendered":"Requintados lavat\u00f3rios de vidro por atacado com v\u00e1rias op\u00e7\u00f5es de cores"},"content":{"rendered":"<div class=\"wp-block-columns is-layout-flex wp-container-core-columns-is-layout-9d6595d7 wp-block-columns-is-layout-flex\">\n<div class=\"wp-block-column is-layout-flow wp-block-column-is-layout-flow\">\n<h2 class=\"wp-block-heading\">Pias de vidro Premium Wholesale Carater\u00edsticas:<\/h2>\n\n\n\n<ul class=\"wp-block-list\">\n<li><strong>Material requintado: <\/strong>Este lavat\u00f3rio por atacado \u00e9 feito de material de vidro de alta qualidade, com elevada transpar\u00eancia e brilho luminoso, apresentando um efeito visual \u00fanico e um sentido moderno.<\/li>\n\n\n\n<li><strong>V\u00e1rias op\u00e7\u00f5es de cores: <\/strong>Os nossos lavat\u00f3rios de vidro por atacado oferecem uma variedade de op\u00e7\u00f5es de cores para satisfazer diferentes estilos de decora\u00e7\u00e3o e prefer\u00eancias pessoais, acrescentando cor e personalidade \u00e0 casa de banho.<\/li>\n\n\n\n<li><strong>Design de moda: <\/strong>Estes lavat\u00f3rios de vidro por atacado t\u00eam um estilo de design elegante e moderno, adequado a v\u00e1rias disposi\u00e7\u00f5es de casa de banho, e real\u00e7am a beleza geral e a qualidade do espa\u00e7o.<\/li>\n\n\n\n<li><strong>F\u00e1cil de limpar: <\/strong>A superf\u00edcie lisa do vidro \u00e9 resistente \u00e0s manchas e ao bolor, e \u00e9 f\u00e1cil de limpar e manter, garantindo higiene e arruma\u00e7\u00e3o na utiliza\u00e7\u00e3o di\u00e1ria. Bem-vindo \u00e0 compra e ao lavat\u00f3rio de vidro personalizado.<\/li>\n<\/ul>\n<\/div>\n\n\n\n<div class=\"wp-block-column is-layout-flow wp-block-column-is-layout-flow\">\n<figure class=\"wp-block-image size-full\"><img fetchpriority=\"high\" decoding=\"async\" width=\"1031\" height=\"1375\" src=\"https:\/\/www.ceramicbasin.com\/wp-content\/uploads\/2024\/07\/exquisite-wholesale-glass-sinks-with-various-colors-options-8_\u526f\u672c.jpg\" alt=\"exquisite-wholesale-glass-sinks-with-various-colors-options-8_\u526f\u672c\" class=\"wp-image-4396\" srcset=\"https:\/\/www.ceramicbasin.com\/wp-content\/uploads\/2024\/07\/exquisite-wholesale-glass-sinks-with-various-colors-options-8_\u526f\u672c.jpg 1031w, https:\/\/www.ceramicbasin.com\/wp-content\/uploads\/2024\/07\/exquisite-wholesale-glass-sinks-with-various-colors-options-8_\u526f\u672c-225x300.jpg 225w, https:\/\/www.ceramicbasin.com\/wp-content\/uploads\/2024\/07\/exquisite-wholesale-glass-sinks-with-various-colors-options-8_\u526f\u672c-768x1024.jpg 768w, https:\/\/www.ceramicbasin.com\/wp-content\/uploads\/2024\/07\/exquisite-wholesale-glass-sinks-with-various-colors-options-8_\u526f\u672c-9x12.jpg 9w, https:\/\/www.ceramicbasin.com\/wp-content\/uploads\/2024\/07\/exquisite-wholesale-glass-sinks-with-various-colors-options-8_\u526f\u672c-285x380.jpg 285w, https:\/\/www.ceramicbasin.com\/wp-content\/uploads\/2024\/07\/exquisite-wholesale-glass-sinks-with-various-colors-options-8_\u526f\u672c-495x660.jpg 495w, https:\/\/www.ceramicbasin.com\/wp-content\/uploads\/2024\/07\/exquisite-wholesale-glass-sinks-with-various-colors-options-8_\u526f\u672c-112x150.jpg 112w\" sizes=\"(max-width: 1031px) 100vw, 1031px\" \/><\/figure>\n<\/div>\n<\/div>\n\n\n\n<p><\/p>","protected":false},"excerpt":{"rendered":"<p>Os nossos lavat\u00f3rios de vidro por atacado s\u00e3o feitos de material de vidro de alta qualidade, com alta transpar\u00eancia e brilho brilhante, mostrando um efeito visual \u00fanico e sentido moderno. Fornece uma variedade de op\u00e7\u00f5es de cores para atender a diferentes estilos de decora\u00e7\u00e3o, adicionando cor e personalidade \u00e0 casa de banho.<\/p>\n<table style=\"border-collapse: collapse; width: 311.02pt;\" border=\"0\" width=\"311\" cellspacing=\"0\" cellpadding=\"0\">\n<tbody>\n<tr style=\"height: 17.60pt;\">\n<td class=\"et3\" style=\"height: 17.60pt; width: 108.35pt;\" width=\"108\" height=\"17\">Fabricante<\/td>\n<td class=\"et3\" style=\"width: 202.95pt;\" width=\"202\">HanYu<\/td>\n<\/tr>\n<tr style=\"height: 17.60pt;\">\n<td class=\"et3\" style=\"height: 17.60pt;\" height=\"17\">Modelo n.<\/td>\n<td class=\"et4\">HY-GL36\/ HY-GL36D<\/td>\n<\/tr>\n<tr style=\"height: 18.00pt;\">\n<td class=\"et3\" style=\"height: 18.00pt;\" height=\"18\">Tipo<\/td>\n<td class=\"et5\" style=\"width: 202.95pt;\" width=\"202\">Lavat\u00f3rio de vidro<\/td>\n<\/tr>\n<tr style=\"height: 17.60pt;\">\n<td class=\"et3\" style=\"height: 17.60pt;\" height=\"17\">Forma<\/td>\n<td class=\"et3\">Forma redonda<\/td>\n<\/tr>\n<tr style=\"height: 36.00pt;\">\n<td class=\"et4\" style=\"height: 36.00pt;\" height=\"36\">Cor<\/td>\n<td class=\"et5\" style=\"width: 202.95pt;\" width=\"202\">preto\/branco\/azul\/cinzento\/rosa\/verde\/castanho\/caqui<\/td>\n<\/tr>\n<tr style=\"height: 36.00pt;\">\n<td class=\"et3\" style=\"height: 36.00pt;\" height=\"36\">Dimens\u00e3o<\/td>\n<td class=\"et5\" style=\"width: 202.95pt;\" width=\"202\">36*36*11.5<br \/>40*40*12.0<\/td>\n<\/tr>\n<tr style=\"height: 17.60pt;\">\n<td class=\"et3\" style=\"height: 17.60pt;\" height=\"17\">N.W \/SET<\/td>\n<td class=\"et3\">7KGS\/PCS<\/td>\n<\/tr>\n<tr style=\"height: 17.60pt;\">\n<td class=\"et3\" style=\"height: 17.60pt;\" height=\"17\">MOQ<\/td>\n<td class=\"et3\">20 unidades<\/td>\n<\/tr>\n<tr style=\"height: 17.60pt;\">\n<td class=\"et3\" style=\"height: 17.60pt;\" height=\"17\">Op\u00e7\u00e3o personalizada<\/td>\n<td class=\"et3\">Cor\/Patente\/Tamanho\/Logotipo\/Embalagem<\/td>\n<\/tr>\n<\/tbody>\n<\/table>","protected":false},"featured_media":4424,"comment_status":"closed","ping_status":"closed","template":"","meta":{"_acf_changed":false},"product_brand":[],"product_cat":[52,50],"product_tag":[],"class_list":{"0":"post-4387","1":"product","2":"type-product","3":"status-publish","4":"has-post-thumbnail","6":"product_cat-wholesale-glass-vessel-sinks","7":"product_cat-wholesale-countertop-sinks","9":"first","10":"instock","11":"shipping-taxable","12":"product-type-simple"},"acf":[],"_links":{"self":[{"href":"https:\/\/www.ceramicbasin.com\/pt\/wp-json\/wp\/v2\/product\/4387","targetHints":{"allow":["GET"]}}],"collection":[{"href":"https:\/\/www.ceramicbasin.com\/pt\/wp-json\/wp\/v2\/product"}],"about":[{"href":"https:\/\/www.ceramicbasin.com\/pt\/wp-json\/wp\/v2\/types\/product"}],"replies":[{"embeddable":true,"href":"https:\/\/www.ceramicbasin.com\/pt\/wp-json\/wp\/v2\/comments?post=4387"}],"wp:featuredmedia":[{"embeddable":true,"href":"https:\/\/www.ceramicbasin.com\/pt\/wp-json\/wp\/v2\/media\/4424"}],"wp:attachment":[{"href":"https:\/\/www.ceramicbasin.com\/pt\/wp-json\/wp\/v2\/media?parent=4387"}],"wp:term":[{"taxonomy":"product_brand","embeddable":true,"href":"https:\/\/www.ceramicbasin.com\/pt\/wp-json\/wp\/v2\/product_brand?post=4387"},{"taxonomy":"product_cat","embeddable":true,"href":"https:\/\/www.ceramicbasin.com\/pt\/wp-json\/wp\/v2\/product_cat?post=4387"},{"taxonomy":"product_tag","embeddable":true,"href":"https:\/\/www.ceramicbasin.com\/pt\/wp-json\/wp\/v2\/product_tag?post=4387"}],"curies":[{"name":"wp","href":"https:\/\/api.w.org\/{rel}","templated":true}]}}