{"id":4397,"date":"2024-07-26T08:13:43","date_gmt":"2024-07-26T08:13:43","guid":{"rendered":"https:\/\/www.ceramicbasin.com\/?post_type=product&#038;p=4397"},"modified":"2024-12-06T09:22:48","modified_gmt":"2024-12-06T09:22:48","slug":"bulk-order-and-custom-glass-sinks","status":"publish","type":"product","link":"https:\/\/www.ceramicbasin.com\/pt\/produto\/bulk-order-and-custom-glass-sinks\/","title":{"rendered":"Encomendas a granel e lavat\u00f3rios de vidro personalizados com v\u00e1rias cores"},"content":{"rendered":"<div class=\"wp-block-columns is-layout-flex wp-container-core-columns-is-layout-9d6595d7 wp-block-columns-is-layout-flex\">\n<div class=\"wp-block-column is-layout-flow wp-block-column-is-layout-flow\">\n<h2 class=\"wp-block-heading\">Pias de vidro personalizadas Premium Carater\u00edsticas:<\/h2>\n\n\n\n<ul class=\"wp-block-list\">\n<li><strong>Design de moda: <\/strong>Os nossos lava-loi\u00e7as de vidro de fornecimento fatory t\u00eam um design moderno e elegante com linhas suaves, adequado a v\u00e1rias disposi\u00e7\u00f5es de casa de banho, e real\u00e7am a beleza geral e o grau do espa\u00e7o.<\/li>\n\n\n\n<li><strong>Material de vidro de alta qualidade: <\/strong>Estes lavat\u00f3rios de vidro personalizados a granel s\u00e3o feitos de vidro de alta qualidade com elevada transpar\u00eancia e textura delicada, que tem excelentes efeitos visuais e sentido moderno, garantindo a durabilidade e a beleza do produto.<\/li>\n\n\n\n<li><strong>V\u00e1rias op\u00e7\u00f5es de cores: <\/strong>Os nossos lavat\u00f3rios de vidro por atacado oferecem uma vasta gama de op\u00e7\u00f5es de cores, desde o cl\u00e1ssico transparente \u00e0s cores da moda, para satisfazer diferentes estilos de decora\u00e7\u00e3o e prefer\u00eancias pessoais, acrescentando cores \u00fanicas e personalidade \u00e0 casa de banho.<\/li>\n\n\n\n<li><strong>Servi\u00e7o personalizado:<\/strong> Apoiar lavat\u00f3rios de vidro personalizados, satisfazer de forma flex\u00edvel as necessidades especiais dos clientes. Quer se trate de tamanho, forma ou cor, a personaliza\u00e7\u00e3o pode ser efectuada de acordo com as suas necessidades.<\/li>\n<\/ul>\n<\/div>\n\n\n\n<div class=\"wp-block-column is-layout-flow wp-block-column-is-layout-flow\">\n<figure class=\"wp-block-image size-full\"><img fetchpriority=\"high\" decoding=\"async\" width=\"975\" height=\"1301\" src=\"https:\/\/www.ceramicbasin.com\/wp-content\/uploads\/2024\/07\/bulk-order-and-custom-glass-sinks-with-various-colors-10.jpg\" alt=\"pias de vidro por encomenda e por medida com v\u00e1rias cores-10\" class=\"wp-image-4407\" srcset=\"https:\/\/www.ceramicbasin.com\/wp-content\/uploads\/2024\/07\/bulk-order-and-custom-glass-sinks-with-various-colors-10.jpg 975w, https:\/\/www.ceramicbasin.com\/wp-content\/uploads\/2024\/07\/bulk-order-and-custom-glass-sinks-with-various-colors-10-225x300.jpg 225w, https:\/\/www.ceramicbasin.com\/wp-content\/uploads\/2024\/07\/bulk-order-and-custom-glass-sinks-with-various-colors-10-768x1025.jpg 768w, https:\/\/www.ceramicbasin.com\/wp-content\/uploads\/2024\/07\/bulk-order-and-custom-glass-sinks-with-various-colors-10-9x12.jpg 9w, https:\/\/www.ceramicbasin.com\/wp-content\/uploads\/2024\/07\/bulk-order-and-custom-glass-sinks-with-various-colors-10-285x380.jpg 285w, https:\/\/www.ceramicbasin.com\/wp-content\/uploads\/2024\/07\/bulk-order-and-custom-glass-sinks-with-various-colors-10-495x660.jpg 495w, https:\/\/www.ceramicbasin.com\/wp-content\/uploads\/2024\/07\/bulk-order-and-custom-glass-sinks-with-various-colors-10-112x150.jpg 112w\" sizes=\"(max-width: 975px) 100vw, 975px\" \/><\/figure>\n<\/div>\n<\/div>\n\n\n\n<p><\/p>","protected":false},"excerpt":{"rendered":"<p>Bem-vindo \u00e0 compra de pias de vidro de fornecimento de f\u00e1brica. Os nossos lavat\u00f3rios de vidro personalizados s\u00e3o feitos de vidro de alta qualidade com alta transpar\u00eancia e textura delicada, excelente efeito visual e cheio de modernidade. Oferece uma ampla gama de cores, do cl\u00e1ssico transparente \u00e0 cor da moda, para atender \u00e0 prefer\u00eancia de estilo de decora\u00e7\u00e3o em diferentes aspectos.<\/p>\n<table style=\"border-collapse: collapse; width: 311.02pt;\" border=\"0\" width=\"311\" cellspacing=\"0\" cellpadding=\"0\">\n<tbody>\n<tr style=\"height: 17.60pt;\">\n<td class=\"et3\" style=\"height: 17.60pt; width: 108.35pt;\" width=\"108\" height=\"17\">Fabricante<\/td>\n<td class=\"et3\" style=\"width: 202.95pt;\" width=\"202\">HanYu<\/td>\n<\/tr>\n<tr style=\"height: 17.60pt;\">\n<td class=\"et3\" style=\"height: 17.60pt;\" height=\"17\">Modelo n.<\/td>\n<td class=\"et4\">HY-GL44AM<\/td>\n<\/tr>\n<tr style=\"height: 18.00pt;\">\n<td class=\"et3\" style=\"height: 18.00pt;\" height=\"18\">Tipo<\/td>\n<td class=\"et5\" style=\"width: 202.95pt;\" width=\"202\">Lavat\u00f3rio de vidro<\/td>\n<\/tr>\n<tr style=\"height: 17.60pt;\">\n<td class=\"et3\" style=\"height: 17.60pt;\" height=\"17\">Forma<\/td>\n<td class=\"et3\">Forma redonda<\/td>\n<\/tr>\n<tr style=\"height: 36.00pt;\">\n<td class=\"et4\" style=\"height: 36.00pt;\" height=\"36\">Cor<\/td>\n<td class=\"et5\" style=\"width: 202.95pt;\" width=\"202\">preto\/branco\/azul\/cinzento\/rosa\/verde\/castanho\/caqui<\/td>\n<\/tr>\n<tr style=\"height: 18.00pt;\">\n<td class=\"et3\" style=\"height: 18.00pt;\" height=\"18\">Dimens\u00e3o<\/td>\n<td class=\"et5\" style=\"width: 202.95pt;\" width=\"202\">44*44*11.5<\/td>\n<\/tr>\n<tr style=\"height: 17.60pt;\">\n<td class=\"et3\" style=\"height: 17.60pt;\" height=\"17\">N.W \/SET<\/td>\n<td class=\"et3\">7.5KGS\/PCS<\/td>\n<\/tr>\n<tr style=\"height: 17.60pt;\">\n<td class=\"et3\" style=\"height: 17.60pt;\" height=\"17\">MOQ<\/td>\n<td class=\"et3\">20 unidades<\/td>\n<\/tr>\n<tr style=\"height: 17.60pt;\">\n<td class=\"et3\" style=\"height: 17.60pt;\" height=\"17\">Op\u00e7\u00e3o personalizada<\/td>\n<td class=\"et3\">Cor\/Patente\/Tamanho\/Logotipo\/Embalagem<\/td>\n<\/tr>\n<\/tbody>\n<\/table>","protected":false},"featured_media":4426,"comment_status":"closed","ping_status":"closed","template":"","meta":{"_acf_changed":false},"product_brand":[],"product_cat":[52,50],"product_tag":[],"class_list":{"0":"post-4397","1":"product","2":"type-product","3":"status-publish","4":"has-post-thumbnail","6":"product_cat-wholesale-glass-vessel-sinks","7":"product_cat-wholesale-countertop-sinks","9":"first","10":"instock","11":"shipping-taxable","12":"product-type-simple"},"acf":[],"_links":{"self":[{"href":"https:\/\/www.ceramicbasin.com\/pt\/wp-json\/wp\/v2\/product\/4397","targetHints":{"allow":["GET"]}}],"collection":[{"href":"https:\/\/www.ceramicbasin.com\/pt\/wp-json\/wp\/v2\/product"}],"about":[{"href":"https:\/\/www.ceramicbasin.com\/pt\/wp-json\/wp\/v2\/types\/product"}],"replies":[{"embeddable":true,"href":"https:\/\/www.ceramicbasin.com\/pt\/wp-json\/wp\/v2\/comments?post=4397"}],"wp:featuredmedia":[{"embeddable":true,"href":"https:\/\/www.ceramicbasin.com\/pt\/wp-json\/wp\/v2\/media\/4426"}],"wp:attachment":[{"href":"https:\/\/www.ceramicbasin.com\/pt\/wp-json\/wp\/v2\/media?parent=4397"}],"wp:term":[{"taxonomy":"product_brand","embeddable":true,"href":"https:\/\/www.ceramicbasin.com\/pt\/wp-json\/wp\/v2\/product_brand?post=4397"},{"taxonomy":"product_cat","embeddable":true,"href":"https:\/\/www.ceramicbasin.com\/pt\/wp-json\/wp\/v2\/product_cat?post=4397"},{"taxonomy":"product_tag","embeddable":true,"href":"https:\/\/www.ceramicbasin.com\/pt\/wp-json\/wp\/v2\/product_tag?post=4397"}],"curies":[{"name":"wp","href":"https:\/\/api.w.org\/{rel}","templated":true}]}}