{"id":4637,"date":"2024-08-07T05:50:22","date_gmt":"2024-08-07T05:50:22","guid":{"rendered":"https:\/\/www.ceramicbasin.com\/?post_type=product&#038;p=4637"},"modified":"2024-11-04T07:32:37","modified_gmt":"2024-11-04T07:32:37","slug":"bathroom-sink-wholesale-countertop","status":"publish","type":"product","link":"https:\/\/www.ceramicbasin.com\/pt\/produto\/bathroom-sink-wholesale-countertop\/","title":{"rendered":"Lavat\u00f3rio de casa de banho de porcelana por atacado, lavat\u00f3rios redondos de bancada"},"content":{"rendered":"<div class=\"wp-block-columns is-layout-flex wp-container-core-columns-is-layout-9d6595d7 wp-block-columns-is-layout-flex\">\n<div class=\"wp-block-column is-layout-flow wp-block-column-is-layout-flow\">\n<h2 class=\"wp-block-heading\">Lavat\u00f3rio de casa de banho Premium Carater\u00edsticas por atacado:<\/h2>\n\n\n\n<ul class=\"wp-block-list\">\n<li><strong>Design simples: <\/strong>O nosso lavat\u00f3rio de cer\u00e2mica para casa de banho por atacado utiliza linhas simples e uma linguagem de design moderno para proporcionar eleg\u00e2ncia e beleza.<\/li>\n\n\n\n<li><strong>Esmalte de f\u00e1cil limpeza:<\/strong> Este lava-loi\u00e7a de bancada por atacado utiliza um esmalte brilhante que \u00e9 f\u00e1cil de limpar, n\u00e3o deixa manchas de \u00e1gua e sujidade, e \u00e9 f\u00e1cil de limpar.<\/li>\n\n\n\n<li><strong>Excelente material: <\/strong>Os nossos lavat\u00f3rios de casa de banho por atacado s\u00e3o feitos de materiais cer\u00e2micos de alta qualidade para garantir uma excelente durabilidade e resist\u00eancia a riscos, e permanecem em boas condi\u00e7\u00f5es ap\u00f3s uma utiliza\u00e7\u00e3o prolongada.<\/li>\n\n\n\n<li><strong>Poupan\u00e7a de custos: <\/strong>O nosso lavat\u00f3rio de casa de banho em cer\u00e2mica \u00e9 ideal para projectos especiais e renova\u00e7\u00f5es de casas de banho. O pre\u00e7o por atacado do lavat\u00f3rio de casa de banho \u00e9 razo\u00e1vel e a entrega r\u00e1pida, para garantir a qualidade do produto ao mesmo tempo que satisfaz as necessidades de grandes encomendas.<\/li>\n<\/ul>\n<\/div>\n\n\n\n<div class=\"wp-block-column is-layout-flow wp-block-column-is-layout-flow\">\n<figure class=\"wp-block-image size-full\"><img fetchpriority=\"high\" decoding=\"async\" width=\"750\" height=\"750\" src=\"https:\/\/www.ceramicbasin.com\/wp-content\/uploads\/2024\/08\/Porcelain-Bathroom-Sink-Wholesale-Countertop-Round-Sinks-1.webp\" alt=\"Lavat\u00f3rio de porcelana para casa de banho por atacado Lavat\u00f3rios redondos de bancada-1\" class=\"wp-image-4638\" srcset=\"https:\/\/www.ceramicbasin.com\/wp-content\/uploads\/2024\/08\/Porcelain-Bathroom-Sink-Wholesale-Countertop-Round-Sinks-1.webp 750w, https:\/\/www.ceramicbasin.com\/wp-content\/uploads\/2024\/08\/Porcelain-Bathroom-Sink-Wholesale-Countertop-Round-Sinks-1-300x300.webp 300w, https:\/\/www.ceramicbasin.com\/wp-content\/uploads\/2024\/08\/Porcelain-Bathroom-Sink-Wholesale-Countertop-Round-Sinks-1-150x150.webp 150w, https:\/\/www.ceramicbasin.com\/wp-content\/uploads\/2024\/08\/Porcelain-Bathroom-Sink-Wholesale-Countertop-Round-Sinks-1-12x12.webp 12w, https:\/\/www.ceramicbasin.com\/wp-content\/uploads\/2024\/08\/Porcelain-Bathroom-Sink-Wholesale-Countertop-Round-Sinks-1-285x285.webp 285w, https:\/\/www.ceramicbasin.com\/wp-content\/uploads\/2024\/08\/Porcelain-Bathroom-Sink-Wholesale-Countertop-Round-Sinks-1-270x270.webp 270w, https:\/\/www.ceramicbasin.com\/wp-content\/uploads\/2024\/08\/Porcelain-Bathroom-Sink-Wholesale-Countertop-Round-Sinks-1-540x540.webp 540w, https:\/\/www.ceramicbasin.com\/wp-content\/uploads\/2024\/08\/Porcelain-Bathroom-Sink-Wholesale-Countertop-Round-Sinks-1-660x660.webp 660w\" sizes=\"(max-width: 750px) 100vw, 750px\" \/><\/figure>\n<\/div>\n<\/div>","protected":false},"excerpt":{"rendered":"<p>Bem-vindo a comprar ou personalizar o lavat\u00f3rio de casa de banho por atacado do fabricante de lavat\u00f3rios. Este lavat\u00f3rio redondo de porcelana por atacado combina uma est\u00e9tica de design simples com uma fun\u00e7\u00e3o pr\u00e1tica e \u00e9 feito de cer\u00e2mica de qualidade, dur\u00e1vel e f\u00e1cil de limpar. \u00c9 a primeira escolha para uma casa de banho simples.<\/p>\n<table style=\"border-collapse: collapse; width: 311.02pt;\" border=\"0\" width=\"311\" cellspacing=\"0\" cellpadding=\"0\">\n<tbody>\n<tr style=\"height: 17.60pt;\">\n<td class=\"et3\" style=\"height: 17.60pt; width: 108.35pt;\" width=\"108\" height=\"17\">Fabricante<\/td>\n<td class=\"et3\" style=\"width: 202.95pt;\" width=\"202\">HanYu<\/td>\n<\/tr>\n<tr style=\"height: 17.60pt;\">\n<td class=\"et3\" style=\"height: 17.60pt;\" height=\"17\">Modelo n.<\/td>\n<td class=\"et4\">HY-404<\/td>\n<\/tr>\n<tr style=\"height: 18.00pt;\">\n<td class=\"et3\" style=\"height: 18.00pt;\" height=\"18\">Tipo<\/td>\n<td class=\"et5\" style=\"width: 202.95pt;\" width=\"202\">Lavat\u00f3rio de bancada<\/td>\n<\/tr>\n<tr style=\"height: 17.60pt;\">\n<td class=\"et3\" style=\"height: 17.60pt;\" height=\"17\">Forma<\/td>\n<td class=\"et3\">Forma redonda<\/td>\n<\/tr>\n<tr style=\"height: 18.00pt;\">\n<td class=\"et4\" style=\"height: 18.00pt;\" height=\"18\">Cor<\/td>\n<td class=\"et5\" style=\"width: 202.95pt;\" width=\"202\">Branco<\/td>\n<\/tr>\n<tr style=\"height: 18.00pt;\">\n<td class=\"et3\" style=\"height: 18.00pt;\" height=\"18\">Dimens\u00e3o<\/td>\n<td class=\"et5\" style=\"width: 202.95pt;\" width=\"202\">46*46*16.5<\/td>\n<\/tr>\n<tr style=\"height: 17.60pt;\">\n<td class=\"et3\" style=\"height: 17.60pt;\" height=\"17\">N.W \/SET<\/td>\n<td class=\"et3\">13KGS\/PCS<\/td>\n<\/tr>\n<tr style=\"height: 17.60pt;\">\n<td class=\"et3\" style=\"height: 17.60pt;\" height=\"17\">MOQ<\/td>\n<td class=\"et3\">20 unidades<\/td>\n<\/tr>\n<tr style=\"height: 17.60pt;\">\n<td class=\"et3\" style=\"height: 17.60pt;\" height=\"17\">Op\u00e7\u00e3o personalizada<\/td>\n<td class=\"et3\">Cor\/Patente\/Tamanho\/Logotipo\/Embalagem<\/td>\n<\/tr>\n<\/tbody>\n<\/table>","protected":false},"featured_media":4641,"comment_status":"closed","ping_status":"closed","template":"","meta":{"_acf_changed":false},"product_brand":[],"product_cat":[50],"product_tag":[],"class_list":{"0":"post-4637","1":"product","2":"type-product","3":"status-publish","4":"has-post-thumbnail","6":"product_cat-wholesale-countertop-sinks","8":"first","9":"instock","10":"shipping-taxable","11":"product-type-simple"},"acf":[],"_links":{"self":[{"href":"https:\/\/www.ceramicbasin.com\/pt\/wp-json\/wp\/v2\/product\/4637","targetHints":{"allow":["GET"]}}],"collection":[{"href":"https:\/\/www.ceramicbasin.com\/pt\/wp-json\/wp\/v2\/product"}],"about":[{"href":"https:\/\/www.ceramicbasin.com\/pt\/wp-json\/wp\/v2\/types\/product"}],"replies":[{"embeddable":true,"href":"https:\/\/www.ceramicbasin.com\/pt\/wp-json\/wp\/v2\/comments?post=4637"}],"wp:featuredmedia":[{"embeddable":true,"href":"https:\/\/www.ceramicbasin.com\/pt\/wp-json\/wp\/v2\/media\/4641"}],"wp:attachment":[{"href":"https:\/\/www.ceramicbasin.com\/pt\/wp-json\/wp\/v2\/media?parent=4637"}],"wp:term":[{"taxonomy":"product_brand","embeddable":true,"href":"https:\/\/www.ceramicbasin.com\/pt\/wp-json\/wp\/v2\/product_brand?post=4637"},{"taxonomy":"product_cat","embeddable":true,"href":"https:\/\/www.ceramicbasin.com\/pt\/wp-json\/wp\/v2\/product_cat?post=4637"},{"taxonomy":"product_tag","embeddable":true,"href":"https:\/\/www.ceramicbasin.com\/pt\/wp-json\/wp\/v2\/product_tag?post=4637"}],"curies":[{"name":"wp","href":"https:\/\/api.w.org\/{rel}","templated":true}]}}